{"id":1068,"date":"2018-07-17T17:52:26","date_gmt":"2018-07-17T15:52:26","guid":{"rendered":"http:\/\/moratex.cf\/?page_id=1068"},"modified":"2018-07-26T10:08:35","modified_gmt":"2018-07-26T08:08:35","slug":"policy-privacy","status":"publish","type":"page","link":"http:\/\/moratex.eu\/en\/policy-privacy\/","title":{"rendered":"Policy Privacy"},"content":{"rendered":"<p>Personal data are processed for the purpose of handling and execution of orders, including the projects, as well as for accounting and tax purposes.<br \/>\nThe data administrator is the Institute of Security Technologies &#8220;MORATEX&#8221; based at 3, M. Sklodowskiej-Curie Str., 90-505 Lodz, Poland. To contact us, send an e-mail message to itb@moratex.eu or call +48 426373710.<\/p>\n<p>Mr. Mateusz Gajdacz is the Data Protection Officer. To contact him, send an e-mail message to mgajdacz@moratex.eu or call +48 426373710.<br \/>\nThe data will be stored for the time necessary to achieve the purpose, maximum 3 years (data used for service and order execution), 5 years (project data) or 6 years (accounting information).<\/p>\n<p>The person, to whom the data pertains, has the right to access their data, rectify them, delete them, limit processing, object to the processing, the right to transfer data, and the right to file a complaint to the supervisory body.<\/p>\n<p>Providing the data is voluntary, but it is a condition for concluding a contract. Failure to provide this data will prevent its conclusion.<\/p>\n","protected":false},"excerpt":{"rendered":"<p>Personal data are processed for the purpose of handling and execution of orders, including the projects, as well as for accounting and [&hellip;]<\/p>\n","protected":false},"author":1,"featured_media":0,"parent":0,"menu_order":0,"comment_status":"closed","ping_status":"closed","template":"","meta":{"_acf_changed":false,"footnotes":""},"class_list":["post-1068","page","type-page","status-publish","hentry"],"acf":[],"yoast_head":"<!-- This site is optimized with the Yoast SEO plugin v26.6 - https:\/\/yoast.com\/wordpress\/plugins\/seo\/ -->\n<title>Policy Privacy - Moratex &quot;MORATEX&quot;<\/title>\n<meta name=\"description\" content=\"Policy Privacy - Instytut Technologii Bezpiecze\u0144stwa \u201eMORATEX\u201d w \u0141odzi - ul. Marii Sk\u0142odowskiej-Curie 3, \u0141\u00f3d\u017a, 90-505\" \/>\n<meta name=\"robots\" content=\"index, follow, max-snippet:-1, max-image-preview:large, max-video-preview:-1\" \/>\n<link rel=\"canonical\" href=\"http:\/\/moratex.eu\/en\/policy-privacy\/\" \/>\n<meta property=\"og:locale\" content=\"en_US\" \/>\n<meta property=\"og:type\" content=\"article\" \/>\n<meta property=\"og:title\" content=\"Policy Privacy - Moratex &quot;MORATEX&quot;\" \/>\n<meta property=\"og:description\" content=\"Policy Privacy - Instytut Technologii Bezpiecze\u0144stwa \u201eMORATEX\u201d w \u0141odzi - ul. Marii Sk\u0142odowskiej-Curie 3, \u0141\u00f3d\u017a, 90-505\" \/>\n<meta property=\"og:url\" content=\"http:\/\/moratex.eu\/en\/policy-privacy\/\" \/>\n<meta property=\"og:site_name\" content=\"Moratex\" \/>\n<meta property=\"article:modified_time\" content=\"2018-07-26T08:08:35+00:00\" \/>\n<meta name=\"twitter:card\" content=\"summary_large_image\" \/>\n<meta name=\"twitter:label1\" content=\"Est. reading time\" \/>\n\t<meta name=\"twitter:data1\" content=\"1 minute\" \/>\n<script type=\"application\/ld+json\" class=\"yoast-schema-graph\">{\"@context\":\"https:\/\/schema.org\",\"@graph\":[{\"@type\":\"WebPage\",\"@id\":\"http:\/\/moratex.eu\/en\/policy-privacy\/\",\"url\":\"http:\/\/moratex.eu\/en\/policy-privacy\/\",\"name\":\"Policy Privacy - Moratex \\\"MORATEX\\\"\",\"isPartOf\":{\"@id\":\"http:\/\/moratex.eu\/#website\"},\"datePublished\":\"2018-07-17T15:52:26+00:00\",\"dateModified\":\"2018-07-26T08:08:35+00:00\",\"description\":\"Policy Privacy - Instytut Technologii Bezpiecze\u0144stwa \u201eMORATEX\u201d w \u0141odzi - ul. Marii Sk\u0142odowskiej-Curie 3, \u0141\u00f3d\u017a, 90-505\",\"breadcrumb\":{\"@id\":\"http:\/\/moratex.eu\/en\/policy-privacy\/#breadcrumb\"},\"inLanguage\":\"en-US\",\"potentialAction\":[{\"@type\":\"ReadAction\",\"target\":[\"http:\/\/moratex.eu\/en\/policy-privacy\/\"]}]},{\"@type\":\"BreadcrumbList\",\"@id\":\"http:\/\/moratex.eu\/en\/policy-privacy\/#breadcrumb\",\"itemListElement\":[{\"@type\":\"ListItem\",\"position\":1,\"name\":\"Strona g\u0142\u00f3wna\",\"item\":\"http:\/\/moratex.eu\/en\/\"},{\"@type\":\"ListItem\",\"position\":2,\"name\":\"Policy Privacy\"}]},{\"@type\":\"WebSite\",\"@id\":\"http:\/\/moratex.eu\/#website\",\"url\":\"http:\/\/moratex.eu\/\",\"name\":\"Moratex\",\"description\":\"MORATEX w \u0141odzi\",\"potentialAction\":[{\"@type\":\"SearchAction\",\"target\":{\"@type\":\"EntryPoint\",\"urlTemplate\":\"http:\/\/moratex.eu\/?s={search_term_string}\"},\"query-input\":{\"@type\":\"PropertyValueSpecification\",\"valueRequired\":true,\"valueName\":\"search_term_string\"}}],\"inLanguage\":\"en-US\"}]}<\/script>\n<!-- \/ Yoast SEO plugin. -->","yoast_head_json":{"title":"Policy Privacy - Moratex \"MORATEX\"","description":"Policy Privacy - Instytut Technologii Bezpiecze\u0144stwa \u201eMORATEX\u201d w \u0141odzi - ul. Marii Sk\u0142odowskiej-Curie 3, \u0141\u00f3d\u017a, 90-505","robots":{"index":"index","follow":"follow","max-snippet":"max-snippet:-1","max-image-preview":"max-image-preview:large","max-video-preview":"max-video-preview:-1"},"canonical":"http:\/\/moratex.eu\/en\/policy-privacy\/","og_locale":"en_US","og_type":"article","og_title":"Policy Privacy - Moratex \"MORATEX\"","og_description":"Policy Privacy - Instytut Technologii Bezpiecze\u0144stwa \u201eMORATEX\u201d w \u0141odzi - ul. Marii Sk\u0142odowskiej-Curie 3, \u0141\u00f3d\u017a, 90-505","og_url":"http:\/\/moratex.eu\/en\/policy-privacy\/","og_site_name":"Moratex","article_modified_time":"2018-07-26T08:08:35+00:00","twitter_card":"summary_large_image","twitter_misc":{"Est. reading time":"1 minute"},"schema":{"@context":"https:\/\/schema.org","@graph":[{"@type":"WebPage","@id":"http:\/\/moratex.eu\/en\/policy-privacy\/","url":"http:\/\/moratex.eu\/en\/policy-privacy\/","name":"Policy Privacy - Moratex \"MORATEX\"","isPartOf":{"@id":"http:\/\/moratex.eu\/#website"},"datePublished":"2018-07-17T15:52:26+00:00","dateModified":"2018-07-26T08:08:35+00:00","description":"Policy Privacy - Instytut Technologii Bezpiecze\u0144stwa \u201eMORATEX\u201d w \u0141odzi - ul. Marii Sk\u0142odowskiej-Curie 3, \u0141\u00f3d\u017a, 90-505","breadcrumb":{"@id":"http:\/\/moratex.eu\/en\/policy-privacy\/#breadcrumb"},"inLanguage":"en-US","potentialAction":[{"@type":"ReadAction","target":["http:\/\/moratex.eu\/en\/policy-privacy\/"]}]},{"@type":"BreadcrumbList","@id":"http:\/\/moratex.eu\/en\/policy-privacy\/#breadcrumb","itemListElement":[{"@type":"ListItem","position":1,"name":"Strona g\u0142\u00f3wna","item":"http:\/\/moratex.eu\/en\/"},{"@type":"ListItem","position":2,"name":"Policy Privacy"}]},{"@type":"WebSite","@id":"http:\/\/moratex.eu\/#website","url":"http:\/\/moratex.eu\/","name":"Moratex","description":"MORATEX w \u0141odzi","potentialAction":[{"@type":"SearchAction","target":{"@type":"EntryPoint","urlTemplate":"http:\/\/moratex.eu\/?s={search_term_string}"},"query-input":{"@type":"PropertyValueSpecification","valueRequired":true,"valueName":"search_term_string"}}],"inLanguage":"en-US"}]}},"_links":{"self":[{"href":"http:\/\/moratex.eu\/en\/wp-json\/wp\/v2\/pages\/1068","targetHints":{"allow":["GET"]}}],"collection":[{"href":"http:\/\/moratex.eu\/en\/wp-json\/wp\/v2\/pages"}],"about":[{"href":"http:\/\/moratex.eu\/en\/wp-json\/wp\/v2\/types\/page"}],"author":[{"embeddable":true,"href":"http:\/\/moratex.eu\/en\/wp-json\/wp\/v2\/users\/1"}],"replies":[{"embeddable":true,"href":"http:\/\/moratex.eu\/en\/wp-json\/wp\/v2\/comments?post=1068"}],"version-history":[{"count":2,"href":"http:\/\/moratex.eu\/en\/wp-json\/wp\/v2\/pages\/1068\/revisions"}],"predecessor-version":[{"id":1230,"href":"http:\/\/moratex.eu\/en\/wp-json\/wp\/v2\/pages\/1068\/revisions\/1230"}],"wp:attachment":[{"href":"http:\/\/moratex.eu\/en\/wp-json\/wp\/v2\/media?parent=1068"}],"curies":[{"name":"wp","href":"https:\/\/api.w.org\/{rel}","templated":true}]}}