{"id":1089,"date":"2018-07-09T19:33:45","date_gmt":"2018-07-09T17:33:45","guid":{"rendered":"http:\/\/moratex.cf\/?page_id=1089"},"modified":"2018-07-18T09:34:26","modified_gmt":"2018-07-18T07:34:26","slug":"publishings","status":"publish","type":"page","link":"http:\/\/moratex.eu\/en\/publishings\/","title":{"rendered":"Publishing"},"content":{"rendered":"<p>Since 1993 The MORATEX Institute keeps on publishing the scientific and technical periodical \u201eTechnical Textiles\u201d. The ISSN no. of the periodical is 1230 \u2013 7491. It is the unique natiolan magazine focused on the problems of technical textile goods, and its goal is to spread professional knowledge on that important textile branch in terms of economy and society. The Institute&#8217;s intention, beside intensifying the knowledge of all, who are dealing with technical textiles, is to make the technical textiles users familiar with potential of applications, with new technical textile product lines based on new raw materials and new technologies, unknown before or never applied nationwide. The subject area of papers printed here is focused mainly on the products designed for protection of health and life of people working for national defence, providing internal security, fire brigades and border guwards. The products include i.a.: ballistic protections, impact-resistant ones, equipment and flame-retardant suits for fire brigades, suits protecting anainst chemical and biological agents, maritime protective clothing. The magazine presents also articles from experts of national and foreign scientific and research institutes, dealing with relevant problems.<br \/>\nThe \u201eTechnical Textiles\u201d quarterly has its permanent subscribers home and abroad. It is delivered to the Main Library in Paris, National Library in Warsaw, Library of the Universities of Lodz, Torun and Opole, to teh Library of Technical University of Lodz. It&#8217;s an excellent means of promoting the results of scientific and research works of the MORATEX Institute.<br \/>\nEditorial office:<\/p>\n<p>POLAND, 90-505 \u0141\u00f3d\u017a<br \/>\n3, M. Sk\u0142odowskiej-Curie Str.<\/p>\n<p>tel.: (42) 637-37-10, (42) 637-44-00<br \/>\nfax: (42) 636-92-26<\/p>\n<p>e-mail: redakcja.tww@moratex.eu<\/p>\n","protected":false},"excerpt":{"rendered":"<p>Since 1993 The MORATEX Institute keeps on publishing the scientific and technical periodical \u201eTechnical Textiles\u201d. The ISSN no. of the periodical is [&hellip;]<\/p>\n","protected":false},"author":1,"featured_media":1091,"parent":0,"menu_order":0,"comment_status":"closed","ping_status":"closed","template":"","meta":{"_acf_changed":false,"footnotes":""},"class_list":["post-1089","page","type-page","status-publish","has-post-thumbnail","hentry"],"acf":[],"yoast_head":"<!-- This site is optimized with the Yoast SEO plugin v26.6 - https:\/\/yoast.com\/wordpress\/plugins\/seo\/ -->\n<title>Publishing - Moratex &quot;MORATEX&quot;<\/title>\n<meta name=\"description\" content=\"Publishing - Instytut Technologii Bezpiecze\u0144stwa \u201eMORATEX\u201d w \u0141odzi - ul. Marii Sk\u0142odowskiej-Curie 3, \u0141\u00f3d\u017a, 90-505\" \/>\n<meta name=\"robots\" content=\"index, follow, max-snippet:-1, max-image-preview:large, max-video-preview:-1\" \/>\n<link rel=\"canonical\" href=\"http:\/\/moratex.eu\/en\/publishings\/\" \/>\n<meta property=\"og:locale\" content=\"en_US\" \/>\n<meta property=\"og:type\" content=\"article\" \/>\n<meta property=\"og:title\" content=\"Publishing - Moratex &quot;MORATEX&quot;\" \/>\n<meta property=\"og:description\" content=\"Publishing - Instytut Technologii Bezpiecze\u0144stwa \u201eMORATEX\u201d w \u0141odzi - ul. Marii Sk\u0142odowskiej-Curie 3, \u0141\u00f3d\u017a, 90-505\" \/>\n<meta property=\"og:url\" content=\"http:\/\/moratex.eu\/en\/publishings\/\" \/>\n<meta property=\"og:site_name\" content=\"Moratex\" \/>\n<meta property=\"article:modified_time\" content=\"2018-07-18T07:34:26+00:00\" \/>\n<meta property=\"og:image\" content=\"http:\/\/moratex.eu\/wp-content\/uploads\/2018\/07\/itb_tww.jpg\" \/>\n\t<meta property=\"og:image:width\" content=\"250\" \/>\n\t<meta property=\"og:image:height\" content=\"362\" \/>\n\t<meta property=\"og:image:type\" content=\"image\/jpeg\" \/>\n<meta name=\"twitter:card\" content=\"summary_large_image\" \/>\n<meta name=\"twitter:label1\" content=\"Est. reading time\" \/>\n\t<meta name=\"twitter:data1\" content=\"1 minute\" \/>\n<script type=\"application\/ld+json\" class=\"yoast-schema-graph\">{\"@context\":\"https:\/\/schema.org\",\"@graph\":[{\"@type\":\"WebPage\",\"@id\":\"http:\/\/moratex.eu\/en\/publishings\/\",\"url\":\"http:\/\/moratex.eu\/en\/publishings\/\",\"name\":\"Publishing - Moratex \\\"MORATEX\\\"\",\"isPartOf\":{\"@id\":\"http:\/\/moratex.eu\/#website\"},\"primaryImageOfPage\":{\"@id\":\"http:\/\/moratex.eu\/en\/publishings\/#primaryimage\"},\"image\":{\"@id\":\"http:\/\/moratex.eu\/en\/publishings\/#primaryimage\"},\"thumbnailUrl\":\"http:\/\/moratex.eu\/wp-content\/uploads\/2018\/07\/itb_tww.jpg\",\"datePublished\":\"2018-07-09T17:33:45+00:00\",\"dateModified\":\"2018-07-18T07:34:26+00:00\",\"description\":\"Publishing - Instytut Technologii Bezpiecze\u0144stwa \u201eMORATEX\u201d w \u0141odzi - ul. Marii Sk\u0142odowskiej-Curie 3, \u0141\u00f3d\u017a, 90-505\",\"breadcrumb\":{\"@id\":\"http:\/\/moratex.eu\/en\/publishings\/#breadcrumb\"},\"inLanguage\":\"en-US\",\"potentialAction\":[{\"@type\":\"ReadAction\",\"target\":[\"http:\/\/moratex.eu\/en\/publishings\/\"]}]},{\"@type\":\"ImageObject\",\"inLanguage\":\"en-US\",\"@id\":\"http:\/\/moratex.eu\/en\/publishings\/#primaryimage\",\"url\":\"http:\/\/moratex.eu\/wp-content\/uploads\/2018\/07\/itb_tww.jpg\",\"contentUrl\":\"http:\/\/moratex.eu\/wp-content\/uploads\/2018\/07\/itb_tww.jpg\",\"width\":250,\"height\":362},{\"@type\":\"BreadcrumbList\",\"@id\":\"http:\/\/moratex.eu\/en\/publishings\/#breadcrumb\",\"itemListElement\":[{\"@type\":\"ListItem\",\"position\":1,\"name\":\"Strona g\u0142\u00f3wna\",\"item\":\"http:\/\/moratex.eu\/en\/\"},{\"@type\":\"ListItem\",\"position\":2,\"name\":\"Publishing\"}]},{\"@type\":\"WebSite\",\"@id\":\"http:\/\/moratex.eu\/#website\",\"url\":\"http:\/\/moratex.eu\/\",\"name\":\"Moratex\",\"description\":\"MORATEX w \u0141odzi\",\"potentialAction\":[{\"@type\":\"SearchAction\",\"target\":{\"@type\":\"EntryPoint\",\"urlTemplate\":\"http:\/\/moratex.eu\/?s={search_term_string}\"},\"query-input\":{\"@type\":\"PropertyValueSpecification\",\"valueRequired\":true,\"valueName\":\"search_term_string\"}}],\"inLanguage\":\"en-US\"}]}<\/script>\n<!-- \/ Yoast SEO plugin. -->","yoast_head_json":{"title":"Publishing - Moratex \"MORATEX\"","description":"Publishing - Instytut Technologii Bezpiecze\u0144stwa \u201eMORATEX\u201d w \u0141odzi - ul. Marii Sk\u0142odowskiej-Curie 3, \u0141\u00f3d\u017a, 90-505","robots":{"index":"index","follow":"follow","max-snippet":"max-snippet:-1","max-image-preview":"max-image-preview:large","max-video-preview":"max-video-preview:-1"},"canonical":"http:\/\/moratex.eu\/en\/publishings\/","og_locale":"en_US","og_type":"article","og_title":"Publishing - Moratex \"MORATEX\"","og_description":"Publishing - Instytut Technologii Bezpiecze\u0144stwa \u201eMORATEX\u201d w \u0141odzi - ul. Marii Sk\u0142odowskiej-Curie 3, \u0141\u00f3d\u017a, 90-505","og_url":"http:\/\/moratex.eu\/en\/publishings\/","og_site_name":"Moratex","article_modified_time":"2018-07-18T07:34:26+00:00","og_image":[{"width":250,"height":362,"url":"http:\/\/moratex.eu\/wp-content\/uploads\/2018\/07\/itb_tww.jpg","type":"image\/jpeg"}],"twitter_card":"summary_large_image","twitter_misc":{"Est. reading time":"1 minute"},"schema":{"@context":"https:\/\/schema.org","@graph":[{"@type":"WebPage","@id":"http:\/\/moratex.eu\/en\/publishings\/","url":"http:\/\/moratex.eu\/en\/publishings\/","name":"Publishing - Moratex \"MORATEX\"","isPartOf":{"@id":"http:\/\/moratex.eu\/#website"},"primaryImageOfPage":{"@id":"http:\/\/moratex.eu\/en\/publishings\/#primaryimage"},"image":{"@id":"http:\/\/moratex.eu\/en\/publishings\/#primaryimage"},"thumbnailUrl":"http:\/\/moratex.eu\/wp-content\/uploads\/2018\/07\/itb_tww.jpg","datePublished":"2018-07-09T17:33:45+00:00","dateModified":"2018-07-18T07:34:26+00:00","description":"Publishing - Instytut Technologii Bezpiecze\u0144stwa \u201eMORATEX\u201d w \u0141odzi - ul. Marii Sk\u0142odowskiej-Curie 3, \u0141\u00f3d\u017a, 90-505","breadcrumb":{"@id":"http:\/\/moratex.eu\/en\/publishings\/#breadcrumb"},"inLanguage":"en-US","potentialAction":[{"@type":"ReadAction","target":["http:\/\/moratex.eu\/en\/publishings\/"]}]},{"@type":"ImageObject","inLanguage":"en-US","@id":"http:\/\/moratex.eu\/en\/publishings\/#primaryimage","url":"http:\/\/moratex.eu\/wp-content\/uploads\/2018\/07\/itb_tww.jpg","contentUrl":"http:\/\/moratex.eu\/wp-content\/uploads\/2018\/07\/itb_tww.jpg","width":250,"height":362},{"@type":"BreadcrumbList","@id":"http:\/\/moratex.eu\/en\/publishings\/#breadcrumb","itemListElement":[{"@type":"ListItem","position":1,"name":"Strona g\u0142\u00f3wna","item":"http:\/\/moratex.eu\/en\/"},{"@type":"ListItem","position":2,"name":"Publishing"}]},{"@type":"WebSite","@id":"http:\/\/moratex.eu\/#website","url":"http:\/\/moratex.eu\/","name":"Moratex","description":"MORATEX w \u0141odzi","potentialAction":[{"@type":"SearchAction","target":{"@type":"EntryPoint","urlTemplate":"http:\/\/moratex.eu\/?s={search_term_string}"},"query-input":{"@type":"PropertyValueSpecification","valueRequired":true,"valueName":"search_term_string"}}],"inLanguage":"en-US"}]}},"_links":{"self":[{"href":"http:\/\/moratex.eu\/en\/wp-json\/wp\/v2\/pages\/1089","targetHints":{"allow":["GET"]}}],"collection":[{"href":"http:\/\/moratex.eu\/en\/wp-json\/wp\/v2\/pages"}],"about":[{"href":"http:\/\/moratex.eu\/en\/wp-json\/wp\/v2\/types\/page"}],"author":[{"embeddable":true,"href":"http:\/\/moratex.eu\/en\/wp-json\/wp\/v2\/users\/1"}],"replies":[{"embeddable":true,"href":"http:\/\/moratex.eu\/en\/wp-json\/wp\/v2\/comments?post=1089"}],"version-history":[{"count":1,"href":"http:\/\/moratex.eu\/en\/wp-json\/wp\/v2\/pages\/1089\/revisions"}],"predecessor-version":[{"id":1090,"href":"http:\/\/moratex.eu\/en\/wp-json\/wp\/v2\/pages\/1089\/revisions\/1090"}],"wp:featuredmedia":[{"embeddable":true,"href":"http:\/\/moratex.eu\/en\/wp-json\/wp\/v2\/media\/1091"}],"wp:attachment":[{"href":"http:\/\/moratex.eu\/en\/wp-json\/wp\/v2\/media?parent=1089"}],"curies":[{"name":"wp","href":"https:\/\/api.w.org\/{rel}","templated":true}]}}