{"id":1095,"date":"2018-07-18T09:27:41","date_gmt":"2018-07-18T07:27:41","guid":{"rendered":"http:\/\/moratex.cf\/?page_id=1095"},"modified":"2018-07-18T09:29:38","modified_gmt":"2018-07-18T07:29:38","slug":"co-operation-within-platforms-networks-and-centres","status":"publish","type":"page","link":"http:\/\/moratex.eu\/en\/co-operation-within-platforms-networks-and-centres\/","title":{"rendered":"Co-operation within platforms, networks and centres"},"content":{"rendered":"<p>The Institute is an active member of the following scientific and research organisations<\/p>\n<div class=\"section__list\">\n<ul class=\"itb_punktowanie\">\n<li>Polish Technology Platform of the Textile Industry operating at the Technical University of Lodz<\/li>\n<li>The International Partnership for Scientific and Technological Novelty on the Security Area VIS-Serwis organized by the Scientific and Research Centre for Fire Protection in J\u00f3zef\u00f3w<\/li>\n<li>Polish Technology Platform of Security Systems established at the Military University of Technology in Warsaw<\/li>\n<li>Polish Platform of Internal Security in Poznan<\/li>\n<li>Centre for Advanced Technologies of Human-Friendly Textiles PROHUMANOTEX at the Textile Engineering and Marketing Faculty of the Technical University of Lodz<\/li>\n<li>TEXTILES &amp; HEALTH INTERNATIONAL SCIENTIFIC NETWORK at the Institute of Textile Industry in Lodz<\/li>\n<\/ul>\n","protected":false},"excerpt":{"rendered":"<p>The Institute is an active member of the following scientific and research organisations Polish Technology Platform of the Textile Industry operating at [&hellip;]<\/p>\n","protected":false},"author":1,"featured_media":0,"parent":0,"menu_order":0,"comment_status":"closed","ping_status":"closed","template":"","meta":{"_acf_changed":false,"footnotes":""},"class_list":["post-1095","page","type-page","status-publish","hentry"],"acf":[],"yoast_head":"<!-- This site is optimized with the Yoast SEO plugin v26.6 - https:\/\/yoast.com\/wordpress\/plugins\/seo\/ -->\n<title>Co-operation within platforms, networks and centres - Moratex &quot;MORATEX&quot;<\/title>\n<meta name=\"description\" content=\"Co-operation within platforms, networks and centres - Instytut Technologii Bezpiecze\u0144stwa \u201eMORATEX\u201d w \u0141odzi - ul. Marii Sk\u0142odowskiej-Curie 3, \u0141\u00f3d\u017a, 90-505\" \/>\n<meta name=\"robots\" content=\"index, follow, max-snippet:-1, max-image-preview:large, max-video-preview:-1\" \/>\n<link rel=\"canonical\" href=\"http:\/\/moratex.eu\/en\/co-operation-within-platforms-networks-and-centres\/\" \/>\n<meta property=\"og:locale\" content=\"en_US\" \/>\n<meta property=\"og:type\" content=\"article\" \/>\n<meta property=\"og:title\" content=\"Co-operation within platforms, networks and centres - Moratex &quot;MORATEX&quot;\" \/>\n<meta property=\"og:description\" content=\"Co-operation within platforms, networks and centres - Instytut Technologii Bezpiecze\u0144stwa \u201eMORATEX\u201d w \u0141odzi - ul. Marii Sk\u0142odowskiej-Curie 3, \u0141\u00f3d\u017a, 90-505\" \/>\n<meta property=\"og:url\" content=\"http:\/\/moratex.eu\/en\/co-operation-within-platforms-networks-and-centres\/\" \/>\n<meta property=\"og:site_name\" content=\"Moratex\" \/>\n<meta property=\"article:modified_time\" content=\"2018-07-18T07:29:38+00:00\" \/>\n<meta name=\"twitter:card\" content=\"summary_large_image\" \/>\n<meta name=\"twitter:label1\" content=\"Est. reading time\" \/>\n\t<meta name=\"twitter:data1\" content=\"1 minute\" \/>\n<script type=\"application\/ld+json\" class=\"yoast-schema-graph\">{\"@context\":\"https:\/\/schema.org\",\"@graph\":[{\"@type\":\"WebPage\",\"@id\":\"http:\/\/moratex.eu\/en\/co-operation-within-platforms-networks-and-centres\/\",\"url\":\"http:\/\/moratex.eu\/en\/co-operation-within-platforms-networks-and-centres\/\",\"name\":\"Co-operation within platforms, networks and centres - Moratex \\\"MORATEX\\\"\",\"isPartOf\":{\"@id\":\"http:\/\/moratex.eu\/#website\"},\"datePublished\":\"2018-07-18T07:27:41+00:00\",\"dateModified\":\"2018-07-18T07:29:38+00:00\",\"description\":\"Co-operation within platforms, networks and centres - Instytut Technologii Bezpiecze\u0144stwa \u201eMORATEX\u201d w \u0141odzi - ul. Marii Sk\u0142odowskiej-Curie 3, \u0141\u00f3d\u017a, 90-505\",\"breadcrumb\":{\"@id\":\"http:\/\/moratex.eu\/en\/co-operation-within-platforms-networks-and-centres\/#breadcrumb\"},\"inLanguage\":\"en-US\",\"potentialAction\":[{\"@type\":\"ReadAction\",\"target\":[\"http:\/\/moratex.eu\/en\/co-operation-within-platforms-networks-and-centres\/\"]}]},{\"@type\":\"BreadcrumbList\",\"@id\":\"http:\/\/moratex.eu\/en\/co-operation-within-platforms-networks-and-centres\/#breadcrumb\",\"itemListElement\":[{\"@type\":\"ListItem\",\"position\":1,\"name\":\"Strona g\u0142\u00f3wna\",\"item\":\"http:\/\/moratex.eu\/en\/\"},{\"@type\":\"ListItem\",\"position\":2,\"name\":\"Co-operation within platforms, networks and centres\"}]},{\"@type\":\"WebSite\",\"@id\":\"http:\/\/moratex.eu\/#website\",\"url\":\"http:\/\/moratex.eu\/\",\"name\":\"Moratex\",\"description\":\"MORATEX w \u0141odzi\",\"potentialAction\":[{\"@type\":\"SearchAction\",\"target\":{\"@type\":\"EntryPoint\",\"urlTemplate\":\"http:\/\/moratex.eu\/?s={search_term_string}\"},\"query-input\":{\"@type\":\"PropertyValueSpecification\",\"valueRequired\":true,\"valueName\":\"search_term_string\"}}],\"inLanguage\":\"en-US\"}]}<\/script>\n<!-- \/ Yoast SEO plugin. -->","yoast_head_json":{"title":"Co-operation within platforms, networks and centres - Moratex \"MORATEX\"","description":"Co-operation within platforms, networks and centres - Instytut Technologii Bezpiecze\u0144stwa \u201eMORATEX\u201d w \u0141odzi - ul. Marii Sk\u0142odowskiej-Curie 3, \u0141\u00f3d\u017a, 90-505","robots":{"index":"index","follow":"follow","max-snippet":"max-snippet:-1","max-image-preview":"max-image-preview:large","max-video-preview":"max-video-preview:-1"},"canonical":"http:\/\/moratex.eu\/en\/co-operation-within-platforms-networks-and-centres\/","og_locale":"en_US","og_type":"article","og_title":"Co-operation within platforms, networks and centres - Moratex \"MORATEX\"","og_description":"Co-operation within platforms, networks and centres - Instytut Technologii Bezpiecze\u0144stwa \u201eMORATEX\u201d w \u0141odzi - ul. Marii Sk\u0142odowskiej-Curie 3, \u0141\u00f3d\u017a, 90-505","og_url":"http:\/\/moratex.eu\/en\/co-operation-within-platforms-networks-and-centres\/","og_site_name":"Moratex","article_modified_time":"2018-07-18T07:29:38+00:00","twitter_card":"summary_large_image","twitter_misc":{"Est. reading time":"1 minute"},"schema":{"@context":"https:\/\/schema.org","@graph":[{"@type":"WebPage","@id":"http:\/\/moratex.eu\/en\/co-operation-within-platforms-networks-and-centres\/","url":"http:\/\/moratex.eu\/en\/co-operation-within-platforms-networks-and-centres\/","name":"Co-operation within platforms, networks and centres - Moratex \"MORATEX\"","isPartOf":{"@id":"http:\/\/moratex.eu\/#website"},"datePublished":"2018-07-18T07:27:41+00:00","dateModified":"2018-07-18T07:29:38+00:00","description":"Co-operation within platforms, networks and centres - Instytut Technologii Bezpiecze\u0144stwa \u201eMORATEX\u201d w \u0141odzi - ul. Marii Sk\u0142odowskiej-Curie 3, \u0141\u00f3d\u017a, 90-505","breadcrumb":{"@id":"http:\/\/moratex.eu\/en\/co-operation-within-platforms-networks-and-centres\/#breadcrumb"},"inLanguage":"en-US","potentialAction":[{"@type":"ReadAction","target":["http:\/\/moratex.eu\/en\/co-operation-within-platforms-networks-and-centres\/"]}]},{"@type":"BreadcrumbList","@id":"http:\/\/moratex.eu\/en\/co-operation-within-platforms-networks-and-centres\/#breadcrumb","itemListElement":[{"@type":"ListItem","position":1,"name":"Strona g\u0142\u00f3wna","item":"http:\/\/moratex.eu\/en\/"},{"@type":"ListItem","position":2,"name":"Co-operation within platforms, networks and centres"}]},{"@type":"WebSite","@id":"http:\/\/moratex.eu\/#website","url":"http:\/\/moratex.eu\/","name":"Moratex","description":"MORATEX w \u0141odzi","potentialAction":[{"@type":"SearchAction","target":{"@type":"EntryPoint","urlTemplate":"http:\/\/moratex.eu\/?s={search_term_string}"},"query-input":{"@type":"PropertyValueSpecification","valueRequired":true,"valueName":"search_term_string"}}],"inLanguage":"en-US"}]}},"_links":{"self":[{"href":"http:\/\/moratex.eu\/en\/wp-json\/wp\/v2\/pages\/1095","targetHints":{"allow":["GET"]}}],"collection":[{"href":"http:\/\/moratex.eu\/en\/wp-json\/wp\/v2\/pages"}],"about":[{"href":"http:\/\/moratex.eu\/en\/wp-json\/wp\/v2\/types\/page"}],"author":[{"embeddable":true,"href":"http:\/\/moratex.eu\/en\/wp-json\/wp\/v2\/users\/1"}],"replies":[{"embeddable":true,"href":"http:\/\/moratex.eu\/en\/wp-json\/wp\/v2\/comments?post=1095"}],"version-history":[{"count":2,"href":"http:\/\/moratex.eu\/en\/wp-json\/wp\/v2\/pages\/1095\/revisions"}],"predecessor-version":[{"id":1100,"href":"http:\/\/moratex.eu\/en\/wp-json\/wp\/v2\/pages\/1095\/revisions\/1100"}],"wp:attachment":[{"href":"http:\/\/moratex.eu\/en\/wp-json\/wp\/v2\/media?parent=1095"}],"curies":[{"name":"wp","href":"https:\/\/api.w.org\/{rel}","templated":true}]}}