{"id":1097,"date":"2018-07-18T09:28:07","date_gmt":"2018-07-18T07:28:07","guid":{"rendered":"http:\/\/moratex.cf\/?page_id=1097"},"modified":"2018-07-18T09:28:43","modified_gmt":"2018-07-18T07:28:43","slug":"development-works-of-our-own","status":"publish","type":"page","link":"http:\/\/moratex.eu\/en\/development-works-of-our-own\/","title":{"rendered":"Development works of our own"},"content":{"rendered":"<p>The list of development works of our own, completed in recent years and currently in progress:<\/p>\n<div class=\"section__list\">\n<ul class=\"itb_punktowanie\">\n<li>Research on determining the resistance to fragments and introducing it to the activity range of Ballistic Laboratory<\/li>\n<li>Ballistic head protectors, especially for soldiers of troops, tanks and mechanized infantry, to meet the requirements of nowadays war theatre<\/li>\n<li>Preparing the Laboratory to research on physiological properties of materials intended for making-up the special clothing<\/li>\n<li>Developing the new-generation bullet-proof covert vests<\/li>\n<li>Personal ballistic and impact-resistant equipment<\/li>\n<li>Modular bullet-proof suit for the officers of Anti-terrorist Police units<\/li>\n<li>Lightweight textile personal protection against threat from blast-propelled fragments<\/li>\n<li>Adopting the EPISAFE bomblet attenuator to the needs of Polish special units<\/li>\n<\/ul>\n","protected":false},"excerpt":{"rendered":"<p>The list of development works of our own, completed in recent years and currently in progress: Research on determining the resistance to [&hellip;]<\/p>\n","protected":false},"author":1,"featured_media":0,"parent":0,"menu_order":0,"comment_status":"closed","ping_status":"closed","template":"","meta":{"_acf_changed":false,"footnotes":""},"class_list":["post-1097","page","type-page","status-publish","hentry"],"acf":[],"yoast_head":"<!-- This site is optimized with the Yoast SEO plugin v26.6 - https:\/\/yoast.com\/wordpress\/plugins\/seo\/ -->\n<title>Development works of our own - Moratex &quot;MORATEX&quot;<\/title>\n<meta name=\"description\" content=\"Development works of our own - Instytut Technologii Bezpiecze\u0144stwa \u201eMORATEX\u201d w \u0141odzi - ul. Marii Sk\u0142odowskiej-Curie 3, \u0141\u00f3d\u017a, 90-505\" \/>\n<meta name=\"robots\" content=\"index, follow, max-snippet:-1, max-image-preview:large, max-video-preview:-1\" \/>\n<link rel=\"canonical\" href=\"http:\/\/moratex.eu\/en\/development-works-of-our-own\/\" \/>\n<meta property=\"og:locale\" content=\"en_US\" \/>\n<meta property=\"og:type\" content=\"article\" \/>\n<meta property=\"og:title\" content=\"Development works of our own - Moratex &quot;MORATEX&quot;\" \/>\n<meta property=\"og:description\" content=\"Development works of our own - Instytut Technologii Bezpiecze\u0144stwa \u201eMORATEX\u201d w \u0141odzi - ul. Marii Sk\u0142odowskiej-Curie 3, \u0141\u00f3d\u017a, 90-505\" \/>\n<meta property=\"og:url\" content=\"http:\/\/moratex.eu\/en\/development-works-of-our-own\/\" \/>\n<meta property=\"og:site_name\" content=\"Moratex\" \/>\n<meta property=\"article:modified_time\" content=\"2018-07-18T07:28:43+00:00\" \/>\n<meta name=\"twitter:card\" content=\"summary_large_image\" \/>\n<meta name=\"twitter:label1\" content=\"Est. reading time\" \/>\n\t<meta name=\"twitter:data1\" content=\"1 minute\" \/>\n<script type=\"application\/ld+json\" class=\"yoast-schema-graph\">{\"@context\":\"https:\/\/schema.org\",\"@graph\":[{\"@type\":\"WebPage\",\"@id\":\"http:\/\/moratex.eu\/en\/development-works-of-our-own\/\",\"url\":\"http:\/\/moratex.eu\/en\/development-works-of-our-own\/\",\"name\":\"Development works of our own - Moratex \\\"MORATEX\\\"\",\"isPartOf\":{\"@id\":\"http:\/\/moratex.eu\/#website\"},\"datePublished\":\"2018-07-18T07:28:07+00:00\",\"dateModified\":\"2018-07-18T07:28:43+00:00\",\"description\":\"Development works of our own - Instytut Technologii Bezpiecze\u0144stwa \u201eMORATEX\u201d w \u0141odzi - ul. Marii Sk\u0142odowskiej-Curie 3, \u0141\u00f3d\u017a, 90-505\",\"breadcrumb\":{\"@id\":\"http:\/\/moratex.eu\/en\/development-works-of-our-own\/#breadcrumb\"},\"inLanguage\":\"en-US\",\"potentialAction\":[{\"@type\":\"ReadAction\",\"target\":[\"http:\/\/moratex.eu\/en\/development-works-of-our-own\/\"]}]},{\"@type\":\"BreadcrumbList\",\"@id\":\"http:\/\/moratex.eu\/en\/development-works-of-our-own\/#breadcrumb\",\"itemListElement\":[{\"@type\":\"ListItem\",\"position\":1,\"name\":\"Strona g\u0142\u00f3wna\",\"item\":\"http:\/\/moratex.eu\/en\/\"},{\"@type\":\"ListItem\",\"position\":2,\"name\":\"Development works of our own\"}]},{\"@type\":\"WebSite\",\"@id\":\"http:\/\/moratex.eu\/#website\",\"url\":\"http:\/\/moratex.eu\/\",\"name\":\"Moratex\",\"description\":\"MORATEX w \u0141odzi\",\"potentialAction\":[{\"@type\":\"SearchAction\",\"target\":{\"@type\":\"EntryPoint\",\"urlTemplate\":\"http:\/\/moratex.eu\/?s={search_term_string}\"},\"query-input\":{\"@type\":\"PropertyValueSpecification\",\"valueRequired\":true,\"valueName\":\"search_term_string\"}}],\"inLanguage\":\"en-US\"}]}<\/script>\n<!-- \/ Yoast SEO plugin. -->","yoast_head_json":{"title":"Development works of our own - Moratex \"MORATEX\"","description":"Development works of our own - Instytut Technologii Bezpiecze\u0144stwa \u201eMORATEX\u201d w \u0141odzi - ul. Marii Sk\u0142odowskiej-Curie 3, \u0141\u00f3d\u017a, 90-505","robots":{"index":"index","follow":"follow","max-snippet":"max-snippet:-1","max-image-preview":"max-image-preview:large","max-video-preview":"max-video-preview:-1"},"canonical":"http:\/\/moratex.eu\/en\/development-works-of-our-own\/","og_locale":"en_US","og_type":"article","og_title":"Development works of our own - Moratex \"MORATEX\"","og_description":"Development works of our own - Instytut Technologii Bezpiecze\u0144stwa \u201eMORATEX\u201d w \u0141odzi - ul. Marii Sk\u0142odowskiej-Curie 3, \u0141\u00f3d\u017a, 90-505","og_url":"http:\/\/moratex.eu\/en\/development-works-of-our-own\/","og_site_name":"Moratex","article_modified_time":"2018-07-18T07:28:43+00:00","twitter_card":"summary_large_image","twitter_misc":{"Est. reading time":"1 minute"},"schema":{"@context":"https:\/\/schema.org","@graph":[{"@type":"WebPage","@id":"http:\/\/moratex.eu\/en\/development-works-of-our-own\/","url":"http:\/\/moratex.eu\/en\/development-works-of-our-own\/","name":"Development works of our own - Moratex \"MORATEX\"","isPartOf":{"@id":"http:\/\/moratex.eu\/#website"},"datePublished":"2018-07-18T07:28:07+00:00","dateModified":"2018-07-18T07:28:43+00:00","description":"Development works of our own - Instytut Technologii Bezpiecze\u0144stwa \u201eMORATEX\u201d w \u0141odzi - ul. Marii Sk\u0142odowskiej-Curie 3, \u0141\u00f3d\u017a, 90-505","breadcrumb":{"@id":"http:\/\/moratex.eu\/en\/development-works-of-our-own\/#breadcrumb"},"inLanguage":"en-US","potentialAction":[{"@type":"ReadAction","target":["http:\/\/moratex.eu\/en\/development-works-of-our-own\/"]}]},{"@type":"BreadcrumbList","@id":"http:\/\/moratex.eu\/en\/development-works-of-our-own\/#breadcrumb","itemListElement":[{"@type":"ListItem","position":1,"name":"Strona g\u0142\u00f3wna","item":"http:\/\/moratex.eu\/en\/"},{"@type":"ListItem","position":2,"name":"Development works of our own"}]},{"@type":"WebSite","@id":"http:\/\/moratex.eu\/#website","url":"http:\/\/moratex.eu\/","name":"Moratex","description":"MORATEX w \u0141odzi","potentialAction":[{"@type":"SearchAction","target":{"@type":"EntryPoint","urlTemplate":"http:\/\/moratex.eu\/?s={search_term_string}"},"query-input":{"@type":"PropertyValueSpecification","valueRequired":true,"valueName":"search_term_string"}}],"inLanguage":"en-US"}]}},"_links":{"self":[{"href":"http:\/\/moratex.eu\/en\/wp-json\/wp\/v2\/pages\/1097","targetHints":{"allow":["GET"]}}],"collection":[{"href":"http:\/\/moratex.eu\/en\/wp-json\/wp\/v2\/pages"}],"about":[{"href":"http:\/\/moratex.eu\/en\/wp-json\/wp\/v2\/types\/page"}],"author":[{"embeddable":true,"href":"http:\/\/moratex.eu\/en\/wp-json\/wp\/v2\/users\/1"}],"replies":[{"embeddable":true,"href":"http:\/\/moratex.eu\/en\/wp-json\/wp\/v2\/comments?post=1097"}],"version-history":[{"count":2,"href":"http:\/\/moratex.eu\/en\/wp-json\/wp\/v2\/pages\/1097\/revisions"}],"predecessor-version":[{"id":1099,"href":"http:\/\/moratex.eu\/en\/wp-json\/wp\/v2\/pages\/1097\/revisions\/1099"}],"wp:attachment":[{"href":"http:\/\/moratex.eu\/en\/wp-json\/wp\/v2\/media?parent=1097"}],"curies":[{"name":"wp","href":"https:\/\/api.w.org\/{rel}","templated":true}]}}