{"id":1112,"date":"2018-07-10T07:56:29","date_gmt":"2018-07-10T05:56:29","guid":{"rendered":"http:\/\/moratex.cf\/?page_id=1112"},"modified":"2025-12-12T10:25:19","modified_gmt":"2025-12-12T09:25:19","slug":"scientific-council","status":"publish","type":"page","link":"http:\/\/moratex.eu\/en\/scientific-council\/","title":{"rendered":"Scientific Council"},"content":{"rendered":"<p>According to the Article no. 29 of the Law on research institutes, dated 30th of April, 2010, with later changes (Journal of Laws 2016, item 371), the Scientific Council is the deciding, initiating, advisory and consultative body, in the scope of Institute\u2019s statutory activities and concerning the matters of development of the scientific as well as the research and technical personnel.<\/p>\n<p>The seats of the Scientific Council of MORATEX are taken by:<\/p>\n<ul>\n<li>Mr prof. dr hab. Dariusz Bieli\u0144ski, Eng. &#8211; Chairman of the Scientific Council of ITB MORATEX,<\/li>\n<li>Mr Jerzy Ickiewicz, PhD, Eng. &#8211; Deputy Chairman of the Scientific Council of ITB MORATEX,<\/li>\n<li>Ms Paulina Dmowska-Jasek, PhD, Eng. &#8211; Deputy Chairman of the Scientific Council of ITB MORATEX,<\/li>\n<li>Mr Chief inspector Rafa\u0142 Kocha\u0144czyk, PhD,<\/li>\n<li>Ms Renata Leoniak, MA,<\/li>\n<li>Mr snr. brig Grzegorz Szyszko, PhD, Eng.,<\/li>\n<li>Mr Col SG Dariusz Teteruk,<\/li>\n<li>Mr Jaros\u0142aw Cymerski PhD, Eng.<\/li>\n<li>Ms Magdalena Cichecka, PhD, Eng.,<\/li>\n<li>Ms Edyta Chmal Fudali, PhD.,<\/li>\n<li>Mr Maciej Gloger, PhD., Eng.,<\/li>\n<li>Ms Sylwia Kotarba, PhD, Eng.,<\/li>\n<li>Ms Beata Pa\u0142ys, Msc, Eng.<\/li>\n<\/ul>\n<p>In Scientific Council of MORATEX are also:<\/p>\n<ul>\n<li>Director &#8211; Mr prof. dr hab. Marcin H. Stuszczyk, Eng., prof. ITB MORATEX,<\/li>\n<li>Deputy Director for Science \u2013 Ms dr hab. Marzena Fejdy\u015b, Eng., prof. ITB MORATEX,<\/li>\n<\/ul>\n<p>whom fulfill equirements specified in Art. 30 sec. 3, with the right to vote in matters referred to in Art. 29 sec. 2 points 12-14 of the Act on Research Institutes (Journal of Laws 2010 No. 96 item 618 as amended). And also:<\/p>\n<ul>\n<li>Ms Ma\u0142gorzata Ulewicz, PhD, Eng.,<\/li>\n<\/ul>\n<p>as the Representative of the minister responsible for higher education and science with the right to vote in matters referred to in art. 29 section 2 points 1, 4, 5\u201311 and 17\u201320 of the Act of 30 April 2010 on research institutes (Journal of Laws of 2010, No. 96, item 618, as amended).<\/p>\n","protected":false},"excerpt":{"rendered":"<p>According to the Article no. 29 of the Law on research institutes, dated 30th of April, 2010, with later changes (Journal of [&hellip;]<\/p>\n","protected":false},"author":1,"featured_media":0,"parent":0,"menu_order":0,"comment_status":"closed","ping_status":"closed","template":"","meta":{"_acf_changed":false,"footnotes":""},"class_list":["post-1112","page","type-page","status-publish","hentry"],"acf":[],"yoast_head":"<!-- This site is optimized with the Yoast SEO plugin v26.6 - https:\/\/yoast.com\/wordpress\/plugins\/seo\/ -->\n<title>Scientific Council - Moratex &quot;MORATEX&quot;<\/title>\n<meta name=\"description\" content=\"Scientific Council - Instytut Technologii Bezpiecze\u0144stwa \u201eMORATEX\u201d w \u0141odzi - ul. Marii Sk\u0142odowskiej-Curie 3, \u0141\u00f3d\u017a, 90-505\" \/>\n<meta name=\"robots\" content=\"index, follow, max-snippet:-1, max-image-preview:large, max-video-preview:-1\" \/>\n<link rel=\"canonical\" href=\"http:\/\/moratex.eu\/en\/scientific-council\/\" \/>\n<meta property=\"og:locale\" content=\"en_US\" \/>\n<meta property=\"og:type\" content=\"article\" \/>\n<meta property=\"og:title\" content=\"Scientific Council - Moratex &quot;MORATEX&quot;\" \/>\n<meta property=\"og:description\" content=\"Scientific Council - Instytut Technologii Bezpiecze\u0144stwa \u201eMORATEX\u201d w \u0141odzi - ul. Marii Sk\u0142odowskiej-Curie 3, \u0141\u00f3d\u017a, 90-505\" \/>\n<meta property=\"og:url\" content=\"http:\/\/moratex.eu\/en\/scientific-council\/\" \/>\n<meta property=\"og:site_name\" content=\"Moratex\" \/>\n<meta property=\"article:modified_time\" content=\"2025-12-12T09:25:19+00:00\" \/>\n<meta name=\"twitter:card\" content=\"summary_large_image\" \/>\n<meta name=\"twitter:label1\" content=\"Est. reading time\" \/>\n\t<meta name=\"twitter:data1\" content=\"2 minutes\" \/>\n<script type=\"application\/ld+json\" class=\"yoast-schema-graph\">{\"@context\":\"https:\/\/schema.org\",\"@graph\":[{\"@type\":\"WebPage\",\"@id\":\"http:\/\/moratex.eu\/en\/scientific-council\/\",\"url\":\"http:\/\/moratex.eu\/en\/scientific-council\/\",\"name\":\"Scientific Council - Moratex \\\"MORATEX\\\"\",\"isPartOf\":{\"@id\":\"http:\/\/moratex.eu\/#website\"},\"datePublished\":\"2018-07-10T05:56:29+00:00\",\"dateModified\":\"2025-12-12T09:25:19+00:00\",\"description\":\"Scientific Council - Instytut Technologii Bezpiecze\u0144stwa \u201eMORATEX\u201d w \u0141odzi - ul. Marii Sk\u0142odowskiej-Curie 3, \u0141\u00f3d\u017a, 90-505\",\"breadcrumb\":{\"@id\":\"http:\/\/moratex.eu\/en\/scientific-council\/#breadcrumb\"},\"inLanguage\":\"en-US\",\"potentialAction\":[{\"@type\":\"ReadAction\",\"target\":[\"http:\/\/moratex.eu\/en\/scientific-council\/\"]}]},{\"@type\":\"BreadcrumbList\",\"@id\":\"http:\/\/moratex.eu\/en\/scientific-council\/#breadcrumb\",\"itemListElement\":[{\"@type\":\"ListItem\",\"position\":1,\"name\":\"Strona g\u0142\u00f3wna\",\"item\":\"http:\/\/moratex.eu\/en\/\"},{\"@type\":\"ListItem\",\"position\":2,\"name\":\"Scientific Council\"}]},{\"@type\":\"WebSite\",\"@id\":\"http:\/\/moratex.eu\/#website\",\"url\":\"http:\/\/moratex.eu\/\",\"name\":\"Moratex\",\"description\":\"MORATEX w \u0141odzi\",\"potentialAction\":[{\"@type\":\"SearchAction\",\"target\":{\"@type\":\"EntryPoint\",\"urlTemplate\":\"http:\/\/moratex.eu\/?s={search_term_string}\"},\"query-input\":{\"@type\":\"PropertyValueSpecification\",\"valueRequired\":true,\"valueName\":\"search_term_string\"}}],\"inLanguage\":\"en-US\"}]}<\/script>\n<!-- \/ Yoast SEO plugin. -->","yoast_head_json":{"title":"Scientific Council - Moratex \"MORATEX\"","description":"Scientific Council - Instytut Technologii Bezpiecze\u0144stwa \u201eMORATEX\u201d w \u0141odzi - ul. Marii Sk\u0142odowskiej-Curie 3, \u0141\u00f3d\u017a, 90-505","robots":{"index":"index","follow":"follow","max-snippet":"max-snippet:-1","max-image-preview":"max-image-preview:large","max-video-preview":"max-video-preview:-1"},"canonical":"http:\/\/moratex.eu\/en\/scientific-council\/","og_locale":"en_US","og_type":"article","og_title":"Scientific Council - Moratex \"MORATEX\"","og_description":"Scientific Council - Instytut Technologii Bezpiecze\u0144stwa \u201eMORATEX\u201d w \u0141odzi - ul. Marii Sk\u0142odowskiej-Curie 3, \u0141\u00f3d\u017a, 90-505","og_url":"http:\/\/moratex.eu\/en\/scientific-council\/","og_site_name":"Moratex","article_modified_time":"2025-12-12T09:25:19+00:00","twitter_card":"summary_large_image","twitter_misc":{"Est. reading time":"2 minutes"},"schema":{"@context":"https:\/\/schema.org","@graph":[{"@type":"WebPage","@id":"http:\/\/moratex.eu\/en\/scientific-council\/","url":"http:\/\/moratex.eu\/en\/scientific-council\/","name":"Scientific Council - Moratex \"MORATEX\"","isPartOf":{"@id":"http:\/\/moratex.eu\/#website"},"datePublished":"2018-07-10T05:56:29+00:00","dateModified":"2025-12-12T09:25:19+00:00","description":"Scientific Council - Instytut Technologii Bezpiecze\u0144stwa \u201eMORATEX\u201d w \u0141odzi - ul. Marii Sk\u0142odowskiej-Curie 3, \u0141\u00f3d\u017a, 90-505","breadcrumb":{"@id":"http:\/\/moratex.eu\/en\/scientific-council\/#breadcrumb"},"inLanguage":"en-US","potentialAction":[{"@type":"ReadAction","target":["http:\/\/moratex.eu\/en\/scientific-council\/"]}]},{"@type":"BreadcrumbList","@id":"http:\/\/moratex.eu\/en\/scientific-council\/#breadcrumb","itemListElement":[{"@type":"ListItem","position":1,"name":"Strona g\u0142\u00f3wna","item":"http:\/\/moratex.eu\/en\/"},{"@type":"ListItem","position":2,"name":"Scientific Council"}]},{"@type":"WebSite","@id":"http:\/\/moratex.eu\/#website","url":"http:\/\/moratex.eu\/","name":"Moratex","description":"MORATEX w \u0141odzi","potentialAction":[{"@type":"SearchAction","target":{"@type":"EntryPoint","urlTemplate":"http:\/\/moratex.eu\/?s={search_term_string}"},"query-input":{"@type":"PropertyValueSpecification","valueRequired":true,"valueName":"search_term_string"}}],"inLanguage":"en-US"}]}},"_links":{"self":[{"href":"http:\/\/moratex.eu\/en\/wp-json\/wp\/v2\/pages\/1112","targetHints":{"allow":["GET"]}}],"collection":[{"href":"http:\/\/moratex.eu\/en\/wp-json\/wp\/v2\/pages"}],"about":[{"href":"http:\/\/moratex.eu\/en\/wp-json\/wp\/v2\/types\/page"}],"author":[{"embeddable":true,"href":"http:\/\/moratex.eu\/en\/wp-json\/wp\/v2\/users\/1"}],"replies":[{"embeddable":true,"href":"http:\/\/moratex.eu\/en\/wp-json\/wp\/v2\/comments?post=1112"}],"version-history":[{"count":16,"href":"http:\/\/moratex.eu\/en\/wp-json\/wp\/v2\/pages\/1112\/revisions"}],"predecessor-version":[{"id":9494,"href":"http:\/\/moratex.eu\/en\/wp-json\/wp\/v2\/pages\/1112\/revisions\/9494"}],"wp:attachment":[{"href":"http:\/\/moratex.eu\/en\/wp-json\/wp\/v2\/media?parent=1112"}],"curies":[{"name":"wp","href":"https:\/\/api.w.org\/{rel}","templated":true}]}}