{"id":1149,"date":"2018-07-19T14:47:29","date_gmt":"2018-07-19T12:47:29","guid":{"rendered":"http:\/\/moratex.cf\/?page_id=1149"},"modified":"2018-07-19T14:49:17","modified_gmt":"2018-07-19T12:49:17","slug":"oferta-dla-resortu-mswia","status":"publish","type":"page","link":"http:\/\/moratex.eu\/en\/oferta-dla-resortu-mswia\/","title":{"rendered":"Oferta dla resortu MSWiA"},"content":{"rendered":"<p>Dzia\u0142alno\u015b\u0107 Instytutu Technologii Bezpiecze\u0144stwa MORATEX si\u0119ga do r\u00f3\u017cnych sfer wiedzy, jednak najwy\u017cszy priorytet zawsze maj\u0105 potrzeby s\u0142u\u017cb resortu MSWiA. <\/p>\n<p>Oznacza to, \u017ce MORATEX wyspecjalizowa\u0142 si\u0119 w projektowaniu i badaniu \u015brodk\u00f3w ochrony osobistej dla funkcjonariuszy oraz tworzeniu odpowiedniej dokumentacji.<br \/>\nS\u0105 w\u015br\u00f3d nich przede wszystkim:<\/p>\n<div class=\"section__list\">\n<ul>\n<li>kamizelki kuloodporne,\n<li>wk\u0142ady balistyczne,\n<li>ochraniacze przeciwuderzeniowe,\n<li>he\u0142my od\u0142amko- i kuloodporne,\n<li>tarcze kuloodporne,\n<li>inne konstrukcje ochrony balistycznej,\n<li>os\u0142ony przeciwwybuchowe,\n<li>materia\u0142y o wysokiej wytrzyma\u0142o\u015bci,\n<li>skokochrony i inne konstrukcje pneumatyczne,\n<li>odzie\u017c ochronna dla stra\u017cak\u00f3w,\n<li>opatrunki hemostatyczne.\n<\/ul>\n<p>Ponadto w uznaniu najwy\u017cszych kwalifikacji, Minister Spraw Wewn\u0119trznych i Administracji Rozporz\u0105dzeniem z dnia 29 sierpnia 2007 powo\u0142a\u0142 MORATEX do sprawowania nadzoru nad wprowadzaniem tego rodzaju wyrob\u00f3w do u\u017cytku w Policji, Stra\u017cy Granicznej i S\u0142u\u017cbie Ochrony Pa\u0144stwa (dawniej BOR).<\/p>\n","protected":false},"excerpt":{"rendered":"<p>Dzia\u0142alno\u015b\u0107 Instytutu Technologii Bezpiecze\u0144stwa MORATEX si\u0119ga do r\u00f3\u017cnych sfer wiedzy, jednak najwy\u017cszy priorytet zawsze maj\u0105 potrzeby s\u0142u\u017cb resortu MSWiA. Oznacza to, \u017ce [&hellip;]<\/p>\n","protected":false},"author":1,"featured_media":0,"parent":0,"menu_order":0,"comment_status":"closed","ping_status":"closed","template":"","meta":{"_acf_changed":false,"footnotes":""},"class_list":["post-1149","page","type-page","status-publish","hentry"],"acf":[],"yoast_head":"<!-- This site is optimized with the Yoast SEO plugin v26.6 - https:\/\/yoast.com\/wordpress\/plugins\/seo\/ -->\n<title>Oferta dla resortu MSWiA - Moratex &quot;MORATEX&quot;<\/title>\n<meta name=\"description\" content=\"Oferta dla resortu MSWiA - Instytut Technologii Bezpiecze\u0144stwa \u201eMORATEX\u201d w \u0141odzi - ul. Marii Sk\u0142odowskiej-Curie 3, \u0141\u00f3d\u017a, 90-505\" \/>\n<meta name=\"robots\" content=\"index, follow, max-snippet:-1, max-image-preview:large, max-video-preview:-1\" \/>\n<link rel=\"canonical\" href=\"http:\/\/moratex.eu\/en\/oferta-dla-resortu-mswia\/\" \/>\n<meta property=\"og:locale\" content=\"en_US\" \/>\n<meta property=\"og:type\" content=\"article\" \/>\n<meta property=\"og:title\" content=\"Oferta dla resortu MSWiA - Moratex &quot;MORATEX&quot;\" \/>\n<meta property=\"og:description\" content=\"Oferta dla resortu MSWiA - Instytut Technologii Bezpiecze\u0144stwa \u201eMORATEX\u201d w \u0141odzi - ul. Marii Sk\u0142odowskiej-Curie 3, \u0141\u00f3d\u017a, 90-505\" \/>\n<meta property=\"og:url\" content=\"http:\/\/moratex.eu\/en\/oferta-dla-resortu-mswia\/\" \/>\n<meta property=\"og:site_name\" content=\"Moratex\" \/>\n<meta property=\"article:modified_time\" content=\"2018-07-19T12:49:17+00:00\" \/>\n<meta name=\"twitter:card\" content=\"summary_large_image\" \/>\n<meta name=\"twitter:label1\" content=\"Est. reading time\" \/>\n\t<meta name=\"twitter:data1\" content=\"1 minute\" \/>\n<script type=\"application\/ld+json\" class=\"yoast-schema-graph\">{\"@context\":\"https:\/\/schema.org\",\"@graph\":[{\"@type\":\"WebPage\",\"@id\":\"http:\/\/moratex.eu\/en\/oferta-dla-resortu-mswia\/\",\"url\":\"http:\/\/moratex.eu\/en\/oferta-dla-resortu-mswia\/\",\"name\":\"Oferta dla resortu MSWiA - Moratex \\\"MORATEX\\\"\",\"isPartOf\":{\"@id\":\"http:\/\/moratex.eu\/#website\"},\"datePublished\":\"2018-07-19T12:47:29+00:00\",\"dateModified\":\"2018-07-19T12:49:17+00:00\",\"description\":\"Oferta dla resortu MSWiA - Instytut Technologii Bezpiecze\u0144stwa \u201eMORATEX\u201d w \u0141odzi - ul. Marii Sk\u0142odowskiej-Curie 3, \u0141\u00f3d\u017a, 90-505\",\"breadcrumb\":{\"@id\":\"http:\/\/moratex.eu\/en\/oferta-dla-resortu-mswia\/#breadcrumb\"},\"inLanguage\":\"en-US\",\"potentialAction\":[{\"@type\":\"ReadAction\",\"target\":[\"http:\/\/moratex.eu\/en\/oferta-dla-resortu-mswia\/\"]}]},{\"@type\":\"BreadcrumbList\",\"@id\":\"http:\/\/moratex.eu\/en\/oferta-dla-resortu-mswia\/#breadcrumb\",\"itemListElement\":[{\"@type\":\"ListItem\",\"position\":1,\"name\":\"Strona g\u0142\u00f3wna\",\"item\":\"http:\/\/moratex.eu\/en\/\"},{\"@type\":\"ListItem\",\"position\":2,\"name\":\"Oferta dla resortu MSWiA\"}]},{\"@type\":\"WebSite\",\"@id\":\"http:\/\/moratex.eu\/#website\",\"url\":\"http:\/\/moratex.eu\/\",\"name\":\"Moratex\",\"description\":\"MORATEX w \u0141odzi\",\"potentialAction\":[{\"@type\":\"SearchAction\",\"target\":{\"@type\":\"EntryPoint\",\"urlTemplate\":\"http:\/\/moratex.eu\/?s={search_term_string}\"},\"query-input\":{\"@type\":\"PropertyValueSpecification\",\"valueRequired\":true,\"valueName\":\"search_term_string\"}}],\"inLanguage\":\"en-US\"}]}<\/script>\n<!-- \/ Yoast SEO plugin. -->","yoast_head_json":{"title":"Oferta dla resortu MSWiA - Moratex \"MORATEX\"","description":"Oferta dla resortu MSWiA - Instytut Technologii Bezpiecze\u0144stwa \u201eMORATEX\u201d w \u0141odzi - ul. Marii Sk\u0142odowskiej-Curie 3, \u0141\u00f3d\u017a, 90-505","robots":{"index":"index","follow":"follow","max-snippet":"max-snippet:-1","max-image-preview":"max-image-preview:large","max-video-preview":"max-video-preview:-1"},"canonical":"http:\/\/moratex.eu\/en\/oferta-dla-resortu-mswia\/","og_locale":"en_US","og_type":"article","og_title":"Oferta dla resortu MSWiA - Moratex \"MORATEX\"","og_description":"Oferta dla resortu MSWiA - Instytut Technologii Bezpiecze\u0144stwa \u201eMORATEX\u201d w \u0141odzi - ul. Marii Sk\u0142odowskiej-Curie 3, \u0141\u00f3d\u017a, 90-505","og_url":"http:\/\/moratex.eu\/en\/oferta-dla-resortu-mswia\/","og_site_name":"Moratex","article_modified_time":"2018-07-19T12:49:17+00:00","twitter_card":"summary_large_image","twitter_misc":{"Est. reading time":"1 minute"},"schema":{"@context":"https:\/\/schema.org","@graph":[{"@type":"WebPage","@id":"http:\/\/moratex.eu\/en\/oferta-dla-resortu-mswia\/","url":"http:\/\/moratex.eu\/en\/oferta-dla-resortu-mswia\/","name":"Oferta dla resortu MSWiA - Moratex \"MORATEX\"","isPartOf":{"@id":"http:\/\/moratex.eu\/#website"},"datePublished":"2018-07-19T12:47:29+00:00","dateModified":"2018-07-19T12:49:17+00:00","description":"Oferta dla resortu MSWiA - Instytut Technologii Bezpiecze\u0144stwa \u201eMORATEX\u201d w \u0141odzi - ul. Marii Sk\u0142odowskiej-Curie 3, \u0141\u00f3d\u017a, 90-505","breadcrumb":{"@id":"http:\/\/moratex.eu\/en\/oferta-dla-resortu-mswia\/#breadcrumb"},"inLanguage":"en-US","potentialAction":[{"@type":"ReadAction","target":["http:\/\/moratex.eu\/en\/oferta-dla-resortu-mswia\/"]}]},{"@type":"BreadcrumbList","@id":"http:\/\/moratex.eu\/en\/oferta-dla-resortu-mswia\/#breadcrumb","itemListElement":[{"@type":"ListItem","position":1,"name":"Strona g\u0142\u00f3wna","item":"http:\/\/moratex.eu\/en\/"},{"@type":"ListItem","position":2,"name":"Oferta dla resortu MSWiA"}]},{"@type":"WebSite","@id":"http:\/\/moratex.eu\/#website","url":"http:\/\/moratex.eu\/","name":"Moratex","description":"MORATEX w \u0141odzi","potentialAction":[{"@type":"SearchAction","target":{"@type":"EntryPoint","urlTemplate":"http:\/\/moratex.eu\/?s={search_term_string}"},"query-input":{"@type":"PropertyValueSpecification","valueRequired":true,"valueName":"search_term_string"}}],"inLanguage":"en-US"}]}},"_links":{"self":[{"href":"http:\/\/moratex.eu\/en\/wp-json\/wp\/v2\/pages\/1149","targetHints":{"allow":["GET"]}}],"collection":[{"href":"http:\/\/moratex.eu\/en\/wp-json\/wp\/v2\/pages"}],"about":[{"href":"http:\/\/moratex.eu\/en\/wp-json\/wp\/v2\/types\/page"}],"author":[{"embeddable":true,"href":"http:\/\/moratex.eu\/en\/wp-json\/wp\/v2\/users\/1"}],"replies":[{"embeddable":true,"href":"http:\/\/moratex.eu\/en\/wp-json\/wp\/v2\/comments?post=1149"}],"version-history":[{"count":4,"href":"http:\/\/moratex.eu\/en\/wp-json\/wp\/v2\/pages\/1149\/revisions"}],"predecessor-version":[{"id":1153,"href":"http:\/\/moratex.eu\/en\/wp-json\/wp\/v2\/pages\/1149\/revisions\/1153"}],"wp:attachment":[{"href":"http:\/\/moratex.eu\/en\/wp-json\/wp\/v2\/media?parent=1149"}],"curies":[{"name":"wp","href":"https:\/\/api.w.org\/{rel}","templated":true}]}}