{"id":1500,"date":"2018-08-09T08:10:54","date_gmt":"2018-08-09T06:10:54","guid":{"rendered":"http:\/\/www1.moratex.eu\/?page_id=1500"},"modified":"2026-05-05T10:46:50","modified_gmt":"2026-05-05T08:46:50","slug":"zaklad-projektowy","status":"publish","type":"page","link":"http:\/\/moratex.eu\/en\/moratex\/zaklad-projektowy\/","title":{"rendered":"Zak\u0142ady Naukowe"},"content":{"rendered":"<p>W Instytucie Technologii Bezpiecze\u0144stwa dzia\u0142a Zak\u0142ad Projektowy, kt\u00f3ry zajmuje si\u0119 dzia\u0142alno\u015bci\u0105 projektow\u0105 i konfekcj\u0105 techniczn\u0105:<\/p>\n<p><img loading=\"lazy\" decoding=\"async\" class=\"attachment-large-fix alignnone wp-image-9940 size-full\" src=\"http:\/\/moratex.eu\/wp-content\/uploads\/2026\/05\/ZAKLAD-PROJEKTOWY-2025-FISZKA_page-0001-scaled.jpg\" alt=\"\" width=\"764\" height=\"1080\" srcset=\"http:\/\/moratex.eu\/wp-content\/uploads\/2026\/05\/ZAKLAD-PROJEKTOWY-2025-FISZKA_page-0001-scaled.jpg 764w, http:\/\/moratex.eu\/wp-content\/uploads\/2026\/05\/ZAKLAD-PROJEKTOWY-2025-FISZKA_page-0001-212x300.jpg 212w, http:\/\/moratex.eu\/wp-content\/uploads\/2026\/05\/ZAKLAD-PROJEKTOWY-2025-FISZKA_page-0001-724x1024.jpg 724w, http:\/\/moratex.eu\/wp-content\/uploads\/2026\/05\/ZAKLAD-PROJEKTOWY-2025-FISZKA_page-0001-768x1086.jpg 768w, http:\/\/moratex.eu\/wp-content\/uploads\/2026\/05\/ZAKLAD-PROJEKTOWY-2025-FISZKA_page-0001-1086x1536.jpg 1086w, http:\/\/moratex.eu\/wp-content\/uploads\/2026\/05\/ZAKLAD-PROJEKTOWY-2025-FISZKA_page-0001-1448x2048.jpg 1448w\" sizes=\"auto, (max-width: 764px) 100vw, 764px\" \/><\/p>\n<p>&nbsp;<\/p>\n<p>&nbsp;<\/p>\n<p>Kontakt:<\/p>\n<p><a href=\"mailto:projekty@moratex.eu\" target=\"_blank\" rel=\"noopener noreferrer\">agutowska@moratex.eu<\/a><\/p>\n<p><a href=\"mailto:mkudlinska@moratex.eu\">mkudlinska@moratex.eu<\/a><\/p>\n","protected":false},"excerpt":{"rendered":"<p>W Instytucie Technologii Bezpiecze\u0144stwa dzia\u0142a Zak\u0142ad Projektowy, kt\u00f3ry zajmuje si\u0119 dzia\u0142alno\u015bci\u0105 projektow\u0105 i konfekcj\u0105 techniczn\u0105: &nbsp; &nbsp; Kontakt: agutowska@moratex.eu mkudlinska@moratex.eu<\/p>\n","protected":false},"author":1,"featured_media":0,"parent":4,"menu_order":0,"comment_status":"closed","ping_status":"closed","template":"","meta":{"_acf_changed":false,"footnotes":""},"class_list":["post-1500","page","type-page","status-publish","hentry"],"acf":[],"yoast_head":"<!-- This site is optimized with the Yoast SEO plugin v26.6 - https:\/\/yoast.com\/wordpress\/plugins\/seo\/ -->\n<title>Zak\u0142ady Naukowe - Moratex &quot;MORATEX&quot;<\/title>\n<meta name=\"description\" content=\"Zak\u0142ady Naukowe - Instytut Technologii Bezpiecze\u0144stwa \u201eMORATEX\u201d w \u0141odzi - ul. Marii Sk\u0142odowskiej-Curie 3, \u0141\u00f3d\u017a, 90-505\" \/>\n<meta name=\"robots\" content=\"index, follow, max-snippet:-1, max-image-preview:large, max-video-preview:-1\" \/>\n<link rel=\"canonical\" href=\"http:\/\/moratex.eu\/moratex\/zaklad-projektowy\/\" \/>\n<meta property=\"og:locale\" content=\"en_US\" \/>\n<meta property=\"og:type\" content=\"article\" \/>\n<meta property=\"og:title\" content=\"Zak\u0142ady Naukowe - Moratex &quot;MORATEX&quot;\" \/>\n<meta property=\"og:description\" content=\"Zak\u0142ady Naukowe - Instytut Technologii Bezpiecze\u0144stwa \u201eMORATEX\u201d w \u0141odzi - ul. Marii Sk\u0142odowskiej-Curie 3, \u0141\u00f3d\u017a, 90-505\" \/>\n<meta property=\"og:url\" content=\"http:\/\/moratex.eu\/moratex\/zaklad-projektowy\/\" \/>\n<meta property=\"og:site_name\" content=\"Moratex\" \/>\n<meta property=\"article:modified_time\" content=\"2026-05-05T08:46:50+00:00\" \/>\n<meta property=\"og:image\" content=\"http:\/\/moratex.eu\/wp-content\/uploads\/2026\/05\/ZAKLAD-PROJEKTOWY-2025-FISZKA_page-0001-scaled.jpg\" \/>\n\t<meta property=\"og:image:width\" content=\"764\" \/>\n\t<meta property=\"og:image:height\" content=\"1080\" \/>\n\t<meta property=\"og:image:type\" content=\"image\/jpeg\" \/>\n<meta name=\"twitter:card\" content=\"summary_large_image\" \/>\n<meta name=\"twitter:label1\" content=\"Est. reading time\" \/>\n\t<meta name=\"twitter:data1\" content=\"1 minute\" \/>\n<script type=\"application\/ld+json\" class=\"yoast-schema-graph\">{\"@context\":\"https:\/\/schema.org\",\"@graph\":[{\"@type\":\"WebPage\",\"@id\":\"http:\/\/moratex.eu\/moratex\/zaklad-projektowy\/\",\"url\":\"http:\/\/moratex.eu\/moratex\/zaklad-projektowy\/\",\"name\":\"Zak\u0142ady Naukowe - Moratex \\\"MORATEX\\\"\",\"isPartOf\":{\"@id\":\"http:\/\/moratex.eu\/#website\"},\"primaryImageOfPage\":{\"@id\":\"http:\/\/moratex.eu\/moratex\/zaklad-projektowy\/#primaryimage\"},\"image\":{\"@id\":\"http:\/\/moratex.eu\/moratex\/zaklad-projektowy\/#primaryimage\"},\"thumbnailUrl\":\"http:\/\/moratex.eu\/wp-content\/uploads\/2026\/05\/ZAKLAD-PROJEKTOWY-2025-FISZKA_page-0001-scaled.jpg\",\"datePublished\":\"2018-08-09T06:10:54+00:00\",\"dateModified\":\"2026-05-05T08:46:50+00:00\",\"description\":\"Zak\u0142ady Naukowe - Instytut Technologii Bezpiecze\u0144stwa \u201eMORATEX\u201d w \u0141odzi - ul. Marii Sk\u0142odowskiej-Curie 3, \u0141\u00f3d\u017a, 90-505\",\"breadcrumb\":{\"@id\":\"http:\/\/moratex.eu\/moratex\/zaklad-projektowy\/#breadcrumb\"},\"inLanguage\":\"en-US\",\"potentialAction\":[{\"@type\":\"ReadAction\",\"target\":[\"http:\/\/moratex.eu\/moratex\/zaklad-projektowy\/\"]}]},{\"@type\":\"ImageObject\",\"inLanguage\":\"en-US\",\"@id\":\"http:\/\/moratex.eu\/moratex\/zaklad-projektowy\/#primaryimage\",\"url\":\"http:\/\/moratex.eu\/wp-content\/uploads\/2026\/05\/ZAKLAD-PROJEKTOWY-2025-FISZKA_page-0001-scaled.jpg\",\"contentUrl\":\"http:\/\/moratex.eu\/wp-content\/uploads\/2026\/05\/ZAKLAD-PROJEKTOWY-2025-FISZKA_page-0001-scaled.jpg\"},{\"@type\":\"BreadcrumbList\",\"@id\":\"http:\/\/moratex.eu\/moratex\/zaklad-projektowy\/#breadcrumb\",\"itemListElement\":[{\"@type\":\"ListItem\",\"position\":1,\"name\":\"Strona g\u0142\u00f3wna\",\"item\":\"http:\/\/moratex.eu\/en\/\"},{\"@type\":\"ListItem\",\"position\":2,\"name\":\"Strona g\u0142\u00f3wna\",\"item\":\"http:\/\/moratex.eu\/\"},{\"@type\":\"ListItem\",\"position\":3,\"name\":\"Zak\u0142ady Naukowe\"}]},{\"@type\":\"WebSite\",\"@id\":\"http:\/\/moratex.eu\/#website\",\"url\":\"http:\/\/moratex.eu\/\",\"name\":\"Moratex\",\"description\":\"MORATEX w \u0141odzi\",\"potentialAction\":[{\"@type\":\"SearchAction\",\"target\":{\"@type\":\"EntryPoint\",\"urlTemplate\":\"http:\/\/moratex.eu\/?s={search_term_string}\"},\"query-input\":{\"@type\":\"PropertyValueSpecification\",\"valueRequired\":true,\"valueName\":\"search_term_string\"}}],\"inLanguage\":\"en-US\"}]}<\/script>\n<!-- \/ Yoast SEO plugin. -->","yoast_head_json":{"title":"Zak\u0142ady Naukowe - Moratex \"MORATEX\"","description":"Zak\u0142ady Naukowe - Instytut Technologii Bezpiecze\u0144stwa \u201eMORATEX\u201d w \u0141odzi - ul. Marii Sk\u0142odowskiej-Curie 3, \u0141\u00f3d\u017a, 90-505","robots":{"index":"index","follow":"follow","max-snippet":"max-snippet:-1","max-image-preview":"max-image-preview:large","max-video-preview":"max-video-preview:-1"},"canonical":"http:\/\/moratex.eu\/moratex\/zaklad-projektowy\/","og_locale":"en_US","og_type":"article","og_title":"Zak\u0142ady Naukowe - Moratex \"MORATEX\"","og_description":"Zak\u0142ady Naukowe - Instytut Technologii Bezpiecze\u0144stwa \u201eMORATEX\u201d w \u0141odzi - ul. Marii Sk\u0142odowskiej-Curie 3, \u0141\u00f3d\u017a, 90-505","og_url":"http:\/\/moratex.eu\/moratex\/zaklad-projektowy\/","og_site_name":"Moratex","article_modified_time":"2026-05-05T08:46:50+00:00","og_image":[{"width":764,"height":1080,"url":"http:\/\/moratex.eu\/wp-content\/uploads\/2026\/05\/ZAKLAD-PROJEKTOWY-2025-FISZKA_page-0001-scaled.jpg","type":"image\/jpeg"}],"twitter_card":"summary_large_image","twitter_misc":{"Est. reading time":"1 minute"},"schema":{"@context":"https:\/\/schema.org","@graph":[{"@type":"WebPage","@id":"http:\/\/moratex.eu\/moratex\/zaklad-projektowy\/","url":"http:\/\/moratex.eu\/moratex\/zaklad-projektowy\/","name":"Zak\u0142ady Naukowe - Moratex \"MORATEX\"","isPartOf":{"@id":"http:\/\/moratex.eu\/#website"},"primaryImageOfPage":{"@id":"http:\/\/moratex.eu\/moratex\/zaklad-projektowy\/#primaryimage"},"image":{"@id":"http:\/\/moratex.eu\/moratex\/zaklad-projektowy\/#primaryimage"},"thumbnailUrl":"http:\/\/moratex.eu\/wp-content\/uploads\/2026\/05\/ZAKLAD-PROJEKTOWY-2025-FISZKA_page-0001-scaled.jpg","datePublished":"2018-08-09T06:10:54+00:00","dateModified":"2026-05-05T08:46:50+00:00","description":"Zak\u0142ady Naukowe - Instytut Technologii Bezpiecze\u0144stwa \u201eMORATEX\u201d w \u0141odzi - ul. Marii Sk\u0142odowskiej-Curie 3, \u0141\u00f3d\u017a, 90-505","breadcrumb":{"@id":"http:\/\/moratex.eu\/moratex\/zaklad-projektowy\/#breadcrumb"},"inLanguage":"en-US","potentialAction":[{"@type":"ReadAction","target":["http:\/\/moratex.eu\/moratex\/zaklad-projektowy\/"]}]},{"@type":"ImageObject","inLanguage":"en-US","@id":"http:\/\/moratex.eu\/moratex\/zaklad-projektowy\/#primaryimage","url":"http:\/\/moratex.eu\/wp-content\/uploads\/2026\/05\/ZAKLAD-PROJEKTOWY-2025-FISZKA_page-0001-scaled.jpg","contentUrl":"http:\/\/moratex.eu\/wp-content\/uploads\/2026\/05\/ZAKLAD-PROJEKTOWY-2025-FISZKA_page-0001-scaled.jpg"},{"@type":"BreadcrumbList","@id":"http:\/\/moratex.eu\/moratex\/zaklad-projektowy\/#breadcrumb","itemListElement":[{"@type":"ListItem","position":1,"name":"Strona g\u0142\u00f3wna","item":"http:\/\/moratex.eu\/en\/"},{"@type":"ListItem","position":2,"name":"Strona g\u0142\u00f3wna","item":"http:\/\/moratex.eu\/"},{"@type":"ListItem","position":3,"name":"Zak\u0142ady Naukowe"}]},{"@type":"WebSite","@id":"http:\/\/moratex.eu\/#website","url":"http:\/\/moratex.eu\/","name":"Moratex","description":"MORATEX w \u0141odzi","potentialAction":[{"@type":"SearchAction","target":{"@type":"EntryPoint","urlTemplate":"http:\/\/moratex.eu\/?s={search_term_string}"},"query-input":{"@type":"PropertyValueSpecification","valueRequired":true,"valueName":"search_term_string"}}],"inLanguage":"en-US"}]}},"_links":{"self":[{"href":"http:\/\/moratex.eu\/en\/wp-json\/wp\/v2\/pages\/1500","targetHints":{"allow":["GET"]}}],"collection":[{"href":"http:\/\/moratex.eu\/en\/wp-json\/wp\/v2\/pages"}],"about":[{"href":"http:\/\/moratex.eu\/en\/wp-json\/wp\/v2\/types\/page"}],"author":[{"embeddable":true,"href":"http:\/\/moratex.eu\/en\/wp-json\/wp\/v2\/users\/1"}],"replies":[{"embeddable":true,"href":"http:\/\/moratex.eu\/en\/wp-json\/wp\/v2\/comments?post=1500"}],"version-history":[{"count":18,"href":"http:\/\/moratex.eu\/en\/wp-json\/wp\/v2\/pages\/1500\/revisions"}],"predecessor-version":[{"id":9950,"href":"http:\/\/moratex.eu\/en\/wp-json\/wp\/v2\/pages\/1500\/revisions\/9950"}],"up":[{"embeddable":true,"href":"http:\/\/moratex.eu\/en\/wp-json\/wp\/v2\/pages\/4"}],"wp:attachment":[{"href":"http:\/\/moratex.eu\/en\/wp-json\/wp\/v2\/media?parent=1500"}],"curies":[{"name":"wp","href":"https:\/\/api.w.org\/{rel}","templated":true}]}}