{"id":3302,"date":"2018-07-19T14:42:15","date_gmt":"2018-07-19T12:42:15","guid":{"rendered":"http:\/\/moratex.eu\/?page_id=3302"},"modified":"2018-12-14T08:04:33","modified_gmt":"2018-12-14T07:04:33","slug":"for-business","status":"publish","type":"page","link":"http:\/\/moratex.eu\/en\/for-business\/","title":{"rendered":"For BUSINESS"},"content":{"rendered":"<p>Activity of the Institute of Security Technologies MORATEX brings variety of results, among them the designs of goods dedicated for commercialisation and commercial services are\u00a0 worth of emphasizing.<\/p>\n<p>It means MORATEX offers to the entrepreneurs:<\/p>\n<div class=\"section__list\">\n<ul>\n<li>licenses for the inventions, utility models and industrial designs,<\/li>\n<li>technologies and <span class=\"tlid-translation translation\"><span class=\"\" title=\"\">support at implementing them<\/span><\/span>,<\/li>\n<li>support at <span class=\"tlid-translation translation\"><span class=\"\" title=\"\">creating specifications and documentations<\/span><\/span>,<\/li>\n<li>services of the accredited laboratories, including verifying the parameters of materials and products and their compliance with Standards as well as with the expectations of both manufacturer and customer,<\/li>\n<li><span class=\"tlid-translation translation\"><span class=\"\" title=\"\">product certification according to the scope of accreditation<\/span><\/span>,<\/li>\n<li>supervisory services over deliveries of personal protective equipment to customers from outside the Ministry of Interior and Administration.<\/li>\n<\/ul>\n<\/div>\n","protected":false},"excerpt":{"rendered":"<p>Activity of the Institute of Security Technologies MORATEX brings variety of results, among them the designs of goods dedicated for commercialisation and [&hellip;]<\/p>\n","protected":false},"author":3,"featured_media":0,"parent":0,"menu_order":0,"comment_status":"closed","ping_status":"closed","template":"","meta":{"_acf_changed":false,"footnotes":""},"class_list":["post-3302","page","type-page","status-publish","hentry"],"acf":[],"yoast_head":"<!-- This site is optimized with the Yoast SEO plugin v26.6 - https:\/\/yoast.com\/wordpress\/plugins\/seo\/ -->\n<title>For BUSINESS - MORATEX Institute of Security Technologies<\/title>\n<meta name=\"description\" content=\"For BUSINESS - MORATEX Institute of Security Technologies - 3, Marii Sk\u0142odowskiej-Curie Str., 90-505 \u0141\u00f3d\u017a, POLAND\" \/>\n<meta name=\"robots\" content=\"index, follow, max-snippet:-1, max-image-preview:large, max-video-preview:-1\" \/>\n<link rel=\"canonical\" href=\"http:\/\/moratex.eu\/en\/for-business\/\" \/>\n<meta property=\"og:locale\" content=\"en_US\" \/>\n<meta property=\"og:type\" content=\"article\" \/>\n<meta property=\"og:title\" content=\"For BUSINESS - MORATEX Institute of Security Technologies\" \/>\n<meta property=\"og:description\" content=\"For BUSINESS - MORATEX Institute of Security Technologies - 3, Marii Sk\u0142odowskiej-Curie Str., 90-505 \u0141\u00f3d\u017a, POLAND\" \/>\n<meta property=\"og:url\" content=\"http:\/\/moratex.eu\/en\/for-business\/\" \/>\n<meta property=\"og:site_name\" content=\"Moratex\" \/>\n<meta property=\"article:modified_time\" content=\"2018-12-14T07:04:33+00:00\" \/>\n<meta name=\"twitter:card\" content=\"summary_large_image\" \/>\n<meta name=\"twitter:label1\" content=\"Est. reading time\" \/>\n\t<meta name=\"twitter:data1\" content=\"1 minute\" \/>\n<script type=\"application\/ld+json\" class=\"yoast-schema-graph\">{\"@context\":\"https:\/\/schema.org\",\"@graph\":[{\"@type\":\"WebPage\",\"@id\":\"http:\/\/moratex.eu\/en\/for-business\/\",\"url\":\"http:\/\/moratex.eu\/en\/for-business\/\",\"name\":\"For BUSINESS - MORATEX Institute of Security Technologies\",\"isPartOf\":{\"@id\":\"http:\/\/moratex.eu\/#website\"},\"datePublished\":\"2018-07-19T12:42:15+00:00\",\"dateModified\":\"2018-12-14T07:04:33+00:00\",\"description\":\"For BUSINESS - MORATEX Institute of Security Technologies - 3, Marii Sk\u0142odowskiej-Curie Str., 90-505 \u0141\u00f3d\u017a, POLAND\",\"breadcrumb\":{\"@id\":\"http:\/\/moratex.eu\/en\/for-business\/#breadcrumb\"},\"inLanguage\":\"en-US\",\"potentialAction\":[{\"@type\":\"ReadAction\",\"target\":[\"http:\/\/moratex.eu\/en\/for-business\/\"]}]},{\"@type\":\"BreadcrumbList\",\"@id\":\"http:\/\/moratex.eu\/en\/for-business\/#breadcrumb\",\"itemListElement\":[{\"@type\":\"ListItem\",\"position\":1,\"name\":\"Strona g\u0142\u00f3wna\",\"item\":\"http:\/\/moratex.eu\/en\/\"},{\"@type\":\"ListItem\",\"position\":2,\"name\":\"For BUSINESS\"}]},{\"@type\":\"WebSite\",\"@id\":\"http:\/\/moratex.eu\/#website\",\"url\":\"http:\/\/moratex.eu\/\",\"name\":\"Moratex\",\"description\":\"MORATEX w \u0141odzi\",\"potentialAction\":[{\"@type\":\"SearchAction\",\"target\":{\"@type\":\"EntryPoint\",\"urlTemplate\":\"http:\/\/moratex.eu\/?s={search_term_string}\"},\"query-input\":{\"@type\":\"PropertyValueSpecification\",\"valueRequired\":true,\"valueName\":\"search_term_string\"}}],\"inLanguage\":\"en-US\"}]}<\/script>\n<!-- \/ Yoast SEO plugin. -->","yoast_head_json":{"title":"For BUSINESS - MORATEX Institute of Security Technologies","description":"For BUSINESS - MORATEX Institute of Security Technologies - 3, Marii Sk\u0142odowskiej-Curie Str., 90-505 \u0141\u00f3d\u017a, POLAND","robots":{"index":"index","follow":"follow","max-snippet":"max-snippet:-1","max-image-preview":"max-image-preview:large","max-video-preview":"max-video-preview:-1"},"canonical":"http:\/\/moratex.eu\/en\/for-business\/","og_locale":"en_US","og_type":"article","og_title":"For BUSINESS - MORATEX Institute of Security Technologies","og_description":"For BUSINESS - MORATEX Institute of Security Technologies - 3, Marii Sk\u0142odowskiej-Curie Str., 90-505 \u0141\u00f3d\u017a, POLAND","og_url":"http:\/\/moratex.eu\/en\/for-business\/","og_site_name":"Moratex","article_modified_time":"2018-12-14T07:04:33+00:00","twitter_card":"summary_large_image","twitter_misc":{"Est. reading time":"1 minute"},"schema":{"@context":"https:\/\/schema.org","@graph":[{"@type":"WebPage","@id":"http:\/\/moratex.eu\/en\/for-business\/","url":"http:\/\/moratex.eu\/en\/for-business\/","name":"For BUSINESS - MORATEX Institute of Security Technologies","isPartOf":{"@id":"http:\/\/moratex.eu\/#website"},"datePublished":"2018-07-19T12:42:15+00:00","dateModified":"2018-12-14T07:04:33+00:00","description":"For BUSINESS - MORATEX Institute of Security Technologies - 3, Marii Sk\u0142odowskiej-Curie Str., 90-505 \u0141\u00f3d\u017a, POLAND","breadcrumb":{"@id":"http:\/\/moratex.eu\/en\/for-business\/#breadcrumb"},"inLanguage":"en-US","potentialAction":[{"@type":"ReadAction","target":["http:\/\/moratex.eu\/en\/for-business\/"]}]},{"@type":"BreadcrumbList","@id":"http:\/\/moratex.eu\/en\/for-business\/#breadcrumb","itemListElement":[{"@type":"ListItem","position":1,"name":"Strona g\u0142\u00f3wna","item":"http:\/\/moratex.eu\/en\/"},{"@type":"ListItem","position":2,"name":"For BUSINESS"}]},{"@type":"WebSite","@id":"http:\/\/moratex.eu\/#website","url":"http:\/\/moratex.eu\/","name":"Moratex","description":"MORATEX w \u0141odzi","potentialAction":[{"@type":"SearchAction","target":{"@type":"EntryPoint","urlTemplate":"http:\/\/moratex.eu\/?s={search_term_string}"},"query-input":{"@type":"PropertyValueSpecification","valueRequired":true,"valueName":"search_term_string"}}],"inLanguage":"en-US"}]}},"_links":{"self":[{"href":"http:\/\/moratex.eu\/en\/wp-json\/wp\/v2\/pages\/3302","targetHints":{"allow":["GET"]}}],"collection":[{"href":"http:\/\/moratex.eu\/en\/wp-json\/wp\/v2\/pages"}],"about":[{"href":"http:\/\/moratex.eu\/en\/wp-json\/wp\/v2\/types\/page"}],"author":[{"embeddable":true,"href":"http:\/\/moratex.eu\/en\/wp-json\/wp\/v2\/users\/3"}],"replies":[{"embeddable":true,"href":"http:\/\/moratex.eu\/en\/wp-json\/wp\/v2\/comments?post=3302"}],"version-history":[{"count":3,"href":"http:\/\/moratex.eu\/en\/wp-json\/wp\/v2\/pages\/3302\/revisions"}],"predecessor-version":[{"id":3333,"href":"http:\/\/moratex.eu\/en\/wp-json\/wp\/v2\/pages\/3302\/revisions\/3333"}],"wp:attachment":[{"href":"http:\/\/moratex.eu\/en\/wp-json\/wp\/v2\/media?parent=3302"}],"curies":[{"name":"wp","href":"https:\/\/api.w.org\/{rel}","templated":true}]}}