{"id":3334,"date":"2018-07-19T15:39:35","date_gmt":"2018-07-19T13:39:35","guid":{"rendered":"http:\/\/moratex.eu\/oferta-dla-nauki\/"},"modified":"2023-09-27T11:32:00","modified_gmt":"2023-09-27T09:32:00","slug":"for-science","status":"publish","type":"page","link":"http:\/\/moratex.eu\/en\/for-science\/","title":{"rendered":"For SCIENCE"},"content":{"rendered":"<p>In the world of Science, what is the most interesting and the most creative, usually happens at the line of junction of different fields of knowledge. This is the best and sufficient reason to cooperate with various scientific centers and organisations.<br \/>\nInstitute of Security Technologies MORATEX has been finding partners for interdisciplinary research and development works for years. <span class=\"tlid-translation translation\"><span class=\"\" title=\"\">Forms and scope of cooperation may vary depending on the current conditions and set goals.<\/span><\/span> Regardless of form, such cooperation is desirable, mostly effective and always edifying. Thanks to an open attitude, over the decades we have had the honor to work and share knowledge with many institutions, including:<\/p>\n<p>Lodz University of Technology (Poland), Military Institute of Armament Technology (Poland), Institute of Occupational Medicine (Poland), TNO Prins Maurits Laboratory (Holland), Institute of Non-Ferrous Metals (Poland), Home Office Scientific Development Branch (UK), Scientific and Research Centre for Fire Protection \u2013 National Research Institute (Poland), Central Institute for Labour Protestion &#8211; National Research Institute (Poland), Fire University (Poland), The Central School of the State Fire Service in Czestochowa (Poland),\u00a0 Police Training Center (Poland), Police Academy in Szczytno (Poland), Strzemi\u0144ski Academy of Art \u0141\u00f3d\u017a (Poland).<\/p>\n<p><span class=\"tlid-translation translation\"><span class=\"\" title=\"\">We appreciate it and invite more Partners to cooperate!<\/span><\/span><\/p>\n","protected":false},"excerpt":{"rendered":"<p>In the world of Science, what is the most interesting and the most creative, usually happens at the line of junction of [&hellip;]<\/p>\n","protected":false},"author":1,"featured_media":0,"parent":0,"menu_order":0,"comment_status":"closed","ping_status":"closed","template":"","meta":{"_acf_changed":false,"footnotes":""},"class_list":["post-3334","page","type-page","status-publish","hentry"],"acf":[],"yoast_head":"<!-- This site is optimized with the Yoast SEO plugin v26.6 - https:\/\/yoast.com\/wordpress\/plugins\/seo\/ -->\n<title>For SCIENCE - MORATEX Institute of Security Technologies<\/title>\n<meta name=\"description\" content=\"For SCIENCE - MORATEX Institute of Security Technologies - 3, Marii Sk\u0142odowskiej-Curie Str., 90-505 \u0141\u00f3d\u017a, POLAND\" \/>\n<meta name=\"robots\" content=\"index, follow, max-snippet:-1, max-image-preview:large, max-video-preview:-1\" \/>\n<link rel=\"canonical\" href=\"http:\/\/moratex.eu\/en\/for-science\/\" \/>\n<meta property=\"og:locale\" content=\"en_US\" \/>\n<meta property=\"og:type\" content=\"article\" \/>\n<meta property=\"og:title\" content=\"For SCIENCE - MORATEX Institute of Security Technologies\" \/>\n<meta property=\"og:description\" content=\"For SCIENCE - MORATEX Institute of Security Technologies - 3, Marii Sk\u0142odowskiej-Curie Str., 90-505 \u0141\u00f3d\u017a, POLAND\" \/>\n<meta property=\"og:url\" content=\"http:\/\/moratex.eu\/en\/for-science\/\" \/>\n<meta property=\"og:site_name\" content=\"Moratex\" \/>\n<meta property=\"article:modified_time\" content=\"2023-09-27T09:32:00+00:00\" \/>\n<meta name=\"twitter:card\" content=\"summary_large_image\" \/>\n<meta name=\"twitter:label1\" content=\"Est. reading time\" \/>\n\t<meta name=\"twitter:data1\" content=\"1 minute\" \/>\n<script type=\"application\/ld+json\" class=\"yoast-schema-graph\">{\"@context\":\"https:\/\/schema.org\",\"@graph\":[{\"@type\":\"WebPage\",\"@id\":\"http:\/\/moratex.eu\/en\/for-science\/\",\"url\":\"http:\/\/moratex.eu\/en\/for-science\/\",\"name\":\"For SCIENCE - MORATEX Institute of Security Technologies\",\"isPartOf\":{\"@id\":\"http:\/\/moratex.eu\/#website\"},\"datePublished\":\"2018-07-19T13:39:35+00:00\",\"dateModified\":\"2023-09-27T09:32:00+00:00\",\"description\":\"For SCIENCE - MORATEX Institute of Security Technologies - 3, Marii Sk\u0142odowskiej-Curie Str., 90-505 \u0141\u00f3d\u017a, POLAND\",\"breadcrumb\":{\"@id\":\"http:\/\/moratex.eu\/en\/for-science\/#breadcrumb\"},\"inLanguage\":\"en-US\",\"potentialAction\":[{\"@type\":\"ReadAction\",\"target\":[\"http:\/\/moratex.eu\/en\/for-science\/\"]}]},{\"@type\":\"BreadcrumbList\",\"@id\":\"http:\/\/moratex.eu\/en\/for-science\/#breadcrumb\",\"itemListElement\":[{\"@type\":\"ListItem\",\"position\":1,\"name\":\"Strona g\u0142\u00f3wna\",\"item\":\"http:\/\/moratex.eu\/en\/\"},{\"@type\":\"ListItem\",\"position\":2,\"name\":\"For SCIENCE\"}]},{\"@type\":\"WebSite\",\"@id\":\"http:\/\/moratex.eu\/#website\",\"url\":\"http:\/\/moratex.eu\/\",\"name\":\"Moratex\",\"description\":\"MORATEX w \u0141odzi\",\"potentialAction\":[{\"@type\":\"SearchAction\",\"target\":{\"@type\":\"EntryPoint\",\"urlTemplate\":\"http:\/\/moratex.eu\/?s={search_term_string}\"},\"query-input\":{\"@type\":\"PropertyValueSpecification\",\"valueRequired\":true,\"valueName\":\"search_term_string\"}}],\"inLanguage\":\"en-US\"}]}<\/script>\n<!-- \/ Yoast SEO plugin. -->","yoast_head_json":{"title":"For SCIENCE - MORATEX Institute of Security Technologies","description":"For SCIENCE - MORATEX Institute of Security Technologies - 3, Marii Sk\u0142odowskiej-Curie Str., 90-505 \u0141\u00f3d\u017a, POLAND","robots":{"index":"index","follow":"follow","max-snippet":"max-snippet:-1","max-image-preview":"max-image-preview:large","max-video-preview":"max-video-preview:-1"},"canonical":"http:\/\/moratex.eu\/en\/for-science\/","og_locale":"en_US","og_type":"article","og_title":"For SCIENCE - MORATEX Institute of Security Technologies","og_description":"For SCIENCE - MORATEX Institute of Security Technologies - 3, Marii Sk\u0142odowskiej-Curie Str., 90-505 \u0141\u00f3d\u017a, POLAND","og_url":"http:\/\/moratex.eu\/en\/for-science\/","og_site_name":"Moratex","article_modified_time":"2023-09-27T09:32:00+00:00","twitter_card":"summary_large_image","twitter_misc":{"Est. reading time":"1 minute"},"schema":{"@context":"https:\/\/schema.org","@graph":[{"@type":"WebPage","@id":"http:\/\/moratex.eu\/en\/for-science\/","url":"http:\/\/moratex.eu\/en\/for-science\/","name":"For SCIENCE - MORATEX Institute of Security Technologies","isPartOf":{"@id":"http:\/\/moratex.eu\/#website"},"datePublished":"2018-07-19T13:39:35+00:00","dateModified":"2023-09-27T09:32:00+00:00","description":"For SCIENCE - MORATEX Institute of Security Technologies - 3, Marii Sk\u0142odowskiej-Curie Str., 90-505 \u0141\u00f3d\u017a, POLAND","breadcrumb":{"@id":"http:\/\/moratex.eu\/en\/for-science\/#breadcrumb"},"inLanguage":"en-US","potentialAction":[{"@type":"ReadAction","target":["http:\/\/moratex.eu\/en\/for-science\/"]}]},{"@type":"BreadcrumbList","@id":"http:\/\/moratex.eu\/en\/for-science\/#breadcrumb","itemListElement":[{"@type":"ListItem","position":1,"name":"Strona g\u0142\u00f3wna","item":"http:\/\/moratex.eu\/en\/"},{"@type":"ListItem","position":2,"name":"For SCIENCE"}]},{"@type":"WebSite","@id":"http:\/\/moratex.eu\/#website","url":"http:\/\/moratex.eu\/","name":"Moratex","description":"MORATEX w \u0141odzi","potentialAction":[{"@type":"SearchAction","target":{"@type":"EntryPoint","urlTemplate":"http:\/\/moratex.eu\/?s={search_term_string}"},"query-input":{"@type":"PropertyValueSpecification","valueRequired":true,"valueName":"search_term_string"}}],"inLanguage":"en-US"}]}},"_links":{"self":[{"href":"http:\/\/moratex.eu\/en\/wp-json\/wp\/v2\/pages\/3334","targetHints":{"allow":["GET"]}}],"collection":[{"href":"http:\/\/moratex.eu\/en\/wp-json\/wp\/v2\/pages"}],"about":[{"href":"http:\/\/moratex.eu\/en\/wp-json\/wp\/v2\/types\/page"}],"author":[{"embeddable":true,"href":"http:\/\/moratex.eu\/en\/wp-json\/wp\/v2\/users\/1"}],"replies":[{"embeddable":true,"href":"http:\/\/moratex.eu\/en\/wp-json\/wp\/v2\/comments?post=3334"}],"version-history":[{"count":7,"href":"http:\/\/moratex.eu\/en\/wp-json\/wp\/v2\/pages\/3334\/revisions"}],"predecessor-version":[{"id":7285,"href":"http:\/\/moratex.eu\/en\/wp-json\/wp\/v2\/pages\/3334\/revisions\/7285"}],"wp:attachment":[{"href":"http:\/\/moratex.eu\/en\/wp-json\/wp\/v2\/media?parent=3334"}],"curies":[{"name":"wp","href":"https:\/\/api.w.org\/{rel}","templated":true}]}}