{"id":3394,"date":"2019-01-23T16:01:57","date_gmt":"2019-01-23T15:01:57","guid":{"rendered":"http:\/\/moratex.eu\/?page_id=3394"},"modified":"2019-01-23T16:01:57","modified_gmt":"2019-01-23T15:01:57","slug":"projekty-oib-obronnosc-i-bezpieczenstwo","status":"publish","type":"page","link":"http:\/\/moratex.eu\/en\/moratex\/zaklad-projektowy\/projekty-oib-obronnosc-i-bezpieczenstwo\/","title":{"rendered":"Projekty OiB (Obronno\u015b\u0107 i Bezpiecze\u0144stwo)"},"content":{"rendered":"<p>Obronno\u015b\u0107 i Bezpiecze\u0144stwo to bodaj najwa\u017cniejszy obszar dzia\u0142alno\u015bci naszego instytutu. Oto najnowsze projekty z tej dziedziny:<\/p>\n<p><strong>Projekt &#8220;<span class=\"fontstyle0\">Symulator wspomagaj\u0105cy szkolenie policjant\u00f3w w realizacji czynno\u015bci na miejscu zdarzenia drogowego&#8221;<\/span>, akronim SymZdaDrog.<\/strong><\/p>\n<p>Projekt realizowany w konsorcjum naukowym w sk\u0142adzie:<br \/>\n&#8211; Wy\u017csza Szko\u0142a Policji w Szczytnie (lider)<br \/>\n&#8211; Szko\u0142a G\u0142\u00f3wna S\u0142u\u017cby Po\u017carniczej<br \/>\n&#8211; Akademia Wojsk L\u0105dowych imienia genera\u0142a Tadeusza Ko\u015bciuszki<br \/>\n&#8211; Instytut Technologii Bezpiecze\u0144stwa \u201eMORATEX\u201d<br \/>\n&#8211; ETC-PZL Aerospace Industries Sp. z o.o.<br \/>\nCelem g\u0142\u00f3wnym projektu jest budowa symulatora umo\u017cliwiaj\u0105cego nabycie praktycznych umiej\u0119tno\u015bci prowadzenia czynno\u015bci na miejscu zdarzenia drogowego wraz z dokumentacj\u0105 techniczn\u0105 i u\u017cytkow\u0105.<br \/>\nLata realizacji projektu: 2018 &#8211; 2021<br \/>\nKierownik projektu: m\u0142. insp. dr hab. Mariusz Nepelski<\/p>\n<p>Projekt wsp\u00f3\u0142finansowany ze \u015brodk\u00f3w Narodowego Centrum Bada\u0144 i Rozwoju w ramach konkursu nr 9\/2018 na finansowanie bada\u0144 naukowych i prac rozwojowych na rzecz obronno\u015bci i bezpiecze\u0144stwa pa\u0144stwa.<\/p>\n<p>Nr Umowy o wykonanie i dofinansowanie: DOB-BIO9\/06\/01\/2018. Warto\u015b\u0107 <span class=\"fontstyle0\">Projektu 8 276 259,00 PLN; kwota dofinansowania 6 170 943,00 PLN<\/span><\/p>\n<p>&nbsp;<\/p>\n","protected":false},"excerpt":{"rendered":"<p>Obronno\u015b\u0107 i Bezpiecze\u0144stwo to bodaj najwa\u017cniejszy obszar dzia\u0142alno\u015bci naszego instytutu. Oto najnowsze projekty z tej dziedziny: Projekt &#8220;Symulator wspomagaj\u0105cy szkolenie policjant\u00f3w w [&hellip;]<\/p>\n","protected":false},"author":3,"featured_media":0,"parent":1500,"menu_order":0,"comment_status":"closed","ping_status":"closed","template":"","meta":{"_acf_changed":false,"footnotes":""},"class_list":["post-3394","page","type-page","status-publish","hentry"],"acf":[],"yoast_head":"<!-- This site is optimized with the Yoast SEO plugin v26.6 - https:\/\/yoast.com\/wordpress\/plugins\/seo\/ -->\n<title>Projekty OiB (Obronno\u015b\u0107 i Bezpiecze\u0144stwo) - Moratex &quot;MORATEX&quot;<\/title>\n<meta name=\"description\" content=\"Projekty OiB (Obronno\u015b\u0107 i Bezpiecze\u0144stwo) - Instytut Technologii Bezpiecze\u0144stwa \u201eMORATEX\u201d w \u0141odzi - ul. Marii Sk\u0142odowskiej-Curie 3, \u0141\u00f3d\u017a, 90-505\" \/>\n<meta name=\"robots\" content=\"index, follow, max-snippet:-1, max-image-preview:large, max-video-preview:-1\" \/>\n<link rel=\"canonical\" href=\"http:\/\/moratex.eu\/moratex\/zaklad-projektowy\/projekty-oib-obronnosc-i-bezpieczenstwo\/\" \/>\n<meta property=\"og:locale\" content=\"en_US\" \/>\n<meta property=\"og:type\" content=\"article\" \/>\n<meta property=\"og:title\" content=\"Projekty OiB (Obronno\u015b\u0107 i Bezpiecze\u0144stwo) - Moratex &quot;MORATEX&quot;\" \/>\n<meta property=\"og:description\" content=\"Projekty OiB (Obronno\u015b\u0107 i Bezpiecze\u0144stwo) - Instytut Technologii Bezpiecze\u0144stwa \u201eMORATEX\u201d w \u0141odzi - ul. Marii Sk\u0142odowskiej-Curie 3, \u0141\u00f3d\u017a, 90-505\" \/>\n<meta property=\"og:url\" content=\"http:\/\/moratex.eu\/moratex\/zaklad-projektowy\/projekty-oib-obronnosc-i-bezpieczenstwo\/\" \/>\n<meta property=\"og:site_name\" content=\"Moratex\" \/>\n<meta name=\"twitter:card\" content=\"summary_large_image\" \/>\n<meta name=\"twitter:label1\" content=\"Est. reading time\" \/>\n\t<meta name=\"twitter:data1\" content=\"1 minute\" \/>\n<script type=\"application\/ld+json\" class=\"yoast-schema-graph\">{\"@context\":\"https:\/\/schema.org\",\"@graph\":[{\"@type\":\"WebPage\",\"@id\":\"http:\/\/moratex.eu\/moratex\/zaklad-projektowy\/projekty-oib-obronnosc-i-bezpieczenstwo\/\",\"url\":\"http:\/\/moratex.eu\/moratex\/zaklad-projektowy\/projekty-oib-obronnosc-i-bezpieczenstwo\/\",\"name\":\"Projekty OiB (Obronno\u015b\u0107 i Bezpiecze\u0144stwo) - Moratex \\\"MORATEX\\\"\",\"isPartOf\":{\"@id\":\"http:\/\/moratex.eu\/#website\"},\"datePublished\":\"2019-01-23T15:01:57+00:00\",\"description\":\"Projekty OiB (Obronno\u015b\u0107 i Bezpiecze\u0144stwo) - Instytut Technologii Bezpiecze\u0144stwa \u201eMORATEX\u201d w \u0141odzi - ul. Marii Sk\u0142odowskiej-Curie 3, \u0141\u00f3d\u017a, 90-505\",\"breadcrumb\":{\"@id\":\"http:\/\/moratex.eu\/moratex\/zaklad-projektowy\/projekty-oib-obronnosc-i-bezpieczenstwo\/#breadcrumb\"},\"inLanguage\":\"en-US\",\"potentialAction\":[{\"@type\":\"ReadAction\",\"target\":[\"http:\/\/moratex.eu\/moratex\/zaklad-projektowy\/projekty-oib-obronnosc-i-bezpieczenstwo\/\"]}]},{\"@type\":\"BreadcrumbList\",\"@id\":\"http:\/\/moratex.eu\/moratex\/zaklad-projektowy\/projekty-oib-obronnosc-i-bezpieczenstwo\/#breadcrumb\",\"itemListElement\":[{\"@type\":\"ListItem\",\"position\":1,\"name\":\"Strona g\u0142\u00f3wna\",\"item\":\"http:\/\/moratex.eu\/en\/\"},{\"@type\":\"ListItem\",\"position\":2,\"name\":\"Strona g\u0142\u00f3wna\",\"item\":\"http:\/\/moratex.eu\/\"},{\"@type\":\"ListItem\",\"position\":3,\"name\":\"Zak\u0142ady Naukowe\",\"item\":\"http:\/\/moratex.eu\/moratex\/zaklad-projektowy\/\"},{\"@type\":\"ListItem\",\"position\":4,\"name\":\"Projekty OiB (Obronno\u015b\u0107 i Bezpiecze\u0144stwo)\"}]},{\"@type\":\"WebSite\",\"@id\":\"http:\/\/moratex.eu\/#website\",\"url\":\"http:\/\/moratex.eu\/\",\"name\":\"Moratex\",\"description\":\"MORATEX w \u0141odzi\",\"potentialAction\":[{\"@type\":\"SearchAction\",\"target\":{\"@type\":\"EntryPoint\",\"urlTemplate\":\"http:\/\/moratex.eu\/?s={search_term_string}\"},\"query-input\":{\"@type\":\"PropertyValueSpecification\",\"valueRequired\":true,\"valueName\":\"search_term_string\"}}],\"inLanguage\":\"en-US\"}]}<\/script>\n<!-- \/ Yoast SEO plugin. -->","yoast_head_json":{"title":"Projekty OiB (Obronno\u015b\u0107 i Bezpiecze\u0144stwo) - Moratex \"MORATEX\"","description":"Projekty OiB (Obronno\u015b\u0107 i Bezpiecze\u0144stwo) - Instytut Technologii Bezpiecze\u0144stwa \u201eMORATEX\u201d w \u0141odzi - ul. Marii Sk\u0142odowskiej-Curie 3, \u0141\u00f3d\u017a, 90-505","robots":{"index":"index","follow":"follow","max-snippet":"max-snippet:-1","max-image-preview":"max-image-preview:large","max-video-preview":"max-video-preview:-1"},"canonical":"http:\/\/moratex.eu\/moratex\/zaklad-projektowy\/projekty-oib-obronnosc-i-bezpieczenstwo\/","og_locale":"en_US","og_type":"article","og_title":"Projekty OiB (Obronno\u015b\u0107 i Bezpiecze\u0144stwo) - Moratex \"MORATEX\"","og_description":"Projekty OiB (Obronno\u015b\u0107 i Bezpiecze\u0144stwo) - Instytut Technologii Bezpiecze\u0144stwa \u201eMORATEX\u201d w \u0141odzi - ul. Marii Sk\u0142odowskiej-Curie 3, \u0141\u00f3d\u017a, 90-505","og_url":"http:\/\/moratex.eu\/moratex\/zaklad-projektowy\/projekty-oib-obronnosc-i-bezpieczenstwo\/","og_site_name":"Moratex","twitter_card":"summary_large_image","twitter_misc":{"Est. reading time":"1 minute"},"schema":{"@context":"https:\/\/schema.org","@graph":[{"@type":"WebPage","@id":"http:\/\/moratex.eu\/moratex\/zaklad-projektowy\/projekty-oib-obronnosc-i-bezpieczenstwo\/","url":"http:\/\/moratex.eu\/moratex\/zaklad-projektowy\/projekty-oib-obronnosc-i-bezpieczenstwo\/","name":"Projekty OiB (Obronno\u015b\u0107 i Bezpiecze\u0144stwo) - Moratex \"MORATEX\"","isPartOf":{"@id":"http:\/\/moratex.eu\/#website"},"datePublished":"2019-01-23T15:01:57+00:00","description":"Projekty OiB (Obronno\u015b\u0107 i Bezpiecze\u0144stwo) - Instytut Technologii Bezpiecze\u0144stwa \u201eMORATEX\u201d w \u0141odzi - ul. Marii Sk\u0142odowskiej-Curie 3, \u0141\u00f3d\u017a, 90-505","breadcrumb":{"@id":"http:\/\/moratex.eu\/moratex\/zaklad-projektowy\/projekty-oib-obronnosc-i-bezpieczenstwo\/#breadcrumb"},"inLanguage":"en-US","potentialAction":[{"@type":"ReadAction","target":["http:\/\/moratex.eu\/moratex\/zaklad-projektowy\/projekty-oib-obronnosc-i-bezpieczenstwo\/"]}]},{"@type":"BreadcrumbList","@id":"http:\/\/moratex.eu\/moratex\/zaklad-projektowy\/projekty-oib-obronnosc-i-bezpieczenstwo\/#breadcrumb","itemListElement":[{"@type":"ListItem","position":1,"name":"Strona g\u0142\u00f3wna","item":"http:\/\/moratex.eu\/en\/"},{"@type":"ListItem","position":2,"name":"Strona g\u0142\u00f3wna","item":"http:\/\/moratex.eu\/"},{"@type":"ListItem","position":3,"name":"Zak\u0142ady Naukowe","item":"http:\/\/moratex.eu\/moratex\/zaklad-projektowy\/"},{"@type":"ListItem","position":4,"name":"Projekty OiB (Obronno\u015b\u0107 i Bezpiecze\u0144stwo)"}]},{"@type":"WebSite","@id":"http:\/\/moratex.eu\/#website","url":"http:\/\/moratex.eu\/","name":"Moratex","description":"MORATEX w \u0141odzi","potentialAction":[{"@type":"SearchAction","target":{"@type":"EntryPoint","urlTemplate":"http:\/\/moratex.eu\/?s={search_term_string}"},"query-input":{"@type":"PropertyValueSpecification","valueRequired":true,"valueName":"search_term_string"}}],"inLanguage":"en-US"}]}},"_links":{"self":[{"href":"http:\/\/moratex.eu\/en\/wp-json\/wp\/v2\/pages\/3394","targetHints":{"allow":["GET"]}}],"collection":[{"href":"http:\/\/moratex.eu\/en\/wp-json\/wp\/v2\/pages"}],"about":[{"href":"http:\/\/moratex.eu\/en\/wp-json\/wp\/v2\/types\/page"}],"author":[{"embeddable":true,"href":"http:\/\/moratex.eu\/en\/wp-json\/wp\/v2\/users\/3"}],"replies":[{"embeddable":true,"href":"http:\/\/moratex.eu\/en\/wp-json\/wp\/v2\/comments?post=3394"}],"version-history":[{"count":8,"href":"http:\/\/moratex.eu\/en\/wp-json\/wp\/v2\/pages\/3394\/revisions"}],"predecessor-version":[{"id":5475,"href":"http:\/\/moratex.eu\/en\/wp-json\/wp\/v2\/pages\/3394\/revisions\/5475"}],"up":[{"embeddable":true,"href":"http:\/\/moratex.eu\/en\/wp-json\/wp\/v2\/pages\/1500"}],"wp:attachment":[{"href":"http:\/\/moratex.eu\/en\/wp-json\/wp\/v2\/media?parent=3394"}],"curies":[{"name":"wp","href":"https:\/\/api.w.org\/{rel}","templated":true}]}}