{"id":3532,"date":"2019-04-02T09:17:36","date_gmt":"2019-04-02T07:17:36","guid":{"rendered":"http:\/\/moratex.eu\/?page_id=3532"},"modified":"2026-02-02T12:46:02","modified_gmt":"2026-02-02T11:46:02","slug":"zmiany_normatywow_i_przepisow","status":"publish","type":"page","link":"http:\/\/moratex.eu\/en\/zmiany_normatywow_i_przepisow\/","title":{"rendered":"Zmiany normatyw\u00f3w i przepis\u00f3w prawnych"},"content":{"rendered":"<p><strong>Niniejszym informujemy, \u017ce ni\u017cej wymienione dokumenty odniesienia stosowane w ocenie zgodno\u015bci wyrob\u00f3w zosta\u0142y zaktualizowane.<\/strong><\/p>\n<p><span class=\"search-result-value\">PN-EN <span class=\"highlighted-search-term\">ISO 20420<\/span>:2020-09<\/span> R\u0119kawice <span class=\"search-result-value\">ochronne. Wymagania og\u00f3lne i metody bada\u0144.<br \/>\n<\/span><\/p>\n<p>wprowadzono zmian\u0119 A1<\/p>\n<p><span class=\"search-result-value\">PN-EN <span class=\"highlighted-search-term\">ISO 20420<\/span>:2020-09<\/span>\/A1:2025-01 R\u0119kawice <span class=\"search-result-value\">ochronne. Wymagania og\u00f3lne i metody bada\u0144.<\/span><\/p>\n<p><span class=\"search-result-value\">PN-EN 14325:2018-07 Odzie\u017c chroniaca przed substancjami chemicznymi. Metody badania i klasyfikacja materia\u0142\u00f3w, szw\u00f3w, po\u0142\u0105cze\u0144 trwa\u0142ych i rozdzielnych zastosowanych w odzie\u017cy chroni\u0105cej przed substancjami chemicznymi.<\/span><\/p>\n<p><span class=\"search-result-value\">zosta\u0142a zast\u0105piona norm\u0105<br \/>\n<\/span><\/p>\n<p><span class=\"search-result-value\">PN-EN 14325+A1:2024-10 Odzie\u017c chroniaca przed substancjami chemicznymi. Metody badania i klasyfikacja materia\u0142\u00f3w, szw\u00f3w, po\u0142\u0105cze\u0144 trwa\u0142ych i rozdzielnych zastosowanych w odzie\u017cy chroni\u0105cej przed substancjami chemicznymi.<\/span><\/p>\n<p><strong>Data dodania 06.06.2025 r.<\/strong><\/p>\n","protected":false},"excerpt":{"rendered":"<p>Niniejszym informujemy, \u017ce ni\u017cej wymienione dokumenty odniesienia stosowane w ocenie zgodno\u015bci wyrob\u00f3w zosta\u0142y zaktualizowane. PN-EN ISO 20420:2020-09 R\u0119kawice ochronne. Wymagania og\u00f3lne i [&hellip;]<\/p>\n","protected":false},"author":2,"featured_media":0,"parent":0,"menu_order":0,"comment_status":"closed","ping_status":"closed","template":"page-certificates.php","meta":{"_acf_changed":false,"footnotes":""},"class_list":["post-3532","page","type-page","status-publish","hentry"],"acf":[],"yoast_head":"<!-- This site is optimized with the Yoast SEO plugin v26.6 - https:\/\/yoast.com\/wordpress\/plugins\/seo\/ -->\n<title>Zmiany normatyw\u00f3w i przepis\u00f3w prawnych - Moratex &quot;MORATEX&quot;<\/title>\n<meta name=\"description\" content=\"Zmiany normatyw\u00f3w i przepis\u00f3w prawnych - Instytut Technologii Bezpiecze\u0144stwa \u201eMORATEX\u201d w \u0141odzi - ul. Marii Sk\u0142odowskiej-Curie 3, \u0141\u00f3d\u017a, 90-505\" \/>\n<meta name=\"robots\" content=\"index, follow, max-snippet:-1, max-image-preview:large, max-video-preview:-1\" \/>\n<link rel=\"canonical\" href=\"http:\/\/moratex.eu\/zmiany_normatywow_i_przepisow\/\" \/>\n<meta property=\"og:locale\" content=\"en_US\" \/>\n<meta property=\"og:type\" content=\"article\" \/>\n<meta property=\"og:title\" content=\"Zmiany normatyw\u00f3w i przepis\u00f3w prawnych - Moratex &quot;MORATEX&quot;\" \/>\n<meta property=\"og:description\" content=\"Zmiany normatyw\u00f3w i przepis\u00f3w prawnych - Instytut Technologii Bezpiecze\u0144stwa \u201eMORATEX\u201d w \u0141odzi - ul. Marii Sk\u0142odowskiej-Curie 3, \u0141\u00f3d\u017a, 90-505\" \/>\n<meta property=\"og:url\" content=\"http:\/\/moratex.eu\/zmiany_normatywow_i_przepisow\/\" \/>\n<meta property=\"og:site_name\" content=\"Moratex\" \/>\n<meta property=\"article:modified_time\" content=\"2026-02-02T11:46:02+00:00\" \/>\n<meta name=\"twitter:card\" content=\"summary_large_image\" \/>\n<meta name=\"twitter:label1\" content=\"Est. reading time\" \/>\n\t<meta name=\"twitter:data1\" content=\"1 minute\" \/>\n<script type=\"application\/ld+json\" class=\"yoast-schema-graph\">{\"@context\":\"https:\/\/schema.org\",\"@graph\":[{\"@type\":\"WebPage\",\"@id\":\"http:\/\/moratex.eu\/zmiany_normatywow_i_przepisow\/\",\"url\":\"http:\/\/moratex.eu\/zmiany_normatywow_i_przepisow\/\",\"name\":\"Zmiany normatyw\u00f3w i przepis\u00f3w prawnych - Moratex \\\"MORATEX\\\"\",\"isPartOf\":{\"@id\":\"http:\/\/moratex.eu\/#website\"},\"datePublished\":\"2019-04-02T07:17:36+00:00\",\"dateModified\":\"2026-02-02T11:46:02+00:00\",\"description\":\"Zmiany normatyw\u00f3w i przepis\u00f3w prawnych - Instytut Technologii Bezpiecze\u0144stwa \u201eMORATEX\u201d w \u0141odzi - ul. Marii Sk\u0142odowskiej-Curie 3, \u0141\u00f3d\u017a, 90-505\",\"breadcrumb\":{\"@id\":\"http:\/\/moratex.eu\/zmiany_normatywow_i_przepisow\/#breadcrumb\"},\"inLanguage\":\"en-US\",\"potentialAction\":[{\"@type\":\"ReadAction\",\"target\":[\"http:\/\/moratex.eu\/zmiany_normatywow_i_przepisow\/\"]}]},{\"@type\":\"BreadcrumbList\",\"@id\":\"http:\/\/moratex.eu\/zmiany_normatywow_i_przepisow\/#breadcrumb\",\"itemListElement\":[{\"@type\":\"ListItem\",\"position\":1,\"name\":\"Strona g\u0142\u00f3wna\",\"item\":\"http:\/\/moratex.eu\/en\/\"},{\"@type\":\"ListItem\",\"position\":2,\"name\":\"Zmiany normatyw\u00f3w i przepis\u00f3w prawnych\"}]},{\"@type\":\"WebSite\",\"@id\":\"http:\/\/moratex.eu\/#website\",\"url\":\"http:\/\/moratex.eu\/\",\"name\":\"Moratex\",\"description\":\"MORATEX w \u0141odzi\",\"potentialAction\":[{\"@type\":\"SearchAction\",\"target\":{\"@type\":\"EntryPoint\",\"urlTemplate\":\"http:\/\/moratex.eu\/?s={search_term_string}\"},\"query-input\":{\"@type\":\"PropertyValueSpecification\",\"valueRequired\":true,\"valueName\":\"search_term_string\"}}],\"inLanguage\":\"en-US\"}]}<\/script>\n<!-- \/ Yoast SEO plugin. -->","yoast_head_json":{"title":"Zmiany normatyw\u00f3w i przepis\u00f3w prawnych - Moratex \"MORATEX\"","description":"Zmiany normatyw\u00f3w i przepis\u00f3w prawnych - Instytut Technologii Bezpiecze\u0144stwa \u201eMORATEX\u201d w \u0141odzi - ul. Marii Sk\u0142odowskiej-Curie 3, \u0141\u00f3d\u017a, 90-505","robots":{"index":"index","follow":"follow","max-snippet":"max-snippet:-1","max-image-preview":"max-image-preview:large","max-video-preview":"max-video-preview:-1"},"canonical":"http:\/\/moratex.eu\/zmiany_normatywow_i_przepisow\/","og_locale":"en_US","og_type":"article","og_title":"Zmiany normatyw\u00f3w i przepis\u00f3w prawnych - Moratex \"MORATEX\"","og_description":"Zmiany normatyw\u00f3w i przepis\u00f3w prawnych - Instytut Technologii Bezpiecze\u0144stwa \u201eMORATEX\u201d w \u0141odzi - ul. Marii Sk\u0142odowskiej-Curie 3, \u0141\u00f3d\u017a, 90-505","og_url":"http:\/\/moratex.eu\/zmiany_normatywow_i_przepisow\/","og_site_name":"Moratex","article_modified_time":"2026-02-02T11:46:02+00:00","twitter_card":"summary_large_image","twitter_misc":{"Est. reading time":"1 minute"},"schema":{"@context":"https:\/\/schema.org","@graph":[{"@type":"WebPage","@id":"http:\/\/moratex.eu\/zmiany_normatywow_i_przepisow\/","url":"http:\/\/moratex.eu\/zmiany_normatywow_i_przepisow\/","name":"Zmiany normatyw\u00f3w i przepis\u00f3w prawnych - Moratex \"MORATEX\"","isPartOf":{"@id":"http:\/\/moratex.eu\/#website"},"datePublished":"2019-04-02T07:17:36+00:00","dateModified":"2026-02-02T11:46:02+00:00","description":"Zmiany normatyw\u00f3w i przepis\u00f3w prawnych - Instytut Technologii Bezpiecze\u0144stwa \u201eMORATEX\u201d w \u0141odzi - ul. Marii Sk\u0142odowskiej-Curie 3, \u0141\u00f3d\u017a, 90-505","breadcrumb":{"@id":"http:\/\/moratex.eu\/zmiany_normatywow_i_przepisow\/#breadcrumb"},"inLanguage":"en-US","potentialAction":[{"@type":"ReadAction","target":["http:\/\/moratex.eu\/zmiany_normatywow_i_przepisow\/"]}]},{"@type":"BreadcrumbList","@id":"http:\/\/moratex.eu\/zmiany_normatywow_i_przepisow\/#breadcrumb","itemListElement":[{"@type":"ListItem","position":1,"name":"Strona g\u0142\u00f3wna","item":"http:\/\/moratex.eu\/en\/"},{"@type":"ListItem","position":2,"name":"Zmiany normatyw\u00f3w i przepis\u00f3w prawnych"}]},{"@type":"WebSite","@id":"http:\/\/moratex.eu\/#website","url":"http:\/\/moratex.eu\/","name":"Moratex","description":"MORATEX w \u0141odzi","potentialAction":[{"@type":"SearchAction","target":{"@type":"EntryPoint","urlTemplate":"http:\/\/moratex.eu\/?s={search_term_string}"},"query-input":{"@type":"PropertyValueSpecification","valueRequired":true,"valueName":"search_term_string"}}],"inLanguage":"en-US"}]}},"_links":{"self":[{"href":"http:\/\/moratex.eu\/en\/wp-json\/wp\/v2\/pages\/3532","targetHints":{"allow":["GET"]}}],"collection":[{"href":"http:\/\/moratex.eu\/en\/wp-json\/wp\/v2\/pages"}],"about":[{"href":"http:\/\/moratex.eu\/en\/wp-json\/wp\/v2\/types\/page"}],"author":[{"embeddable":true,"href":"http:\/\/moratex.eu\/en\/wp-json\/wp\/v2\/users\/2"}],"replies":[{"embeddable":true,"href":"http:\/\/moratex.eu\/en\/wp-json\/wp\/v2\/comments?post=3532"}],"version-history":[{"count":18,"href":"http:\/\/moratex.eu\/en\/wp-json\/wp\/v2\/pages\/3532\/revisions"}],"predecessor-version":[{"id":9629,"href":"http:\/\/moratex.eu\/en\/wp-json\/wp\/v2\/pages\/3532\/revisions\/9629"}],"wp:attachment":[{"href":"http:\/\/moratex.eu\/en\/wp-json\/wp\/v2\/media?parent=3532"}],"curies":[{"name":"wp","href":"https:\/\/api.w.org\/{rel}","templated":true}]}}