{"id":50,"date":"2018-07-06T12:46:48","date_gmt":"2018-07-06T10:46:48","guid":{"rendered":"http:\/\/127.0.0.1:3020\/?page_id=50"},"modified":"2026-02-02T12:40:01","modified_gmt":"2026-02-02T11:40:01","slug":"certyfikacja","status":"publish","type":"page","link":"http:\/\/moratex.eu\/en\/certyfikacja\/","title":{"rendered":"Zak\u0142ad Certyfikacji Wyrob\u00f3w"},"content":{"rendered":"<p>Zak\u0142ad Certyfikacji Wyrob\u00f3w ITB &#8220;MORATEX&#8221; funkcjonuje od 2000 roku i prowadzi dzia\u0142alno\u015b\u0107 certyfikacyjn\u0105 w zakresie odzie\u017cy roboczej, ochronnej, sprz\u0119tu ochronnego, wyrob\u00f3w technicznych oraz wyrob\u00f3w tekstylnych powszechnego u\u017cytku.<\/p>\n<p>Zak\u0142ad wdro\u017cy\u0142 i utrzymuje system jako\u015bci zgodny z wymaganiami normy PN-EN ISO\/IEC 17065 \u201eOcena zgodno\u015bci. Wymagania dla jednostek certyfikuj\u0105cych wyroby, procesy i us\u0142ugi\u201d, co gwarantuje profesjonalizm w prowadzeniu proces\u00f3w certyfikacji.<\/p>\n<p>Zak\u0142ad posiada akredytacj\u0119 Polskiego Centrum Akredytacji Nr AC 097 w zakresie certyfikacji zgodno\u015bci z wymaganiami Polskich, Europejskich i mi\u0119dzynarodowych norm oraz akredytacj\u0119 (OiB) Ministra Obrony Narodowej Nr 33\/MON\/2024 w zakresie oceny zgodno\u015bci wyrob\u00f3w przeznaczonych na potrzeby obronno\u015bci i bezpiecze\u0144stwa pa\u0144stwa. Akredytacja Ministerstwa Obrony Narodowej jest kontynuacj\u0105 akredytacji Ministra Spraw Wewn\u0119trznych udzielonej w 2008 roku.<\/p>\n<p>ITB &#8220;MORATEX&#8221; jest r\u00f3wnie\u017c jednostk\u0105 notyfikowan\u0105 Nr 1475 w zakresie Rozporz\u0105dzenia Parlamentu Europejskiego i Rady (UE) 2016\/425 z dnia 9 marca 2016 r. w sprawie \u015brodk\u00f3w ochrony indywidualnej oraz uchylenia dyrektywy Rady 89\/686\/EWG. Zak\u0142ad wdro\u017cy\u0142 i utrzymuje system jako\u015bci zgodny z wymaganiami normy PN-EN ISO\/IEC 17065 \u201eOcena zgodno\u015bci. Wymagania dla jednostek certyfikuj\u0105cych wyroby, procesy i us\u0142ugi\u201d, co gwarantuje profesjonalizm w prowadzeniu proces\u00f3w certyfikacji.<\/p>\n<div class=\"grid grid__25 grid__center row40\"><\/div>\n","protected":false},"excerpt":{"rendered":"<p>Zak\u0142ad Certyfikacji Wyrob\u00f3w ITB &#8220;MORATEX&#8221; funkcjonuje od 2000 roku i prowadzi dzia\u0142alno\u015b\u0107 certyfikacyjn\u0105 w zakresie odzie\u017cy roboczej, ochronnej, sprz\u0119tu ochronnego, wyrob\u00f3w technicznych [&hellip;]<\/p>\n","protected":false},"author":1,"featured_media":0,"parent":0,"menu_order":0,"comment_status":"closed","ping_status":"closed","template":"page-certificates.php","meta":{"_acf_changed":false,"footnotes":""},"class_list":["post-50","page","type-page","status-publish","hentry"],"acf":[],"yoast_head":"<!-- This site is optimized with the Yoast SEO plugin v26.6 - https:\/\/yoast.com\/wordpress\/plugins\/seo\/ -->\n<title>Zak\u0142ad Certyfikacji Wyrob\u00f3w - Certyfikaty ITB &quot;MORATEX&quot; w \u0141odzi<\/title>\n<meta name=\"description\" content=\"Zak\u0142ad Certyfikacji Wyrob\u00f3w - Instytut Technologii Bezpiecze\u0144stwa \u201eMORATEX\u201d w \u0141odzi - ul. Marii Sk\u0142odowskiej-Curie 3, \u0141\u00f3d\u017a, 90-505\" \/>\n<meta name=\"robots\" content=\"index, follow, max-snippet:-1, max-image-preview:large, max-video-preview:-1\" \/>\n<link rel=\"canonical\" href=\"http:\/\/moratex.eu\/certyfikacja\/\" \/>\n<meta property=\"og:locale\" content=\"en_US\" \/>\n<meta property=\"og:type\" content=\"article\" \/>\n<meta property=\"og:title\" content=\"Zak\u0142ad Certyfikacji Wyrob\u00f3w - Certyfikaty ITB &quot;MORATEX&quot; w \u0141odzi\" \/>\n<meta property=\"og:description\" content=\"Zak\u0142ad Certyfikacji Wyrob\u00f3w - Instytut Technologii Bezpiecze\u0144stwa \u201eMORATEX\u201d w \u0141odzi - ul. Marii Sk\u0142odowskiej-Curie 3, \u0141\u00f3d\u017a, 90-505\" \/>\n<meta property=\"og:url\" content=\"http:\/\/moratex.eu\/certyfikacja\/\" \/>\n<meta property=\"og:site_name\" content=\"Moratex\" \/>\n<meta property=\"article:modified_time\" content=\"2026-02-02T11:40:01+00:00\" \/>\n<meta name=\"twitter:card\" content=\"summary_large_image\" \/>\n<meta name=\"twitter:label1\" content=\"Est. reading time\" \/>\n\t<meta name=\"twitter:data1\" content=\"2 minutes\" \/>\n<script type=\"application\/ld+json\" class=\"yoast-schema-graph\">{\"@context\":\"https:\/\/schema.org\",\"@graph\":[{\"@type\":\"WebPage\",\"@id\":\"http:\/\/moratex.eu\/certyfikacja\/\",\"url\":\"http:\/\/moratex.eu\/certyfikacja\/\",\"name\":\"Zak\u0142ad Certyfikacji Wyrob\u00f3w - Certyfikaty ITB \\\"MORATEX\\\" w \u0141odzi\",\"isPartOf\":{\"@id\":\"http:\/\/moratex.eu\/#website\"},\"datePublished\":\"2018-07-06T10:46:48+00:00\",\"dateModified\":\"2026-02-02T11:40:01+00:00\",\"description\":\"Zak\u0142ad Certyfikacji Wyrob\u00f3w - Instytut Technologii Bezpiecze\u0144stwa \u201eMORATEX\u201d w \u0141odzi - ul. Marii Sk\u0142odowskiej-Curie 3, \u0141\u00f3d\u017a, 90-505\",\"breadcrumb\":{\"@id\":\"http:\/\/moratex.eu\/certyfikacja\/#breadcrumb\"},\"inLanguage\":\"en-US\",\"potentialAction\":[{\"@type\":\"ReadAction\",\"target\":[\"http:\/\/moratex.eu\/certyfikacja\/\"]}]},{\"@type\":\"BreadcrumbList\",\"@id\":\"http:\/\/moratex.eu\/certyfikacja\/#breadcrumb\",\"itemListElement\":[{\"@type\":\"ListItem\",\"position\":1,\"name\":\"Strona g\u0142\u00f3wna\",\"item\":\"http:\/\/moratex.eu\/en\/\"},{\"@type\":\"ListItem\",\"position\":2,\"name\":\"Zak\u0142ad Certyfikacji Wyrob\u00f3w\"}]},{\"@type\":\"WebSite\",\"@id\":\"http:\/\/moratex.eu\/#website\",\"url\":\"http:\/\/moratex.eu\/\",\"name\":\"Moratex\",\"description\":\"MORATEX w \u0141odzi\",\"potentialAction\":[{\"@type\":\"SearchAction\",\"target\":{\"@type\":\"EntryPoint\",\"urlTemplate\":\"http:\/\/moratex.eu\/?s={search_term_string}\"},\"query-input\":{\"@type\":\"PropertyValueSpecification\",\"valueRequired\":true,\"valueName\":\"search_term_string\"}}],\"inLanguage\":\"en-US\"}]}<\/script>\n<!-- \/ Yoast SEO plugin. -->","yoast_head_json":{"title":"Zak\u0142ad Certyfikacji Wyrob\u00f3w - Certyfikaty ITB \"MORATEX\" w \u0141odzi","description":"Zak\u0142ad Certyfikacji Wyrob\u00f3w - Instytut Technologii Bezpiecze\u0144stwa \u201eMORATEX\u201d w \u0141odzi - ul. Marii Sk\u0142odowskiej-Curie 3, \u0141\u00f3d\u017a, 90-505","robots":{"index":"index","follow":"follow","max-snippet":"max-snippet:-1","max-image-preview":"max-image-preview:large","max-video-preview":"max-video-preview:-1"},"canonical":"http:\/\/moratex.eu\/certyfikacja\/","og_locale":"en_US","og_type":"article","og_title":"Zak\u0142ad Certyfikacji Wyrob\u00f3w - Certyfikaty ITB \"MORATEX\" w \u0141odzi","og_description":"Zak\u0142ad Certyfikacji Wyrob\u00f3w - Instytut Technologii Bezpiecze\u0144stwa \u201eMORATEX\u201d w \u0141odzi - ul. Marii Sk\u0142odowskiej-Curie 3, \u0141\u00f3d\u017a, 90-505","og_url":"http:\/\/moratex.eu\/certyfikacja\/","og_site_name":"Moratex","article_modified_time":"2026-02-02T11:40:01+00:00","twitter_card":"summary_large_image","twitter_misc":{"Est. reading time":"2 minutes"},"schema":{"@context":"https:\/\/schema.org","@graph":[{"@type":"WebPage","@id":"http:\/\/moratex.eu\/certyfikacja\/","url":"http:\/\/moratex.eu\/certyfikacja\/","name":"Zak\u0142ad Certyfikacji Wyrob\u00f3w - Certyfikaty ITB \"MORATEX\" w \u0141odzi","isPartOf":{"@id":"http:\/\/moratex.eu\/#website"},"datePublished":"2018-07-06T10:46:48+00:00","dateModified":"2026-02-02T11:40:01+00:00","description":"Zak\u0142ad Certyfikacji Wyrob\u00f3w - Instytut Technologii Bezpiecze\u0144stwa \u201eMORATEX\u201d w \u0141odzi - ul. Marii Sk\u0142odowskiej-Curie 3, \u0141\u00f3d\u017a, 90-505","breadcrumb":{"@id":"http:\/\/moratex.eu\/certyfikacja\/#breadcrumb"},"inLanguage":"en-US","potentialAction":[{"@type":"ReadAction","target":["http:\/\/moratex.eu\/certyfikacja\/"]}]},{"@type":"BreadcrumbList","@id":"http:\/\/moratex.eu\/certyfikacja\/#breadcrumb","itemListElement":[{"@type":"ListItem","position":1,"name":"Strona g\u0142\u00f3wna","item":"http:\/\/moratex.eu\/en\/"},{"@type":"ListItem","position":2,"name":"Zak\u0142ad Certyfikacji Wyrob\u00f3w"}]},{"@type":"WebSite","@id":"http:\/\/moratex.eu\/#website","url":"http:\/\/moratex.eu\/","name":"Moratex","description":"MORATEX w \u0141odzi","potentialAction":[{"@type":"SearchAction","target":{"@type":"EntryPoint","urlTemplate":"http:\/\/moratex.eu\/?s={search_term_string}"},"query-input":{"@type":"PropertyValueSpecification","valueRequired":true,"valueName":"search_term_string"}}],"inLanguage":"en-US"}]}},"_links":{"self":[{"href":"http:\/\/moratex.eu\/en\/wp-json\/wp\/v2\/pages\/50","targetHints":{"allow":["GET"]}}],"collection":[{"href":"http:\/\/moratex.eu\/en\/wp-json\/wp\/v2\/pages"}],"about":[{"href":"http:\/\/moratex.eu\/en\/wp-json\/wp\/v2\/types\/page"}],"author":[{"embeddable":true,"href":"http:\/\/moratex.eu\/en\/wp-json\/wp\/v2\/users\/1"}],"replies":[{"embeddable":true,"href":"http:\/\/moratex.eu\/en\/wp-json\/wp\/v2\/comments?post=50"}],"version-history":[{"count":40,"href":"http:\/\/moratex.eu\/en\/wp-json\/wp\/v2\/pages\/50\/revisions"}],"predecessor-version":[{"id":9625,"href":"http:\/\/moratex.eu\/en\/wp-json\/wp\/v2\/pages\/50\/revisions\/9625"}],"wp:attachment":[{"href":"http:\/\/moratex.eu\/en\/wp-json\/wp\/v2\/media?parent=50"}],"curies":[{"name":"wp","href":"https:\/\/api.w.org\/{rel}","templated":true}]}}