{"id":521,"date":"2018-07-09T19:42:04","date_gmt":"2018-07-09T17:42:04","guid":{"rendered":"http:\/\/moratex.cf\/?page_id=521"},"modified":"2020-06-15T17:53:02","modified_gmt":"2020-06-15T15:53:02","slug":"upowszechnianie-nauki","status":"publish","type":"page","link":"http:\/\/moratex.eu\/en\/upowszechnianie-nauki\/","title":{"rendered":"Upowszechnianie nauki"},"content":{"rendered":"<p>Dzia\u0142alno\u015b\u0107 Instytutu Technologii Bezpiecze\u0144stwa &#8220;MORATEX&#8221; w zakresie upowszechniania nauki jest zwi\u0105zana z:<\/p>\n<div class=\"section__list\">\n<ul>\n<li>promowaniem innowacyjnych przedsi\u0119wzi\u0119\u0107 wykorzystuj\u0105cych wyniki bada\u0144 naukowych lub prac rozwojowych w obszarze bezpiecze\u0144stwa;<\/li>\n<li>upowszechnianiem, promowaniem i popularyzowaniem osi\u0105gni\u0119\u0107 naukowych lub naukowo-technicznych Instytutu;<\/li>\n<li>tworzeniem, przetwarzaniem, udost\u0119pnianiem i upowszechnianiem informacji naukowych i naukowo-technicznych;<\/li>\n<li>sporz\u0105dzaniem ekspertyz, opinii i ocen naukowych;<\/li>\n<li>podejmowaniem dzia\u0142a\u0144 szczeg\u00f3lnie wa\u017cnych dla rozwoju nauki w obszarze bezpiecze\u0144stwa pa\u0144stwa.<\/li>\n<\/ul>\n<\/div>\n<p>Dorobek Instytutu to wdro\u017cenie do praktyki gospodarczej ponad 300 rozwi\u0105za\u0144 technologicznych. Instytut za swoje osi\u0105gni\u0119cia wielokrotnie by\u0142a uhonorowana dyplomami, pucharami, statuetkami i listami pochwalnymi. Wyniki prac badawczo-rozwojowych Instytutu s\u0105 prezentowane na wystawach, pokazach i sympozjach naukowych krajowych i zagranicznych.<\/p>\n<p>Za wdro\u017cenia wynik\u00f3w prac badawczo-rozwojowych do praktyki gospodarczej Instytut rok rocznie otrzymuje wiele nagr\u00f3d na presti\u017cowych mi\u0119dzynarodowych wystawach.<\/p>\n","protected":false},"excerpt":{"rendered":"<p>Dzia\u0142alno\u015b\u0107 Instytutu Technologii Bezpiecze\u0144stwa &#8220;MORATEX&#8221; w zakresie upowszechniania nauki jest zwi\u0105zana z: promowaniem innowacyjnych przedsi\u0119wzi\u0119\u0107 wykorzystuj\u0105cych wyniki bada\u0144 naukowych lub prac rozwojowych [&hellip;]<\/p>\n","protected":false},"author":1,"featured_media":0,"parent":0,"menu_order":0,"comment_status":"closed","ping_status":"closed","template":"page-badawcza.php","meta":{"_acf_changed":false,"footnotes":""},"class_list":["post-521","page","type-page","status-publish","hentry"],"acf":[],"yoast_head":"<!-- This site is optimized with the Yoast SEO plugin v26.6 - https:\/\/yoast.com\/wordpress\/plugins\/seo\/ -->\n<title>Upowszechnianie nauki - Moratex &quot;MORATEX&quot;<\/title>\n<meta name=\"description\" content=\"Upowszechnianie nauki - Instytut Technologii Bezpiecze\u0144stwa \u201eMORATEX\u201d w \u0141odzi - ul. Marii Sk\u0142odowskiej-Curie 3, \u0141\u00f3d\u017a, 90-505\" \/>\n<meta name=\"robots\" content=\"index, follow, max-snippet:-1, max-image-preview:large, max-video-preview:-1\" \/>\n<link rel=\"canonical\" href=\"http:\/\/moratex.eu\/upowszechnianie-nauki\/\" \/>\n<meta property=\"og:locale\" content=\"en_US\" \/>\n<meta property=\"og:type\" content=\"article\" \/>\n<meta property=\"og:title\" content=\"Upowszechnianie nauki - Moratex &quot;MORATEX&quot;\" \/>\n<meta property=\"og:description\" content=\"Upowszechnianie nauki - Instytut Technologii Bezpiecze\u0144stwa \u201eMORATEX\u201d w \u0141odzi - ul. Marii Sk\u0142odowskiej-Curie 3, \u0141\u00f3d\u017a, 90-505\" \/>\n<meta property=\"og:url\" content=\"http:\/\/moratex.eu\/upowszechnianie-nauki\/\" \/>\n<meta property=\"og:site_name\" content=\"Moratex\" \/>\n<meta property=\"article:modified_time\" content=\"2020-06-15T15:53:02+00:00\" \/>\n<meta name=\"twitter:card\" content=\"summary_large_image\" \/>\n<meta name=\"twitter:label1\" content=\"Est. reading time\" \/>\n\t<meta name=\"twitter:data1\" content=\"1 minute\" \/>\n<script type=\"application\/ld+json\" class=\"yoast-schema-graph\">{\"@context\":\"https:\/\/schema.org\",\"@graph\":[{\"@type\":\"WebPage\",\"@id\":\"http:\/\/moratex.eu\/upowszechnianie-nauki\/\",\"url\":\"http:\/\/moratex.eu\/upowszechnianie-nauki\/\",\"name\":\"Upowszechnianie nauki - Moratex \\\"MORATEX\\\"\",\"isPartOf\":{\"@id\":\"http:\/\/moratex.eu\/#website\"},\"datePublished\":\"2018-07-09T17:42:04+00:00\",\"dateModified\":\"2020-06-15T15:53:02+00:00\",\"description\":\"Upowszechnianie nauki - Instytut Technologii Bezpiecze\u0144stwa \u201eMORATEX\u201d w \u0141odzi - ul. Marii Sk\u0142odowskiej-Curie 3, \u0141\u00f3d\u017a, 90-505\",\"breadcrumb\":{\"@id\":\"http:\/\/moratex.eu\/upowszechnianie-nauki\/#breadcrumb\"},\"inLanguage\":\"en-US\",\"potentialAction\":[{\"@type\":\"ReadAction\",\"target\":[\"http:\/\/moratex.eu\/upowszechnianie-nauki\/\"]}]},{\"@type\":\"BreadcrumbList\",\"@id\":\"http:\/\/moratex.eu\/upowszechnianie-nauki\/#breadcrumb\",\"itemListElement\":[{\"@type\":\"ListItem\",\"position\":1,\"name\":\"Strona g\u0142\u00f3wna\",\"item\":\"http:\/\/moratex.eu\/en\/\"},{\"@type\":\"ListItem\",\"position\":2,\"name\":\"Upowszechnianie nauki\"}]},{\"@type\":\"WebSite\",\"@id\":\"http:\/\/moratex.eu\/#website\",\"url\":\"http:\/\/moratex.eu\/\",\"name\":\"Moratex\",\"description\":\"MORATEX w \u0141odzi\",\"potentialAction\":[{\"@type\":\"SearchAction\",\"target\":{\"@type\":\"EntryPoint\",\"urlTemplate\":\"http:\/\/moratex.eu\/?s={search_term_string}\"},\"query-input\":{\"@type\":\"PropertyValueSpecification\",\"valueRequired\":true,\"valueName\":\"search_term_string\"}}],\"inLanguage\":\"en-US\"}]}<\/script>\n<!-- \/ Yoast SEO plugin. -->","yoast_head_json":{"title":"Upowszechnianie nauki - Moratex \"MORATEX\"","description":"Upowszechnianie nauki - Instytut Technologii Bezpiecze\u0144stwa \u201eMORATEX\u201d w \u0141odzi - ul. Marii Sk\u0142odowskiej-Curie 3, \u0141\u00f3d\u017a, 90-505","robots":{"index":"index","follow":"follow","max-snippet":"max-snippet:-1","max-image-preview":"max-image-preview:large","max-video-preview":"max-video-preview:-1"},"canonical":"http:\/\/moratex.eu\/upowszechnianie-nauki\/","og_locale":"en_US","og_type":"article","og_title":"Upowszechnianie nauki - Moratex \"MORATEX\"","og_description":"Upowszechnianie nauki - Instytut Technologii Bezpiecze\u0144stwa \u201eMORATEX\u201d w \u0141odzi - ul. Marii Sk\u0142odowskiej-Curie 3, \u0141\u00f3d\u017a, 90-505","og_url":"http:\/\/moratex.eu\/upowszechnianie-nauki\/","og_site_name":"Moratex","article_modified_time":"2020-06-15T15:53:02+00:00","twitter_card":"summary_large_image","twitter_misc":{"Est. reading time":"1 minute"},"schema":{"@context":"https:\/\/schema.org","@graph":[{"@type":"WebPage","@id":"http:\/\/moratex.eu\/upowszechnianie-nauki\/","url":"http:\/\/moratex.eu\/upowszechnianie-nauki\/","name":"Upowszechnianie nauki - Moratex \"MORATEX\"","isPartOf":{"@id":"http:\/\/moratex.eu\/#website"},"datePublished":"2018-07-09T17:42:04+00:00","dateModified":"2020-06-15T15:53:02+00:00","description":"Upowszechnianie nauki - Instytut Technologii Bezpiecze\u0144stwa \u201eMORATEX\u201d w \u0141odzi - ul. Marii Sk\u0142odowskiej-Curie 3, \u0141\u00f3d\u017a, 90-505","breadcrumb":{"@id":"http:\/\/moratex.eu\/upowszechnianie-nauki\/#breadcrumb"},"inLanguage":"en-US","potentialAction":[{"@type":"ReadAction","target":["http:\/\/moratex.eu\/upowszechnianie-nauki\/"]}]},{"@type":"BreadcrumbList","@id":"http:\/\/moratex.eu\/upowszechnianie-nauki\/#breadcrumb","itemListElement":[{"@type":"ListItem","position":1,"name":"Strona g\u0142\u00f3wna","item":"http:\/\/moratex.eu\/en\/"},{"@type":"ListItem","position":2,"name":"Upowszechnianie nauki"}]},{"@type":"WebSite","@id":"http:\/\/moratex.eu\/#website","url":"http:\/\/moratex.eu\/","name":"Moratex","description":"MORATEX w \u0141odzi","potentialAction":[{"@type":"SearchAction","target":{"@type":"EntryPoint","urlTemplate":"http:\/\/moratex.eu\/?s={search_term_string}"},"query-input":{"@type":"PropertyValueSpecification","valueRequired":true,"valueName":"search_term_string"}}],"inLanguage":"en-US"}]}},"_links":{"self":[{"href":"http:\/\/moratex.eu\/en\/wp-json\/wp\/v2\/pages\/521","targetHints":{"allow":["GET"]}}],"collection":[{"href":"http:\/\/moratex.eu\/en\/wp-json\/wp\/v2\/pages"}],"about":[{"href":"http:\/\/moratex.eu\/en\/wp-json\/wp\/v2\/types\/page"}],"author":[{"embeddable":true,"href":"http:\/\/moratex.eu\/en\/wp-json\/wp\/v2\/users\/1"}],"replies":[{"embeddable":true,"href":"http:\/\/moratex.eu\/en\/wp-json\/wp\/v2\/comments?post=521"}],"version-history":[{"count":3,"href":"http:\/\/moratex.eu\/en\/wp-json\/wp\/v2\/pages\/521\/revisions"}],"predecessor-version":[{"id":5236,"href":"http:\/\/moratex.eu\/en\/wp-json\/wp\/v2\/pages\/521\/revisions\/5236"}],"wp:attachment":[{"href":"http:\/\/moratex.eu\/en\/wp-json\/wp\/v2\/media?parent=521"}],"curies":[{"name":"wp","href":"https:\/\/api.w.org\/{rel}","templated":true}]}}