{"id":524,"date":"2018-07-09T19:42:34","date_gmt":"2018-07-09T17:42:34","guid":{"rendered":"http:\/\/moratex.cf\/?page_id=524"},"modified":"2020-06-15T17:52:07","modified_gmt":"2020-06-15T15:52:07","slug":"prace-badawczo-rozwojowe","status":"publish","type":"page","link":"http:\/\/moratex.eu\/en\/prace-badawczo-rozwojowe\/","title":{"rendered":"Prace badawczo-rozwojowe"},"content":{"rendered":"<p>Portfel projektowy Instytutu zamyka si\u0119 w 5 blokach programowych, kt\u00f3rych podzia\u0142 wynika ze \u017ar\u00f3de\u0142 finasowania bada\u0144 naukowych i prac rozwojowych:<\/p>\n<ul>\n<li>zadania badawcze realizowane w ramach dzia\u0142alno\u015bci statutowej finansowanej w ramach subwencji przez Ministerstwo Nauki i Szkolnictwa Wy\u017cszego oraz Funduszu Bada\u0144 W\u0142asnych i opiniowane przez S\u0142u\u017cby podleg\u0142e lub nadzorowane przez MSWiA;<\/li>\n<li>bezpo\u015brednie zlecenia zewn\u0119trznych Gestor\u00f3w (prace badawcze, rozwojowe oraz wdro\u017ceniowe zamawiane przez S\u0142u\u017cby nadzorowane przez MSWiA oraz przedsi\u0119biorc\u00f3w);<\/li>\n<li>projekty badawcze oraz rozwojowe finansowane przez Narodowe Centrum Nauki (badania podstawowe) oraz Narodowe Centrum Bada\u0144\u00a0i\u00a0Rozwoju (w ramach Programu Bada\u0144 na Rzecz Obronno\u015bci i Bezpiecze\u0144stwa Pa\u0144stwa oraz innych program\u00f3w badawczych realizowanych na rzecz przedsi\u0119biorstw);<\/li>\n<li>projekty badawcze (badania stosowane oraz badania przemys\u0142owe) i\u00a0rozwojowe o charakterze <em>dual use technology<\/em>, wsp\u00f3\u0142finansowane przez Europejski Fundusz Rozwoju Regionalnego (EFRR);<\/li>\n<li>projekty realizowanych w ramach Program\u00f3w Badawczych UE (Horyzont 2020, EDA, ESA).<\/li>\n<\/ul>\n<p>Powy\u017csze bloki programowe s\u0105 zgrupowane w 4 programach badawczych, kt\u00f3rych kolejno\u015b\u0107 jest \u015bci\u015ble powi\u0105zania z poziomem gotowo\u015bci technologicznej (TRL) powstaj\u0105cych rozwi\u0105za\u0144:<\/p>\n<ul>\n<li>program bada\u0144 naukowych skupiaj\u0105cy badania podstawowe, jak r\u00f3wnie\u017c prace badawcze o charakterze stosowanym (badania przemys\u0142owe oraz badania stosowane);<\/li>\n<li>program prac rozwojowych umo\u017cliwiaj\u0105cych weryfikacj\u0119 mo\u017cliwych aplikacji opracowanych za\u0142o\u017ce\u0144 technologicznych lub produktowych w celowych zastosowaniach;<\/li>\n<li>program prac wdro\u017ceniowych skupiaj\u0105cych og\u00f3\u0142 dzia\u0142a\u0144 celowych oraz, z g\u00f3ry zdefiniowanych, co do warunk\u00f3w, otoczenia oraz wymaga\u0144, zmierzaj\u0105cych do wdro\u017cenia opracowanych rozwi\u0105za\u0144 technologicznych lub\/i produktowych;<\/li>\n<li>program bada\u0144 mi\u0119dzynarodowych, w sk\u0142ad kt\u00f3rego wchodz\u0105 badania naukowe i prace rozwojowe realizowane w ramach konsorcj\u00f3w naukowych, w tym skupiaj\u0105cych przedsi\u0119biorc\u00f3w lub\/i bezpo\u015brednich u\u017cytkownik\u00f3w.<\/li>\n<\/ul>\n<p>Za\u0142o\u017ceniem strategicznym Instytutu jest ci\u0105g\u0142a rozbudowa posiadanych zasob\u00f3w, w tym unikatowej infrastruktury badawczej, wspomagaj\u0105cej, w spos\u00f3b niekonwencjonalny, projektowanie oraz obiektywn\u0105 weryfikacj\u0119 bezpiecze\u0144stwa oraz funkcjonalno\u015bci zaawansowanych technologicznie materia\u0142\u00f3w i wyrob\u00f3w w\u0142\u00f3kienniczych.<\/p>\n<p>Zgodnie z przyj\u0119tymi za\u0142o\u017ceniami strategicznymi, nowe zasoby s\u0105 wykorzystane do kreowania nowych kompetencji i kwalifikacji kapita\u0142u ludzkiego, w tym tak\u017ce poprzez\u00a0 realizacj\u0119 projekt\u00f3w badawczych i rozwojowych o wybitnie prze\u0142omowym charakterze, kt\u00f3rych celem b\u0119dzie:<\/p>\n<ul>\n<li>uzyskanie nowych kompetencji badawczych w zakresie projektowania, technikami symulacyjnymi, oraz oceny nowych rozwi\u0105za\u0144 konstrukcyjnych w zakresie w\u0142\u00f3kienniczych wyrob\u00f3w specjalnych, nowoczesnych w\u0142\u00f3kienniczych kompozyt\u00f3w balistycznych oraz konstrukcyjnych, co wp\u0142ynie na podniesienie jako\u015bci bada\u0144 oraz wygenerowanie nowych zasob\u00f3w wiedzy, o charakterze prze\u0142omowym, w zakresie obj\u0119tym przysz\u0142ymi projektami badawczymi;<\/li>\n<li>wdro\u017cenie obszar\u00f3w projektowych zwi\u0105zanych z: 1) ekodesign\u2019em oraz redesign\u2019em, zw\u0142aszcza powi\u0105zanych z recyklingiem materia\u0142\u00f3w i wyrob\u00f3w w\u0142\u00f3kienniczych; 2) integracj\u0105 system\u00f3w tekstronicznych w struktury kompozyt\u00f3w w\u0142\u00f3knistych;<\/li>\n<\/ul>\n<ul>\n<li>projektowanie niekonwencjonalnych rozwi\u0105za\u0144 konstrukcyjnych i materia\u0142owych stanowi\u0105cych znacz\u0105ce ulepszenie i innowacje dla obszaru w\u0142\u00f3kienniczych wyrob\u00f3w specjalnych, kompozyt\u00f3w balistycznych oraz kompozyt\u00f3w konstrukcyjnych, tak\u017ce opartych o nanotechnologie i zaawansowane technologie materia\u0142owe;<\/li>\n<li>zwi\u0119kszenie zakresu i zasi\u0119gu wsp\u00f3\u0142pracy regionalnej, mi\u0119dzyregionalnej oraz mi\u0119dzynarodowej, przy wykorzystaniu powsta\u0142ej infrastruktury badawczej \u00a0\u00a0\u00a0\u00a0\u00a0\u00a0\u00a0oraz wypracowanych kompetencji, pomi\u0119dzy instytucjami w ramach Centr\u00f3w (naukowych i naukowo-przemys\u0142owych) oraz poza nimi;<\/li>\n<li>zdynamizowanie wykorzystania, w uj\u0119ciu naukowym i utylitarnym, na rzecz d\u0142ugookresowego wzrostu i zr\u00f3wnowa\u017conego oraz stabilnego rozwoju, uzyskanych efekt\u00f3w prac badawczych, wymiernych i niewymiernych produkt\u00f3w oraz rezultat\u00f3w projektu.<\/li>\n<\/ul>\n<p>Aspekty utylitarne realizowanych projekt\u00f3w b\u0119d\u0105 weryfikowane, m.in. na poziomie Mi\u0119dzyregionalnych Centr\u00f3w Naukowo-Przemys\u0142owych, a aspekty naukowe i dydaktyczno-edukacyjne (dla obszar\u00f3w nanotechnologii, nanomateria\u0142\u00f3w oraz hybrydowych struktur w\u0142\u00f3knistych) na poziomie Centr\u00f3w naukowych, kt\u00f3rych Instytut jest cz\u0142onkiem.<\/p>\n<p>Nale\u017cy podkre\u015bli\u0107, \u017ce stosowanie wyrob\u00f3w w szeroko rozumianym obszarze bezpiecze\u0144stwa oraz posiadaj\u0105cych status <em>dual-use technologies<\/em> wi\u0105\u017ce si\u0119 z ponadnormatywnymi wymaganiami, powi\u0105zanymi, w spos\u00f3b bezpo\u015bredni, z obiektywnym udokumentowaniem z\u0142o\u017conych cech funkcjonalnych oraz bezpiecze\u0144stwa u\u017cytkowania.<\/p>\n<p>Instytut realizuje prace badawczo-rozwojowe g\u0142\u00f3wnie ze \u015brodk\u00f3w finansowych ustalanych w\u00a0bud\u017cecie pa\u0144stwa na nauk\u0119, Europejskich Funduszy Strukturalnych, Programu Ramowego oraz zlece\u0144 przedsi\u0119biorc\u00f3w oraz S\u0142u\u017cb nadzorowanych lub podleg\u0142ych przez MSWiA, a ich zakres <strong>w ostatnich latach <\/strong>przedstawia\u0142 si\u0119 nast\u0119puj\u0105co:<\/p>\n<ul>\n<li><strong>ponad 100 zada\u0144 badawczych<\/strong>\u00a0<strong>w ramach dzia\u0142alno\u015bci statutowej<\/strong> Instytutu Technologii Bezpiecze\u0144stwa \u201eMORATEX\u201d, finansowanej przez Ministerstwo Nauki i Szkolnictwa Wy\u017cszego,<\/li>\n<li><strong>14 projekt\u00f3w badawczych, w tym 1 z Programu Operacyjnego Innowacyjna Gospodarka 2007 \u2013 2013, 3 w ramach Programu Interreg,<\/strong> finansowanych z\u00a0funduszy Ministerstwa Nauki i Szkolnictwa Wy\u017cszego, Narodowego Centrum Nauki oraz Europejskiego Funduszu Rozwoju Regionalnego,<\/li>\n<li><strong>27 projekt\u00f3w rozwojowych, w tym 3 z Programu Operacyjnego Innowacyjna Gospodarka 2007 \u2013 2013, 3 z Programu Operacyjnego Inteligentny Rozw\u00f3j 2014 &#8211; 2020, 13 w ramach Programu Obronno\u015b\u0107 i Bezpiecze\u0144stwo, 1 w ramach VII Programu Ramowego UE, 1 w ramach Horyzontu 2020<\/strong> finansowanych z\u00a0funduszy Ministerstwa Nauki i Szkolnictwa Wy\u017cszego, Narodowego Centrum Bada\u0144 i Rozwoju, Komisji Europejskiej oraz Europejskiego Funduszu Rozwoju Regionalnego,<\/li>\n<li><strong>ponad 20 zamawianych prac badawczo-rozwojowych <\/strong>finansowanych wy\u0142\u0105cznie ze \u015brodk\u00f3w przedsi\u0119biorstw, w tym M\u015aP, Komendy G\u0142\u00f3wnej Policji, Komendy G\u0142\u00f3wnej Stra\u017cy Granicznej oraz Komendy G\u0142\u00f3wnej Pa\u0144stwowej Stra\u017cy Po\u017carnej.<\/li>\n<\/ul>\n","protected":false},"excerpt":{"rendered":"<p>Portfel projektowy Instytutu zamyka si\u0119 w 5 blokach programowych, kt\u00f3rych podzia\u0142 wynika ze \u017ar\u00f3de\u0142 finasowania bada\u0144 naukowych i prac rozwojowych: zadania badawcze [&hellip;]<\/p>\n","protected":false},"author":1,"featured_media":0,"parent":0,"menu_order":0,"comment_status":"closed","ping_status":"closed","template":"page-badawcza.php","meta":{"_acf_changed":false,"footnotes":""},"class_list":["post-524","page","type-page","status-publish","hentry"],"acf":[],"yoast_head":"<!-- This site is optimized with the Yoast SEO plugin v26.6 - https:\/\/yoast.com\/wordpress\/plugins\/seo\/ -->\n<title>Prace badawczo-rozwojowe - Moratex &quot;MORATEX&quot;<\/title>\n<meta name=\"description\" content=\"Prace badawczo-rozwojowe - Instytut Technologii Bezpiecze\u0144stwa \u201eMORATEX\u201d w \u0141odzi - ul. Marii Sk\u0142odowskiej-Curie 3, \u0141\u00f3d\u017a, 90-505\" \/>\n<meta name=\"robots\" content=\"index, follow, max-snippet:-1, max-image-preview:large, max-video-preview:-1\" \/>\n<link rel=\"canonical\" href=\"http:\/\/moratex.eu\/prace-badawczo-rozwojowe\/\" \/>\n<meta property=\"og:locale\" content=\"en_US\" \/>\n<meta property=\"og:type\" content=\"article\" \/>\n<meta property=\"og:title\" content=\"Prace badawczo-rozwojowe - Moratex &quot;MORATEX&quot;\" \/>\n<meta property=\"og:description\" content=\"Prace badawczo-rozwojowe - Instytut Technologii Bezpiecze\u0144stwa \u201eMORATEX\u201d w \u0141odzi - ul. Marii Sk\u0142odowskiej-Curie 3, \u0141\u00f3d\u017a, 90-505\" \/>\n<meta property=\"og:url\" content=\"http:\/\/moratex.eu\/prace-badawczo-rozwojowe\/\" \/>\n<meta property=\"og:site_name\" content=\"Moratex\" \/>\n<meta property=\"article:modified_time\" content=\"2020-06-15T15:52:07+00:00\" \/>\n<meta name=\"twitter:card\" content=\"summary_large_image\" \/>\n<meta name=\"twitter:label1\" content=\"Est. reading time\" \/>\n\t<meta name=\"twitter:data1\" content=\"4 minutes\" \/>\n<script type=\"application\/ld+json\" class=\"yoast-schema-graph\">{\"@context\":\"https:\/\/schema.org\",\"@graph\":[{\"@type\":\"WebPage\",\"@id\":\"http:\/\/moratex.eu\/prace-badawczo-rozwojowe\/\",\"url\":\"http:\/\/moratex.eu\/prace-badawczo-rozwojowe\/\",\"name\":\"Prace badawczo-rozwojowe - Moratex \\\"MORATEX\\\"\",\"isPartOf\":{\"@id\":\"http:\/\/moratex.eu\/#website\"},\"datePublished\":\"2018-07-09T17:42:34+00:00\",\"dateModified\":\"2020-06-15T15:52:07+00:00\",\"description\":\"Prace badawczo-rozwojowe - Instytut Technologii Bezpiecze\u0144stwa \u201eMORATEX\u201d w \u0141odzi - ul. Marii Sk\u0142odowskiej-Curie 3, \u0141\u00f3d\u017a, 90-505\",\"breadcrumb\":{\"@id\":\"http:\/\/moratex.eu\/prace-badawczo-rozwojowe\/#breadcrumb\"},\"inLanguage\":\"en-US\",\"potentialAction\":[{\"@type\":\"ReadAction\",\"target\":[\"http:\/\/moratex.eu\/prace-badawczo-rozwojowe\/\"]}]},{\"@type\":\"BreadcrumbList\",\"@id\":\"http:\/\/moratex.eu\/prace-badawczo-rozwojowe\/#breadcrumb\",\"itemListElement\":[{\"@type\":\"ListItem\",\"position\":1,\"name\":\"Strona g\u0142\u00f3wna\",\"item\":\"http:\/\/moratex.eu\/en\/\"},{\"@type\":\"ListItem\",\"position\":2,\"name\":\"Prace badawczo-rozwojowe\"}]},{\"@type\":\"WebSite\",\"@id\":\"http:\/\/moratex.eu\/#website\",\"url\":\"http:\/\/moratex.eu\/\",\"name\":\"Moratex\",\"description\":\"MORATEX w \u0141odzi\",\"potentialAction\":[{\"@type\":\"SearchAction\",\"target\":{\"@type\":\"EntryPoint\",\"urlTemplate\":\"http:\/\/moratex.eu\/?s={search_term_string}\"},\"query-input\":{\"@type\":\"PropertyValueSpecification\",\"valueRequired\":true,\"valueName\":\"search_term_string\"}}],\"inLanguage\":\"en-US\"}]}<\/script>\n<!-- \/ Yoast SEO plugin. -->","yoast_head_json":{"title":"Prace badawczo-rozwojowe - Moratex \"MORATEX\"","description":"Prace badawczo-rozwojowe - Instytut Technologii Bezpiecze\u0144stwa \u201eMORATEX\u201d w \u0141odzi - ul. Marii Sk\u0142odowskiej-Curie 3, \u0141\u00f3d\u017a, 90-505","robots":{"index":"index","follow":"follow","max-snippet":"max-snippet:-1","max-image-preview":"max-image-preview:large","max-video-preview":"max-video-preview:-1"},"canonical":"http:\/\/moratex.eu\/prace-badawczo-rozwojowe\/","og_locale":"en_US","og_type":"article","og_title":"Prace badawczo-rozwojowe - Moratex \"MORATEX\"","og_description":"Prace badawczo-rozwojowe - Instytut Technologii Bezpiecze\u0144stwa \u201eMORATEX\u201d w \u0141odzi - ul. Marii Sk\u0142odowskiej-Curie 3, \u0141\u00f3d\u017a, 90-505","og_url":"http:\/\/moratex.eu\/prace-badawczo-rozwojowe\/","og_site_name":"Moratex","article_modified_time":"2020-06-15T15:52:07+00:00","twitter_card":"summary_large_image","twitter_misc":{"Est. reading time":"4 minutes"},"schema":{"@context":"https:\/\/schema.org","@graph":[{"@type":"WebPage","@id":"http:\/\/moratex.eu\/prace-badawczo-rozwojowe\/","url":"http:\/\/moratex.eu\/prace-badawczo-rozwojowe\/","name":"Prace badawczo-rozwojowe - Moratex \"MORATEX\"","isPartOf":{"@id":"http:\/\/moratex.eu\/#website"},"datePublished":"2018-07-09T17:42:34+00:00","dateModified":"2020-06-15T15:52:07+00:00","description":"Prace badawczo-rozwojowe - Instytut Technologii Bezpiecze\u0144stwa \u201eMORATEX\u201d w \u0141odzi - ul. Marii Sk\u0142odowskiej-Curie 3, \u0141\u00f3d\u017a, 90-505","breadcrumb":{"@id":"http:\/\/moratex.eu\/prace-badawczo-rozwojowe\/#breadcrumb"},"inLanguage":"en-US","potentialAction":[{"@type":"ReadAction","target":["http:\/\/moratex.eu\/prace-badawczo-rozwojowe\/"]}]},{"@type":"BreadcrumbList","@id":"http:\/\/moratex.eu\/prace-badawczo-rozwojowe\/#breadcrumb","itemListElement":[{"@type":"ListItem","position":1,"name":"Strona g\u0142\u00f3wna","item":"http:\/\/moratex.eu\/en\/"},{"@type":"ListItem","position":2,"name":"Prace badawczo-rozwojowe"}]},{"@type":"WebSite","@id":"http:\/\/moratex.eu\/#website","url":"http:\/\/moratex.eu\/","name":"Moratex","description":"MORATEX w \u0141odzi","potentialAction":[{"@type":"SearchAction","target":{"@type":"EntryPoint","urlTemplate":"http:\/\/moratex.eu\/?s={search_term_string}"},"query-input":{"@type":"PropertyValueSpecification","valueRequired":true,"valueName":"search_term_string"}}],"inLanguage":"en-US"}]}},"_links":{"self":[{"href":"http:\/\/moratex.eu\/en\/wp-json\/wp\/v2\/pages\/524","targetHints":{"allow":["GET"]}}],"collection":[{"href":"http:\/\/moratex.eu\/en\/wp-json\/wp\/v2\/pages"}],"about":[{"href":"http:\/\/moratex.eu\/en\/wp-json\/wp\/v2\/types\/page"}],"author":[{"embeddable":true,"href":"http:\/\/moratex.eu\/en\/wp-json\/wp\/v2\/users\/1"}],"replies":[{"embeddable":true,"href":"http:\/\/moratex.eu\/en\/wp-json\/wp\/v2\/comments?post=524"}],"version-history":[{"count":6,"href":"http:\/\/moratex.eu\/en\/wp-json\/wp\/v2\/pages\/524\/revisions"}],"predecessor-version":[{"id":5235,"href":"http:\/\/moratex.eu\/en\/wp-json\/wp\/v2\/pages\/524\/revisions\/5235"}],"wp:attachment":[{"href":"http:\/\/moratex.eu\/en\/wp-json\/wp\/v2\/media?parent=524"}],"curies":[{"name":"wp","href":"https:\/\/api.w.org\/{rel}","templated":true}]}}