{"id":528,"date":"2018-07-09T19:42:56","date_gmt":"2018-07-09T17:42:56","guid":{"rendered":"http:\/\/moratex.cf\/?page_id=528"},"modified":"2020-06-15T18:00:48","modified_gmt":"2020-06-15T16:00:48","slug":"dzialalnosc-statutowa","status":"publish","type":"page","link":"http:\/\/moratex.eu\/en\/dzialalnosc-statutowa\/","title":{"rendered":"Dzia\u0142alno\u015b\u0107 statutowa"},"content":{"rendered":"<p>Dzia\u0142alno\u015b\u0107 statutowa ITB &#8220;MORATEX&#8221; obejmuje obszar zada\u0144 badawczych wynikaj\u0105cy z realizacji statutowych zada\u0144 Instytutu finansowych w ramach subwencji na utrzymanie i rozw\u00f3j potencja\u0142u badawczego Ministra Nauki i Szkolnictwa Wy\u017cszego (zgodnie z art. 365 ustawy z dnia 20 lipca 2018r. \u2013 Prawo o szkolnictwie wy\u017cszym i nauce (Dz. U. z 2018 r. z p\u00f3\u017an. zm.) oraz w ramach Funduszu Bada\u0144 W\u0142asnych.<\/p>\n<p>Corocznie w jednostce jest podejmowanych ok. 10. zada\u0144 badawczych, kt\u00f3rych zako\u0144czenie przyczynia si\u0119 do opracowania nowych wyrob\u00f3w, technologii i wdra\u017cania nowych metodyk badawczych z obszaru bezpiecze\u0144stwa wewn\u0119trznego.<\/p>\n","protected":false},"excerpt":{"rendered":"<p>Dzia\u0142alno\u015b\u0107 statutowa ITB &#8220;MORATEX&#8221; obejmuje obszar zada\u0144 badawczych wynikaj\u0105cy z realizacji statutowych zada\u0144 Instytutu finansowych w ramach subwencji na utrzymanie i rozw\u00f3j [&hellip;]<\/p>\n","protected":false},"author":1,"featured_media":0,"parent":0,"menu_order":0,"comment_status":"closed","ping_status":"closed","template":"page-badawcza.php","meta":{"_acf_changed":false,"footnotes":""},"class_list":["post-528","page","type-page","status-publish","hentry"],"acf":[],"yoast_head":"<!-- This site is optimized with the Yoast SEO plugin v26.6 - https:\/\/yoast.com\/wordpress\/plugins\/seo\/ -->\n<title>Dzia\u0142alno\u015b\u0107 statutowa - Moratex &quot;MORATEX&quot;<\/title>\n<meta name=\"description\" content=\"Dzia\u0142alno\u015b\u0107 statutowa - Instytut Technologii Bezpiecze\u0144stwa \u201eMORATEX\u201d w \u0141odzi - ul. Marii Sk\u0142odowskiej-Curie 3, \u0141\u00f3d\u017a, 90-505\" \/>\n<meta name=\"robots\" content=\"index, follow, max-snippet:-1, max-image-preview:large, max-video-preview:-1\" \/>\n<link rel=\"canonical\" href=\"http:\/\/moratex.eu\/dzialalnosc-statutowa\/\" \/>\n<meta property=\"og:locale\" content=\"en_US\" \/>\n<meta property=\"og:type\" content=\"article\" \/>\n<meta property=\"og:title\" content=\"Dzia\u0142alno\u015b\u0107 statutowa - Moratex &quot;MORATEX&quot;\" \/>\n<meta property=\"og:description\" content=\"Dzia\u0142alno\u015b\u0107 statutowa - Instytut Technologii Bezpiecze\u0144stwa \u201eMORATEX\u201d w \u0141odzi - ul. Marii Sk\u0142odowskiej-Curie 3, \u0141\u00f3d\u017a, 90-505\" \/>\n<meta property=\"og:url\" content=\"http:\/\/moratex.eu\/dzialalnosc-statutowa\/\" \/>\n<meta property=\"og:site_name\" content=\"Moratex\" \/>\n<meta property=\"article:modified_time\" content=\"2020-06-15T16:00:48+00:00\" \/>\n<meta name=\"twitter:card\" content=\"summary_large_image\" \/>\n<script type=\"application\/ld+json\" class=\"yoast-schema-graph\">{\"@context\":\"https:\/\/schema.org\",\"@graph\":[{\"@type\":\"WebPage\",\"@id\":\"http:\/\/moratex.eu\/dzialalnosc-statutowa\/\",\"url\":\"http:\/\/moratex.eu\/dzialalnosc-statutowa\/\",\"name\":\"Dzia\u0142alno\u015b\u0107 statutowa - Moratex \\\"MORATEX\\\"\",\"isPartOf\":{\"@id\":\"http:\/\/moratex.eu\/#website\"},\"datePublished\":\"2018-07-09T17:42:56+00:00\",\"dateModified\":\"2020-06-15T16:00:48+00:00\",\"description\":\"Dzia\u0142alno\u015b\u0107 statutowa - Instytut Technologii Bezpiecze\u0144stwa \u201eMORATEX\u201d w \u0141odzi - ul. Marii Sk\u0142odowskiej-Curie 3, \u0141\u00f3d\u017a, 90-505\",\"breadcrumb\":{\"@id\":\"http:\/\/moratex.eu\/dzialalnosc-statutowa\/#breadcrumb\"},\"inLanguage\":\"en-US\",\"potentialAction\":[{\"@type\":\"ReadAction\",\"target\":[\"http:\/\/moratex.eu\/dzialalnosc-statutowa\/\"]}]},{\"@type\":\"BreadcrumbList\",\"@id\":\"http:\/\/moratex.eu\/dzialalnosc-statutowa\/#breadcrumb\",\"itemListElement\":[{\"@type\":\"ListItem\",\"position\":1,\"name\":\"Strona g\u0142\u00f3wna\",\"item\":\"http:\/\/moratex.eu\/en\/\"},{\"@type\":\"ListItem\",\"position\":2,\"name\":\"Dzia\u0142alno\u015b\u0107 statutowa\"}]},{\"@type\":\"WebSite\",\"@id\":\"http:\/\/moratex.eu\/#website\",\"url\":\"http:\/\/moratex.eu\/\",\"name\":\"Moratex\",\"description\":\"MORATEX w \u0141odzi\",\"potentialAction\":[{\"@type\":\"SearchAction\",\"target\":{\"@type\":\"EntryPoint\",\"urlTemplate\":\"http:\/\/moratex.eu\/?s={search_term_string}\"},\"query-input\":{\"@type\":\"PropertyValueSpecification\",\"valueRequired\":true,\"valueName\":\"search_term_string\"}}],\"inLanguage\":\"en-US\"}]}<\/script>\n<!-- \/ Yoast SEO plugin. -->","yoast_head_json":{"title":"Dzia\u0142alno\u015b\u0107 statutowa - Moratex \"MORATEX\"","description":"Dzia\u0142alno\u015b\u0107 statutowa - Instytut Technologii Bezpiecze\u0144stwa \u201eMORATEX\u201d w \u0141odzi - ul. Marii Sk\u0142odowskiej-Curie 3, \u0141\u00f3d\u017a, 90-505","robots":{"index":"index","follow":"follow","max-snippet":"max-snippet:-1","max-image-preview":"max-image-preview:large","max-video-preview":"max-video-preview:-1"},"canonical":"http:\/\/moratex.eu\/dzialalnosc-statutowa\/","og_locale":"en_US","og_type":"article","og_title":"Dzia\u0142alno\u015b\u0107 statutowa - Moratex \"MORATEX\"","og_description":"Dzia\u0142alno\u015b\u0107 statutowa - Instytut Technologii Bezpiecze\u0144stwa \u201eMORATEX\u201d w \u0141odzi - ul. Marii Sk\u0142odowskiej-Curie 3, \u0141\u00f3d\u017a, 90-505","og_url":"http:\/\/moratex.eu\/dzialalnosc-statutowa\/","og_site_name":"Moratex","article_modified_time":"2020-06-15T16:00:48+00:00","twitter_card":"summary_large_image","schema":{"@context":"https:\/\/schema.org","@graph":[{"@type":"WebPage","@id":"http:\/\/moratex.eu\/dzialalnosc-statutowa\/","url":"http:\/\/moratex.eu\/dzialalnosc-statutowa\/","name":"Dzia\u0142alno\u015b\u0107 statutowa - Moratex \"MORATEX\"","isPartOf":{"@id":"http:\/\/moratex.eu\/#website"},"datePublished":"2018-07-09T17:42:56+00:00","dateModified":"2020-06-15T16:00:48+00:00","description":"Dzia\u0142alno\u015b\u0107 statutowa - Instytut Technologii Bezpiecze\u0144stwa \u201eMORATEX\u201d w \u0141odzi - ul. Marii Sk\u0142odowskiej-Curie 3, \u0141\u00f3d\u017a, 90-505","breadcrumb":{"@id":"http:\/\/moratex.eu\/dzialalnosc-statutowa\/#breadcrumb"},"inLanguage":"en-US","potentialAction":[{"@type":"ReadAction","target":["http:\/\/moratex.eu\/dzialalnosc-statutowa\/"]}]},{"@type":"BreadcrumbList","@id":"http:\/\/moratex.eu\/dzialalnosc-statutowa\/#breadcrumb","itemListElement":[{"@type":"ListItem","position":1,"name":"Strona g\u0142\u00f3wna","item":"http:\/\/moratex.eu\/en\/"},{"@type":"ListItem","position":2,"name":"Dzia\u0142alno\u015b\u0107 statutowa"}]},{"@type":"WebSite","@id":"http:\/\/moratex.eu\/#website","url":"http:\/\/moratex.eu\/","name":"Moratex","description":"MORATEX w \u0141odzi","potentialAction":[{"@type":"SearchAction","target":{"@type":"EntryPoint","urlTemplate":"http:\/\/moratex.eu\/?s={search_term_string}"},"query-input":{"@type":"PropertyValueSpecification","valueRequired":true,"valueName":"search_term_string"}}],"inLanguage":"en-US"}]}},"_links":{"self":[{"href":"http:\/\/moratex.eu\/en\/wp-json\/wp\/v2\/pages\/528","targetHints":{"allow":["GET"]}}],"collection":[{"href":"http:\/\/moratex.eu\/en\/wp-json\/wp\/v2\/pages"}],"about":[{"href":"http:\/\/moratex.eu\/en\/wp-json\/wp\/v2\/types\/page"}],"author":[{"embeddable":true,"href":"http:\/\/moratex.eu\/en\/wp-json\/wp\/v2\/users\/1"}],"replies":[{"embeddable":true,"href":"http:\/\/moratex.eu\/en\/wp-json\/wp\/v2\/comments?post=528"}],"version-history":[{"count":3,"href":"http:\/\/moratex.eu\/en\/wp-json\/wp\/v2\/pages\/528\/revisions"}],"predecessor-version":[{"id":5237,"href":"http:\/\/moratex.eu\/en\/wp-json\/wp\/v2\/pages\/528\/revisions\/5237"}],"wp:attachment":[{"href":"http:\/\/moratex.eu\/en\/wp-json\/wp\/v2\/media?parent=528"}],"curies":[{"name":"wp","href":"https:\/\/api.w.org\/{rel}","templated":true}]}}