{"id":542,"date":"2018-07-09T19:51:36","date_gmt":"2018-07-09T17:51:36","guid":{"rendered":"http:\/\/moratex.cf\/?page_id=542"},"modified":"2019-10-07T11:34:17","modified_gmt":"2019-10-07T09:34:17","slug":"centra-naukowe","status":"publish","type":"page","link":"http:\/\/moratex.eu\/en\/centra-naukowe\/","title":{"rendered":"Centra naukowe"},"content":{"rendered":"<p>Centra naukowe<\/p>\n<p>W 2016 roku Instytut wsp\u00f3\u0142tworzy\u0142 dwa nowe centra naukowe, obszarowo powi\u0105zane z wzornictwem przemys\u0142owym (Partner akademicki: Wydzia\u0142 Tkaniny i Ubioru Akademii Sztuk Pi\u0119knych w \u0141odzi) oraz szeroko rozumianego projektowania wyrob\u00f3w tekstylnych (Partner akademicki: Wydzia\u0142 In\u017cynierii Materia\u0142owej i Wzornictwa Tekstyli\u00f3w Politechniki \u0141\u00f3dzkiej). Od 2015 roku Instytut jest cz\u0142onkiem Centrum Naukowego prowadzonego przez Politechnik\u0119 \u015al\u0105sk\u0105, kt\u00f3re kierunkowo skupia si\u0119 nad opracowaniem technologii nanomateria\u0142\u00f3w w obszarze obronno\u015bci i bezpiecze\u0144stwa.<\/p>\n<p>Rola centr\u00f3w naukowych sprowadza si\u0119 do:<\/p>\n<ul>\n<li>\u00a0prowadzenia, wspierania i koordynowania bada\u0144 naukowych \u00a0i prac rozwojowych w obszarze danego Centrum naukowego, w tym w szczeg\u00f3lno\u015bci aplikowanych w obszarze bezpiecze\u0144stwa pa\u0144stwa,<\/li>\n<li>inicjowania i koordynowania udzia\u0142u Stron (uczelni i instytut\u00f3w badawczych) w mi\u0119dzynarodowych programach badawczych,<\/li>\n<li>pozyskiwania i obs\u0142ugi mi\u0119dzynarodowych projekt\u00f3w badawczych, wsp\u00f3lnych krajowych projekt\u00f3w badawczych \u00a0i projekt\u00f3w finansowanych z funduszy europejskich, w tym w szczeg\u00f3lno\u015bci aplikowanych w obszarze bezpiecze\u0144stwa pa\u0144stwa,<\/li>\n<li>budowy sprzyjaj\u0105cej strategii oraz potencja\u0142u w zakresie nauki, techniki i innowacji,<\/li>\n<li>promowania osi\u0105gni\u0119\u0107 naukowych kadry badawczej zatrudnionej przez Cz\u0142onk\u00f3w Centrum,<\/li>\n<li>wsp\u00f3\u0142dzia\u0142ania w zakresie zintegrowanego systemu kszta\u0142cenia na poziomie studi\u00f3w doktoranckich,<\/li>\n<li>rozwijania program\u00f3w sta\u017cy po uzyskaniu stopnia naukowego doktora w instytutach Centrum oraz praktyk studenckich,<\/li>\n<li>zapewniania dobrych warunk\u00f3w dla rozwoju kadry naukowej, realizuj\u0105c programy mobilno\u015bci naukowc\u00f3w oraz umo\u017cliwiaj\u0105c zwi\u0119kszenie kwalifikacji, mi\u0119dzy innymi w obszarze zarz\u0105dzania w\u0142asno\u015bci\u0105 intelektualna oraz komercjalizacj\u0105 wynik\u00f3w bada\u0144,<\/li>\n<li>inicjowania organizowania \u015brodowiskowych centr\u00f3w aparaturowych i nadz\u00f3r nad nimi,<\/li>\n<li>promocji zasad zachowa\u0144 i norm etycznych odpowiednich dla rozwoju nauki i dydaktyki.<\/li>\n<\/ul>\n<p>Obecnie, ze wzgl\u0119du na wej\u015bcie w \u017cycie ustawy z dnia 20 lipca 2018 r. &#8211; Prawo o szkolnictwie wy\u017cszym i nauce (Dz.U. 2018 poz. 1668 z p\u00f3\u017an. zm.), centra naukowe s\u0105 przekszta\u0142cane w ramach um\u00f3w o wsp\u00f3\u0142pracy badawczej. Wsp\u00f3\u0142praca w oparciu o te umowy b\u0119dzie w dalszym ci\u0105gu kontynuowana.<\/p>\n","protected":false},"excerpt":{"rendered":"<p>Centra naukowe W 2016 roku Instytut wsp\u00f3\u0142tworzy\u0142 dwa nowe centra naukowe, obszarowo powi\u0105zane z wzornictwem przemys\u0142owym (Partner akademicki: Wydzia\u0142 Tkaniny i Ubioru [&hellip;]<\/p>\n","protected":false},"author":1,"featured_media":0,"parent":0,"menu_order":0,"comment_status":"closed","ping_status":"closed","template":"page-centranaukowe.php","meta":{"_acf_changed":false,"footnotes":""},"class_list":["post-542","page","type-page","status-publish","hentry"],"acf":[],"yoast_head":"<!-- This site is optimized with the Yoast SEO plugin v26.6 - https:\/\/yoast.com\/wordpress\/plugins\/seo\/ -->\n<title>Centra naukowe - Moratex &quot;MORATEX&quot;<\/title>\n<meta name=\"description\" content=\"Centra naukowe - Instytut Technologii Bezpiecze\u0144stwa \u201eMORATEX\u201d w \u0141odzi - ul. Marii Sk\u0142odowskiej-Curie 3, \u0141\u00f3d\u017a, 90-505\" \/>\n<meta name=\"robots\" content=\"index, follow, max-snippet:-1, max-image-preview:large, max-video-preview:-1\" \/>\n<link rel=\"canonical\" href=\"http:\/\/moratex.eu\/en\/centra-naukowe\/\" \/>\n<meta property=\"og:locale\" content=\"en_US\" \/>\n<meta property=\"og:type\" content=\"article\" \/>\n<meta property=\"og:title\" content=\"Centra naukowe - Moratex &quot;MORATEX&quot;\" \/>\n<meta property=\"og:description\" content=\"Centra naukowe - Instytut Technologii Bezpiecze\u0144stwa \u201eMORATEX\u201d w \u0141odzi - ul. Marii Sk\u0142odowskiej-Curie 3, \u0141\u00f3d\u017a, 90-505\" \/>\n<meta property=\"og:url\" content=\"http:\/\/moratex.eu\/en\/centra-naukowe\/\" \/>\n<meta property=\"og:site_name\" content=\"Moratex\" \/>\n<meta property=\"article:modified_time\" content=\"2019-10-07T09:34:17+00:00\" \/>\n<meta name=\"twitter:card\" content=\"summary_large_image\" \/>\n<meta name=\"twitter:label1\" content=\"Est. reading time\" \/>\n\t<meta name=\"twitter:data1\" content=\"2 minutes\" \/>\n<script type=\"application\/ld+json\" class=\"yoast-schema-graph\">{\"@context\":\"https:\/\/schema.org\",\"@graph\":[{\"@type\":\"WebPage\",\"@id\":\"http:\/\/moratex.eu\/en\/centra-naukowe\/\",\"url\":\"http:\/\/moratex.eu\/en\/centra-naukowe\/\",\"name\":\"Centra naukowe - Moratex \\\"MORATEX\\\"\",\"isPartOf\":{\"@id\":\"http:\/\/moratex.eu\/#website\"},\"datePublished\":\"2018-07-09T17:51:36+00:00\",\"dateModified\":\"2019-10-07T09:34:17+00:00\",\"description\":\"Centra naukowe - Instytut Technologii Bezpiecze\u0144stwa \u201eMORATEX\u201d w \u0141odzi - ul. Marii Sk\u0142odowskiej-Curie 3, \u0141\u00f3d\u017a, 90-505\",\"breadcrumb\":{\"@id\":\"http:\/\/moratex.eu\/en\/centra-naukowe\/#breadcrumb\"},\"inLanguage\":\"en-US\",\"potentialAction\":[{\"@type\":\"ReadAction\",\"target\":[\"http:\/\/moratex.eu\/en\/centra-naukowe\/\"]}]},{\"@type\":\"BreadcrumbList\",\"@id\":\"http:\/\/moratex.eu\/en\/centra-naukowe\/#breadcrumb\",\"itemListElement\":[{\"@type\":\"ListItem\",\"position\":1,\"name\":\"Strona g\u0142\u00f3wna\",\"item\":\"http:\/\/moratex.eu\/en\/\"},{\"@type\":\"ListItem\",\"position\":2,\"name\":\"Centra naukowe\"}]},{\"@type\":\"WebSite\",\"@id\":\"http:\/\/moratex.eu\/#website\",\"url\":\"http:\/\/moratex.eu\/\",\"name\":\"Moratex\",\"description\":\"MORATEX w \u0141odzi\",\"potentialAction\":[{\"@type\":\"SearchAction\",\"target\":{\"@type\":\"EntryPoint\",\"urlTemplate\":\"http:\/\/moratex.eu\/?s={search_term_string}\"},\"query-input\":{\"@type\":\"PropertyValueSpecification\",\"valueRequired\":true,\"valueName\":\"search_term_string\"}}],\"inLanguage\":\"en-US\"}]}<\/script>\n<!-- \/ Yoast SEO plugin. -->","yoast_head_json":{"title":"Centra naukowe - Moratex \"MORATEX\"","description":"Centra naukowe - Instytut Technologii Bezpiecze\u0144stwa \u201eMORATEX\u201d w \u0141odzi - ul. Marii Sk\u0142odowskiej-Curie 3, \u0141\u00f3d\u017a, 90-505","robots":{"index":"index","follow":"follow","max-snippet":"max-snippet:-1","max-image-preview":"max-image-preview:large","max-video-preview":"max-video-preview:-1"},"canonical":"http:\/\/moratex.eu\/en\/centra-naukowe\/","og_locale":"en_US","og_type":"article","og_title":"Centra naukowe - Moratex \"MORATEX\"","og_description":"Centra naukowe - Instytut Technologii Bezpiecze\u0144stwa \u201eMORATEX\u201d w \u0141odzi - ul. Marii Sk\u0142odowskiej-Curie 3, \u0141\u00f3d\u017a, 90-505","og_url":"http:\/\/moratex.eu\/en\/centra-naukowe\/","og_site_name":"Moratex","article_modified_time":"2019-10-07T09:34:17+00:00","twitter_card":"summary_large_image","twitter_misc":{"Est. reading time":"2 minutes"},"schema":{"@context":"https:\/\/schema.org","@graph":[{"@type":"WebPage","@id":"http:\/\/moratex.eu\/en\/centra-naukowe\/","url":"http:\/\/moratex.eu\/en\/centra-naukowe\/","name":"Centra naukowe - Moratex \"MORATEX\"","isPartOf":{"@id":"http:\/\/moratex.eu\/#website"},"datePublished":"2018-07-09T17:51:36+00:00","dateModified":"2019-10-07T09:34:17+00:00","description":"Centra naukowe - Instytut Technologii Bezpiecze\u0144stwa \u201eMORATEX\u201d w \u0141odzi - ul. Marii Sk\u0142odowskiej-Curie 3, \u0141\u00f3d\u017a, 90-505","breadcrumb":{"@id":"http:\/\/moratex.eu\/en\/centra-naukowe\/#breadcrumb"},"inLanguage":"en-US","potentialAction":[{"@type":"ReadAction","target":["http:\/\/moratex.eu\/en\/centra-naukowe\/"]}]},{"@type":"BreadcrumbList","@id":"http:\/\/moratex.eu\/en\/centra-naukowe\/#breadcrumb","itemListElement":[{"@type":"ListItem","position":1,"name":"Strona g\u0142\u00f3wna","item":"http:\/\/moratex.eu\/en\/"},{"@type":"ListItem","position":2,"name":"Centra naukowe"}]},{"@type":"WebSite","@id":"http:\/\/moratex.eu\/#website","url":"http:\/\/moratex.eu\/","name":"Moratex","description":"MORATEX w \u0141odzi","potentialAction":[{"@type":"SearchAction","target":{"@type":"EntryPoint","urlTemplate":"http:\/\/moratex.eu\/?s={search_term_string}"},"query-input":{"@type":"PropertyValueSpecification","valueRequired":true,"valueName":"search_term_string"}}],"inLanguage":"en-US"}]}},"_links":{"self":[{"href":"http:\/\/moratex.eu\/en\/wp-json\/wp\/v2\/pages\/542","targetHints":{"allow":["GET"]}}],"collection":[{"href":"http:\/\/moratex.eu\/en\/wp-json\/wp\/v2\/pages"}],"about":[{"href":"http:\/\/moratex.eu\/en\/wp-json\/wp\/v2\/types\/page"}],"author":[{"embeddable":true,"href":"http:\/\/moratex.eu\/en\/wp-json\/wp\/v2\/users\/1"}],"replies":[{"embeddable":true,"href":"http:\/\/moratex.eu\/en\/wp-json\/wp\/v2\/comments?post=542"}],"version-history":[{"count":2,"href":"http:\/\/moratex.eu\/en\/wp-json\/wp\/v2\/pages\/542\/revisions"}],"predecessor-version":[{"id":4209,"href":"http:\/\/moratex.eu\/en\/wp-json\/wp\/v2\/pages\/542\/revisions\/4209"}],"wp:attachment":[{"href":"http:\/\/moratex.eu\/en\/wp-json\/wp\/v2\/media?parent=542"}],"curies":[{"name":"wp","href":"https:\/\/api.w.org\/{rel}","templated":true}]}}