{"id":544,"date":"2018-07-09T19:51:55","date_gmt":"2018-07-09T17:51:55","guid":{"rendered":"http:\/\/moratex.cf\/?page_id=544"},"modified":"2019-10-07T11:40:09","modified_gmt":"2019-10-07T09:40:09","slug":"lider-politechnika-slaska","status":"publish","type":"page","link":"http:\/\/moratex.eu\/en\/lider-politechnika-slaska\/","title":{"rendered":"Lider: Politechnika \u015al\u0105ska"},"content":{"rendered":"<p>Centrum naukowe prowadzi, wspiera i koordynuje badania naukowe i prace rozwojowe w obszarze nanotechnologii i nanomateria\u0142\u00f3w.<br \/>\nCz\u0142onkami Centrum s\u0105: Politechnika \u015al\u0105ska, Wojskowy Instytut Techniczny Uzbrojenia oraz Instytut Technologii Bezpiecze\u0144stwa MORATEX<br \/>\nCentrum realizuje zadania w zakresie:<\/p>\n<ol>\n<li>prowadzenia, wspierania i koordynowania bada\u0144 naukowych i prac rozwojowych w obszarze nanotechnologii i nanomateria\u0142\u00f3w.<\/li>\n<li>inicjowania i koordynowania udzia\u0142u Stron (uczelni i instytut\u00f3w badawczych) w mi\u0119dzynarodowych programach badawczych,<\/li>\n<li>pozyskiwania i obs\u0142ugi mi\u0119dzynarodowych projekt\u00f3w badawczych, wsp\u00f3lnych krajowych projekt\u00f3w badawczych i projekt\u00f3w finansowanych z funduszy europejskich,<\/li>\n<li>budowy sprzyjaj\u0105cej strategii oraz potencja\u0142u w zakresie nauki, techniki i innowacji,<\/li>\n<li>promowania osi\u0105gni\u0119\u0107 naukowych kadry badawczej zatrudnionej przez Cz\u0142onk\u00f3w Centrum,<\/li>\n<li>wsp\u00f3\u0142dzia\u0142ania w zakresie zintegrowanego systemu kszta\u0142cenia na poziomie studi\u00f3w doktoranckich,<\/li>\n<li>rozwijania program\u00f3w sta\u017cy po uzyskaniu stopnia naukowego doktora w instytutach Centrum,<\/li>\n<li>zapewniania dobrych warunk\u00f3w dla rozwoju kadry naukowej, realizuj\u0105c programy mobilno\u015bci naukowc\u00f3w oraz umo\u017cliwiaj\u0105c zwi\u0119kszenie kwalifikacji, mi\u0119dzy innymi w obszarze zarz\u0105dzania w\u0142asno\u015bci\u0105 intelektualna oraz komercjalizacj\u0105 wynik\u00f3w bada\u0144,<\/li>\n<li>inicjowania organizowania \u015brodowiskowych centr\u00f3w aparaturowych i nadz\u00f3r nad nimi,<\/li>\n<li>promocji zasad zachowa\u0144 i norm etycznych odpowiednich dla rozwoju nauki i dydaktyki.<\/li>\n<\/ol>\n","protected":false},"excerpt":{"rendered":"<p>Centrum naukowe prowadzi, wspiera i koordynuje badania naukowe i prace rozwojowe w obszarze nanotechnologii i nanomateria\u0142\u00f3w. Cz\u0142onkami Centrum s\u0105: Politechnika \u015al\u0105ska, Wojskowy [&hellip;]<\/p>\n","protected":false},"author":1,"featured_media":0,"parent":0,"menu_order":0,"comment_status":"closed","ping_status":"closed","template":"page-centranaukowe.php","meta":{"_acf_changed":false,"footnotes":""},"class_list":["post-544","page","type-page","status-publish","hentry"],"acf":[],"yoast_head":"<!-- This site is optimized with the Yoast SEO plugin v26.6 - https:\/\/yoast.com\/wordpress\/plugins\/seo\/ -->\n<title>Lider: Politechnika \u015al\u0105ska - Moratex &quot;MORATEX&quot;<\/title>\n<meta name=\"description\" content=\"Lider: Politechnika \u015al\u0105ska - Instytut Technologii Bezpiecze\u0144stwa \u201eMORATEX\u201d w \u0141odzi - ul. Marii Sk\u0142odowskiej-Curie 3, \u0141\u00f3d\u017a, 90-505\" \/>\n<meta name=\"robots\" content=\"index, follow, max-snippet:-1, max-image-preview:large, max-video-preview:-1\" \/>\n<link rel=\"canonical\" href=\"http:\/\/moratex.eu\/lider-politechnika-slaska\/\" \/>\n<meta property=\"og:locale\" content=\"en_US\" \/>\n<meta property=\"og:type\" content=\"article\" \/>\n<meta property=\"og:title\" content=\"Lider: Politechnika \u015al\u0105ska - Moratex &quot;MORATEX&quot;\" \/>\n<meta property=\"og:description\" content=\"Lider: Politechnika \u015al\u0105ska - Instytut Technologii Bezpiecze\u0144stwa \u201eMORATEX\u201d w \u0141odzi - ul. Marii Sk\u0142odowskiej-Curie 3, \u0141\u00f3d\u017a, 90-505\" \/>\n<meta property=\"og:url\" content=\"http:\/\/moratex.eu\/lider-politechnika-slaska\/\" \/>\n<meta property=\"og:site_name\" content=\"Moratex\" \/>\n<meta property=\"article:modified_time\" content=\"2019-10-07T09:40:09+00:00\" \/>\n<meta name=\"twitter:card\" content=\"summary_large_image\" \/>\n<meta name=\"twitter:label1\" content=\"Est. reading time\" \/>\n\t<meta name=\"twitter:data1\" content=\"1 minute\" \/>\n<script type=\"application\/ld+json\" class=\"yoast-schema-graph\">{\"@context\":\"https:\/\/schema.org\",\"@graph\":[{\"@type\":\"WebPage\",\"@id\":\"http:\/\/moratex.eu\/lider-politechnika-slaska\/\",\"url\":\"http:\/\/moratex.eu\/lider-politechnika-slaska\/\",\"name\":\"Lider: Politechnika \u015al\u0105ska - Moratex \\\"MORATEX\\\"\",\"isPartOf\":{\"@id\":\"http:\/\/moratex.eu\/#website\"},\"datePublished\":\"2018-07-09T17:51:55+00:00\",\"dateModified\":\"2019-10-07T09:40:09+00:00\",\"description\":\"Lider: Politechnika \u015al\u0105ska - Instytut Technologii Bezpiecze\u0144stwa \u201eMORATEX\u201d w \u0141odzi - ul. Marii Sk\u0142odowskiej-Curie 3, \u0141\u00f3d\u017a, 90-505\",\"breadcrumb\":{\"@id\":\"http:\/\/moratex.eu\/lider-politechnika-slaska\/#breadcrumb\"},\"inLanguage\":\"en-US\",\"potentialAction\":[{\"@type\":\"ReadAction\",\"target\":[\"http:\/\/moratex.eu\/lider-politechnika-slaska\/\"]}]},{\"@type\":\"BreadcrumbList\",\"@id\":\"http:\/\/moratex.eu\/lider-politechnika-slaska\/#breadcrumb\",\"itemListElement\":[{\"@type\":\"ListItem\",\"position\":1,\"name\":\"Strona g\u0142\u00f3wna\",\"item\":\"http:\/\/moratex.eu\/en\/\"},{\"@type\":\"ListItem\",\"position\":2,\"name\":\"Lider: Politechnika \u015al\u0105ska\"}]},{\"@type\":\"WebSite\",\"@id\":\"http:\/\/moratex.eu\/#website\",\"url\":\"http:\/\/moratex.eu\/\",\"name\":\"Moratex\",\"description\":\"MORATEX w \u0141odzi\",\"potentialAction\":[{\"@type\":\"SearchAction\",\"target\":{\"@type\":\"EntryPoint\",\"urlTemplate\":\"http:\/\/moratex.eu\/?s={search_term_string}\"},\"query-input\":{\"@type\":\"PropertyValueSpecification\",\"valueRequired\":true,\"valueName\":\"search_term_string\"}}],\"inLanguage\":\"en-US\"}]}<\/script>\n<!-- \/ Yoast SEO plugin. -->","yoast_head_json":{"title":"Lider: Politechnika \u015al\u0105ska - Moratex \"MORATEX\"","description":"Lider: Politechnika \u015al\u0105ska - Instytut Technologii Bezpiecze\u0144stwa \u201eMORATEX\u201d w \u0141odzi - ul. Marii Sk\u0142odowskiej-Curie 3, \u0141\u00f3d\u017a, 90-505","robots":{"index":"index","follow":"follow","max-snippet":"max-snippet:-1","max-image-preview":"max-image-preview:large","max-video-preview":"max-video-preview:-1"},"canonical":"http:\/\/moratex.eu\/lider-politechnika-slaska\/","og_locale":"en_US","og_type":"article","og_title":"Lider: Politechnika \u015al\u0105ska - Moratex \"MORATEX\"","og_description":"Lider: Politechnika \u015al\u0105ska - Instytut Technologii Bezpiecze\u0144stwa \u201eMORATEX\u201d w \u0141odzi - ul. Marii Sk\u0142odowskiej-Curie 3, \u0141\u00f3d\u017a, 90-505","og_url":"http:\/\/moratex.eu\/lider-politechnika-slaska\/","og_site_name":"Moratex","article_modified_time":"2019-10-07T09:40:09+00:00","twitter_card":"summary_large_image","twitter_misc":{"Est. reading time":"1 minute"},"schema":{"@context":"https:\/\/schema.org","@graph":[{"@type":"WebPage","@id":"http:\/\/moratex.eu\/lider-politechnika-slaska\/","url":"http:\/\/moratex.eu\/lider-politechnika-slaska\/","name":"Lider: Politechnika \u015al\u0105ska - Moratex \"MORATEX\"","isPartOf":{"@id":"http:\/\/moratex.eu\/#website"},"datePublished":"2018-07-09T17:51:55+00:00","dateModified":"2019-10-07T09:40:09+00:00","description":"Lider: Politechnika \u015al\u0105ska - Instytut Technologii Bezpiecze\u0144stwa \u201eMORATEX\u201d w \u0141odzi - ul. Marii Sk\u0142odowskiej-Curie 3, \u0141\u00f3d\u017a, 90-505","breadcrumb":{"@id":"http:\/\/moratex.eu\/lider-politechnika-slaska\/#breadcrumb"},"inLanguage":"en-US","potentialAction":[{"@type":"ReadAction","target":["http:\/\/moratex.eu\/lider-politechnika-slaska\/"]}]},{"@type":"BreadcrumbList","@id":"http:\/\/moratex.eu\/lider-politechnika-slaska\/#breadcrumb","itemListElement":[{"@type":"ListItem","position":1,"name":"Strona g\u0142\u00f3wna","item":"http:\/\/moratex.eu\/en\/"},{"@type":"ListItem","position":2,"name":"Lider: Politechnika \u015al\u0105ska"}]},{"@type":"WebSite","@id":"http:\/\/moratex.eu\/#website","url":"http:\/\/moratex.eu\/","name":"Moratex","description":"MORATEX w \u0141odzi","potentialAction":[{"@type":"SearchAction","target":{"@type":"EntryPoint","urlTemplate":"http:\/\/moratex.eu\/?s={search_term_string}"},"query-input":{"@type":"PropertyValueSpecification","valueRequired":true,"valueName":"search_term_string"}}],"inLanguage":"en-US"}]}},"_links":{"self":[{"href":"http:\/\/moratex.eu\/en\/wp-json\/wp\/v2\/pages\/544","targetHints":{"allow":["GET"]}}],"collection":[{"href":"http:\/\/moratex.eu\/en\/wp-json\/wp\/v2\/pages"}],"about":[{"href":"http:\/\/moratex.eu\/en\/wp-json\/wp\/v2\/types\/page"}],"author":[{"embeddable":true,"href":"http:\/\/moratex.eu\/en\/wp-json\/wp\/v2\/users\/1"}],"replies":[{"embeddable":true,"href":"http:\/\/moratex.eu\/en\/wp-json\/wp\/v2\/comments?post=544"}],"version-history":[{"count":3,"href":"http:\/\/moratex.eu\/en\/wp-json\/wp\/v2\/pages\/544\/revisions"}],"predecessor-version":[{"id":4213,"href":"http:\/\/moratex.eu\/en\/wp-json\/wp\/v2\/pages\/544\/revisions\/4213"}],"wp:attachment":[{"href":"http:\/\/moratex.eu\/en\/wp-json\/wp\/v2\/media?parent=544"}],"curies":[{"name":"wp","href":"https:\/\/api.w.org\/{rel}","templated":true}]}}