{"id":547,"date":"2018-07-09T19:52:23","date_gmt":"2018-07-09T17:52:23","guid":{"rendered":"http:\/\/moratex.cf\/?page_id=547"},"modified":"2019-10-07T11:40:54","modified_gmt":"2019-10-07T09:40:54","slug":"lider-politechnika-lodzka","status":"publish","type":"page","link":"http:\/\/moratex.eu\/en\/lider-politechnika-lodzka\/","title":{"rendered":"Lider: Politechnika \u0141\u00f3dzka"},"content":{"rendered":"<p>Centrum naukowe prowadzi, wspiera i koordynuje badania naukowe i prace rozwojowe w obszarze szeroko rozumianego projektowania wyrob\u00f3w tekstylnych.<\/p>\n<p>Lider Centrum naukowego: Wydzia\u0142 In\u017cynierii Materia\u0142owej i Wzornictwa Tekstyli\u00f3w Politechniki \u0141\u00f3dzkiej.<\/p>\n","protected":false},"excerpt":{"rendered":"<p>Centrum naukowe prowadzi, wspiera i koordynuje badania naukowe i prace rozwojowe w obszarze szeroko rozumianego projektowania wyrob\u00f3w tekstylnych. Lider Centrum naukowego: Wydzia\u0142 [&hellip;]<\/p>\n","protected":false},"author":1,"featured_media":0,"parent":0,"menu_order":0,"comment_status":"closed","ping_status":"closed","template":"page-centranaukowe.php","meta":{"_acf_changed":false,"footnotes":""},"class_list":["post-547","page","type-page","status-publish","hentry"],"acf":[],"yoast_head":"<!-- This site is optimized with the Yoast SEO plugin v26.6 - https:\/\/yoast.com\/wordpress\/plugins\/seo\/ -->\n<title>Lider: Politechnika \u0141\u00f3dzka - Moratex &quot;MORATEX&quot;<\/title>\n<meta name=\"description\" content=\"Lider: Politechnika \u0141\u00f3dzka - Instytut Technologii Bezpiecze\u0144stwa \u201eMORATEX\u201d w \u0141odzi - ul. Marii Sk\u0142odowskiej-Curie 3, \u0141\u00f3d\u017a, 90-505\" \/>\n<meta name=\"robots\" content=\"index, follow, max-snippet:-1, max-image-preview:large, max-video-preview:-1\" \/>\n<link rel=\"canonical\" href=\"http:\/\/moratex.eu\/lider-politechnika-lodzka\/\" \/>\n<meta property=\"og:locale\" content=\"en_US\" \/>\n<meta property=\"og:type\" content=\"article\" \/>\n<meta property=\"og:title\" content=\"Lider: Politechnika \u0141\u00f3dzka - Moratex &quot;MORATEX&quot;\" \/>\n<meta property=\"og:description\" content=\"Lider: Politechnika \u0141\u00f3dzka - Instytut Technologii Bezpiecze\u0144stwa \u201eMORATEX\u201d w \u0141odzi - ul. Marii Sk\u0142odowskiej-Curie 3, \u0141\u00f3d\u017a, 90-505\" \/>\n<meta property=\"og:url\" content=\"http:\/\/moratex.eu\/lider-politechnika-lodzka\/\" \/>\n<meta property=\"og:site_name\" content=\"Moratex\" \/>\n<meta property=\"article:modified_time\" content=\"2019-10-07T09:40:54+00:00\" \/>\n<meta name=\"twitter:card\" content=\"summary_large_image\" \/>\n<script type=\"application\/ld+json\" class=\"yoast-schema-graph\">{\"@context\":\"https:\/\/schema.org\",\"@graph\":[{\"@type\":\"WebPage\",\"@id\":\"http:\/\/moratex.eu\/lider-politechnika-lodzka\/\",\"url\":\"http:\/\/moratex.eu\/lider-politechnika-lodzka\/\",\"name\":\"Lider: Politechnika \u0141\u00f3dzka - Moratex \\\"MORATEX\\\"\",\"isPartOf\":{\"@id\":\"http:\/\/moratex.eu\/#website\"},\"datePublished\":\"2018-07-09T17:52:23+00:00\",\"dateModified\":\"2019-10-07T09:40:54+00:00\",\"description\":\"Lider: Politechnika \u0141\u00f3dzka - Instytut Technologii Bezpiecze\u0144stwa \u201eMORATEX\u201d w \u0141odzi - ul. Marii Sk\u0142odowskiej-Curie 3, \u0141\u00f3d\u017a, 90-505\",\"breadcrumb\":{\"@id\":\"http:\/\/moratex.eu\/lider-politechnika-lodzka\/#breadcrumb\"},\"inLanguage\":\"en-US\",\"potentialAction\":[{\"@type\":\"ReadAction\",\"target\":[\"http:\/\/moratex.eu\/lider-politechnika-lodzka\/\"]}]},{\"@type\":\"BreadcrumbList\",\"@id\":\"http:\/\/moratex.eu\/lider-politechnika-lodzka\/#breadcrumb\",\"itemListElement\":[{\"@type\":\"ListItem\",\"position\":1,\"name\":\"Strona g\u0142\u00f3wna\",\"item\":\"http:\/\/moratex.eu\/en\/\"},{\"@type\":\"ListItem\",\"position\":2,\"name\":\"Lider: Politechnika \u0141\u00f3dzka\"}]},{\"@type\":\"WebSite\",\"@id\":\"http:\/\/moratex.eu\/#website\",\"url\":\"http:\/\/moratex.eu\/\",\"name\":\"Moratex\",\"description\":\"MORATEX w \u0141odzi\",\"potentialAction\":[{\"@type\":\"SearchAction\",\"target\":{\"@type\":\"EntryPoint\",\"urlTemplate\":\"http:\/\/moratex.eu\/?s={search_term_string}\"},\"query-input\":{\"@type\":\"PropertyValueSpecification\",\"valueRequired\":true,\"valueName\":\"search_term_string\"}}],\"inLanguage\":\"en-US\"}]}<\/script>\n<!-- \/ Yoast SEO plugin. -->","yoast_head_json":{"title":"Lider: Politechnika \u0141\u00f3dzka - Moratex \"MORATEX\"","description":"Lider: Politechnika \u0141\u00f3dzka - Instytut Technologii Bezpiecze\u0144stwa \u201eMORATEX\u201d w \u0141odzi - ul. Marii Sk\u0142odowskiej-Curie 3, \u0141\u00f3d\u017a, 90-505","robots":{"index":"index","follow":"follow","max-snippet":"max-snippet:-1","max-image-preview":"max-image-preview:large","max-video-preview":"max-video-preview:-1"},"canonical":"http:\/\/moratex.eu\/lider-politechnika-lodzka\/","og_locale":"en_US","og_type":"article","og_title":"Lider: Politechnika \u0141\u00f3dzka - Moratex \"MORATEX\"","og_description":"Lider: Politechnika \u0141\u00f3dzka - Instytut Technologii Bezpiecze\u0144stwa \u201eMORATEX\u201d w \u0141odzi - ul. Marii Sk\u0142odowskiej-Curie 3, \u0141\u00f3d\u017a, 90-505","og_url":"http:\/\/moratex.eu\/lider-politechnika-lodzka\/","og_site_name":"Moratex","article_modified_time":"2019-10-07T09:40:54+00:00","twitter_card":"summary_large_image","schema":{"@context":"https:\/\/schema.org","@graph":[{"@type":"WebPage","@id":"http:\/\/moratex.eu\/lider-politechnika-lodzka\/","url":"http:\/\/moratex.eu\/lider-politechnika-lodzka\/","name":"Lider: Politechnika \u0141\u00f3dzka - Moratex \"MORATEX\"","isPartOf":{"@id":"http:\/\/moratex.eu\/#website"},"datePublished":"2018-07-09T17:52:23+00:00","dateModified":"2019-10-07T09:40:54+00:00","description":"Lider: Politechnika \u0141\u00f3dzka - Instytut Technologii Bezpiecze\u0144stwa \u201eMORATEX\u201d w \u0141odzi - ul. Marii Sk\u0142odowskiej-Curie 3, \u0141\u00f3d\u017a, 90-505","breadcrumb":{"@id":"http:\/\/moratex.eu\/lider-politechnika-lodzka\/#breadcrumb"},"inLanguage":"en-US","potentialAction":[{"@type":"ReadAction","target":["http:\/\/moratex.eu\/lider-politechnika-lodzka\/"]}]},{"@type":"BreadcrumbList","@id":"http:\/\/moratex.eu\/lider-politechnika-lodzka\/#breadcrumb","itemListElement":[{"@type":"ListItem","position":1,"name":"Strona g\u0142\u00f3wna","item":"http:\/\/moratex.eu\/en\/"},{"@type":"ListItem","position":2,"name":"Lider: Politechnika \u0141\u00f3dzka"}]},{"@type":"WebSite","@id":"http:\/\/moratex.eu\/#website","url":"http:\/\/moratex.eu\/","name":"Moratex","description":"MORATEX w \u0141odzi","potentialAction":[{"@type":"SearchAction","target":{"@type":"EntryPoint","urlTemplate":"http:\/\/moratex.eu\/?s={search_term_string}"},"query-input":{"@type":"PropertyValueSpecification","valueRequired":true,"valueName":"search_term_string"}}],"inLanguage":"en-US"}]}},"_links":{"self":[{"href":"http:\/\/moratex.eu\/en\/wp-json\/wp\/v2\/pages\/547","targetHints":{"allow":["GET"]}}],"collection":[{"href":"http:\/\/moratex.eu\/en\/wp-json\/wp\/v2\/pages"}],"about":[{"href":"http:\/\/moratex.eu\/en\/wp-json\/wp\/v2\/types\/page"}],"author":[{"embeddable":true,"href":"http:\/\/moratex.eu\/en\/wp-json\/wp\/v2\/users\/1"}],"replies":[{"embeddable":true,"href":"http:\/\/moratex.eu\/en\/wp-json\/wp\/v2\/comments?post=547"}],"version-history":[{"count":3,"href":"http:\/\/moratex.eu\/en\/wp-json\/wp\/v2\/pages\/547\/revisions"}],"predecessor-version":[{"id":4214,"href":"http:\/\/moratex.eu\/en\/wp-json\/wp\/v2\/pages\/547\/revisions\/4214"}],"wp:attachment":[{"href":"http:\/\/moratex.eu\/en\/wp-json\/wp\/v2\/media?parent=547"}],"curies":[{"name":"wp","href":"https:\/\/api.w.org\/{rel}","templated":true}]}}