{"id":5470,"date":"2020-10-15T12:17:11","date_gmt":"2020-10-15T10:17:11","guid":{"rendered":"http:\/\/moratex.eu\/?page_id=5470"},"modified":"2025-03-17T12:00:10","modified_gmt":"2025-03-17T11:00:10","slug":"deklaracja-dostepnosci","status":"publish","type":"page","link":"http:\/\/moratex.eu\/en\/deklaracja-dostepnosci\/","title":{"rendered":"Deklaracja Dost\u0119pno\u015bci"},"content":{"rendered":"<h1><strong>Deklaracja dost\u0119pno\u015bci cyfrowej strony internetowej Instytutu Technologii Bezpiecze\u0144stwa ,,Moratex&#8221;<\/strong><\/h1>\n<p><span id=\"a11y-podmiot\">ITB ,,Moratex&#8221;<\/span> zobowi\u0105zuje si\u0119 zapewni\u0107 dost\u0119pno\u015b\u0107 swojej strony internetowej zgodnie z przepisami ustawy z dnia 4 kwietnia 2019 r. o dost\u0119pno\u015bci cyfrowej stron internetowych i aplikacji mobilnych podmiot\u00f3w publicznych. O\u015bwiadczenie w sprawie dost\u0119pno\u015bci ma zastosowanie do strony internetowej <a id=\"a11y-url\" href=\"http:\/\/www.moratex.eu\"><strong>Instytutu Technologii Bezpiecze\u0144stwa ,,Moratex&#8221;<\/strong><\/a>.<\/p>\n<p>Data publikacji strony internetowej: <span id=\"a11y-data-publikacja\">2018-07-06<\/span>.<\/p>\n<p>Data ostatniej istotnej aktualizacji: <span id=\"a11y-data-aktualizacja\">2025-03-14<\/span>.<\/p>\n<h2>Status pod wzgl\u0119dem zgodno\u015bci z ustaw\u0105<\/h2>\n<p>Strona internetowa jest <strong>cz\u0119\u015bciowo zgodna<\/strong> z ustaw\u0105 z dnia 4 kwietnia 2019 r. o dost\u0119pno\u015bci cyfrowej stron internetowych i aplikacji mobilnych podmiot\u00f3w publicznych z powodu niezgodno\u015bci lub wy\u0142\u0105cze\u0144 wymienionych poni\u017cej.<\/p>\n<p>Tre\u015bci niedost\u0119pne:<\/p>\n<ul>\n<li>brak opis\u00f3w alternatywnych i tytu\u0142\u00f3w dla cz\u0119\u015bci zdj\u0119\u0107 i obrazk\u00f3w,<\/li>\n<li>brak audiodeskrypcji dla materia\u0142\u00f3w multimedialnych,<\/li>\n<li>brak odpowiedniej struktury nag\u0142\u00f3wkowej artyku\u0142\u00f3w, tre\u015bci te s\u0105 uaktualniane przy bie\u017c\u0105cej obs\u0142udze strony.<\/li>\n<\/ul>\n<p>Wy\u0142\u0105czenia:<\/p>\n<ul>\n<li>filmy opublikowane przed 23 wrze\u015bnia 2020 r. s\u0105 wy\u0142\u0105czone z obowi\u0105zku zapewniania dost\u0119pno\u015bci,<\/li>\n<li>tre\u015bci archiwalne, niewykorzystywane do realizacji bie\u017c\u0105cych zada\u0144 s\u0105 wy\u0142\u0105czone z obowi\u0105zku zapewniania dost\u0119pno\u015bci.<\/li>\n<\/ul>\n<h2>Data sporz\u0105dzenia Deklaracji i metoda oceny dost\u0119pno\u015bci cyfrowej<\/h2>\n<p>O\u015bwiadczenie sporz\u0105dzono dnia: <span id=\"a11y-data-sporzadzenie\"><strong>2025-03-14<\/strong><\/span>.<br \/>\nDeklaracj\u0119 sporz\u0105dzono na podstawie samooceny przeprowadzonej przez podmiot publiczny.<\/p>\n<h2>Skr\u00f3ty klawiszowe<\/h2>\n<p>Na stronie internetowej mo\u017cna u\u017cywa\u0107 standardowych skr\u00f3t\u00f3w klawiaturowych przegl\u0105darki.<\/p>\n<h2 id=\"\u201ea11y-kontakt\u201d\">Informacje zwrotne i dane kontaktowe<\/h2>\n<p>W przypadku problem\u00f3w z dost\u0119pno\u015bci\u0105 strony internetowej prosimy o kontakt. Osob\u0105 kontaktow\u0105 jest <span id=\"a11y-osoba\"><strong>Mateusz Gajdacz<\/strong><\/span>, <span id=\"a11y-email\"><strong>mgajdacz@moratex.eu<\/strong><\/span>. Kontaktowa\u0107 mo\u017cna si\u0119 tak\u017ce dzwoni\u0105c na numer telefonu<span id=\"a11y-telefon\"><strong> wewn. 117.<\/strong><\/span> T\u0105 sam\u0105 drog\u0105 mo\u017cna sk\u0142ada\u0107 wnioski o udost\u0119pnienie informacji niedost\u0119pnej oraz sk\u0142ada\u0107 \u017c\u0105dania zapewnienia dost\u0119pno\u015bci.<\/p>\n<h2 id=\"\u201ea11y-kontakt\u201d\">Informacje na temat procedury<\/h2>\n<p id=\"\u201da11y-procedura\u201d\">Ka\u017cdy ma prawo do wyst\u0105pienia z \u017c\u0105daniem zapewnienia dost\u0119pno\u015bci cyfrowej strony internetowej, aplikacji mobilnej lub jakiego\u015b ich elementu. Mo\u017cna tak\u017ce za\u017c\u0105da\u0107 udost\u0119pnienia informacji za pomoc\u0105 alternatywnego sposobu dost\u0119pu, na przyk\u0142ad przez odczytanie niedost\u0119pnego cyfrowo dokumentu, opisanie zawarto\u015bci filmu bez audiodeskrypcji itp. \u017b\u0105danie powinno zawiera\u0107 dane osoby zg\u0142aszaj\u0105cej \u017c\u0105danie, wskazanie, o kt\u00f3r\u0105 stron\u0119 internetow\u0105 lub aplikacj\u0119 mobiln\u0105 chodzi oraz spos\u00f3b kontaktu. Je\u017celi osoba \u017c\u0105daj\u0105ca zg\u0142asza potrzeb\u0119 otrzymania informacji za pomoc\u0105 alternatywnego sposobu dost\u0119pu, powinna tak\u017ce okre\u015bli\u0107 dogodny dla niej spos\u00f3b przedstawienia tej informacji. Podmiot publiczny powinien zrealizowa\u0107 \u017c\u0105danie niezw\u0142ocznie, nie p\u00f3\u017aniej ni\u017c w ci\u0105gu 7 dni od dnia wyst\u0105pienia z \u017c\u0105daniem. Je\u017celi dotrzymanie tego terminu nie jest mo\u017cliwe, podmiot publiczny niezw\u0142ocznie informuje o tym wnosz\u0105cego \u017c\u0105danie, kiedy realizacja \u017c\u0105dania b\u0119dzie mo\u017cliwa, przy czym termin ten nie mo\u017ce by\u0107 d\u0142u\u017cszy ni\u017c 2 miesi\u0105ce od dnia wyst\u0105pienia z \u017c\u0105daniem. Je\u017celi zapewnienie dost\u0119pno\u015bci cyfrowej nie jest mo\u017cliwe, podmiot publiczny mo\u017ce zaproponowa\u0107 alternatywny spos\u00f3b dost\u0119pu do informacji. W przypadku, gdy podmiot publiczny odm\u00f3wi realizacji \u017c\u0105dania zapewnienia dost\u0119pno\u015bci lub alternatywnego sposobu dost\u0119pu do informacji, wnosz\u0105cy \u017c\u0105danie mo\u017cne z\u0142o\u017cy\u0107 skarg\u0119 w sprawie zapewniana dost\u0119pno\u015bci cyfrowej strony internetowej, aplikacji mobilnej lub elementu strony internetowej, lub aplikacji mobilnej. Po wyczerpaniu wskazanej wy\u017cej procedury mo\u017cna tak\u017ce z\u0142o\u017cy\u0107 wniosek do<a href=\"https:\/\/www.rpo.gov.pl\/\"><em> Rzecznika Praw Obywatelskich<\/em><\/a>.<\/p>\n<h2 id=\"\u201da11y-architektura&quot;\">Dost\u0119pno\u015b\u0107 architektoniczna<\/h2>\n<p>ITB ,,Moratex&#8221; &#8211; ul. Marii Sk\u0142odowskiej-Curie 3, 90-505 \u0141\u00f3d\u017a &#8211; obiekt nie jest dostosowany do potrzeb os\u00f3b niepe\u0142nosprawnych.<\/p>\n<h2 id=\"\u201da11y-architektura&quot;\">Dost\u0119pno\u015b\u0107 na stronie moratex.eu<\/h2>\n<p>Strona internetowa moratex.eu posiada nast\u0119puj\u0105ce funkcje u\u0142atwiaj\u0105ce osobom cierpi\u0105cym na utrat\u0119 wzroku, z problemami<br \/>\nmotorycznymi, maj\u0105cym dysleksj\u0119 oraz inne problemy w uczeniu si\u0119 korzystanie z niej:<\/p>\n<ul>\n<li>Nawigacja przy u\u017cyciu klawiatury,<\/li>\n<li>Powi\u0119kszenie kursora,<\/li>\n<li>Zwi\u0119kszenie rozmiaru tekstu na stronie,<\/li>\n<li>Zmiana ustawie\u0144 kontrastu,<\/li>\n<li>Zmiana ustawie\u0144 saturacji,<\/li>\n<li>Pod\u015bwietlanie link\u00f3w,<\/li>\n<li>Zwi\u0119kszenie odst\u0119p\u00f3w mi\u0119dzy znakami w tek\u015bcie,<\/li>\n<li>Zatrzymanie animacji na stronie.<\/li>\n<\/ul>\n<p>Serwis moratex.eu udost\u0119pnia widget dost\u0119pno\u015bci do witryny UserWay, kt\u00f3ry jest obs\u0142ugiwany przez dedykowany serwer dost\u0119pno\u015bci. Oprogramowanie pozwala poprawi\u0107 zgodno\u015b\u0107 witryny z wytycznymi dotycz\u0105cymi dost\u0119pno\u015bci tre\u015bci internetowych (WCAG 2.1).<\/p>\n","protected":false},"excerpt":{"rendered":"<p>Deklaracja dost\u0119pno\u015bci cyfrowej strony internetowej Instytutu Technologii Bezpiecze\u0144stwa ,,Moratex&#8221; ITB ,,Moratex&#8221; zobowi\u0105zuje si\u0119 zapewni\u0107 dost\u0119pno\u015b\u0107 swojej strony internetowej zgodnie z przepisami ustawy [&hellip;]<\/p>\n","protected":false},"author":8,"featured_media":0,"parent":0,"menu_order":0,"comment_status":"closed","ping_status":"closed","template":"","meta":{"_acf_changed":false,"footnotes":""},"class_list":["post-5470","page","type-page","status-publish","hentry"],"acf":[],"yoast_head":"<!-- This site is optimized with the Yoast SEO plugin v26.6 - https:\/\/yoast.com\/wordpress\/plugins\/seo\/ -->\n<title>Deklaracja Dost\u0119pno\u015bci - Moratex &quot;MORATEX&quot;<\/title>\n<meta name=\"description\" content=\"Deklaracja Dost\u0119pno\u015bci - Instytut Technologii Bezpiecze\u0144stwa \u201eMORATEX\u201d w \u0141odzi - ul. Marii Sk\u0142odowskiej-Curie 3, \u0141\u00f3d\u017a, 90-505\" \/>\n<meta name=\"robots\" content=\"index, follow, max-snippet:-1, max-image-preview:large, max-video-preview:-1\" \/>\n<link rel=\"canonical\" href=\"http:\/\/moratex.eu\/deklaracja-dostepnosci\/\" \/>\n<meta property=\"og:locale\" content=\"en_US\" \/>\n<meta property=\"og:type\" content=\"article\" \/>\n<meta property=\"og:title\" content=\"Deklaracja Dost\u0119pno\u015bci - Moratex &quot;MORATEX&quot;\" \/>\n<meta property=\"og:description\" content=\"Deklaracja Dost\u0119pno\u015bci - Instytut Technologii Bezpiecze\u0144stwa \u201eMORATEX\u201d w \u0141odzi - ul. Marii Sk\u0142odowskiej-Curie 3, \u0141\u00f3d\u017a, 90-505\" \/>\n<meta property=\"og:url\" content=\"http:\/\/moratex.eu\/deklaracja-dostepnosci\/\" \/>\n<meta property=\"og:site_name\" content=\"Moratex\" \/>\n<meta property=\"article:modified_time\" content=\"2025-03-17T11:00:10+00:00\" \/>\n<meta name=\"twitter:card\" content=\"summary_large_image\" \/>\n<meta name=\"twitter:label1\" content=\"Est. reading time\" \/>\n\t<meta name=\"twitter:data1\" content=\"4 minutes\" \/>\n<script type=\"application\/ld+json\" class=\"yoast-schema-graph\">{\"@context\":\"https:\/\/schema.org\",\"@graph\":[{\"@type\":\"WebPage\",\"@id\":\"http:\/\/moratex.eu\/deklaracja-dostepnosci\/\",\"url\":\"http:\/\/moratex.eu\/deklaracja-dostepnosci\/\",\"name\":\"Deklaracja Dost\u0119pno\u015bci - Moratex \\\"MORATEX\\\"\",\"isPartOf\":{\"@id\":\"http:\/\/moratex.eu\/#website\"},\"datePublished\":\"2020-10-15T10:17:11+00:00\",\"dateModified\":\"2025-03-17T11:00:10+00:00\",\"description\":\"Deklaracja Dost\u0119pno\u015bci - Instytut Technologii Bezpiecze\u0144stwa \u201eMORATEX\u201d w \u0141odzi - ul. Marii Sk\u0142odowskiej-Curie 3, \u0141\u00f3d\u017a, 90-505\",\"breadcrumb\":{\"@id\":\"http:\/\/moratex.eu\/deklaracja-dostepnosci\/#breadcrumb\"},\"inLanguage\":\"en-US\",\"potentialAction\":[{\"@type\":\"ReadAction\",\"target\":[\"http:\/\/moratex.eu\/deklaracja-dostepnosci\/\"]}]},{\"@type\":\"BreadcrumbList\",\"@id\":\"http:\/\/moratex.eu\/deklaracja-dostepnosci\/#breadcrumb\",\"itemListElement\":[{\"@type\":\"ListItem\",\"position\":1,\"name\":\"Strona g\u0142\u00f3wna\",\"item\":\"http:\/\/moratex.eu\/en\/\"},{\"@type\":\"ListItem\",\"position\":2,\"name\":\"Deklaracja Dost\u0119pno\u015bci\"}]},{\"@type\":\"WebSite\",\"@id\":\"http:\/\/moratex.eu\/#website\",\"url\":\"http:\/\/moratex.eu\/\",\"name\":\"Moratex\",\"description\":\"MORATEX w \u0141odzi\",\"potentialAction\":[{\"@type\":\"SearchAction\",\"target\":{\"@type\":\"EntryPoint\",\"urlTemplate\":\"http:\/\/moratex.eu\/?s={search_term_string}\"},\"query-input\":{\"@type\":\"PropertyValueSpecification\",\"valueRequired\":true,\"valueName\":\"search_term_string\"}}],\"inLanguage\":\"en-US\"}]}<\/script>\n<!-- \/ Yoast SEO plugin. -->","yoast_head_json":{"title":"Deklaracja Dost\u0119pno\u015bci - Moratex \"MORATEX\"","description":"Deklaracja Dost\u0119pno\u015bci - Instytut Technologii Bezpiecze\u0144stwa \u201eMORATEX\u201d w \u0141odzi - ul. Marii Sk\u0142odowskiej-Curie 3, \u0141\u00f3d\u017a, 90-505","robots":{"index":"index","follow":"follow","max-snippet":"max-snippet:-1","max-image-preview":"max-image-preview:large","max-video-preview":"max-video-preview:-1"},"canonical":"http:\/\/moratex.eu\/deklaracja-dostepnosci\/","og_locale":"en_US","og_type":"article","og_title":"Deklaracja Dost\u0119pno\u015bci - Moratex \"MORATEX\"","og_description":"Deklaracja Dost\u0119pno\u015bci - Instytut Technologii Bezpiecze\u0144stwa \u201eMORATEX\u201d w \u0141odzi - ul. Marii Sk\u0142odowskiej-Curie 3, \u0141\u00f3d\u017a, 90-505","og_url":"http:\/\/moratex.eu\/deklaracja-dostepnosci\/","og_site_name":"Moratex","article_modified_time":"2025-03-17T11:00:10+00:00","twitter_card":"summary_large_image","twitter_misc":{"Est. reading time":"4 minutes"},"schema":{"@context":"https:\/\/schema.org","@graph":[{"@type":"WebPage","@id":"http:\/\/moratex.eu\/deklaracja-dostepnosci\/","url":"http:\/\/moratex.eu\/deklaracja-dostepnosci\/","name":"Deklaracja Dost\u0119pno\u015bci - Moratex \"MORATEX\"","isPartOf":{"@id":"http:\/\/moratex.eu\/#website"},"datePublished":"2020-10-15T10:17:11+00:00","dateModified":"2025-03-17T11:00:10+00:00","description":"Deklaracja Dost\u0119pno\u015bci - Instytut Technologii Bezpiecze\u0144stwa \u201eMORATEX\u201d w \u0141odzi - ul. Marii Sk\u0142odowskiej-Curie 3, \u0141\u00f3d\u017a, 90-505","breadcrumb":{"@id":"http:\/\/moratex.eu\/deklaracja-dostepnosci\/#breadcrumb"},"inLanguage":"en-US","potentialAction":[{"@type":"ReadAction","target":["http:\/\/moratex.eu\/deklaracja-dostepnosci\/"]}]},{"@type":"BreadcrumbList","@id":"http:\/\/moratex.eu\/deklaracja-dostepnosci\/#breadcrumb","itemListElement":[{"@type":"ListItem","position":1,"name":"Strona g\u0142\u00f3wna","item":"http:\/\/moratex.eu\/en\/"},{"@type":"ListItem","position":2,"name":"Deklaracja Dost\u0119pno\u015bci"}]},{"@type":"WebSite","@id":"http:\/\/moratex.eu\/#website","url":"http:\/\/moratex.eu\/","name":"Moratex","description":"MORATEX w \u0141odzi","potentialAction":[{"@type":"SearchAction","target":{"@type":"EntryPoint","urlTemplate":"http:\/\/moratex.eu\/?s={search_term_string}"},"query-input":{"@type":"PropertyValueSpecification","valueRequired":true,"valueName":"search_term_string"}}],"inLanguage":"en-US"}]}},"_links":{"self":[{"href":"http:\/\/moratex.eu\/en\/wp-json\/wp\/v2\/pages\/5470","targetHints":{"allow":["GET"]}}],"collection":[{"href":"http:\/\/moratex.eu\/en\/wp-json\/wp\/v2\/pages"}],"about":[{"href":"http:\/\/moratex.eu\/en\/wp-json\/wp\/v2\/types\/page"}],"author":[{"embeddable":true,"href":"http:\/\/moratex.eu\/en\/wp-json\/wp\/v2\/users\/8"}],"replies":[{"embeddable":true,"href":"http:\/\/moratex.eu\/en\/wp-json\/wp\/v2\/comments?post=5470"}],"version-history":[{"count":22,"href":"http:\/\/moratex.eu\/en\/wp-json\/wp\/v2\/pages\/5470\/revisions"}],"predecessor-version":[{"id":8706,"href":"http:\/\/moratex.eu\/en\/wp-json\/wp\/v2\/pages\/5470\/revisions\/8706"}],"wp:attachment":[{"href":"http:\/\/moratex.eu\/en\/wp-json\/wp\/v2\/media?parent=5470"}],"curies":[{"name":"wp","href":"https:\/\/api.w.org\/{rel}","templated":true}]}}