{"id":562,"date":"2018-07-09T20:21:00","date_gmt":"2018-07-09T18:21:00","guid":{"rendered":"http:\/\/moratex.cf\/?page_id=562"},"modified":"2021-11-05T12:25:35","modified_gmt":"2021-11-05T11:25:35","slug":"centrum-naukowo-przemyslowe","status":"publish","type":"page","link":"http:\/\/moratex.eu\/en\/centrum-naukowo-przemyslowe\/","title":{"rendered":"Centrum Naukowo-Przemys\u0142owe"},"content":{"rendered":"<p>W Instytucie dzia\u0142a mi\u0119dzyregionalne<strong> Centrum Naukowo-Przemys\u0142owe BALLStrag<\/strong> dzia\u0142aj\u0105ce w oparciu o art. 38 Ustawy z dnia 30 kwietnia 2010 roku o instytutach badawczych, kt\u00f3rego celem jest m.in.: wsp\u00f3\u0142dzia\u0142anie w realizacji wdro\u017ce\u0144 wynik\u00f3w prac naukowo-technicznych z zakresu innowacyjnych materia\u0142\u00f3w i wyrob\u00f3w balistycznych stosowanych w obszarze bezpiecze\u0144stwa pa\u0144stwa.<\/p>\n<p>Celem Centrum jest:<\/p>\n<ul>\n<li>inicjowanie tworzenia i korzystania z du\u017cej infrastruktury badawczej,<\/li>\n<li>organizowanie okresowej wymiany pracownik\u00f3w i student\u00f3w pomi\u0119dzy podmiotami wchodz\u0105cym w sk\u0142ad Centrum,<\/li>\n<li>realizacja program\u00f3w sta\u017cy pracownik\u00f3w naukowych, posiadaj\u0105cych stopie\u0144 naukowy doktora w jednostkach Centrum, ze szczeg\u00f3lnym uwzgl\u0119dnieniem przedsi\u0119biorc\u00f3w,<\/li>\n<li>inicjowanie i koordynowanie udzia\u0142u jednostek Centrum w mi\u0119dzynarodowych programach badawczych,<\/li>\n<li>pozyskiwanie i obs\u0142uga projekt\u00f3w badawczych krajowych i finansowanych z funduszy europejskich, co znacz\u0105co wpisuje si\u0119 w zdefiniowane ramy Centrum oraz POIR 2014 \u2013 2020.<\/li>\n<\/ul>\n<p>&nbsp;<\/p>\n<p>W czerwcu 2016 roku zosta\u0142o zawi\u0105zane nowe <strong>Centrum Naukowo-Przemys\u0142owe<\/strong>, kt\u00f3rego obszarem dzia\u0142ania s\u0105 szeroko rozumiane tekstylne wyroby powlekane oraz technologie wyrob\u00f3w pneumatycznych stosowane w obszarze bezpiecze\u0144stwa pa\u0144stwa.<\/p>\n<p>Centrum naukowo-przemys\u0142owe z partnerem przemys\u0142owym Lubawa SA dzia\u0142a w oparciu o art. 38 ustawy z dnia 30 kwietnia 2010 roku o instytutach badawczych.<br \/>\nCentrum jest dobrowolnym porozumieniem stron umowy, opartym na zasadzie r\u00f3wno\u015bci wszystkich cz\u0142onk\u00f3w, utworzonym w celu podj\u0119cia przez strony wsp\u00f3\u0142pracy w obszarze bada\u0144 i wdro\u017ce\u0144 nad technologiami tekstylnych wyrob\u00f3w powlekanych oraz wyrob\u00f3w pneumatycznych stosowane w obszarze bezpiecze\u0144stwa pa\u0144stwa.<\/p>\n<p>Do zada\u0144 Centrum nale\u017cy w szczeg\u00f3lno\u015bci:<\/p>\n<ul>\n<li>wspieranie i koordynowanie dzia\u0142alno\u015bci podmiot\u00f3w wchodz\u0105cych w sk\u0142ad Centrum;<\/li>\n<li>wsp\u00f3\u0142dzia\u0142anie w realizacji wdro\u017ce\u0144 wynik\u00f3w prac naukowo-technicznych Centrum;<\/li>\n<li>inicjowanie tworzenia i korzystania z du\u017cej infrastruktury badawczej;<\/li>\n<li>organizowanie okresowej wymiany pracownik\u00f3w i student\u00f3w pomi\u0119dzy podmiotami wchodz\u0105cym w sk\u0142ad Centrum;<\/li>\n<li>realizacja program\u00f3w sta\u017cy pracownik\u00f3w naukowych, posiadaj\u0105cych stopie\u0144 naukowy doktora w jednostkach Centrum, ze szczeg\u00f3lnym uwzgl\u0119dnieniem przedsi\u0119biorc\u00f3w;<\/li>\n<li>inicjowanie i koordynowanie udzia\u0142u jednostek Centrum w mi\u0119dzynarodowych programach badawczych;<\/li>\n<li>pozyskiwanie i obs\u0142uga projekt\u00f3w badawczych krajowych i finansowanych z funduszy europejskich.<\/li>\n<\/ul>\n","protected":false},"excerpt":{"rendered":"<p>W Instytucie dzia\u0142a mi\u0119dzyregionalne Centrum Naukowo-Przemys\u0142owe BALLStrag dzia\u0142aj\u0105ce w oparciu o art. 38 Ustawy z dnia 30 kwietnia 2010 roku o instytutach [&hellip;]<\/p>\n","protected":false},"author":1,"featured_media":0,"parent":0,"menu_order":0,"comment_status":"closed","ping_status":"closed","template":"","meta":{"_acf_changed":false,"footnotes":""},"class_list":["post-562","page","type-page","status-publish","hentry"],"acf":[],"yoast_head":"<!-- This site is optimized with the Yoast SEO plugin v26.6 - https:\/\/yoast.com\/wordpress\/plugins\/seo\/ -->\n<title>Centrum Naukowo-Przemys\u0142owe - Moratex &quot;MORATEX&quot;<\/title>\n<meta name=\"description\" content=\"Centrum Naukowo-Przemys\u0142owe - Instytut Technologii Bezpiecze\u0144stwa \u201eMORATEX\u201d w \u0141odzi - ul. Marii Sk\u0142odowskiej-Curie 3, \u0141\u00f3d\u017a, 90-505\" \/>\n<meta name=\"robots\" content=\"index, follow, max-snippet:-1, max-image-preview:large, max-video-preview:-1\" \/>\n<link rel=\"canonical\" href=\"http:\/\/moratex.eu\/centrum-naukowo-przemyslowe\/\" \/>\n<meta property=\"og:locale\" content=\"en_US\" \/>\n<meta property=\"og:type\" content=\"article\" \/>\n<meta property=\"og:title\" content=\"Centrum Naukowo-Przemys\u0142owe - Moratex &quot;MORATEX&quot;\" \/>\n<meta property=\"og:description\" content=\"Centrum Naukowo-Przemys\u0142owe - Instytut Technologii Bezpiecze\u0144stwa \u201eMORATEX\u201d w \u0141odzi - ul. Marii Sk\u0142odowskiej-Curie 3, \u0141\u00f3d\u017a, 90-505\" \/>\n<meta property=\"og:url\" content=\"http:\/\/moratex.eu\/centrum-naukowo-przemyslowe\/\" \/>\n<meta property=\"og:site_name\" content=\"Moratex\" \/>\n<meta property=\"article:modified_time\" content=\"2021-11-05T11:25:35+00:00\" \/>\n<meta name=\"twitter:card\" content=\"summary_large_image\" \/>\n<meta name=\"twitter:label1\" content=\"Est. reading time\" \/>\n\t<meta name=\"twitter:data1\" content=\"2 minutes\" \/>\n<script type=\"application\/ld+json\" class=\"yoast-schema-graph\">{\"@context\":\"https:\/\/schema.org\",\"@graph\":[{\"@type\":\"WebPage\",\"@id\":\"http:\/\/moratex.eu\/centrum-naukowo-przemyslowe\/\",\"url\":\"http:\/\/moratex.eu\/centrum-naukowo-przemyslowe\/\",\"name\":\"Centrum Naukowo-Przemys\u0142owe - Moratex \\\"MORATEX\\\"\",\"isPartOf\":{\"@id\":\"http:\/\/moratex.eu\/#website\"},\"datePublished\":\"2018-07-09T18:21:00+00:00\",\"dateModified\":\"2021-11-05T11:25:35+00:00\",\"description\":\"Centrum Naukowo-Przemys\u0142owe - Instytut Technologii Bezpiecze\u0144stwa \u201eMORATEX\u201d w \u0141odzi - ul. Marii Sk\u0142odowskiej-Curie 3, \u0141\u00f3d\u017a, 90-505\",\"breadcrumb\":{\"@id\":\"http:\/\/moratex.eu\/centrum-naukowo-przemyslowe\/#breadcrumb\"},\"inLanguage\":\"en-US\",\"potentialAction\":[{\"@type\":\"ReadAction\",\"target\":[\"http:\/\/moratex.eu\/centrum-naukowo-przemyslowe\/\"]}]},{\"@type\":\"BreadcrumbList\",\"@id\":\"http:\/\/moratex.eu\/centrum-naukowo-przemyslowe\/#breadcrumb\",\"itemListElement\":[{\"@type\":\"ListItem\",\"position\":1,\"name\":\"Strona g\u0142\u00f3wna\",\"item\":\"http:\/\/moratex.eu\/en\/\"},{\"@type\":\"ListItem\",\"position\":2,\"name\":\"Centrum Naukowo-Przemys\u0142owe\"}]},{\"@type\":\"WebSite\",\"@id\":\"http:\/\/moratex.eu\/#website\",\"url\":\"http:\/\/moratex.eu\/\",\"name\":\"Moratex\",\"description\":\"MORATEX w \u0141odzi\",\"potentialAction\":[{\"@type\":\"SearchAction\",\"target\":{\"@type\":\"EntryPoint\",\"urlTemplate\":\"http:\/\/moratex.eu\/?s={search_term_string}\"},\"query-input\":{\"@type\":\"PropertyValueSpecification\",\"valueRequired\":true,\"valueName\":\"search_term_string\"}}],\"inLanguage\":\"en-US\"}]}<\/script>\n<!-- \/ Yoast SEO plugin. -->","yoast_head_json":{"title":"Centrum Naukowo-Przemys\u0142owe - Moratex \"MORATEX\"","description":"Centrum Naukowo-Przemys\u0142owe - Instytut Technologii Bezpiecze\u0144stwa \u201eMORATEX\u201d w \u0141odzi - ul. Marii Sk\u0142odowskiej-Curie 3, \u0141\u00f3d\u017a, 90-505","robots":{"index":"index","follow":"follow","max-snippet":"max-snippet:-1","max-image-preview":"max-image-preview:large","max-video-preview":"max-video-preview:-1"},"canonical":"http:\/\/moratex.eu\/centrum-naukowo-przemyslowe\/","og_locale":"en_US","og_type":"article","og_title":"Centrum Naukowo-Przemys\u0142owe - Moratex \"MORATEX\"","og_description":"Centrum Naukowo-Przemys\u0142owe - Instytut Technologii Bezpiecze\u0144stwa \u201eMORATEX\u201d w \u0141odzi - ul. Marii Sk\u0142odowskiej-Curie 3, \u0141\u00f3d\u017a, 90-505","og_url":"http:\/\/moratex.eu\/centrum-naukowo-przemyslowe\/","og_site_name":"Moratex","article_modified_time":"2021-11-05T11:25:35+00:00","twitter_card":"summary_large_image","twitter_misc":{"Est. reading time":"2 minutes"},"schema":{"@context":"https:\/\/schema.org","@graph":[{"@type":"WebPage","@id":"http:\/\/moratex.eu\/centrum-naukowo-przemyslowe\/","url":"http:\/\/moratex.eu\/centrum-naukowo-przemyslowe\/","name":"Centrum Naukowo-Przemys\u0142owe - Moratex \"MORATEX\"","isPartOf":{"@id":"http:\/\/moratex.eu\/#website"},"datePublished":"2018-07-09T18:21:00+00:00","dateModified":"2021-11-05T11:25:35+00:00","description":"Centrum Naukowo-Przemys\u0142owe - Instytut Technologii Bezpiecze\u0144stwa \u201eMORATEX\u201d w \u0141odzi - ul. Marii Sk\u0142odowskiej-Curie 3, \u0141\u00f3d\u017a, 90-505","breadcrumb":{"@id":"http:\/\/moratex.eu\/centrum-naukowo-przemyslowe\/#breadcrumb"},"inLanguage":"en-US","potentialAction":[{"@type":"ReadAction","target":["http:\/\/moratex.eu\/centrum-naukowo-przemyslowe\/"]}]},{"@type":"BreadcrumbList","@id":"http:\/\/moratex.eu\/centrum-naukowo-przemyslowe\/#breadcrumb","itemListElement":[{"@type":"ListItem","position":1,"name":"Strona g\u0142\u00f3wna","item":"http:\/\/moratex.eu\/en\/"},{"@type":"ListItem","position":2,"name":"Centrum Naukowo-Przemys\u0142owe"}]},{"@type":"WebSite","@id":"http:\/\/moratex.eu\/#website","url":"http:\/\/moratex.eu\/","name":"Moratex","description":"MORATEX w \u0141odzi","potentialAction":[{"@type":"SearchAction","target":{"@type":"EntryPoint","urlTemplate":"http:\/\/moratex.eu\/?s={search_term_string}"},"query-input":{"@type":"PropertyValueSpecification","valueRequired":true,"valueName":"search_term_string"}}],"inLanguage":"en-US"}]}},"_links":{"self":[{"href":"http:\/\/moratex.eu\/en\/wp-json\/wp\/v2\/pages\/562","targetHints":{"allow":["GET"]}}],"collection":[{"href":"http:\/\/moratex.eu\/en\/wp-json\/wp\/v2\/pages"}],"about":[{"href":"http:\/\/moratex.eu\/en\/wp-json\/wp\/v2\/types\/page"}],"author":[{"embeddable":true,"href":"http:\/\/moratex.eu\/en\/wp-json\/wp\/v2\/users\/1"}],"replies":[{"embeddable":true,"href":"http:\/\/moratex.eu\/en\/wp-json\/wp\/v2\/comments?post=562"}],"version-history":[{"count":3,"href":"http:\/\/moratex.eu\/en\/wp-json\/wp\/v2\/pages\/562\/revisions"}],"predecessor-version":[{"id":4216,"href":"http:\/\/moratex.eu\/en\/wp-json\/wp\/v2\/pages\/562\/revisions\/4216"}],"wp:attachment":[{"href":"http:\/\/moratex.eu\/en\/wp-json\/wp\/v2\/media?parent=562"}],"curies":[{"name":"wp","href":"https:\/\/api.w.org\/{rel}","templated":true}]}}