{"id":5748,"date":"2021-03-03T11:37:22","date_gmt":"2021-03-03T10:37:22","guid":{"rendered":"http:\/\/moratex.eu\/?page_id=5748"},"modified":"2021-11-23T14:19:40","modified_gmt":"2021-11-23T13:19:40","slug":"szkolenia","status":"publish","type":"page","link":"http:\/\/moratex.eu\/en\/szkolenia\/","title":{"rendered":"Szkolenia"},"content":{"rendered":"<table style=\"height: 207px;\" width=\"1147\">\n<tbody>\n<tr>\n<td width=\"614\">\n<h1><strong>Wymagane szkolenia w zakresie koncesji MSWiA \u2013 instytucja upowa\u017cniona:<br \/>\nInstytut Technologii Bezpiecze\u0144stwa \u201eMORATEX\u201d w \u0141odzi.<\/strong><\/h1>\n<p><strong>\u00a0<\/strong><\/p>\n<h2><strong>Temat:<\/strong><\/h2>\n<h2><strong>Wytwarzanie i\/lub obr\u00f3t wyrobami oraz technologi\u0105 o przeznaczeniu wojskowym lub policyjnym w zakresie wyrob\u00f3w tekstylnych, wyrob\u00f3w balistycznych i ochronnych.<\/strong><\/h2>\n<p>Pobierz <a href=\"http:\/\/moratex.eu\/wp-content\/uploads\/2021\/05\/Zg\u0142oszenie-szkolenia-Ustawa-o-obrocie.doc\">formularz zg\u0142oszenia<\/a>.<\/p>\n<p>&nbsp;<\/p>\n<p>Szkolenie wymagane Ustaw\u0105 z dnia 13 czerwca 2019 r. o wykonywaniu dzia\u0142alno\u015bci gospodarczej w\u00a0zakresie wytwarzania i\u00a0obrotu materia\u0142ami wybuchowymi, broni\u0105, amunicj\u0105 oraz wyrobami i\u00a0technologi\u0105 o\u00a0przeznaczeniu wojskowym lub\u00a0policyjnym (<a href=\"http:\/\/isap.sejm.gov.pl\/isap.nsf\/DocDetails.xsp?id=WDU20190001214\">Dz.U. 2019 poz.1214<\/a>).<\/p>\n<p>&nbsp;<\/p>\n<h2>Jest prowadzone w nast\u0119puj\u0105cych 2 zakresach tematycznych:<\/h2>\n<ol>\n<li><u>Wytwarzanie i obr\u00f3t<\/u> wyrobami i technologi\u0105 o\u00a0przeznaczeniu wojskowym lub policyjnym <u>w zakresie wyrob\u00f3w tekstylnych, wyrob\u00f3w balistycznych<br \/>\ni ochronnych<\/u>,<\/li>\n<li><u>Obr\u00f3t<\/u> wyrobami i technologi\u0105 o\u00a0przeznaczeniu wojskowym lub policyjnym<br \/>\n<u>w zakresie wyrob\u00f3w tekstylnych, wyrob\u00f3w balistycznych i ochronnych<\/u>.<\/li>\n<\/ol>\n<h2>W ramach szkolenia uczestnik ma zapewnione:<\/h2>\n<ul>\n<li>materia\u0142y szkoleniowe,<\/li>\n<li>serwis kawowy.<\/li>\n<\/ul>\n<p>Szkolenia odbywaj\u0105 si\u0119 w sali konferencyjnej ITB \u201eMoratex\u201d (ul. Marii Sk\u0142odowskiej-Curie 3, 90-505 \u0141\u00f3d\u017a).<\/p>\n<p>&nbsp;<\/p>\n<h2>W zakres szkolenia wchodz\u0105 nast\u0119puj\u0105ce grupy tematyczne:<\/h2>\n<ol>\n<li>Wykonywanie lub kierowanie dzia\u0142alno\u015bci\u0105 gospodarcz\u0105 <u>w zakresie wytwarzania<\/u> wyrob\u00f3w o przeznaczeniu wojskowym lub policyjnym<br \/>\n<u>z uwzgl\u0119dnieniem systemu oceny jako\u015bci produkcji, bada\u0144 produktu i certyfikacji<\/u> \u2013 dotyczy zakresu tematycznego <strong>A<\/strong>;<\/li>\n<li>Wykonywanie lub kierowanie dzia\u0142alno\u015bci\u0105 gospodarcz\u0105 <u>w zakresie obrotu<\/u> wyrobami i technologi\u0105 o przeznaczeniu wojskowym lub policyjnym \u2013 dotyczy zakresu tematycznego <strong>B<\/strong>;<\/li>\n<li>Zasady bezpiecze\u0144stwa i higieny pracy, zagro\u017cenia dla \u017cycia lub zdrowia ludzi, mienia, \u015brodowiska i bezpiecze\u0144stwa publicznego oraz sposoby ich ograniczania lub eliminacji, a tak\u017ce zagro\u017cenia zewn\u0119trzne zwi\u0105zane z prowadzon\u0105 dzia\u0142alno\u015bci\u0105 gospodarcz\u0105 w zakresie wytwarzania wyrobami i technologi\u0105 o przeznaczeniu wojskowym lub policyjnym \u2013 dotyczy zakresu tematycznego <strong>A i B<\/strong>.<\/li>\n<\/ol>\n<p>&nbsp;<\/p>\n<p>Pobierz <a href=\"http:\/\/moratex.eu\/wp-content\/uploads\/2021\/05\/Zg\u0142oszenie-szkolenia-Ustawa-o-obrocie.doc\">formularz zg\u0142oszenia<\/a>.<\/p>\n<p style=\"text-align: center;\">\n<\/td>\n<\/tr>\n<tr>\n<td width=\"614\">\n<h1><strong>Przygotowanie i realizacja projekt\u00f3w badawczo-rozwojowych<br \/>\n<\/strong><strong>w obszarze w\u0142\u00f3kiennictwa i odzie\u017cownictwa<\/strong><\/h1>\n<h3 style=\"text-align: right;\">Termin: 05-07.07.2021 r.<\/h3>\n<h3 style=\"text-align: right;\">Cena: 4000 z\u0142 netto za osob\u0119<\/h3>\n<h2>Program szkolenia:<\/h2>\n<ol>\n<li>Wprowadzenie w metodyki zarz\u0105dzania projektami badawczo-rozwojowymi;<\/li>\n<li>Specyfika projekt\u00f3w innowacyjnych i badawczo-rozwojowych w sektorze w\u0142\u00f3kienniczym;<\/li>\n<li>Zasady wsp\u00f3\u0142pracy z jednostkami naukowymi;<\/li>\n<li>\u0179r\u00f3d\u0142a finansowania innowacji;<\/li>\n<li>Aspekty biznesowe w uj\u0119ciu przygotowania, realizacji oraz ewaluacji projekt\u00f3w badawczo-rozwojowych;<\/li>\n<li>Inicjacja oraz monitoring realizacji projekt\u00f3w badawczo-rozwojowych;<\/li>\n<li>Komercjalizacja efekt\u00f3w realizacji projekt\u00f3w badawczo-rozwojowych.<\/li>\n<\/ol>\n<p>&nbsp;<\/p>\n<h2>Cel biznesowy:<\/h2>\n<p>Zwi\u0119kszenie liczby wdra\u017canych efekt\u00f3w projekt\u00f3w badawczo-technicznych realizowanych w sektorze w\u0142\u00f3kienniczym.<\/p>\n<h2><\/h2>\n<h2>Cel edukacyjny:<\/h2>\n<p>Zwi\u0119kszenie zasob\u00f3w wiedzy w zakresie zarz\u0105dzania projektami badawczo-rozwojowymi w sektorze w\u0142\u00f3kienniczym.<\/p>\n<p>&nbsp;<\/p>\n<h2>Dla kogo?<\/h2>\n<ul>\n<li>Pracownicy dzia\u0142\u00f3w innowacji oraz dzia\u0142\u00f3w badawczo-rozwojowych przedsi\u0119biorstw dzia\u0142aj\u0105cych w obszarze w\u0142\u00f3kiennictwa i odzie\u017cownictwa;<\/li>\n<li>Osoby nadzoruj\u0105ce procesy wdra\u017cania innowacji w przedsi\u0119biorstwach \u00a0dzia\u0142aj\u0105cych w obszarze w\u0142\u00f3kiennictwa i odzie\u017cownictwa.<\/li>\n<\/ul>\n<p>&nbsp;<\/p>\n<h2>Zaj\u0119cia poprowadz\u0105:<\/h2>\n<ul>\n<li class=\"itb_naglowek\"><b>Dr hab. in\u017c. Marcin Struszczyk, prof. ITB \u201eMORATEX\u201d\u00a0<\/b><\/li>\n<li class=\"itb_naglowek\"><b>Dr hab. in\u017c. Marzena Fejdy\u015b, profesor instytutu<\/b><\/li>\n<\/ul>\n<p>&nbsp;<\/p>\n<h3 style=\"text-align: center;\">Serdecznie zapraszamy do udzia\u0142u!<\/h3>\n<p style=\"text-align: center;\"><a href=\"https:\/\/uslugirozwojowe.parp.gov.pl\/wyszukiwarka\/uslugi\/podglad?id=852824\">Wi\u0119cej informacji oraz zapisy na szkolenie<\/a><\/p>\n<\/td>\n<\/tr>\n<\/tbody>\n<\/table>\n<p>&nbsp;<\/p>\n<h1 id=\"zgloszenie\"><\/h1>\n<p style=\"text-align: center;\">\n","protected":false},"excerpt":{"rendered":"<p>Wymagane szkolenia w zakresie koncesji MSWiA \u2013 instytucja upowa\u017cniona: Instytut Technologii Bezpiecze\u0144stwa \u201eMORATEX\u201d w \u0141odzi. \u00a0 Temat: Wytwarzanie i\/lub obr\u00f3t wyrobami oraz [&hellip;]<\/p>\n","protected":false},"author":3,"featured_media":0,"parent":0,"menu_order":0,"comment_status":"closed","ping_status":"closed","template":"","meta":{"_acf_changed":false,"footnotes":""},"class_list":["post-5748","page","type-page","status-publish","hentry"],"acf":[],"yoast_head":"<!-- This site is optimized with the Yoast SEO plugin v26.6 - https:\/\/yoast.com\/wordpress\/plugins\/seo\/ -->\n<title>Szkolenia - Moratex &quot;MORATEX&quot;<\/title>\n<meta name=\"description\" content=\"Szkolenia - Instytut Technologii Bezpiecze\u0144stwa \u201eMORATEX\u201d w \u0141odzi - ul. Marii Sk\u0142odowskiej-Curie 3, \u0141\u00f3d\u017a, 90-505\" \/>\n<meta name=\"robots\" content=\"index, follow, max-snippet:-1, max-image-preview:large, max-video-preview:-1\" \/>\n<link rel=\"canonical\" href=\"http:\/\/moratex.eu\/szkolenia\/\" \/>\n<meta property=\"og:locale\" content=\"en_US\" \/>\n<meta property=\"og:type\" content=\"article\" \/>\n<meta property=\"og:title\" content=\"Szkolenia - Moratex &quot;MORATEX&quot;\" \/>\n<meta property=\"og:description\" content=\"Szkolenia - Instytut Technologii Bezpiecze\u0144stwa \u201eMORATEX\u201d w \u0141odzi - ul. Marii Sk\u0142odowskiej-Curie 3, \u0141\u00f3d\u017a, 90-505\" \/>\n<meta property=\"og:url\" content=\"http:\/\/moratex.eu\/szkolenia\/\" \/>\n<meta property=\"og:site_name\" content=\"Moratex\" \/>\n<meta property=\"article:modified_time\" content=\"2021-11-23T13:19:40+00:00\" \/>\n<meta name=\"twitter:card\" content=\"summary_large_image\" \/>\n<meta name=\"twitter:label1\" content=\"Est. reading time\" \/>\n\t<meta name=\"twitter:data1\" content=\"2 minutes\" \/>\n<script type=\"application\/ld+json\" class=\"yoast-schema-graph\">{\"@context\":\"https:\/\/schema.org\",\"@graph\":[{\"@type\":\"WebPage\",\"@id\":\"http:\/\/moratex.eu\/szkolenia\/\",\"url\":\"http:\/\/moratex.eu\/szkolenia\/\",\"name\":\"Szkolenia - Moratex \\\"MORATEX\\\"\",\"isPartOf\":{\"@id\":\"http:\/\/moratex.eu\/#website\"},\"datePublished\":\"2021-03-03T10:37:22+00:00\",\"dateModified\":\"2021-11-23T13:19:40+00:00\",\"description\":\"Szkolenia - Instytut Technologii Bezpiecze\u0144stwa \u201eMORATEX\u201d w \u0141odzi - ul. Marii Sk\u0142odowskiej-Curie 3, \u0141\u00f3d\u017a, 90-505\",\"breadcrumb\":{\"@id\":\"http:\/\/moratex.eu\/szkolenia\/#breadcrumb\"},\"inLanguage\":\"en-US\",\"potentialAction\":[{\"@type\":\"ReadAction\",\"target\":[\"http:\/\/moratex.eu\/szkolenia\/\"]}]},{\"@type\":\"BreadcrumbList\",\"@id\":\"http:\/\/moratex.eu\/szkolenia\/#breadcrumb\",\"itemListElement\":[{\"@type\":\"ListItem\",\"position\":1,\"name\":\"Strona g\u0142\u00f3wna\",\"item\":\"http:\/\/moratex.eu\/en\/\"},{\"@type\":\"ListItem\",\"position\":2,\"name\":\"Szkolenia\"}]},{\"@type\":\"WebSite\",\"@id\":\"http:\/\/moratex.eu\/#website\",\"url\":\"http:\/\/moratex.eu\/\",\"name\":\"Moratex\",\"description\":\"MORATEX w \u0141odzi\",\"potentialAction\":[{\"@type\":\"SearchAction\",\"target\":{\"@type\":\"EntryPoint\",\"urlTemplate\":\"http:\/\/moratex.eu\/?s={search_term_string}\"},\"query-input\":{\"@type\":\"PropertyValueSpecification\",\"valueRequired\":true,\"valueName\":\"search_term_string\"}}],\"inLanguage\":\"en-US\"}]}<\/script>\n<!-- \/ Yoast SEO plugin. -->","yoast_head_json":{"title":"Szkolenia - Moratex \"MORATEX\"","description":"Szkolenia - Instytut Technologii Bezpiecze\u0144stwa \u201eMORATEX\u201d w \u0141odzi - ul. Marii Sk\u0142odowskiej-Curie 3, \u0141\u00f3d\u017a, 90-505","robots":{"index":"index","follow":"follow","max-snippet":"max-snippet:-1","max-image-preview":"max-image-preview:large","max-video-preview":"max-video-preview:-1"},"canonical":"http:\/\/moratex.eu\/szkolenia\/","og_locale":"en_US","og_type":"article","og_title":"Szkolenia - Moratex \"MORATEX\"","og_description":"Szkolenia - Instytut Technologii Bezpiecze\u0144stwa \u201eMORATEX\u201d w \u0141odzi - ul. Marii Sk\u0142odowskiej-Curie 3, \u0141\u00f3d\u017a, 90-505","og_url":"http:\/\/moratex.eu\/szkolenia\/","og_site_name":"Moratex","article_modified_time":"2021-11-23T13:19:40+00:00","twitter_card":"summary_large_image","twitter_misc":{"Est. reading time":"2 minutes"},"schema":{"@context":"https:\/\/schema.org","@graph":[{"@type":"WebPage","@id":"http:\/\/moratex.eu\/szkolenia\/","url":"http:\/\/moratex.eu\/szkolenia\/","name":"Szkolenia - Moratex \"MORATEX\"","isPartOf":{"@id":"http:\/\/moratex.eu\/#website"},"datePublished":"2021-03-03T10:37:22+00:00","dateModified":"2021-11-23T13:19:40+00:00","description":"Szkolenia - Instytut Technologii Bezpiecze\u0144stwa \u201eMORATEX\u201d w \u0141odzi - ul. Marii Sk\u0142odowskiej-Curie 3, \u0141\u00f3d\u017a, 90-505","breadcrumb":{"@id":"http:\/\/moratex.eu\/szkolenia\/#breadcrumb"},"inLanguage":"en-US","potentialAction":[{"@type":"ReadAction","target":["http:\/\/moratex.eu\/szkolenia\/"]}]},{"@type":"BreadcrumbList","@id":"http:\/\/moratex.eu\/szkolenia\/#breadcrumb","itemListElement":[{"@type":"ListItem","position":1,"name":"Strona g\u0142\u00f3wna","item":"http:\/\/moratex.eu\/en\/"},{"@type":"ListItem","position":2,"name":"Szkolenia"}]},{"@type":"WebSite","@id":"http:\/\/moratex.eu\/#website","url":"http:\/\/moratex.eu\/","name":"Moratex","description":"MORATEX w \u0141odzi","potentialAction":[{"@type":"SearchAction","target":{"@type":"EntryPoint","urlTemplate":"http:\/\/moratex.eu\/?s={search_term_string}"},"query-input":{"@type":"PropertyValueSpecification","valueRequired":true,"valueName":"search_term_string"}}],"inLanguage":"en-US"}]}},"_links":{"self":[{"href":"http:\/\/moratex.eu\/en\/wp-json\/wp\/v2\/pages\/5748","targetHints":{"allow":["GET"]}}],"collection":[{"href":"http:\/\/moratex.eu\/en\/wp-json\/wp\/v2\/pages"}],"about":[{"href":"http:\/\/moratex.eu\/en\/wp-json\/wp\/v2\/types\/page"}],"author":[{"embeddable":true,"href":"http:\/\/moratex.eu\/en\/wp-json\/wp\/v2\/users\/3"}],"replies":[{"embeddable":true,"href":"http:\/\/moratex.eu\/en\/wp-json\/wp\/v2\/comments?post=5748"}],"version-history":[{"count":10,"href":"http:\/\/moratex.eu\/en\/wp-json\/wp\/v2\/pages\/5748\/revisions"}],"predecessor-version":[{"id":6262,"href":"http:\/\/moratex.eu\/en\/wp-json\/wp\/v2\/pages\/5748\/revisions\/6262"}],"wp:attachment":[{"href":"http:\/\/moratex.eu\/en\/wp-json\/wp\/v2\/media?parent=5748"}],"curies":[{"name":"wp","href":"https:\/\/api.w.org\/{rel}","templated":true}]}}