{"id":5791,"date":"2021-03-16T11:51:58","date_gmt":"2021-03-16T10:51:58","guid":{"rendered":"http:\/\/moratex.eu\/?page_id=5791"},"modified":"2021-03-16T11:56:36","modified_gmt":"2021-03-16T10:56:36","slug":"for-moia","status":"publish","type":"page","link":"http:\/\/moratex.eu\/en\/for-moia\/","title":{"rendered":"For Ministry of the Interior and Administration"},"content":{"rendered":"<p>The activity of the MORATEX Institute of Security Technologies reaches into various spheres of knowledge, but the needs of the Ministry of Interior and Administration&#8217;s services always have the highest priority.<\/p>\n<p>This means that MORATEX has specialized in designing and testing personal protective equipment for officers and creating appropriate documentation.<br \/>\nThey mainly include:<\/p>\n<p>bulletproof vests,<br \/>\nballistic cartridges,<br \/>\nimpact protectors,<br \/>\nfragmentation and bulletproof helmets,<br \/>\nbulletproof shields,<br \/>\nother ballistic protection structures,<br \/>\nexplosion protection covers,<br \/>\nhigh strength materials,<br \/>\njump cushions and other pneumatic structures,<br \/>\nprotective clothing for firefighters,<br \/>\nhemostatic dressings.<\/p>\n<p>In recognition of the highest qualifications, the Minister of the Interior and Administration, by the Regulation of August 29, 2007, appointed MORATEX to supervise the introduction of this type of product for use in the Police, Border Guard, and the State Protection Service (formerly BOR).<\/p>\n","protected":false},"excerpt":{"rendered":"<p>The activity of the MORATEX Institute of Security Technologies reaches into various spheres of knowledge, but the needs of the Ministry of [&hellip;]<\/p>\n","protected":false},"author":8,"featured_media":0,"parent":0,"menu_order":0,"comment_status":"closed","ping_status":"closed","template":"","meta":{"_acf_changed":false,"footnotes":""},"class_list":["post-5791","page","type-page","status-publish","hentry"],"acf":[],"yoast_head":"<!-- This site is optimized with the Yoast SEO plugin v26.6 - https:\/\/yoast.com\/wordpress\/plugins\/seo\/ -->\n<title>For Ministry of the Interior and Administration - Moratex &quot;MORATEX&quot;<\/title>\n<meta name=\"description\" content=\"For Ministry of the Interior and Administration - Instytut Technologii Bezpiecze\u0144stwa \u201eMORATEX\u201d w \u0141odzi - ul. Marii Sk\u0142odowskiej-Curie 3, \u0141\u00f3d\u017a, 90-505\" \/>\n<meta name=\"robots\" content=\"index, follow, max-snippet:-1, max-image-preview:large, max-video-preview:-1\" \/>\n<link rel=\"canonical\" href=\"http:\/\/moratex.eu\/en\/for-moia\/\" \/>\n<meta property=\"og:locale\" content=\"en_US\" \/>\n<meta property=\"og:type\" content=\"article\" \/>\n<meta property=\"og:title\" content=\"For Ministry of the Interior and Administration - Moratex &quot;MORATEX&quot;\" \/>\n<meta property=\"og:description\" content=\"For Ministry of the Interior and Administration - Instytut Technologii Bezpiecze\u0144stwa \u201eMORATEX\u201d w \u0141odzi - ul. Marii Sk\u0142odowskiej-Curie 3, \u0141\u00f3d\u017a, 90-505\" \/>\n<meta property=\"og:url\" content=\"http:\/\/moratex.eu\/en\/for-moia\/\" \/>\n<meta property=\"og:site_name\" content=\"Moratex\" \/>\n<meta property=\"article:modified_time\" content=\"2021-03-16T10:56:36+00:00\" \/>\n<meta name=\"twitter:card\" content=\"summary_large_image\" \/>\n<meta name=\"twitter:label1\" content=\"Est. reading time\" \/>\n\t<meta name=\"twitter:data1\" content=\"1 minute\" \/>\n<script type=\"application\/ld+json\" class=\"yoast-schema-graph\">{\"@context\":\"https:\/\/schema.org\",\"@graph\":[{\"@type\":\"WebPage\",\"@id\":\"http:\/\/moratex.eu\/en\/for-moia\/\",\"url\":\"http:\/\/moratex.eu\/en\/for-moia\/\",\"name\":\"For Ministry of the Interior and Administration - Moratex \\\"MORATEX\\\"\",\"isPartOf\":{\"@id\":\"http:\/\/moratex.eu\/#website\"},\"datePublished\":\"2021-03-16T10:51:58+00:00\",\"dateModified\":\"2021-03-16T10:56:36+00:00\",\"description\":\"For Ministry of the Interior and Administration - Instytut Technologii Bezpiecze\u0144stwa \u201eMORATEX\u201d w \u0141odzi - ul. Marii Sk\u0142odowskiej-Curie 3, \u0141\u00f3d\u017a, 90-505\",\"breadcrumb\":{\"@id\":\"http:\/\/moratex.eu\/en\/for-moia\/#breadcrumb\"},\"inLanguage\":\"en-US\",\"potentialAction\":[{\"@type\":\"ReadAction\",\"target\":[\"http:\/\/moratex.eu\/en\/for-moia\/\"]}]},{\"@type\":\"BreadcrumbList\",\"@id\":\"http:\/\/moratex.eu\/en\/for-moia\/#breadcrumb\",\"itemListElement\":[{\"@type\":\"ListItem\",\"position\":1,\"name\":\"Strona g\u0142\u00f3wna\",\"item\":\"http:\/\/moratex.eu\/en\/\"},{\"@type\":\"ListItem\",\"position\":2,\"name\":\"For Ministry of the Interior and Administration\"}]},{\"@type\":\"WebSite\",\"@id\":\"http:\/\/moratex.eu\/#website\",\"url\":\"http:\/\/moratex.eu\/\",\"name\":\"Moratex\",\"description\":\"MORATEX w \u0141odzi\",\"potentialAction\":[{\"@type\":\"SearchAction\",\"target\":{\"@type\":\"EntryPoint\",\"urlTemplate\":\"http:\/\/moratex.eu\/?s={search_term_string}\"},\"query-input\":{\"@type\":\"PropertyValueSpecification\",\"valueRequired\":true,\"valueName\":\"search_term_string\"}}],\"inLanguage\":\"en-US\"}]}<\/script>\n<!-- \/ Yoast SEO plugin. -->","yoast_head_json":{"title":"For Ministry of the Interior and Administration - Moratex \"MORATEX\"","description":"For Ministry of the Interior and Administration - Instytut Technologii Bezpiecze\u0144stwa \u201eMORATEX\u201d w \u0141odzi - ul. Marii Sk\u0142odowskiej-Curie 3, \u0141\u00f3d\u017a, 90-505","robots":{"index":"index","follow":"follow","max-snippet":"max-snippet:-1","max-image-preview":"max-image-preview:large","max-video-preview":"max-video-preview:-1"},"canonical":"http:\/\/moratex.eu\/en\/for-moia\/","og_locale":"en_US","og_type":"article","og_title":"For Ministry of the Interior and Administration - Moratex \"MORATEX\"","og_description":"For Ministry of the Interior and Administration - Instytut Technologii Bezpiecze\u0144stwa \u201eMORATEX\u201d w \u0141odzi - ul. Marii Sk\u0142odowskiej-Curie 3, \u0141\u00f3d\u017a, 90-505","og_url":"http:\/\/moratex.eu\/en\/for-moia\/","og_site_name":"Moratex","article_modified_time":"2021-03-16T10:56:36+00:00","twitter_card":"summary_large_image","twitter_misc":{"Est. reading time":"1 minute"},"schema":{"@context":"https:\/\/schema.org","@graph":[{"@type":"WebPage","@id":"http:\/\/moratex.eu\/en\/for-moia\/","url":"http:\/\/moratex.eu\/en\/for-moia\/","name":"For Ministry of the Interior and Administration - Moratex \"MORATEX\"","isPartOf":{"@id":"http:\/\/moratex.eu\/#website"},"datePublished":"2021-03-16T10:51:58+00:00","dateModified":"2021-03-16T10:56:36+00:00","description":"For Ministry of the Interior and Administration - Instytut Technologii Bezpiecze\u0144stwa \u201eMORATEX\u201d w \u0141odzi - ul. Marii Sk\u0142odowskiej-Curie 3, \u0141\u00f3d\u017a, 90-505","breadcrumb":{"@id":"http:\/\/moratex.eu\/en\/for-moia\/#breadcrumb"},"inLanguage":"en-US","potentialAction":[{"@type":"ReadAction","target":["http:\/\/moratex.eu\/en\/for-moia\/"]}]},{"@type":"BreadcrumbList","@id":"http:\/\/moratex.eu\/en\/for-moia\/#breadcrumb","itemListElement":[{"@type":"ListItem","position":1,"name":"Strona g\u0142\u00f3wna","item":"http:\/\/moratex.eu\/en\/"},{"@type":"ListItem","position":2,"name":"For Ministry of the Interior and Administration"}]},{"@type":"WebSite","@id":"http:\/\/moratex.eu\/#website","url":"http:\/\/moratex.eu\/","name":"Moratex","description":"MORATEX w \u0141odzi","potentialAction":[{"@type":"SearchAction","target":{"@type":"EntryPoint","urlTemplate":"http:\/\/moratex.eu\/?s={search_term_string}"},"query-input":{"@type":"PropertyValueSpecification","valueRequired":true,"valueName":"search_term_string"}}],"inLanguage":"en-US"}]}},"_links":{"self":[{"href":"http:\/\/moratex.eu\/en\/wp-json\/wp\/v2\/pages\/5791","targetHints":{"allow":["GET"]}}],"collection":[{"href":"http:\/\/moratex.eu\/en\/wp-json\/wp\/v2\/pages"}],"about":[{"href":"http:\/\/moratex.eu\/en\/wp-json\/wp\/v2\/types\/page"}],"author":[{"embeddable":true,"href":"http:\/\/moratex.eu\/en\/wp-json\/wp\/v2\/users\/8"}],"replies":[{"embeddable":true,"href":"http:\/\/moratex.eu\/en\/wp-json\/wp\/v2\/comments?post=5791"}],"version-history":[{"count":1,"href":"http:\/\/moratex.eu\/en\/wp-json\/wp\/v2\/pages\/5791\/revisions"}],"predecessor-version":[{"id":5792,"href":"http:\/\/moratex.eu\/en\/wp-json\/wp\/v2\/pages\/5791\/revisions\/5792"}],"wp:attachment":[{"href":"http:\/\/moratex.eu\/en\/wp-json\/wp\/v2\/media?parent=5791"}],"curies":[{"name":"wp","href":"https:\/\/api.w.org\/{rel}","templated":true}]}}