{"id":580,"date":"2018-07-09T22:07:39","date_gmt":"2018-07-09T20:07:39","guid":{"rendered":"http:\/\/moratex.cf\/?page_id=580"},"modified":"2026-02-19T11:43:07","modified_gmt":"2026-02-19T10:43:07","slug":"certyfikacja-oib","status":"publish","type":"page","link":"http:\/\/moratex.eu\/en\/certyfikacja-oib\/","title":{"rendered":"Certyfikacja OiB"},"content":{"rendered":"<p><b>Informacje o Certyfikacji OiB:<\/b><\/p>\n<p>&nbsp;<\/p>\n<p>Rozr\u00f3\u017cnia si\u0119 dwa rodzaje oceny zgodno\u015bci wyrob\u00f3w s\u0142u\u017c\u0105cych bezpiecze\u0144stwu pa\u0144stwa:<\/p>\n<ul>\n<li>obligatoryjn\u0105, prowadzon\u0105 w oparciu o normy i specyfikacje techniczne stanowi\u0105ce za\u0142\u0105cznik do umowy (akredytacja MON),<\/li>\n<\/ul>\n","protected":false},"excerpt":{"rendered":"<p>Informacje o Certyfikacji OiB: &nbsp; Rozr\u00f3\u017cnia si\u0119 dwa rodzaje oceny zgodno\u015bci wyrob\u00f3w s\u0142u\u017c\u0105cych bezpiecze\u0144stwu pa\u0144stwa: obligatoryjn\u0105, prowadzon\u0105 w oparciu o normy i [&hellip;]<\/p>\n","protected":false},"author":1,"featured_media":0,"parent":0,"menu_order":0,"comment_status":"closed","ping_status":"closed","template":"page-certificates.php","meta":{"_acf_changed":false,"footnotes":""},"class_list":["post-580","page","type-page","status-publish","hentry"],"acf":[],"yoast_head":"<!-- This site is optimized with the Yoast SEO plugin v26.6 - https:\/\/yoast.com\/wordpress\/plugins\/seo\/ -->\n<title>Certyfikacja OiB - Moratex &quot;MORATEX&quot;<\/title>\n<meta name=\"description\" content=\"Certyfikacja OiB - Instytut Technologii Bezpiecze\u0144stwa \u201eMORATEX\u201d w \u0141odzi - ul. Marii Sk\u0142odowskiej-Curie 3, \u0141\u00f3d\u017a, 90-505\" \/>\n<meta name=\"robots\" content=\"index, follow, max-snippet:-1, max-image-preview:large, max-video-preview:-1\" \/>\n<link rel=\"canonical\" href=\"http:\/\/moratex.eu\/certyfikacja-oib\/\" \/>\n<meta property=\"og:locale\" content=\"en_US\" \/>\n<meta property=\"og:type\" content=\"article\" \/>\n<meta property=\"og:title\" content=\"Certyfikacja OiB - Moratex &quot;MORATEX&quot;\" \/>\n<meta property=\"og:description\" content=\"Certyfikacja OiB - Instytut Technologii Bezpiecze\u0144stwa \u201eMORATEX\u201d w \u0141odzi - ul. Marii Sk\u0142odowskiej-Curie 3, \u0141\u00f3d\u017a, 90-505\" \/>\n<meta property=\"og:url\" content=\"http:\/\/moratex.eu\/certyfikacja-oib\/\" \/>\n<meta property=\"og:site_name\" content=\"Moratex\" \/>\n<meta property=\"article:modified_time\" content=\"2026-02-19T10:43:07+00:00\" \/>\n<meta name=\"twitter:card\" content=\"summary_large_image\" \/>\n<meta name=\"twitter:label1\" content=\"Est. reading time\" \/>\n\t<meta name=\"twitter:data1\" content=\"1 minute\" \/>\n<script type=\"application\/ld+json\" class=\"yoast-schema-graph\">{\"@context\":\"https:\/\/schema.org\",\"@graph\":[{\"@type\":\"WebPage\",\"@id\":\"http:\/\/moratex.eu\/certyfikacja-oib\/\",\"url\":\"http:\/\/moratex.eu\/certyfikacja-oib\/\",\"name\":\"Certyfikacja OiB - Moratex \\\"MORATEX\\\"\",\"isPartOf\":{\"@id\":\"http:\/\/moratex.eu\/#website\"},\"datePublished\":\"2018-07-09T20:07:39+00:00\",\"dateModified\":\"2026-02-19T10:43:07+00:00\",\"description\":\"Certyfikacja OiB - Instytut Technologii Bezpiecze\u0144stwa \u201eMORATEX\u201d w \u0141odzi - ul. Marii Sk\u0142odowskiej-Curie 3, \u0141\u00f3d\u017a, 90-505\",\"breadcrumb\":{\"@id\":\"http:\/\/moratex.eu\/certyfikacja-oib\/#breadcrumb\"},\"inLanguage\":\"en-US\",\"potentialAction\":[{\"@type\":\"ReadAction\",\"target\":[\"http:\/\/moratex.eu\/certyfikacja-oib\/\"]}]},{\"@type\":\"BreadcrumbList\",\"@id\":\"http:\/\/moratex.eu\/certyfikacja-oib\/#breadcrumb\",\"itemListElement\":[{\"@type\":\"ListItem\",\"position\":1,\"name\":\"Strona g\u0142\u00f3wna\",\"item\":\"http:\/\/moratex.eu\/en\/\"},{\"@type\":\"ListItem\",\"position\":2,\"name\":\"Certyfikacja OiB\"}]},{\"@type\":\"WebSite\",\"@id\":\"http:\/\/moratex.eu\/#website\",\"url\":\"http:\/\/moratex.eu\/\",\"name\":\"Moratex\",\"description\":\"MORATEX w \u0141odzi\",\"potentialAction\":[{\"@type\":\"SearchAction\",\"target\":{\"@type\":\"EntryPoint\",\"urlTemplate\":\"http:\/\/moratex.eu\/?s={search_term_string}\"},\"query-input\":{\"@type\":\"PropertyValueSpecification\",\"valueRequired\":true,\"valueName\":\"search_term_string\"}}],\"inLanguage\":\"en-US\"}]}<\/script>\n<!-- \/ Yoast SEO plugin. -->","yoast_head_json":{"title":"Certyfikacja OiB - Moratex \"MORATEX\"","description":"Certyfikacja OiB - Instytut Technologii Bezpiecze\u0144stwa \u201eMORATEX\u201d w \u0141odzi - ul. Marii Sk\u0142odowskiej-Curie 3, \u0141\u00f3d\u017a, 90-505","robots":{"index":"index","follow":"follow","max-snippet":"max-snippet:-1","max-image-preview":"max-image-preview:large","max-video-preview":"max-video-preview:-1"},"canonical":"http:\/\/moratex.eu\/certyfikacja-oib\/","og_locale":"en_US","og_type":"article","og_title":"Certyfikacja OiB - Moratex \"MORATEX\"","og_description":"Certyfikacja OiB - Instytut Technologii Bezpiecze\u0144stwa \u201eMORATEX\u201d w \u0141odzi - ul. Marii Sk\u0142odowskiej-Curie 3, \u0141\u00f3d\u017a, 90-505","og_url":"http:\/\/moratex.eu\/certyfikacja-oib\/","og_site_name":"Moratex","article_modified_time":"2026-02-19T10:43:07+00:00","twitter_card":"summary_large_image","twitter_misc":{"Est. reading time":"1 minute"},"schema":{"@context":"https:\/\/schema.org","@graph":[{"@type":"WebPage","@id":"http:\/\/moratex.eu\/certyfikacja-oib\/","url":"http:\/\/moratex.eu\/certyfikacja-oib\/","name":"Certyfikacja OiB - Moratex \"MORATEX\"","isPartOf":{"@id":"http:\/\/moratex.eu\/#website"},"datePublished":"2018-07-09T20:07:39+00:00","dateModified":"2026-02-19T10:43:07+00:00","description":"Certyfikacja OiB - Instytut Technologii Bezpiecze\u0144stwa \u201eMORATEX\u201d w \u0141odzi - ul. Marii Sk\u0142odowskiej-Curie 3, \u0141\u00f3d\u017a, 90-505","breadcrumb":{"@id":"http:\/\/moratex.eu\/certyfikacja-oib\/#breadcrumb"},"inLanguage":"en-US","potentialAction":[{"@type":"ReadAction","target":["http:\/\/moratex.eu\/certyfikacja-oib\/"]}]},{"@type":"BreadcrumbList","@id":"http:\/\/moratex.eu\/certyfikacja-oib\/#breadcrumb","itemListElement":[{"@type":"ListItem","position":1,"name":"Strona g\u0142\u00f3wna","item":"http:\/\/moratex.eu\/en\/"},{"@type":"ListItem","position":2,"name":"Certyfikacja OiB"}]},{"@type":"WebSite","@id":"http:\/\/moratex.eu\/#website","url":"http:\/\/moratex.eu\/","name":"Moratex","description":"MORATEX w \u0141odzi","potentialAction":[{"@type":"SearchAction","target":{"@type":"EntryPoint","urlTemplate":"http:\/\/moratex.eu\/?s={search_term_string}"},"query-input":{"@type":"PropertyValueSpecification","valueRequired":true,"valueName":"search_term_string"}}],"inLanguage":"en-US"}]}},"_links":{"self":[{"href":"http:\/\/moratex.eu\/en\/wp-json\/wp\/v2\/pages\/580","targetHints":{"allow":["GET"]}}],"collection":[{"href":"http:\/\/moratex.eu\/en\/wp-json\/wp\/v2\/pages"}],"about":[{"href":"http:\/\/moratex.eu\/en\/wp-json\/wp\/v2\/types\/page"}],"author":[{"embeddable":true,"href":"http:\/\/moratex.eu\/en\/wp-json\/wp\/v2\/users\/1"}],"replies":[{"embeddable":true,"href":"http:\/\/moratex.eu\/en\/wp-json\/wp\/v2\/comments?post=580"}],"version-history":[{"count":27,"href":"http:\/\/moratex.eu\/en\/wp-json\/wp\/v2\/pages\/580\/revisions"}],"predecessor-version":[{"id":9655,"href":"http:\/\/moratex.eu\/en\/wp-json\/wp\/v2\/pages\/580\/revisions\/9655"}],"wp:attachment":[{"href":"http:\/\/moratex.eu\/en\/wp-json\/wp\/v2\/media?parent=580"}],"curies":[{"name":"wp","href":"https:\/\/api.w.org\/{rel}","templated":true}]}}