{"id":585,"date":"2018-07-09T22:09:45","date_gmt":"2018-07-09T20:09:45","guid":{"rendered":"http:\/\/moratex.cf\/?page_id=585"},"modified":"2026-03-26T12:31:56","modified_gmt":"2026-03-26T11:31:56","slug":"ocena-zgodnosci-we","status":"publish","type":"page","link":"http:\/\/moratex.eu\/en\/ocena-zgodnosci-we\/","title":{"rendered":"Badanie typu UE"},"content":{"rendered":"<p>Z dniem 21.04.2018 r. obowi\u0105zuje Rozporz\u0105dzenie Parlamentu Europejskiego i Rady (UE) 2016\/425 z dnia 9 marca 2016 r. w sprawie \u015brodk\u00f3w ochrony indywidualnej oraz uchylenia dyrektywy Rady 89\/686\/EWG.<\/p>\n<p>Nasza Jednostka Notyfikowana (nr 1475) \u015bwiadczy us\u0142ugi certyfikacyjne zgodnie z zakresem akredytacji w dw\u00f3ch modu\u0142ach:<\/p>\n<ul>\n<li>Modu\u0142 B \u2013 badanie typu UE \u2013 kategoria II \u015aOI<\/li>\n<li>Modu\u0142 C2 &#8211; zgodno\u015b\u0107 z typem w oparciu o wewn\u0119trzn\u0105 kontrol\u0119 produkcji oraz nadzorowane kontrole produktu w losowych odst\u0119pach czasu \u2013 kategoria III \u015aOI<\/li>\n<\/ul>\n<p>Modu\u0142 C2 stosowany jest w po\u0142\u0105czeniu z modu\u0142em B, wed\u0142ug kt\u00f3rego przeprowadza si\u0119 badanie typu UE.<\/p>\n","protected":false},"excerpt":{"rendered":"<p>Z dniem 21.04.2018 r. obowi\u0105zuje Rozporz\u0105dzenie Parlamentu Europejskiego i Rady (UE) 2016\/425 z dnia 9 marca 2016 r. w sprawie \u015brodk\u00f3w ochrony [&hellip;]<\/p>\n","protected":false},"author":1,"featured_media":0,"parent":0,"menu_order":0,"comment_status":"closed","ping_status":"closed","template":"page-certificates.php","meta":{"_acf_changed":false,"footnotes":""},"class_list":["post-585","page","type-page","status-publish","hentry"],"acf":[],"yoast_head":"<!-- This site is optimized with the Yoast SEO plugin v26.6 - https:\/\/yoast.com\/wordpress\/plugins\/seo\/ -->\n<title>Badanie typu UE - Moratex &quot;MORATEX&quot;<\/title>\n<meta name=\"description\" content=\"Badanie typu UE - Instytut Technologii Bezpiecze\u0144stwa \u201eMORATEX\u201d w \u0141odzi - ul. Marii Sk\u0142odowskiej-Curie 3, \u0141\u00f3d\u017a, 90-505\" \/>\n<meta name=\"robots\" content=\"index, follow, max-snippet:-1, max-image-preview:large, max-video-preview:-1\" \/>\n<link rel=\"canonical\" href=\"http:\/\/moratex.eu\/ocena-zgodnosci-we\/\" \/>\n<meta property=\"og:locale\" content=\"en_US\" \/>\n<meta property=\"og:type\" content=\"article\" \/>\n<meta property=\"og:title\" content=\"Badanie typu UE - Moratex &quot;MORATEX&quot;\" \/>\n<meta property=\"og:description\" content=\"Badanie typu UE - Instytut Technologii Bezpiecze\u0144stwa \u201eMORATEX\u201d w \u0141odzi - ul. Marii Sk\u0142odowskiej-Curie 3, \u0141\u00f3d\u017a, 90-505\" \/>\n<meta property=\"og:url\" content=\"http:\/\/moratex.eu\/ocena-zgodnosci-we\/\" \/>\n<meta property=\"og:site_name\" content=\"Moratex\" \/>\n<meta property=\"article:modified_time\" content=\"2026-03-26T11:31:56+00:00\" \/>\n<meta name=\"twitter:card\" content=\"summary_large_image\" \/>\n<meta name=\"twitter:label1\" content=\"Est. reading time\" \/>\n\t<meta name=\"twitter:data1\" content=\"1 minute\" \/>\n<script type=\"application\/ld+json\" class=\"yoast-schema-graph\">{\"@context\":\"https:\/\/schema.org\",\"@graph\":[{\"@type\":\"WebPage\",\"@id\":\"http:\/\/moratex.eu\/ocena-zgodnosci-we\/\",\"url\":\"http:\/\/moratex.eu\/ocena-zgodnosci-we\/\",\"name\":\"Badanie typu UE - Moratex \\\"MORATEX\\\"\",\"isPartOf\":{\"@id\":\"http:\/\/moratex.eu\/#website\"},\"datePublished\":\"2018-07-09T20:09:45+00:00\",\"dateModified\":\"2026-03-26T11:31:56+00:00\",\"description\":\"Badanie typu UE - Instytut Technologii Bezpiecze\u0144stwa \u201eMORATEX\u201d w \u0141odzi - ul. Marii Sk\u0142odowskiej-Curie 3, \u0141\u00f3d\u017a, 90-505\",\"breadcrumb\":{\"@id\":\"http:\/\/moratex.eu\/ocena-zgodnosci-we\/#breadcrumb\"},\"inLanguage\":\"en-US\",\"potentialAction\":[{\"@type\":\"ReadAction\",\"target\":[\"http:\/\/moratex.eu\/ocena-zgodnosci-we\/\"]}]},{\"@type\":\"BreadcrumbList\",\"@id\":\"http:\/\/moratex.eu\/ocena-zgodnosci-we\/#breadcrumb\",\"itemListElement\":[{\"@type\":\"ListItem\",\"position\":1,\"name\":\"Strona g\u0142\u00f3wna\",\"item\":\"http:\/\/moratex.eu\/en\/\"},{\"@type\":\"ListItem\",\"position\":2,\"name\":\"Badanie typu UE\"}]},{\"@type\":\"WebSite\",\"@id\":\"http:\/\/moratex.eu\/#website\",\"url\":\"http:\/\/moratex.eu\/\",\"name\":\"Moratex\",\"description\":\"MORATEX w \u0141odzi\",\"potentialAction\":[{\"@type\":\"SearchAction\",\"target\":{\"@type\":\"EntryPoint\",\"urlTemplate\":\"http:\/\/moratex.eu\/?s={search_term_string}\"},\"query-input\":{\"@type\":\"PropertyValueSpecification\",\"valueRequired\":true,\"valueName\":\"search_term_string\"}}],\"inLanguage\":\"en-US\"}]}<\/script>\n<!-- \/ Yoast SEO plugin. -->","yoast_head_json":{"title":"Badanie typu UE - Moratex \"MORATEX\"","description":"Badanie typu UE - Instytut Technologii Bezpiecze\u0144stwa \u201eMORATEX\u201d w \u0141odzi - ul. Marii Sk\u0142odowskiej-Curie 3, \u0141\u00f3d\u017a, 90-505","robots":{"index":"index","follow":"follow","max-snippet":"max-snippet:-1","max-image-preview":"max-image-preview:large","max-video-preview":"max-video-preview:-1"},"canonical":"http:\/\/moratex.eu\/ocena-zgodnosci-we\/","og_locale":"en_US","og_type":"article","og_title":"Badanie typu UE - Moratex \"MORATEX\"","og_description":"Badanie typu UE - Instytut Technologii Bezpiecze\u0144stwa \u201eMORATEX\u201d w \u0141odzi - ul. Marii Sk\u0142odowskiej-Curie 3, \u0141\u00f3d\u017a, 90-505","og_url":"http:\/\/moratex.eu\/ocena-zgodnosci-we\/","og_site_name":"Moratex","article_modified_time":"2026-03-26T11:31:56+00:00","twitter_card":"summary_large_image","twitter_misc":{"Est. reading time":"1 minute"},"schema":{"@context":"https:\/\/schema.org","@graph":[{"@type":"WebPage","@id":"http:\/\/moratex.eu\/ocena-zgodnosci-we\/","url":"http:\/\/moratex.eu\/ocena-zgodnosci-we\/","name":"Badanie typu UE - Moratex \"MORATEX\"","isPartOf":{"@id":"http:\/\/moratex.eu\/#website"},"datePublished":"2018-07-09T20:09:45+00:00","dateModified":"2026-03-26T11:31:56+00:00","description":"Badanie typu UE - Instytut Technologii Bezpiecze\u0144stwa \u201eMORATEX\u201d w \u0141odzi - ul. Marii Sk\u0142odowskiej-Curie 3, \u0141\u00f3d\u017a, 90-505","breadcrumb":{"@id":"http:\/\/moratex.eu\/ocena-zgodnosci-we\/#breadcrumb"},"inLanguage":"en-US","potentialAction":[{"@type":"ReadAction","target":["http:\/\/moratex.eu\/ocena-zgodnosci-we\/"]}]},{"@type":"BreadcrumbList","@id":"http:\/\/moratex.eu\/ocena-zgodnosci-we\/#breadcrumb","itemListElement":[{"@type":"ListItem","position":1,"name":"Strona g\u0142\u00f3wna","item":"http:\/\/moratex.eu\/en\/"},{"@type":"ListItem","position":2,"name":"Badanie typu UE"}]},{"@type":"WebSite","@id":"http:\/\/moratex.eu\/#website","url":"http:\/\/moratex.eu\/","name":"Moratex","description":"MORATEX w \u0141odzi","potentialAction":[{"@type":"SearchAction","target":{"@type":"EntryPoint","urlTemplate":"http:\/\/moratex.eu\/?s={search_term_string}"},"query-input":{"@type":"PropertyValueSpecification","valueRequired":true,"valueName":"search_term_string"}}],"inLanguage":"en-US"}]}},"_links":{"self":[{"href":"http:\/\/moratex.eu\/en\/wp-json\/wp\/v2\/pages\/585","targetHints":{"allow":["GET"]}}],"collection":[{"href":"http:\/\/moratex.eu\/en\/wp-json\/wp\/v2\/pages"}],"about":[{"href":"http:\/\/moratex.eu\/en\/wp-json\/wp\/v2\/types\/page"}],"author":[{"embeddable":true,"href":"http:\/\/moratex.eu\/en\/wp-json\/wp\/v2\/users\/1"}],"replies":[{"embeddable":true,"href":"http:\/\/moratex.eu\/en\/wp-json\/wp\/v2\/comments?post=585"}],"version-history":[{"count":36,"href":"http:\/\/moratex.eu\/en\/wp-json\/wp\/v2\/pages\/585\/revisions"}],"predecessor-version":[{"id":9751,"href":"http:\/\/moratex.eu\/en\/wp-json\/wp\/v2\/pages\/585\/revisions\/9751"}],"wp:attachment":[{"href":"http:\/\/moratex.eu\/en\/wp-json\/wp\/v2\/media?parent=585"}],"curies":[{"name":"wp","href":"https:\/\/api.w.org\/{rel}","templated":true}]}}