{"id":588,"date":"2018-07-09T22:12:29","date_gmt":"2018-07-09T20:12:29","guid":{"rendered":"http:\/\/moratex.cf\/?page_id=588"},"modified":"2026-02-10T09:24:10","modified_gmt":"2026-02-10T08:24:10","slug":"nadzor-nad-wyrobem","status":"publish","type":"page","link":"http:\/\/moratex.eu\/en\/nadzor-nad-wyrobem\/","title":{"rendered":"Nadz\u00f3r nad wyrobem"},"content":{"rendered":"<p><strong>Zak\u0142ad Nadzoru nad Wyrobem dzia\u0142a w oparciu o przepisy prawne:<\/strong><\/p>\n<ul>\n<li>Ustawa z dnia 17 listopada 2006 r. o systemie oceny zgodno\u015bci wyrob\u00f3w przeznaczonych na potrzeby obronno\u015bci i bezpiecze\u0144stwa pa\u0144stwa (Dz. U. Nr 235, poz. 1700 wraz z p\u00f3\u017aniejszymi zmianami),<\/li>\n<li>Rozporz\u0105dzenie Ministra Spraw Wewn\u0119trznych i Administracji z dnia 29 sierpnia 2007 r. w sprawie szczeg\u00f3\u0142owego sposobu sprawowania nadzoru nad czynno\u015bciami zwi\u0105zanymi z wyrobem wprowadzanym do u\u017cytku w kom\u00f3rkach i jednostkach organizacyjnych podleg\u0142ych lub nadzorowanych przez ministra w\u0142a\u015bciwego do spraw wewn\u0119trznych (Dz.U. nr 170 poz. 1201),<\/li>\n<li>Rozporz\u0105dzenie Ministra Spraw Wewn\u0119trznych z dnia 18 marca 2013 r. w sprawie przeprowadzania oceny zgodno\u015bci wyrob\u00f3w przeznaczonych na potrzeby bezpiecze\u0144stwa pa\u0144stwa oraz wykazu tych wyrob\u00f3w (Dz.U. z 2013 r. poz. 382 z p\u00f3\u017an. zmianami).<\/li>\n<\/ul>\n<p><strong>Zak\u0142ad Nadzoru nad Wyrobem<\/strong>\u00a0w strukturze ITB &#8220;MORATEX&#8221; podlega bezpo\u015brednio Dyrektorowi Instytutu. Podstawowym celem dzia\u0142alno\u015bci Zak\u0142adu jest\u00a0<strong>sprawowanie nadzoru nad czynno\u015bciami zwi\u0105zanymi z wyrobem<\/strong>\u00a0wprowadzanym do u\u017cytku w s\u0142u\u017cbach podleg\u0142ych Ministrowi Spraw Wewn\u0119trznych &#8211; Policja, Stra\u017cy Graniczna i Biuro Ochrony Rz\u0105du. W obszarze wykonywania nadzoru nad czynno\u015bciami zwi\u0105zanymi z wyrobem Zak\u0142ad prowadzi r\u00f3wnie\u017c\u00a0<strong>weryfikacj\u0119 specyfikacji technicznych<\/strong>\u00a0wyrob\u00f3w zamawianych przez s\u0142u\u017cby podleg\u0142e Ministrowi Spraw Wewn\u0119trznych w zakresie zgodno\u015bci specyfikacji z zapisami ustawy o systemie oceny zgodno\u015bci wyrob\u00f3w przeznaczonych na potrzeby obronno\u015bci i bezpiecze\u0144stwa pa\u0144stwa.<\/p>\n<p>&nbsp;<\/p>\n<p><strong>Kontakt z Zak\u0142adem Nadzoru nad Wyrobem:<\/strong><br \/>\ntel.: 42 630-56-35 lub centrala 42 637-37-10 wew. 173,<br \/>\nfax: +48 42 636-92-26,<br \/>\ne-mail: <a href=\"mailto:znw@moratex.eu\">znw@moratex.eu<\/a><\/p>\n<p>&nbsp;<\/p>\n<p><strong>Formularz zg\u0142oszenia wyrobu do nadzoru wraz z za\u0142\u0105cznikami tj. kopi\u0105 umowy oraz kopi\u0105 specyfikacji technicznej wyrobu nale\u017cy przes\u0142a\u0107 w wersji papierowej wraz z potwierdzeniem na ww. dokumentach zgodno\u015bci z orygina\u0142ami.<\/strong><br \/>\n<strong>Przes\u0142anie ww. dokument\u00f3w tylko i wy\u0142\u0105cznie w korespondencji mailowej nie b\u0119dzie podstaw\u0105 do obj\u0119cia nadzorem danego wyrobu.<\/strong><\/p>\n<p><a href=\"https:\/\/plikomat.man.lodz.pl\/?s=download&amp;token=9c01d0a0-8f6d-4c57-9d25-887c0d054281\" target=\"_blank\" rel=\"noopener\">Szkolenie z zakresu oceny zgodno\u015bci OiB 24.10.2025 &#8211; LINK DO POBRANIA MATERIA\u0141\u00d3W<\/a><\/p>\n","protected":false},"excerpt":{"rendered":"<p>Zak\u0142ad Nadzoru nad Wyrobem dzia\u0142a w oparciu o przepisy prawne: Ustawa z dnia 17 listopada 2006 r. o systemie oceny zgodno\u015bci wyrob\u00f3w [&hellip;]<\/p>\n","protected":false},"author":1,"featured_media":0,"parent":0,"menu_order":0,"comment_status":"closed","ping_status":"closed","template":"","meta":{"_acf_changed":false,"footnotes":""},"class_list":["post-588","page","type-page","status-publish","hentry"],"acf":[],"yoast_head":"<!-- This site is optimized with the Yoast SEO plugin v26.6 - https:\/\/yoast.com\/wordpress\/plugins\/seo\/ -->\n<title>Nadz\u00f3r nad wyrobem - Moratex &quot;MORATEX&quot;<\/title>\n<meta name=\"description\" content=\"Nadz\u00f3r nad wyrobem - Instytut Technologii Bezpiecze\u0144stwa \u201eMORATEX\u201d w \u0141odzi - ul. Marii Sk\u0142odowskiej-Curie 3, \u0141\u00f3d\u017a, 90-505\" \/>\n<meta name=\"robots\" content=\"index, follow, max-snippet:-1, max-image-preview:large, max-video-preview:-1\" \/>\n<link rel=\"canonical\" href=\"http:\/\/moratex.eu\/nadzor-nad-wyrobem\/\" \/>\n<meta property=\"og:locale\" content=\"en_US\" \/>\n<meta property=\"og:type\" content=\"article\" \/>\n<meta property=\"og:title\" content=\"Nadz\u00f3r nad wyrobem - Moratex &quot;MORATEX&quot;\" \/>\n<meta property=\"og:description\" content=\"Nadz\u00f3r nad wyrobem - Instytut Technologii Bezpiecze\u0144stwa \u201eMORATEX\u201d w \u0141odzi - ul. Marii Sk\u0142odowskiej-Curie 3, \u0141\u00f3d\u017a, 90-505\" \/>\n<meta property=\"og:url\" content=\"http:\/\/moratex.eu\/nadzor-nad-wyrobem\/\" \/>\n<meta property=\"og:site_name\" content=\"Moratex\" \/>\n<meta property=\"article:modified_time\" content=\"2026-02-10T08:24:10+00:00\" \/>\n<meta name=\"twitter:card\" content=\"summary_large_image\" \/>\n<meta name=\"twitter:label1\" content=\"Est. reading time\" \/>\n\t<meta name=\"twitter:data1\" content=\"2 minutes\" \/>\n<script type=\"application\/ld+json\" class=\"yoast-schema-graph\">{\"@context\":\"https:\/\/schema.org\",\"@graph\":[{\"@type\":\"WebPage\",\"@id\":\"http:\/\/moratex.eu\/nadzor-nad-wyrobem\/\",\"url\":\"http:\/\/moratex.eu\/nadzor-nad-wyrobem\/\",\"name\":\"Nadz\u00f3r nad wyrobem - Moratex \\\"MORATEX\\\"\",\"isPartOf\":{\"@id\":\"http:\/\/moratex.eu\/#website\"},\"datePublished\":\"2018-07-09T20:12:29+00:00\",\"dateModified\":\"2026-02-10T08:24:10+00:00\",\"description\":\"Nadz\u00f3r nad wyrobem - Instytut Technologii Bezpiecze\u0144stwa \u201eMORATEX\u201d w \u0141odzi - ul. Marii Sk\u0142odowskiej-Curie 3, \u0141\u00f3d\u017a, 90-505\",\"breadcrumb\":{\"@id\":\"http:\/\/moratex.eu\/nadzor-nad-wyrobem\/#breadcrumb\"},\"inLanguage\":\"en-US\",\"potentialAction\":[{\"@type\":\"ReadAction\",\"target\":[\"http:\/\/moratex.eu\/nadzor-nad-wyrobem\/\"]}]},{\"@type\":\"BreadcrumbList\",\"@id\":\"http:\/\/moratex.eu\/nadzor-nad-wyrobem\/#breadcrumb\",\"itemListElement\":[{\"@type\":\"ListItem\",\"position\":1,\"name\":\"Strona g\u0142\u00f3wna\",\"item\":\"http:\/\/moratex.eu\/en\/\"},{\"@type\":\"ListItem\",\"position\":2,\"name\":\"Nadz\u00f3r nad wyrobem\"}]},{\"@type\":\"WebSite\",\"@id\":\"http:\/\/moratex.eu\/#website\",\"url\":\"http:\/\/moratex.eu\/\",\"name\":\"Moratex\",\"description\":\"MORATEX w \u0141odzi\",\"potentialAction\":[{\"@type\":\"SearchAction\",\"target\":{\"@type\":\"EntryPoint\",\"urlTemplate\":\"http:\/\/moratex.eu\/?s={search_term_string}\"},\"query-input\":{\"@type\":\"PropertyValueSpecification\",\"valueRequired\":true,\"valueName\":\"search_term_string\"}}],\"inLanguage\":\"en-US\"}]}<\/script>\n<!-- \/ Yoast SEO plugin. -->","yoast_head_json":{"title":"Nadz\u00f3r nad wyrobem - Moratex \"MORATEX\"","description":"Nadz\u00f3r nad wyrobem - Instytut Technologii Bezpiecze\u0144stwa \u201eMORATEX\u201d w \u0141odzi - ul. Marii Sk\u0142odowskiej-Curie 3, \u0141\u00f3d\u017a, 90-505","robots":{"index":"index","follow":"follow","max-snippet":"max-snippet:-1","max-image-preview":"max-image-preview:large","max-video-preview":"max-video-preview:-1"},"canonical":"http:\/\/moratex.eu\/nadzor-nad-wyrobem\/","og_locale":"en_US","og_type":"article","og_title":"Nadz\u00f3r nad wyrobem - Moratex \"MORATEX\"","og_description":"Nadz\u00f3r nad wyrobem - Instytut Technologii Bezpiecze\u0144stwa \u201eMORATEX\u201d w \u0141odzi - ul. Marii Sk\u0142odowskiej-Curie 3, \u0141\u00f3d\u017a, 90-505","og_url":"http:\/\/moratex.eu\/nadzor-nad-wyrobem\/","og_site_name":"Moratex","article_modified_time":"2026-02-10T08:24:10+00:00","twitter_card":"summary_large_image","twitter_misc":{"Est. reading time":"2 minutes"},"schema":{"@context":"https:\/\/schema.org","@graph":[{"@type":"WebPage","@id":"http:\/\/moratex.eu\/nadzor-nad-wyrobem\/","url":"http:\/\/moratex.eu\/nadzor-nad-wyrobem\/","name":"Nadz\u00f3r nad wyrobem - Moratex \"MORATEX\"","isPartOf":{"@id":"http:\/\/moratex.eu\/#website"},"datePublished":"2018-07-09T20:12:29+00:00","dateModified":"2026-02-10T08:24:10+00:00","description":"Nadz\u00f3r nad wyrobem - Instytut Technologii Bezpiecze\u0144stwa \u201eMORATEX\u201d w \u0141odzi - ul. Marii Sk\u0142odowskiej-Curie 3, \u0141\u00f3d\u017a, 90-505","breadcrumb":{"@id":"http:\/\/moratex.eu\/nadzor-nad-wyrobem\/#breadcrumb"},"inLanguage":"en-US","potentialAction":[{"@type":"ReadAction","target":["http:\/\/moratex.eu\/nadzor-nad-wyrobem\/"]}]},{"@type":"BreadcrumbList","@id":"http:\/\/moratex.eu\/nadzor-nad-wyrobem\/#breadcrumb","itemListElement":[{"@type":"ListItem","position":1,"name":"Strona g\u0142\u00f3wna","item":"http:\/\/moratex.eu\/en\/"},{"@type":"ListItem","position":2,"name":"Nadz\u00f3r nad wyrobem"}]},{"@type":"WebSite","@id":"http:\/\/moratex.eu\/#website","url":"http:\/\/moratex.eu\/","name":"Moratex","description":"MORATEX w \u0141odzi","potentialAction":[{"@type":"SearchAction","target":{"@type":"EntryPoint","urlTemplate":"http:\/\/moratex.eu\/?s={search_term_string}"},"query-input":{"@type":"PropertyValueSpecification","valueRequired":true,"valueName":"search_term_string"}}],"inLanguage":"en-US"}]}},"_links":{"self":[{"href":"http:\/\/moratex.eu\/en\/wp-json\/wp\/v2\/pages\/588","targetHints":{"allow":["GET"]}}],"collection":[{"href":"http:\/\/moratex.eu\/en\/wp-json\/wp\/v2\/pages"}],"about":[{"href":"http:\/\/moratex.eu\/en\/wp-json\/wp\/v2\/types\/page"}],"author":[{"embeddable":true,"href":"http:\/\/moratex.eu\/en\/wp-json\/wp\/v2\/users\/1"}],"replies":[{"embeddable":true,"href":"http:\/\/moratex.eu\/en\/wp-json\/wp\/v2\/comments?post=588"}],"version-history":[{"count":22,"href":"http:\/\/moratex.eu\/en\/wp-json\/wp\/v2\/pages\/588\/revisions"}],"predecessor-version":[{"id":9639,"href":"http:\/\/moratex.eu\/en\/wp-json\/wp\/v2\/pages\/588\/revisions\/9639"}],"wp:attachment":[{"href":"http:\/\/moratex.eu\/en\/wp-json\/wp\/v2\/media?parent=588"}],"curies":[{"name":"wp","href":"https:\/\/api.w.org\/{rel}","templated":true}]}}