{"id":591,"date":"2018-07-09T22:13:19","date_gmt":"2018-07-09T20:13:19","guid":{"rendered":"http:\/\/moratex.cf\/?page_id=591"},"modified":"2026-01-13T13:02:59","modified_gmt":"2026-01-13T12:02:59","slug":"ocena-wzorow","status":"publish","type":"page","link":"http:\/\/moratex.eu\/en\/ocena-wzorow\/","title":{"rendered":"Ocena wzor\u00f3w"},"content":{"rendered":"<p>Spos\u00f3b post\u0119powania zwi\u0105zany z ocen\u0105 wzor\u00f3w wyrob\u00f3w zg\u0142aszanych do przetarg\u00f3w zawarty jest w procedurze PZ-01.<\/p>\n<p>W celu rozpocz\u0119cia oceny dostawca zobowi\u0105zany jest do wype\u0142nienia i z\u0142o\u017cenia wniosku wraz z za\u0142\u0105cznikami wymienionymi w cz\u0119\u015bci B wniosku na adres ITB &#8220;MORATEX&#8221; i podpisania umowy o przeprowadzenie oceny wzoru wyrobu .<\/p>\n","protected":false},"excerpt":{"rendered":"<p>Spos\u00f3b post\u0119powania zwi\u0105zany z ocen\u0105 wzor\u00f3w wyrob\u00f3w zg\u0142aszanych do przetarg\u00f3w zawarty jest w procedurze PZ-01. W celu rozpocz\u0119cia oceny dostawca zobowi\u0105zany jest [&hellip;]<\/p>\n","protected":false},"author":1,"featured_media":0,"parent":0,"menu_order":0,"comment_status":"closed","ping_status":"closed","template":"","meta":{"_acf_changed":false,"footnotes":""},"class_list":["post-591","page","type-page","status-publish","hentry"],"acf":[],"yoast_head":"<!-- This site is optimized with the Yoast SEO plugin v26.6 - https:\/\/yoast.com\/wordpress\/plugins\/seo\/ -->\n<title>Ocena wzor\u00f3w - Moratex &quot;MORATEX&quot;<\/title>\n<meta name=\"description\" content=\"Ocena wzor\u00f3w - Instytut Technologii Bezpiecze\u0144stwa \u201eMORATEX\u201d w \u0141odzi - ul. Marii Sk\u0142odowskiej-Curie 3, \u0141\u00f3d\u017a, 90-505\" \/>\n<meta name=\"robots\" content=\"index, follow, max-snippet:-1, max-image-preview:large, max-video-preview:-1\" \/>\n<link rel=\"canonical\" href=\"http:\/\/moratex.eu\/ocena-wzorow\/\" \/>\n<meta property=\"og:locale\" content=\"en_US\" \/>\n<meta property=\"og:type\" content=\"article\" \/>\n<meta property=\"og:title\" content=\"Ocena wzor\u00f3w - Moratex &quot;MORATEX&quot;\" \/>\n<meta property=\"og:description\" content=\"Ocena wzor\u00f3w - Instytut Technologii Bezpiecze\u0144stwa \u201eMORATEX\u201d w \u0141odzi - ul. Marii Sk\u0142odowskiej-Curie 3, \u0141\u00f3d\u017a, 90-505\" \/>\n<meta property=\"og:url\" content=\"http:\/\/moratex.eu\/ocena-wzorow\/\" \/>\n<meta property=\"og:site_name\" content=\"Moratex\" \/>\n<meta property=\"article:modified_time\" content=\"2026-01-13T12:02:59+00:00\" \/>\n<meta name=\"twitter:card\" content=\"summary_large_image\" \/>\n<meta name=\"twitter:label1\" content=\"Est. reading time\" \/>\n\t<meta name=\"twitter:data1\" content=\"1 minute\" \/>\n<script type=\"application\/ld+json\" class=\"yoast-schema-graph\">{\"@context\":\"https:\/\/schema.org\",\"@graph\":[{\"@type\":\"WebPage\",\"@id\":\"http:\/\/moratex.eu\/ocena-wzorow\/\",\"url\":\"http:\/\/moratex.eu\/ocena-wzorow\/\",\"name\":\"Ocena wzor\u00f3w - Moratex \\\"MORATEX\\\"\",\"isPartOf\":{\"@id\":\"http:\/\/moratex.eu\/#website\"},\"datePublished\":\"2018-07-09T20:13:19+00:00\",\"dateModified\":\"2026-01-13T12:02:59+00:00\",\"description\":\"Ocena wzor\u00f3w - Instytut Technologii Bezpiecze\u0144stwa \u201eMORATEX\u201d w \u0141odzi - ul. Marii Sk\u0142odowskiej-Curie 3, \u0141\u00f3d\u017a, 90-505\",\"breadcrumb\":{\"@id\":\"http:\/\/moratex.eu\/ocena-wzorow\/#breadcrumb\"},\"inLanguage\":\"en-US\",\"potentialAction\":[{\"@type\":\"ReadAction\",\"target\":[\"http:\/\/moratex.eu\/ocena-wzorow\/\"]}]},{\"@type\":\"BreadcrumbList\",\"@id\":\"http:\/\/moratex.eu\/ocena-wzorow\/#breadcrumb\",\"itemListElement\":[{\"@type\":\"ListItem\",\"position\":1,\"name\":\"Strona g\u0142\u00f3wna\",\"item\":\"http:\/\/moratex.eu\/en\/\"},{\"@type\":\"ListItem\",\"position\":2,\"name\":\"Ocena wzor\u00f3w\"}]},{\"@type\":\"WebSite\",\"@id\":\"http:\/\/moratex.eu\/#website\",\"url\":\"http:\/\/moratex.eu\/\",\"name\":\"Moratex\",\"description\":\"MORATEX w \u0141odzi\",\"potentialAction\":[{\"@type\":\"SearchAction\",\"target\":{\"@type\":\"EntryPoint\",\"urlTemplate\":\"http:\/\/moratex.eu\/?s={search_term_string}\"},\"query-input\":{\"@type\":\"PropertyValueSpecification\",\"valueRequired\":true,\"valueName\":\"search_term_string\"}}],\"inLanguage\":\"en-US\"}]}<\/script>\n<!-- \/ Yoast SEO plugin. -->","yoast_head_json":{"title":"Ocena wzor\u00f3w - Moratex \"MORATEX\"","description":"Ocena wzor\u00f3w - Instytut Technologii Bezpiecze\u0144stwa \u201eMORATEX\u201d w \u0141odzi - ul. Marii Sk\u0142odowskiej-Curie 3, \u0141\u00f3d\u017a, 90-505","robots":{"index":"index","follow":"follow","max-snippet":"max-snippet:-1","max-image-preview":"max-image-preview:large","max-video-preview":"max-video-preview:-1"},"canonical":"http:\/\/moratex.eu\/ocena-wzorow\/","og_locale":"en_US","og_type":"article","og_title":"Ocena wzor\u00f3w - Moratex \"MORATEX\"","og_description":"Ocena wzor\u00f3w - Instytut Technologii Bezpiecze\u0144stwa \u201eMORATEX\u201d w \u0141odzi - ul. Marii Sk\u0142odowskiej-Curie 3, \u0141\u00f3d\u017a, 90-505","og_url":"http:\/\/moratex.eu\/ocena-wzorow\/","og_site_name":"Moratex","article_modified_time":"2026-01-13T12:02:59+00:00","twitter_card":"summary_large_image","twitter_misc":{"Est. reading time":"1 minute"},"schema":{"@context":"https:\/\/schema.org","@graph":[{"@type":"WebPage","@id":"http:\/\/moratex.eu\/ocena-wzorow\/","url":"http:\/\/moratex.eu\/ocena-wzorow\/","name":"Ocena wzor\u00f3w - Moratex \"MORATEX\"","isPartOf":{"@id":"http:\/\/moratex.eu\/#website"},"datePublished":"2018-07-09T20:13:19+00:00","dateModified":"2026-01-13T12:02:59+00:00","description":"Ocena wzor\u00f3w - Instytut Technologii Bezpiecze\u0144stwa \u201eMORATEX\u201d w \u0141odzi - ul. Marii Sk\u0142odowskiej-Curie 3, \u0141\u00f3d\u017a, 90-505","breadcrumb":{"@id":"http:\/\/moratex.eu\/ocena-wzorow\/#breadcrumb"},"inLanguage":"en-US","potentialAction":[{"@type":"ReadAction","target":["http:\/\/moratex.eu\/ocena-wzorow\/"]}]},{"@type":"BreadcrumbList","@id":"http:\/\/moratex.eu\/ocena-wzorow\/#breadcrumb","itemListElement":[{"@type":"ListItem","position":1,"name":"Strona g\u0142\u00f3wna","item":"http:\/\/moratex.eu\/en\/"},{"@type":"ListItem","position":2,"name":"Ocena wzor\u00f3w"}]},{"@type":"WebSite","@id":"http:\/\/moratex.eu\/#website","url":"http:\/\/moratex.eu\/","name":"Moratex","description":"MORATEX w \u0141odzi","potentialAction":[{"@type":"SearchAction","target":{"@type":"EntryPoint","urlTemplate":"http:\/\/moratex.eu\/?s={search_term_string}"},"query-input":{"@type":"PropertyValueSpecification","valueRequired":true,"valueName":"search_term_string"}}],"inLanguage":"en-US"}]}},"_links":{"self":[{"href":"http:\/\/moratex.eu\/en\/wp-json\/wp\/v2\/pages\/591","targetHints":{"allow":["GET"]}}],"collection":[{"href":"http:\/\/moratex.eu\/en\/wp-json\/wp\/v2\/pages"}],"about":[{"href":"http:\/\/moratex.eu\/en\/wp-json\/wp\/v2\/types\/page"}],"author":[{"embeddable":true,"href":"http:\/\/moratex.eu\/en\/wp-json\/wp\/v2\/users\/1"}],"replies":[{"embeddable":true,"href":"http:\/\/moratex.eu\/en\/wp-json\/wp\/v2\/comments?post=591"}],"version-history":[{"count":7,"href":"http:\/\/moratex.eu\/en\/wp-json\/wp\/v2\/pages\/591\/revisions"}],"predecessor-version":[{"id":9551,"href":"http:\/\/moratex.eu\/en\/wp-json\/wp\/v2\/pages\/591\/revisions\/9551"}],"wp:attachment":[{"href":"http:\/\/moratex.eu\/en\/wp-json\/wp\/v2\/media?parent=591"}],"curies":[{"name":"wp","href":"https:\/\/api.w.org\/{rel}","templated":true}]}}