{"id":6276,"date":"2021-12-09T12:48:07","date_gmt":"2021-12-09T11:48:07","guid":{"rendered":"http:\/\/moratex.eu\/?page_id=6276"},"modified":"2021-12-09T13:14:41","modified_gmt":"2021-12-09T12:14:41","slug":"webinaria","status":"publish","type":"page","link":"http:\/\/moratex.eu\/en\/aktualnosci\/webinaria\/","title":{"rendered":"Webinaria"},"content":{"rendered":"<h4 id=\"tw-target-text\" class=\"tw-data-text tw-text-large tw-ta\" dir=\"ltr\" data-placeholder=\"T\u0142umaczenie\"><span class=\"Y2IQFc\" lang=\"pl\">Drodzy Eksperci ds. Bezpiecze\u0144stwa,<\/span><\/h4>\n<p>&nbsp;<\/p>\n<p class=\"tw-data-text tw-text-large tw-ta\" dir=\"ltr\" data-placeholder=\"T\u0142umaczenie\"><span class=\"Y2IQFc\" lang=\"pl\">kontaktuj\u0119 si\u0119 z Wami, <strong>szukaj\u0105c organizacji, kt\u00f3re opracuj\u0105 technologi\u0119, kt\u00f3ra pozwoli lepiej przewidywa\u0107 i zapobiega\u0107 potencjalnym zagro\u017ceniom<\/strong> w infrastrukturze transportu publicznego. <\/span><\/p>\n<p class=\"tw-data-text tw-text-large tw-ta\" dir=\"ltr\" data-placeholder=\"T\u0142umaczenie\"><span class=\"Y2IQFc\" lang=\"pl\">Proponowane technologie b\u0119d\u0105 oferowa\u0107 Operatorom Transportu Publicznego rozwi\u0105zania zwi\u0119kszaj\u0105ce \u015bwiadomo\u015b\u0107 sytuacyjn\u0105 w zakresie bezpiecze\u0144stwa poprzez: <\/span><\/p>\n<ol>\n<li class=\"tw-data-text tw-text-large tw-ta\" dir=\"ltr\" data-placeholder=\"T\u0142umaczenie\"><span class=\"Y2IQFc\" lang=\"pl\">Automatyczne wykrywanie w odpowiednim czasie potencjalnie niebezpiecznych przedmiot\u00f3w pozostawionych bez nadzoru w Infrastrukturze Transportu Publicznego oraz w pobliskich miejscach publicznych;<\/span><\/li>\n<li class=\"tw-data-text tw-text-large tw-ta\" dir=\"ltr\" data-placeholder=\"T\u0142umaczenie\"><span class=\"Y2IQFc\" lang=\"pl\">Identyfikacj\u0119 i \u015bledzenie sprawc\u00f3w; <\/span><\/li>\n<li class=\"tw-data-text tw-text-large tw-ta\" dir=\"ltr\" data-placeholder=\"T\u0142umaczenie\"><span class=\"Y2IQFc\" lang=\"pl\">Integracj\u0119\/interoperacyjno\u015b\u0107 technologii w standardowych systemach zarz\u0105dzania kryzysowego i systemach zarz\u0105dzania wideo.<\/span><\/li>\n<\/ol>\n<p>&nbsp;<\/p>\n<p class=\"tw-data-text tw-text-large tw-ta\" dir=\"ltr\" data-placeholder=\"T\u0142umaczenie\"><span class=\"Y2IQFc\" lang=\"pl\">Ten projekt jest cz\u0119\u015bci\u0105 finansowanego przez UE projektu o nazwie PREVENT PCP (<a href=\"https:\/\/www.prevent-pcp.eu\/\">https:\/\/www.prevent-pcp.eu\/<\/a>). Celem projektu jest poprawa bezpiecze\u0144stwa transportu publicznego poprzez zakup rozwi\u0105za\u0144 technologicznych. Nast\u0105pi to w ramach zam\u00f3wie\u0144 przedkomercyjnych (PCP) w celu<strong> zakupu us\u0142ug badawczo-rozwojowych w celu opracowania tych rozwi\u0105za\u0144 technologicznych<\/strong>. <\/span><\/p>\n<p class=\"tw-data-text tw-text-large tw-ta\" dir=\"ltr\" data-placeholder=\"T\u0142umaczenie\"><span class=\"Y2IQFc\" lang=\"pl\">Dost\u0119pny bud\u017cet zam\u00f3wie\u0144 przedkomercyjnych wynosi <strong>9,33 mln EUR<\/strong>. <\/span><\/p>\n<p class=\"tw-data-text tw-text-large tw-ta\" dir=\"ltr\" data-placeholder=\"T\u0142umaczenie\"><span class=\"Y2IQFc\" lang=\"pl\">PREVENT PCP obejmuje 13 nabywc\u00f3w publicznych pochodz\u0105cych z 6 r\u00f3\u017cnych kraj\u00f3w UE, kt\u00f3rzy przeprowadz\u0105 <strong>walidacj\u0119 2 r\u00f3\u017cnych prototyp\u00f3w<\/strong> w 4 pilota\u017cach we Francji, Hiszpanii, Portugalii i W\u0142oszech.<\/span><\/p>\n<p class=\"tw-data-text tw-text-large tw-ta\" dir=\"ltr\" data-placeholder=\"T\u0142umaczenie\"><span class=\"Y2IQFc\" lang=\"pl\">Aby uzyska\u0107 wi\u0119cej informacji, zapoznaj si\u0119 z <a href=\"https:\/\/urldefense.com\/v3\/__https:\/eur06.safelinks.protection.outlook.com\/?url=https*3A*2F*2Fted.europa.eu*2Fudl*3Furi*3DTED*3ANOTICE*3A580937-2021*3ATEXT*3AEN*3AHTML*26src*3D0&amp;data=04*7C01*7C*7C6e518b0181914825b62608d9b66826b9*7Cc51f50d9041a4a2eb1d2daabeafdf132*7C0*7C0*7C637741380716500879*7CUnknown*7CTWFpbGZsb3d8eyJWIjoiMC4wLjAwMDAiLCJQIjoiV2luMzIiLCJBTiI6Ik1haWwiLCJXVCI6Mn0*3D*7C3000&amp;sdata=pHLHSM5yDnRZk*2FfDWklLIOO3YEkXauv5hBVtvMpa1Ro*3D&amp;reserved=0__;JSUlJSUlJSUlJSUlJSUlJSUlJSUlJSUlJSU!!LQkDIss!H0pGgcSnD3eQkqR5jBtq4iAGkI-uODxQwicWm91kzKZI3Jwnx3uPjnUITe1iiMDpcvE$\">Wst\u0119pnym Powiadomieniem Informacyjnym<\/a>.<\/span><\/p>\n<p class=\"tw-data-text tw-text-large tw-ta\" dir=\"ltr\" data-placeholder=\"T\u0142umaczenie\"><span class=\"Y2IQFc\" lang=\"pl\"><strong>Czy to brzmi dla Ciebie jak ekscytuj\u0105ca okazja?<\/strong> Dowiedz si\u0119, jak przes\u0142a\u0107 i pom\u00f3c w dopracowaniu specyfikacji przetargowych na nadchodz\u0105cym wydarzeniu <strong>Open Market Consultation (Otwarte Konsultacje; OMC) planowanym w Marsylii we Francji w dniach 19 i 20 stycznia 2022 r.! <\/strong><\/span><\/p>\n<p class=\"tw-data-text tw-text-large tw-ta\" dir=\"ltr\" data-placeholder=\"T\u0142umaczenie\"><span class=\"Y2IQFc\" lang=\"pl\">Wi\u0119cej informacji znajdziesz w dokumencie na dole tej strony, a swoj\u0105 <strong>obecno\u015b\u0107 mo\u017cesz zarejestrowa\u0107, wype\u0142niaj\u0105c <a href=\"https:\/\/urldefense.com\/v3\/__https:\/eur06.safelinks.protection.outlook.com\/?url=https*3A*2F*2Fec.europa.eu*2Feusurvey*2Frunner*2FPREVENT-PCP&amp;data=04*7C01*7C*7C6e518b0181914825b62608d9b66826b9*7Cc51f50d9041a4a2eb1d2daabeafdf132*7C0*7C0*7C637741380716500879*7CUnknown*7CTWFpbGZsb3d8eyJWIjoiMC4wLjAwMDAiLCJQIjoiV2luMzIiLCJBTiI6Ik1haWwiLCJXVCI6Mn0*3D*7C3000&amp;sdata=oW6DwVpO4*2B8q5SVPeo69JEpQtd*2Bv2GCPVGhEwW5qnFs*3D&amp;reserved=0__;JSUlJSUlJSUlJSUlJSUlJSUlJSU!!LQkDIss!H0pGgcSnD3eQkqR5jBtq4iAGkI-uODxQwicWm91kzKZI3Jwnx3uPjnUITe1ibcJ7lAs$\">ten formularz online<\/a><\/strong>.<\/span><\/p>\n<p class=\"tw-data-text tw-text-large tw-ta\" dir=\"ltr\" data-placeholder=\"T\u0142umaczenie\"><span class=\"Y2IQFc\" lang=\"pl\">W przypadku jakichkolwiek pyta\u0144 dotycz\u0105cych OMC wy\u015blij wiadomo\u015b\u0107 e-mail na adres <a href=\"mailto:contact@prevent-pcp.eu\">contact@prevent-pcp.eu<\/a>. <\/span><\/p>\n<p class=\"tw-data-text tw-text-large tw-ta\" dir=\"ltr\" data-placeholder=\"T\u0142umaczenie\"><span class=\"Y2IQFc\" lang=\"pl\">Serdeczne pozdrowienia,<br \/>\n<\/span><span class=\"Y2IQFc\" lang=\"pl\">b\u0105d\u017a na bie\u017c\u0105co z projektem PREVENT PCP na <a href=\"https:\/\/urldefense.com\/v3\/__https:\/eur06.safelinks.protection.outlook.com\/?url=https*3A*2F*2Fwww.linkedin.com*2Fcompany*2Fprevent-pcp*2F&amp;data=04*7C01*7C*7C6e518b0181914825b62608d9b66826b9*7Cc51f50d9041a4a2eb1d2daabeafdf132*7C0*7C0*7C637741380716510825*7CUnknown*7CTWFpbGZsb3d8eyJWIjoiMC4wLjAwMDAiLCJQIjoiV2luMzIiLCJBTiI6Ik1haWwiLCJXVCI6Mn0*3D*7C3000&amp;sdata=Hci4u1SEX05ZWyzSppX0QArjMqp3s5ADk0j87aKdtD8*3D&amp;reserved=0__;JSUlJSUlJSUlJSUlJSUlJSUl!!LQkDIss!H0pGgcSnD3eQkqR5jBtq4iAGkI-uODxQwicWm91kzKZI3Jwnx3uPjnUITe1iF-4hU0M$\" target=\"_blank\" rel=\"noopener noreferrer\">LinkedIn<\/a> i <a href=\"https:\/\/urldefense.com\/v3\/__https:\/eur06.safelinks.protection.outlook.com\/?url=https*3A*2F*2Ftwitter.com*2Fpreventh2020&amp;data=04*7C01*7C*7C6e518b0181914825b62608d9b66826b9*7Cc51f50d9041a4a2eb1d2daabeafdf132*7C0*7C0*7C637741380716510825*7CUnknown*7CTWFpbGZsb3d8eyJWIjoiMC4wLjAwMDAiLCJQIjoiV2luMzIiLCJBTiI6Ik1haWwiLCJXVCI6Mn0*3D*7C3000&amp;sdata=GAyMxbhOE1wDJ9zwpX*2BcrvkyYX1eE*2BVANthhHtvzq60*3D&amp;reserved=0__;JSUlJSUlJSUlJSUlJSUlJSUl!!LQkDIss!H0pGgcSnD3eQkqR5jBtq4iAGkI-uODxQwicWm91kzKZI3Jwnx3uPjnUITe1iAFwuPzs$\" target=\"_blank\" rel=\"noopener noreferrer\">Twitterze<\/a><\/span><\/p>\n<p>&nbsp;<\/p>\n<p>&nbsp;<\/p>\n<h4>Dear Security Experts,<\/h4>\n<p>&nbsp;<\/p>\n<p>I am reaching out to you\u00a0<strong>looking for organizations to develop a technology to better predict and prevent potential threats<\/strong>\u00a0in public transport infrastructure.<\/p>\n<p>The proposed technologies shall offer Public Transport Operators with solutions enhancing security situational awareness through:<\/p>\n<ol>\n<li>Timely automatic detection of potentially dangerous unattended items in Public Transport Infrastructure and in public areas in the vicinity;<\/li>\n<li>Identification and tracking of perpetrators;<\/li>\n<li>Integration\/interoperability of the technology in standard crisis management systems and video management systems.<\/li>\n<\/ol>\n<p>&nbsp;<\/p>\n<p>This project is part of an EU-funded project called PREVENT PCP (<a href=\"https:\/\/urldefense.com\/v3\/__https:\/www.prevent-pcp.eu\/).__;!!LQkDIss!E4fE0vtF6R8P8eOQ-JKDAPTrqWi0JwkbWSD_fxL-RSkVBulPdARqXgqCkHN4Vx03Mdw$\">\u00a0https:\/\/www.prevent-pcp.eu\/).<\/a> The project\u2019s objective is to improve the security of public transport through the procurement of technological solutions. This will be done through Pre-Commercial Procurement (PCP), with the purpose of\u00a0<strong>purchasing R&amp;D services to develop these technological solutions<\/strong>.<\/p>\n<p>PREVENT Pre-Commercial Procurement&#8217;s available budget is <strong>9.33\u20ac Million<\/strong>.<\/p>\n<p>PREVENT PCP involves 13 public buyers coming from 6 different EU countries, who will\u00a0<strong>validate 2 different prototypes<\/strong>\u00a0in<strong>\u00a0<\/strong>4 pilots in France, Spain, Portugal, and Italy.<\/p>\n<p>For more information, you can consult the\u00a0<a href=\"https:\/\/urldefense.com\/v3\/__https:\/eur06.safelinks.protection.outlook.com\/?url=https*3A*2F*2Fted.europa.eu*2Fudl*3Furi*3DTED*3ANOTICE*3A580937-2021*3ATEXT*3AEN*3AHTML*26src*3D0&amp;data=04*7C01*7C*7C6e518b0181914825b62608d9b66826b9*7Cc51f50d9041a4a2eb1d2daabeafdf132*7C0*7C0*7C637741380716500879*7CUnknown*7CTWFpbGZsb3d8eyJWIjoiMC4wLjAwMDAiLCJQIjoiV2luMzIiLCJBTiI6Ik1haWwiLCJXVCI6Mn0*3D*7C3000&amp;sdata=pHLHSM5yDnRZk*2FfDWklLIOO3YEkXauv5hBVtvMpa1Ro*3D&amp;reserved=0__;JSUlJSUlJSUlJSUlJSUlJSUlJSUlJSUlJSU!!LQkDIss!H0pGgcSnD3eQkqR5jBtq4iAGkI-uODxQwicWm91kzKZI3Jwnx3uPjnUITe1iiMDpcvE$\">Prior Information Notice<\/a>.<\/p>\n<p>&nbsp;<\/p>\n<p><strong>Does this sound like an exciting opportunity for you?<\/strong>\u00a0Find out how to submit and help finetune the tender specifications at the upcoming\u00a0<strong>Open Market Consultation (OMC) event<\/strong>\u00a0<strong>planned in Marseille, France, on the<\/strong>\u00a0<strong>19<sup>\u00a0<\/sup>and 20 January 2022!\u00a0<\/strong><\/p>\n<p>You can find more information in the document at the bottom of this page, and you can <strong>register your attendance by completing\u00a0<\/strong><strong><a href=\"https:\/\/urldefense.com\/v3\/__https:\/eur06.safelinks.protection.outlook.com\/?url=https*3A*2F*2Fec.europa.eu*2Feusurvey*2Frunner*2FPREVENT-PCP&amp;data=04*7C01*7C*7C6e518b0181914825b62608d9b66826b9*7Cc51f50d9041a4a2eb1d2daabeafdf132*7C0*7C0*7C637741380716500879*7CUnknown*7CTWFpbGZsb3d8eyJWIjoiMC4wLjAwMDAiLCJQIjoiV2luMzIiLCJBTiI6Ik1haWwiLCJXVCI6Mn0*3D*7C3000&amp;sdata=oW6DwVpO4*2B8q5SVPeo69JEpQtd*2Bv2GCPVGhEwW5qnFs*3D&amp;reserved=0__;JSUlJSUlJSUlJSUlJSUlJSUlJSU!!LQkDIss!H0pGgcSnD3eQkqR5jBtq4iAGkI-uODxQwicWm91kzKZI3Jwnx3uPjnUITe1ibcJ7lAs$\">this online form<\/a><\/strong>.<\/p>\n<p>For any inquiry you might have about the OMC please send an email to <a href=\"mailto:contact@prevent-pcp.eu\">contact@prevent-pcp.eu<\/a>.<\/p>\n<p>&nbsp;<\/p>\n<p>Kind regards,<br \/>\nMake sure to stay updated on the PREVENT PCP project on\u00a0<a href=\"https:\/\/urldefense.com\/v3\/__https:\/eur06.safelinks.protection.outlook.com\/?url=https*3A*2F*2Fwww.linkedin.com*2Fcompany*2Fprevent-pcp*2F&amp;data=04*7C01*7C*7C6e518b0181914825b62608d9b66826b9*7Cc51f50d9041a4a2eb1d2daabeafdf132*7C0*7C0*7C637741380716510825*7CUnknown*7CTWFpbGZsb3d8eyJWIjoiMC4wLjAwMDAiLCJQIjoiV2luMzIiLCJBTiI6Ik1haWwiLCJXVCI6Mn0*3D*7C3000&amp;sdata=Hci4u1SEX05ZWyzSppX0QArjMqp3s5ADk0j87aKdtD8*3D&amp;reserved=0__;JSUlJSUlJSUlJSUlJSUlJSUl!!LQkDIss!H0pGgcSnD3eQkqR5jBtq4iAGkI-uODxQwicWm91kzKZI3Jwnx3uPjnUITe1iF-4hU0M$\">LinkedIn<\/a>\u00a0and\u00a0<a href=\"https:\/\/urldefense.com\/v3\/__https:\/eur06.safelinks.protection.outlook.com\/?url=https*3A*2F*2Ftwitter.com*2Fpreventh2020&amp;data=04*7C01*7C*7C6e518b0181914825b62608d9b66826b9*7Cc51f50d9041a4a2eb1d2daabeafdf132*7C0*7C0*7C637741380716510825*7CUnknown*7CTWFpbGZsb3d8eyJWIjoiMC4wLjAwMDAiLCJQIjoiV2luMzIiLCJBTiI6Ik1haWwiLCJXVCI6Mn0*3D*7C3000&amp;sdata=GAyMxbhOE1wDJ9zwpX*2BcrvkyYX1eE*2BVANthhHtvzq60*3D&amp;reserved=0__;JSUlJSUlJSUlJSUlJSUlJSUl!!LQkDIss!H0pGgcSnD3eQkqR5jBtq4iAGkI-uODxQwicWm91kzKZI3Jwnx3uPjnUITe1iAFwuPzs$\">Twitter<\/a><\/p>\n<p>&nbsp;<\/p>\n","protected":false},"excerpt":{"rendered":"<p>Drodzy Eksperci ds. Bezpiecze\u0144stwa, &nbsp; kontaktuj\u0119 si\u0119 z Wami, szukaj\u0105c organizacji, kt\u00f3re opracuj\u0105 technologi\u0119, kt\u00f3ra pozwoli lepiej przewidywa\u0107 i zapobiega\u0107 potencjalnym zagro\u017ceniom [&hellip;]<\/p>\n","protected":false},"author":8,"featured_media":0,"parent":30,"menu_order":0,"comment_status":"closed","ping_status":"closed","template":"","meta":{"_acf_changed":false,"footnotes":""},"class_list":["post-6276","page","type-page","status-publish","hentry"],"acf":[],"yoast_head":"<!-- This site is optimized with the Yoast SEO plugin v26.6 - https:\/\/yoast.com\/wordpress\/plugins\/seo\/ -->\n<title>Webinaria - Moratex &quot;MORATEX&quot;<\/title>\n<meta name=\"description\" content=\"Webinaria - Instytut Technologii Bezpiecze\u0144stwa \u201eMORATEX\u201d w \u0141odzi - ul. Marii Sk\u0142odowskiej-Curie 3, \u0141\u00f3d\u017a, 90-505\" \/>\n<meta name=\"robots\" content=\"index, follow, max-snippet:-1, max-image-preview:large, max-video-preview:-1\" \/>\n<link rel=\"canonical\" href=\"http:\/\/moratex.eu\/aktualnosci\/webinaria\/\" \/>\n<meta property=\"og:locale\" content=\"en_US\" \/>\n<meta property=\"og:type\" content=\"article\" \/>\n<meta property=\"og:title\" content=\"Webinaria - Moratex &quot;MORATEX&quot;\" \/>\n<meta property=\"og:description\" content=\"Webinaria - Instytut Technologii Bezpiecze\u0144stwa \u201eMORATEX\u201d w \u0141odzi - ul. Marii Sk\u0142odowskiej-Curie 3, \u0141\u00f3d\u017a, 90-505\" \/>\n<meta property=\"og:url\" content=\"http:\/\/moratex.eu\/aktualnosci\/webinaria\/\" \/>\n<meta property=\"og:site_name\" content=\"Moratex\" \/>\n<meta property=\"article:modified_time\" content=\"2021-12-09T12:14:41+00:00\" \/>\n<meta name=\"twitter:card\" content=\"summary_large_image\" \/>\n<meta name=\"twitter:label1\" content=\"Est. reading time\" \/>\n\t<meta name=\"twitter:data1\" content=\"3 minutes\" \/>\n<script type=\"application\/ld+json\" class=\"yoast-schema-graph\">{\"@context\":\"https:\/\/schema.org\",\"@graph\":[{\"@type\":\"WebPage\",\"@id\":\"http:\/\/moratex.eu\/aktualnosci\/webinaria\/\",\"url\":\"http:\/\/moratex.eu\/aktualnosci\/webinaria\/\",\"name\":\"Webinaria - Moratex \\\"MORATEX\\\"\",\"isPartOf\":{\"@id\":\"http:\/\/moratex.eu\/#website\"},\"datePublished\":\"2021-12-09T11:48:07+00:00\",\"dateModified\":\"2021-12-09T12:14:41+00:00\",\"description\":\"Webinaria - Instytut Technologii Bezpiecze\u0144stwa \u201eMORATEX\u201d w \u0141odzi - ul. Marii Sk\u0142odowskiej-Curie 3, \u0141\u00f3d\u017a, 90-505\",\"breadcrumb\":{\"@id\":\"http:\/\/moratex.eu\/aktualnosci\/webinaria\/#breadcrumb\"},\"inLanguage\":\"en-US\",\"potentialAction\":[{\"@type\":\"ReadAction\",\"target\":[\"http:\/\/moratex.eu\/aktualnosci\/webinaria\/\"]}]},{\"@type\":\"BreadcrumbList\",\"@id\":\"http:\/\/moratex.eu\/aktualnosci\/webinaria\/#breadcrumb\",\"itemListElement\":[{\"@type\":\"ListItem\",\"position\":1,\"name\":\"Strona g\u0142\u00f3wna\",\"item\":\"http:\/\/moratex.eu\/en\/\"},{\"@type\":\"ListItem\",\"position\":2,\"name\":\"Aktualno\u015bci\",\"item\":\"http:\/\/moratex.eu\/aktualnosci\/\"},{\"@type\":\"ListItem\",\"position\":3,\"name\":\"Webinaria\"}]},{\"@type\":\"WebSite\",\"@id\":\"http:\/\/moratex.eu\/#website\",\"url\":\"http:\/\/moratex.eu\/\",\"name\":\"Moratex\",\"description\":\"MORATEX w \u0141odzi\",\"potentialAction\":[{\"@type\":\"SearchAction\",\"target\":{\"@type\":\"EntryPoint\",\"urlTemplate\":\"http:\/\/moratex.eu\/?s={search_term_string}\"},\"query-input\":{\"@type\":\"PropertyValueSpecification\",\"valueRequired\":true,\"valueName\":\"search_term_string\"}}],\"inLanguage\":\"en-US\"}]}<\/script>\n<!-- \/ Yoast SEO plugin. -->","yoast_head_json":{"title":"Webinaria - Moratex \"MORATEX\"","description":"Webinaria - Instytut Technologii Bezpiecze\u0144stwa \u201eMORATEX\u201d w \u0141odzi - ul. Marii Sk\u0142odowskiej-Curie 3, \u0141\u00f3d\u017a, 90-505","robots":{"index":"index","follow":"follow","max-snippet":"max-snippet:-1","max-image-preview":"max-image-preview:large","max-video-preview":"max-video-preview:-1"},"canonical":"http:\/\/moratex.eu\/aktualnosci\/webinaria\/","og_locale":"en_US","og_type":"article","og_title":"Webinaria - Moratex \"MORATEX\"","og_description":"Webinaria - Instytut Technologii Bezpiecze\u0144stwa \u201eMORATEX\u201d w \u0141odzi - ul. Marii Sk\u0142odowskiej-Curie 3, \u0141\u00f3d\u017a, 90-505","og_url":"http:\/\/moratex.eu\/aktualnosci\/webinaria\/","og_site_name":"Moratex","article_modified_time":"2021-12-09T12:14:41+00:00","twitter_card":"summary_large_image","twitter_misc":{"Est. reading time":"3 minutes"},"schema":{"@context":"https:\/\/schema.org","@graph":[{"@type":"WebPage","@id":"http:\/\/moratex.eu\/aktualnosci\/webinaria\/","url":"http:\/\/moratex.eu\/aktualnosci\/webinaria\/","name":"Webinaria - Moratex \"MORATEX\"","isPartOf":{"@id":"http:\/\/moratex.eu\/#website"},"datePublished":"2021-12-09T11:48:07+00:00","dateModified":"2021-12-09T12:14:41+00:00","description":"Webinaria - Instytut Technologii Bezpiecze\u0144stwa \u201eMORATEX\u201d w \u0141odzi - ul. Marii Sk\u0142odowskiej-Curie 3, \u0141\u00f3d\u017a, 90-505","breadcrumb":{"@id":"http:\/\/moratex.eu\/aktualnosci\/webinaria\/#breadcrumb"},"inLanguage":"en-US","potentialAction":[{"@type":"ReadAction","target":["http:\/\/moratex.eu\/aktualnosci\/webinaria\/"]}]},{"@type":"BreadcrumbList","@id":"http:\/\/moratex.eu\/aktualnosci\/webinaria\/#breadcrumb","itemListElement":[{"@type":"ListItem","position":1,"name":"Strona g\u0142\u00f3wna","item":"http:\/\/moratex.eu\/en\/"},{"@type":"ListItem","position":2,"name":"Aktualno\u015bci","item":"http:\/\/moratex.eu\/aktualnosci\/"},{"@type":"ListItem","position":3,"name":"Webinaria"}]},{"@type":"WebSite","@id":"http:\/\/moratex.eu\/#website","url":"http:\/\/moratex.eu\/","name":"Moratex","description":"MORATEX w \u0141odzi","potentialAction":[{"@type":"SearchAction","target":{"@type":"EntryPoint","urlTemplate":"http:\/\/moratex.eu\/?s={search_term_string}"},"query-input":{"@type":"PropertyValueSpecification","valueRequired":true,"valueName":"search_term_string"}}],"inLanguage":"en-US"}]}},"_links":{"self":[{"href":"http:\/\/moratex.eu\/en\/wp-json\/wp\/v2\/pages\/6276","targetHints":{"allow":["GET"]}}],"collection":[{"href":"http:\/\/moratex.eu\/en\/wp-json\/wp\/v2\/pages"}],"about":[{"href":"http:\/\/moratex.eu\/en\/wp-json\/wp\/v2\/types\/page"}],"author":[{"embeddable":true,"href":"http:\/\/moratex.eu\/en\/wp-json\/wp\/v2\/users\/8"}],"replies":[{"embeddable":true,"href":"http:\/\/moratex.eu\/en\/wp-json\/wp\/v2\/comments?post=6276"}],"version-history":[{"count":10,"href":"http:\/\/moratex.eu\/en\/wp-json\/wp\/v2\/pages\/6276\/revisions"}],"predecessor-version":[{"id":6292,"href":"http:\/\/moratex.eu\/en\/wp-json\/wp\/v2\/pages\/6276\/revisions\/6292"}],"up":[{"embeddable":true,"href":"http:\/\/moratex.eu\/en\/wp-json\/wp\/v2\/pages\/30"}],"wp:attachment":[{"href":"http:\/\/moratex.eu\/en\/wp-json\/wp\/v2\/media?parent=6276"}],"curies":[{"name":"wp","href":"https:\/\/api.w.org\/{rel}","templated":true}]}}