{"id":7232,"date":"2023-09-08T10:52:09","date_gmt":"2023-09-08T08:52:09","guid":{"rendered":"http:\/\/moratex.eu\/?page_id=7232"},"modified":"2023-09-11T11:42:20","modified_gmt":"2023-09-11T09:42:20","slug":"jubileusz","status":"publish","type":"page","link":"http:\/\/moratex.eu\/en\/jubileusz\/","title":{"rendered":"Jubileusz 70-lecia Instytutu Technologii Bezpiecze\u0144stwa &#8220;MORATEX&#8221;"},"content":{"rendered":"<p><img loading=\"lazy\" decoding=\"async\" class=\"attachment-large-fix aligncenter wp-image-7233 size-large\" src=\"http:\/\/moratex.eu\/wp-content\/uploads\/2023\/09\/patroniif-1024x464.png\" alt=\"\" width=\"1024\" height=\"464\" srcset=\"http:\/\/moratex.eu\/wp-content\/uploads\/2023\/09\/patroniif-1024x464.png 1024w, http:\/\/moratex.eu\/wp-content\/uploads\/2023\/09\/patroniif-300x136.png 300w, http:\/\/moratex.eu\/wp-content\/uploads\/2023\/09\/patroniif-768x348.png 768w, http:\/\/moratex.eu\/wp-content\/uploads\/2023\/09\/patroniif-1536x697.png 1536w, http:\/\/moratex.eu\/wp-content\/uploads\/2023\/09\/patroniif-2048x929.png 2048w, http:\/\/moratex.eu\/wp-content\/uploads\/2023\/09\/patroniif.png 1920w\" sizes=\"auto, (max-width: 1024px) 100vw, 1024px\" \/><\/p>\n<h1><\/h1>\n<h1><strong>Program Jubileuszu<\/strong><\/h1>\n<h2>1. Powitanie Go\u015bci<br \/>\n2. S\u0142owo wst\u0119pu<br \/>\n3. Historia ITB \u201eMORATEX\u201d<br \/>\n4. Pokaz mody S\u0142u\u017cb Mundurowych<br \/>\n5. Wr\u0119czenie odznacze\u0144 pracownikom ITB \u201eMORATEX\u201d<br \/>\n6. S\u0142owa od Go\u015bci<br \/>\n7. Tera\u017aniejszo\u015b\u0107 i przysz\u0142o\u015b\u0107 ITB \u201eMORATEX\u201d<br \/>\n8. Zako\u0144czenie<\/h2>\n<p>&nbsp;<\/p>\n<h2>Uroczysto\u015b\u0107 odb\u0119dzie si\u0119 29 wrze\u015bnia 2023 r. (pi\u0105tek) w godz.: 10:00 \u2013 14:00<br \/>\nw auli Centrum Promocji Mody Akademii Sztuk Pi\u0119knych w \u0141odzi,<br \/>\nprzy ul. Wojska Polskiego 121, wjazd od ul. Spornej<\/h2>\n<p><a  data-lightbox=\"post-image\" href=\"http:\/\/moratex.eu\/wp-content\/uploads\/2023\/09\/mapka-1.jpg\"<\/a><img loading=\"lazy\" decoding=\"async\" class=\"attachment-large-fix alignnone wp-image-7256 size-full\" src=\"http:\/\/moratex.eu\/wp-content\/uploads\/2023\/09\/mapka-1.jpg\" alt=\"\" width=\"1320\" height=\"798\" srcset=\"http:\/\/moratex.eu\/wp-content\/uploads\/2023\/09\/mapka-1.jpg 1320w, http:\/\/moratex.eu\/wp-content\/uploads\/2023\/09\/mapka-1-300x181.jpg 300w, http:\/\/moratex.eu\/wp-content\/uploads\/2023\/09\/mapka-1-1024x619.jpg 1024w, http:\/\/moratex.eu\/wp-content\/uploads\/2023\/09\/mapka-1-768x464.jpg 768w\" sizes=\"auto, (max-width: 1320px) 100vw, 1320px\" \/><\/a><\/p>\n<p>&nbsp;<\/p>\n<p>&nbsp;<\/p>\n","protected":false},"excerpt":{"rendered":"<p>Program Jubileuszu 1. Powitanie Go\u015bci 2. S\u0142owo wst\u0119pu 3. Historia ITB \u201eMORATEX\u201d 4. Pokaz mody S\u0142u\u017cb Mundurowych 5. Wr\u0119czenie odznacze\u0144 pracownikom ITB [&hellip;]<\/p>\n","protected":false},"author":2,"featured_media":0,"parent":0,"menu_order":0,"comment_status":"closed","ping_status":"closed","template":"","meta":{"_acf_changed":false,"footnotes":""},"class_list":["post-7232","page","type-page","status-publish","hentry"],"acf":[],"yoast_head":"<!-- This site is optimized with the Yoast SEO plugin v26.6 - https:\/\/yoast.com\/wordpress\/plugins\/seo\/ -->\n<title>Jubileusz 70-lecia Instytutu Technologii Bezpiecze\u0144stwa &quot;MORATEX&quot; - Moratex &quot;MORATEX&quot;<\/title>\n<meta name=\"description\" content=\"Jubileusz 70-lecia Instytutu Technologii Bezpiecze\u0144stwa &quot;MORATEX&quot; - Instytut Technologii Bezpiecze\u0144stwa \u201eMORATEX\u201d w \u0141odzi - ul. Marii Sk\u0142odowskiej-Curie 3, \u0141\u00f3d\u017a, 90-505\" \/>\n<meta name=\"robots\" content=\"index, follow, max-snippet:-1, max-image-preview:large, max-video-preview:-1\" \/>\n<link rel=\"canonical\" href=\"http:\/\/moratex.eu\/en\/jubileusz\/\" \/>\n<meta property=\"og:locale\" content=\"en_US\" \/>\n<meta property=\"og:type\" content=\"article\" \/>\n<meta property=\"og:title\" content=\"Jubileusz 70-lecia Instytutu Technologii Bezpiecze\u0144stwa &quot;MORATEX&quot; - Moratex &quot;MORATEX&quot;\" \/>\n<meta property=\"og:description\" content=\"Jubileusz 70-lecia Instytutu Technologii Bezpiecze\u0144stwa &quot;MORATEX&quot; - Instytut Technologii Bezpiecze\u0144stwa \u201eMORATEX\u201d w \u0141odzi - ul. Marii Sk\u0142odowskiej-Curie 3, \u0141\u00f3d\u017a, 90-505\" \/>\n<meta property=\"og:url\" content=\"http:\/\/moratex.eu\/en\/jubileusz\/\" \/>\n<meta property=\"og:site_name\" content=\"Moratex\" \/>\n<meta property=\"article:modified_time\" content=\"2023-09-11T09:42:20+00:00\" \/>\n<meta property=\"og:image\" content=\"http:\/\/moratex.eu\/wp-content\/uploads\/2023\/09\/patroniif-1024x464.png\" \/>\n<meta name=\"twitter:card\" content=\"summary_large_image\" \/>\n<script type=\"application\/ld+json\" class=\"yoast-schema-graph\">{\"@context\":\"https:\/\/schema.org\",\"@graph\":[{\"@type\":\"WebPage\",\"@id\":\"http:\/\/moratex.eu\/en\/jubileusz\/\",\"url\":\"http:\/\/moratex.eu\/en\/jubileusz\/\",\"name\":\"Jubileusz 70-lecia Instytutu Technologii Bezpiecze\u0144stwa \\\"MORATEX\\\" - Moratex \\\"MORATEX\\\"\",\"isPartOf\":{\"@id\":\"http:\/\/moratex.eu\/#website\"},\"primaryImageOfPage\":{\"@id\":\"http:\/\/moratex.eu\/en\/jubileusz\/#primaryimage\"},\"image\":{\"@id\":\"http:\/\/moratex.eu\/en\/jubileusz\/#primaryimage\"},\"thumbnailUrl\":\"http:\/\/moratex.eu\/wp-content\/uploads\/2023\/09\/patroniif-1024x464.png\",\"datePublished\":\"2023-09-08T08:52:09+00:00\",\"dateModified\":\"2023-09-11T09:42:20+00:00\",\"description\":\"Jubileusz 70-lecia Instytutu Technologii Bezpiecze\u0144stwa \\\"MORATEX\\\" - Instytut Technologii Bezpiecze\u0144stwa \u201eMORATEX\u201d w \u0141odzi - ul. Marii Sk\u0142odowskiej-Curie 3, \u0141\u00f3d\u017a, 90-505\",\"breadcrumb\":{\"@id\":\"http:\/\/moratex.eu\/en\/jubileusz\/#breadcrumb\"},\"inLanguage\":\"en-US\",\"potentialAction\":[{\"@type\":\"ReadAction\",\"target\":[\"http:\/\/moratex.eu\/en\/jubileusz\/\"]}]},{\"@type\":\"ImageObject\",\"inLanguage\":\"en-US\",\"@id\":\"http:\/\/moratex.eu\/en\/jubileusz\/#primaryimage\",\"url\":\"http:\/\/moratex.eu\/wp-content\/uploads\/2023\/09\/patroniif-1024x464.png\",\"contentUrl\":\"http:\/\/moratex.eu\/wp-content\/uploads\/2023\/09\/patroniif-1024x464.png\"},{\"@type\":\"BreadcrumbList\",\"@id\":\"http:\/\/moratex.eu\/en\/jubileusz\/#breadcrumb\",\"itemListElement\":[{\"@type\":\"ListItem\",\"position\":1,\"name\":\"Strona g\u0142\u00f3wna\",\"item\":\"http:\/\/moratex.eu\/en\/\"},{\"@type\":\"ListItem\",\"position\":2,\"name\":\"Jubileusz 70-lecia Instytutu Technologii Bezpiecze\u0144stwa &#8220;MORATEX&#8221;\"}]},{\"@type\":\"WebSite\",\"@id\":\"http:\/\/moratex.eu\/#website\",\"url\":\"http:\/\/moratex.eu\/\",\"name\":\"Moratex\",\"description\":\"MORATEX w \u0141odzi\",\"potentialAction\":[{\"@type\":\"SearchAction\",\"target\":{\"@type\":\"EntryPoint\",\"urlTemplate\":\"http:\/\/moratex.eu\/?s={search_term_string}\"},\"query-input\":{\"@type\":\"PropertyValueSpecification\",\"valueRequired\":true,\"valueName\":\"search_term_string\"}}],\"inLanguage\":\"en-US\"}]}<\/script>\n<!-- \/ Yoast SEO plugin. -->","yoast_head_json":{"title":"Jubileusz 70-lecia Instytutu Technologii Bezpiecze\u0144stwa \"MORATEX\" - Moratex \"MORATEX\"","description":"Jubileusz 70-lecia Instytutu Technologii Bezpiecze\u0144stwa \"MORATEX\" - Instytut Technologii Bezpiecze\u0144stwa \u201eMORATEX\u201d w \u0141odzi - ul. Marii Sk\u0142odowskiej-Curie 3, \u0141\u00f3d\u017a, 90-505","robots":{"index":"index","follow":"follow","max-snippet":"max-snippet:-1","max-image-preview":"max-image-preview:large","max-video-preview":"max-video-preview:-1"},"canonical":"http:\/\/moratex.eu\/en\/jubileusz\/","og_locale":"en_US","og_type":"article","og_title":"Jubileusz 70-lecia Instytutu Technologii Bezpiecze\u0144stwa \"MORATEX\" - Moratex \"MORATEX\"","og_description":"Jubileusz 70-lecia Instytutu Technologii Bezpiecze\u0144stwa \"MORATEX\" - Instytut Technologii Bezpiecze\u0144stwa \u201eMORATEX\u201d w \u0141odzi - ul. Marii Sk\u0142odowskiej-Curie 3, \u0141\u00f3d\u017a, 90-505","og_url":"http:\/\/moratex.eu\/en\/jubileusz\/","og_site_name":"Moratex","article_modified_time":"2023-09-11T09:42:20+00:00","og_image":[{"url":"http:\/\/moratex.eu\/wp-content\/uploads\/2023\/09\/patroniif-1024x464.png","type":"","width":"","height":""}],"twitter_card":"summary_large_image","schema":{"@context":"https:\/\/schema.org","@graph":[{"@type":"WebPage","@id":"http:\/\/moratex.eu\/en\/jubileusz\/","url":"http:\/\/moratex.eu\/en\/jubileusz\/","name":"Jubileusz 70-lecia Instytutu Technologii Bezpiecze\u0144stwa \"MORATEX\" - Moratex \"MORATEX\"","isPartOf":{"@id":"http:\/\/moratex.eu\/#website"},"primaryImageOfPage":{"@id":"http:\/\/moratex.eu\/en\/jubileusz\/#primaryimage"},"image":{"@id":"http:\/\/moratex.eu\/en\/jubileusz\/#primaryimage"},"thumbnailUrl":"http:\/\/moratex.eu\/wp-content\/uploads\/2023\/09\/patroniif-1024x464.png","datePublished":"2023-09-08T08:52:09+00:00","dateModified":"2023-09-11T09:42:20+00:00","description":"Jubileusz 70-lecia Instytutu Technologii Bezpiecze\u0144stwa \"MORATEX\" - Instytut Technologii Bezpiecze\u0144stwa \u201eMORATEX\u201d w \u0141odzi - ul. Marii Sk\u0142odowskiej-Curie 3, \u0141\u00f3d\u017a, 90-505","breadcrumb":{"@id":"http:\/\/moratex.eu\/en\/jubileusz\/#breadcrumb"},"inLanguage":"en-US","potentialAction":[{"@type":"ReadAction","target":["http:\/\/moratex.eu\/en\/jubileusz\/"]}]},{"@type":"ImageObject","inLanguage":"en-US","@id":"http:\/\/moratex.eu\/en\/jubileusz\/#primaryimage","url":"http:\/\/moratex.eu\/wp-content\/uploads\/2023\/09\/patroniif-1024x464.png","contentUrl":"http:\/\/moratex.eu\/wp-content\/uploads\/2023\/09\/patroniif-1024x464.png"},{"@type":"BreadcrumbList","@id":"http:\/\/moratex.eu\/en\/jubileusz\/#breadcrumb","itemListElement":[{"@type":"ListItem","position":1,"name":"Strona g\u0142\u00f3wna","item":"http:\/\/moratex.eu\/en\/"},{"@type":"ListItem","position":2,"name":"Jubileusz 70-lecia Instytutu Technologii Bezpiecze\u0144stwa &#8220;MORATEX&#8221;"}]},{"@type":"WebSite","@id":"http:\/\/moratex.eu\/#website","url":"http:\/\/moratex.eu\/","name":"Moratex","description":"MORATEX w \u0141odzi","potentialAction":[{"@type":"SearchAction","target":{"@type":"EntryPoint","urlTemplate":"http:\/\/moratex.eu\/?s={search_term_string}"},"query-input":{"@type":"PropertyValueSpecification","valueRequired":true,"valueName":"search_term_string"}}],"inLanguage":"en-US"}]}},"_links":{"self":[{"href":"http:\/\/moratex.eu\/en\/wp-json\/wp\/v2\/pages\/7232","targetHints":{"allow":["GET"]}}],"collection":[{"href":"http:\/\/moratex.eu\/en\/wp-json\/wp\/v2\/pages"}],"about":[{"href":"http:\/\/moratex.eu\/en\/wp-json\/wp\/v2\/types\/page"}],"author":[{"embeddable":true,"href":"http:\/\/moratex.eu\/en\/wp-json\/wp\/v2\/users\/2"}],"replies":[{"embeddable":true,"href":"http:\/\/moratex.eu\/en\/wp-json\/wp\/v2\/comments?post=7232"}],"version-history":[{"count":10,"href":"http:\/\/moratex.eu\/en\/wp-json\/wp\/v2\/pages\/7232\/revisions"}],"predecessor-version":[{"id":7259,"href":"http:\/\/moratex.eu\/en\/wp-json\/wp\/v2\/pages\/7232\/revisions\/7259"}],"wp:attachment":[{"href":"http:\/\/moratex.eu\/en\/wp-json\/wp\/v2\/media?parent=7232"}],"curies":[{"name":"wp","href":"https:\/\/api.w.org\/{rel}","templated":true}]}}