{"id":847,"date":"2018-07-06T09:16:57","date_gmt":"2018-07-06T07:16:57","guid":{"rendered":"http:\/\/moratex.cf\/?page_id=847"},"modified":"2021-03-16T11:17:17","modified_gmt":"2021-03-16T10:17:17","slug":"about","status":"publish","type":"page","link":"http:\/\/moratex.eu\/en\/","title":{"rendered":"MORATEX"},"content":{"rendered":"<h3 class=\"row section_header\">Who we are<\/h3>\n<div class=\"line relative\">\n<div><\/div>\n<div><\/div>\n<\/div>\n<h4 class=\"whoweare_header row\">The history of Institute of Security Technologies MORATEX in \u0141\u00f3d\u017a dates back to 1953, when the Minister of Light Industry issued his Decree No. 430 on the creation of Laboratory of Technical Textiles.<\/h4>\n<aside class=\"whoweare_paragraph row\">The main goal of MORATEX activity is to develop modern designs and technologies of textile technical goods and implementing them to the industry. The institute worked-out the leading position among domestic R&amp;D bodies and developers of hi-tech products intended for various branches of national economy. In 90\u2019s the R&amp;D workload has been remarkably moved towards developing of personal life and health protection means for individuals exposed to threats from bullets, fragments, impacts, harmful chemical or biological agents and unfavorable factors, as fire, temperature, water etc. The works of that times focused mainly on solutions related to technologies designed for services subordinated to the Minister of Interior and Administration and to Minister of National Defence.Since 1999, according to the decree of Prime Minister (Journal of Laws No. 24 item 217), MORATEX is the departmental R&amp;D body supervised by the Minister of Interior and Administration. Starting with that moment all the effort of the Institute\u2019s management and employees has been clearly driven to satisfying the expectations and requirements of the Police, Fire Service, Border Guards and the State Protection Service.<\/aside>\n","protected":false},"excerpt":{"rendered":"<p>Who we are The history of Institute of Security Technologies MORATEX in \u0141\u00f3d\u017a dates back to 1953, when the Minister of Light [&hellip;]<\/p>\n","protected":false},"author":1,"featured_media":0,"parent":0,"menu_order":0,"comment_status":"closed","ping_status":"closed","template":"front-page.php","meta":{"_acf_changed":false,"footnotes":""},"class_list":["post-847","page","type-page","status-publish","hentry"],"acf":[],"yoast_head":"<!-- This site is optimized with the Yoast SEO plugin v26.6 - https:\/\/yoast.com\/wordpress\/plugins\/seo\/ -->\n<title>MORATEX Institute of Security Technologies<\/title>\n<meta name=\"description\" content=\"MORATEX Institute of Security Technologies - 3, Marii Sk\u0142odowskiej-Curie Str., 90-505 \u0141\u00f3d\u017a, POLAND\" \/>\n<meta name=\"robots\" content=\"index, follow, max-snippet:-1, max-image-preview:large, max-video-preview:-1\" \/>\n<link rel=\"canonical\" href=\"http:\/\/moratex.eu\/en\/\" \/>\n<meta property=\"og:locale\" content=\"en_US\" \/>\n<meta property=\"og:type\" content=\"article\" \/>\n<meta property=\"og:title\" content=\"MORATEX Institute of Security Technologies\" \/>\n<meta property=\"og:description\" content=\"MORATEX Institute of Security Technologies - 3, Marii Sk\u0142odowskiej-Curie Str., 90-505 \u0141\u00f3d\u017a, POLAND\" \/>\n<meta property=\"og:url\" content=\"http:\/\/moratex.eu\/en\/\" \/>\n<meta property=\"og:site_name\" content=\"Moratex\" \/>\n<meta property=\"article:modified_time\" content=\"2021-03-16T10:17:17+00:00\" \/>\n<meta name=\"twitter:card\" content=\"summary_large_image\" \/>\n<meta name=\"twitter:label1\" content=\"Est. reading time\" \/>\n\t<meta name=\"twitter:data1\" content=\"1 minute\" \/>\n<script type=\"application\/ld+json\" class=\"yoast-schema-graph\">{\"@context\":\"https:\/\/schema.org\",\"@graph\":[{\"@type\":\"WebPage\",\"@id\":\"http:\/\/moratex.eu\/en\/\",\"url\":\"http:\/\/moratex.eu\/en\/\",\"name\":\"MORATEX Institute of Security Technologies\",\"isPartOf\":{\"@id\":\"http:\/\/moratex.eu\/#website\"},\"datePublished\":\"2018-07-06T07:16:57+00:00\",\"dateModified\":\"2021-03-16T10:17:17+00:00\",\"description\":\"MORATEX Institute of Security Technologies - 3, Marii Sk\u0142odowskiej-Curie Str., 90-505 \u0141\u00f3d\u017a, POLAND\",\"breadcrumb\":{\"@id\":\"http:\/\/moratex.eu\/en\/#breadcrumb\"},\"inLanguage\":\"en-US\",\"potentialAction\":[{\"@type\":\"ReadAction\",\"target\":[\"http:\/\/moratex.eu\/en\/\"]}]},{\"@type\":\"BreadcrumbList\",\"@id\":\"http:\/\/moratex.eu\/en\/#breadcrumb\",\"itemListElement\":[{\"@type\":\"ListItem\",\"position\":1,\"name\":\"Strona g\u0142\u00f3wna\",\"item\":\"http:\/\/moratex.eu\/en\/\"},{\"@type\":\"ListItem\",\"position\":2,\"name\":\"MORATEX\"}]},{\"@type\":\"WebSite\",\"@id\":\"http:\/\/moratex.eu\/#website\",\"url\":\"http:\/\/moratex.eu\/\",\"name\":\"Moratex\",\"description\":\"MORATEX w \u0141odzi\",\"potentialAction\":[{\"@type\":\"SearchAction\",\"target\":{\"@type\":\"EntryPoint\",\"urlTemplate\":\"http:\/\/moratex.eu\/?s={search_term_string}\"},\"query-input\":{\"@type\":\"PropertyValueSpecification\",\"valueRequired\":true,\"valueName\":\"search_term_string\"}}],\"inLanguage\":\"en-US\"}]}<\/script>\n<!-- \/ Yoast SEO plugin. -->","yoast_head_json":{"title":"MORATEX Institute of Security Technologies","description":"MORATEX Institute of Security Technologies - 3, Marii Sk\u0142odowskiej-Curie Str., 90-505 \u0141\u00f3d\u017a, POLAND","robots":{"index":"index","follow":"follow","max-snippet":"max-snippet:-1","max-image-preview":"max-image-preview:large","max-video-preview":"max-video-preview:-1"},"canonical":"http:\/\/moratex.eu\/en\/","og_locale":"en_US","og_type":"article","og_title":"MORATEX Institute of Security Technologies","og_description":"MORATEX Institute of Security Technologies - 3, Marii Sk\u0142odowskiej-Curie Str., 90-505 \u0141\u00f3d\u017a, POLAND","og_url":"http:\/\/moratex.eu\/en\/","og_site_name":"Moratex","article_modified_time":"2021-03-16T10:17:17+00:00","twitter_card":"summary_large_image","twitter_misc":{"Est. reading time":"1 minute"},"schema":{"@context":"https:\/\/schema.org","@graph":[{"@type":"WebPage","@id":"http:\/\/moratex.eu\/en\/","url":"http:\/\/moratex.eu\/en\/","name":"MORATEX Institute of Security Technologies","isPartOf":{"@id":"http:\/\/moratex.eu\/#website"},"datePublished":"2018-07-06T07:16:57+00:00","dateModified":"2021-03-16T10:17:17+00:00","description":"MORATEX Institute of Security Technologies - 3, Marii Sk\u0142odowskiej-Curie Str., 90-505 \u0141\u00f3d\u017a, POLAND","breadcrumb":{"@id":"http:\/\/moratex.eu\/en\/#breadcrumb"},"inLanguage":"en-US","potentialAction":[{"@type":"ReadAction","target":["http:\/\/moratex.eu\/en\/"]}]},{"@type":"BreadcrumbList","@id":"http:\/\/moratex.eu\/en\/#breadcrumb","itemListElement":[{"@type":"ListItem","position":1,"name":"Strona g\u0142\u00f3wna","item":"http:\/\/moratex.eu\/en\/"},{"@type":"ListItem","position":2,"name":"MORATEX"}]},{"@type":"WebSite","@id":"http:\/\/moratex.eu\/#website","url":"http:\/\/moratex.eu\/","name":"Moratex","description":"MORATEX w \u0141odzi","potentialAction":[{"@type":"SearchAction","target":{"@type":"EntryPoint","urlTemplate":"http:\/\/moratex.eu\/?s={search_term_string}"},"query-input":{"@type":"PropertyValueSpecification","valueRequired":true,"valueName":"search_term_string"}}],"inLanguage":"en-US"}]}},"_links":{"self":[{"href":"http:\/\/moratex.eu\/en\/wp-json\/wp\/v2\/pages\/847","targetHints":{"allow":["GET"]}}],"collection":[{"href":"http:\/\/moratex.eu\/en\/wp-json\/wp\/v2\/pages"}],"about":[{"href":"http:\/\/moratex.eu\/en\/wp-json\/wp\/v2\/types\/page"}],"author":[{"embeddable":true,"href":"http:\/\/moratex.eu\/en\/wp-json\/wp\/v2\/users\/1"}],"replies":[{"embeddable":true,"href":"http:\/\/moratex.eu\/en\/wp-json\/wp\/v2\/comments?post=847"}],"version-history":[{"count":35,"href":"http:\/\/moratex.eu\/en\/wp-json\/wp\/v2\/pages\/847\/revisions"}],"predecessor-version":[{"id":5788,"href":"http:\/\/moratex.eu\/en\/wp-json\/wp\/v2\/pages\/847\/revisions\/5788"}],"wp:attachment":[{"href":"http:\/\/moratex.eu\/en\/wp-json\/wp\/v2\/media?parent=847"}],"curies":[{"name":"wp","href":"https:\/\/api.w.org\/{rel}","templated":true}]}}