{"id":9203,"date":"2025-09-23T12:05:11","date_gmt":"2025-09-23T10:05:11","guid":{"rendered":"http:\/\/moratex.eu\/?page_id=9203"},"modified":"2026-04-01T10:13:09","modified_gmt":"2026-04-01T08:13:09","slug":"science4business","status":"publish","type":"page","link":"http:\/\/moratex.eu\/en\/science4business\/","title":{"rendered":"Science4Business"},"content":{"rendered":"<p><img loading=\"lazy\" decoding=\"async\" class=\"alignnone size-full wp-image-9233 attachment-large-fix\" src=\"http:\/\/moratex.eu\/wp-content\/uploads\/2025\/09\/MNISW_logo_S4B_poziom-kolor-CMYK.png\" alt=\"\" width=\"567\" height=\"199\" srcset=\"http:\/\/moratex.eu\/wp-content\/uploads\/2025\/09\/MNISW_logo_S4B_poziom-kolor-CMYK.png 567w, http:\/\/moratex.eu\/wp-content\/uploads\/2025\/09\/MNISW_logo_S4B_poziom-kolor-CMYK-300x105.png 300w\" sizes=\"auto, (max-width: 567px) 100vw, 567px\" \/><\/p>\n<p>Realizujemy w konsorcjum projekt partnerski\u00a0<em>\u201eScience4Business &#8211; Nauka dla biznesu&#8221;<\/em>, kt\u00f3ry jest finansowany z programu Fundusze Europejskie dla Nowoczesnej Gospodarki 2021-2027, Dzia\u0142anie 2.5.<\/p>\n<p>Data rozpocz\u0119cia realizacji projektu: 01.01.2024 r.<br \/>\nData zako\u0144czenia realizacji projektu: 31.12.2028 r.<br \/>\nData przyst\u0105pienia do realizacji projektu partnerskiego: 04.06.2024 r.<br \/>\nDotacja z Unii Europejskiej i ca\u0142kowita warto\u015b\u0107 projektu: 296\u00a0700\u00a0000 PLN<\/p>\n<p>&nbsp;<\/p>\n<p>Celem projektu jest zwi\u0119kszenie efektywno\u015bci dzia\u0142a\u0144 Centr\u00f3w Transferu Technologii (CTT) i Sp\u00f3\u0142ek Celowych (S.C.) nale\u017c\u0105cych do organizacji badawczych w\u00a0zakresie wsp\u00f3\u0142pracy z biznesem, w tym poprzez komercjalizacj\u0119 wynik\u00f3w bada\u0144 naukowych i prac rozwojowych (B+R). Cel ten zostanie osi\u0105gni\u0119ty poprzez rozwijanie i\u00a0wzmacnianie zdolno\u015bci badawczych i innowacyjnych w organizacjach badawczych oraz wykorzystywanie opracowanych zaawansowanych rozwi\u0105za\u0144 technologicznych w\u00a0gospodarce.<\/p>\n<p>&nbsp;<\/p>\n<p>Konsorcjum:<\/p>\n<ul>\n<li>Uniwersytet Morski w Gdyni (Lider),<\/li>\n<li>Uniwersytet Warmi\u0144sko-Mazurski w Olsztynie,<\/li>\n<li>Uniwersytet Kazimierza Wielkiego w Bydgoszczy,<\/li>\n<li>Instytut Ogrodnictwa \u2013 Pa\u0144stwowy Instytut Badawczy,<\/li>\n<li>Instytut Technologii Bezpiecze\u0144stwa \u201eMORATEX\u201d.<\/li>\n<\/ul>\n<p><img decoding=\"async\" src=\"https:\/\/umg.edu.pl\/sites\/default\/files\/2025-12\/logos4b_0_6.jpg\" \/><\/p>\n<p>#FunduszeUE #Dotacja #Porozumienie #Science4Business #FENG<\/p>\n","protected":false},"excerpt":{"rendered":"<p>Realizujemy w konsorcjum projekt partnerski\u00a0\u201eScience4Business &#8211; Nauka dla biznesu&#8221;, kt\u00f3ry jest finansowany z programu Fundusze Europejskie dla Nowoczesnej Gospodarki 2021-2027, Dzia\u0142anie 2.5. [&hellip;]<\/p>\n","protected":false},"author":2,"featured_media":0,"parent":0,"menu_order":0,"comment_status":"closed","ping_status":"closed","template":"","meta":{"_acf_changed":false,"footnotes":""},"class_list":["post-9203","page","type-page","status-publish","hentry"],"acf":[],"yoast_head":"<!-- This site is optimized with the Yoast SEO plugin v26.6 - https:\/\/yoast.com\/wordpress\/plugins\/seo\/ -->\n<title>Science4Business - Moratex &quot;MORATEX&quot;<\/title>\n<meta name=\"description\" content=\"Science4Business - Instytut Technologii Bezpiecze\u0144stwa \u201eMORATEX\u201d w \u0141odzi - ul. Marii Sk\u0142odowskiej-Curie 3, \u0141\u00f3d\u017a, 90-505\" \/>\n<meta name=\"robots\" content=\"index, follow, max-snippet:-1, max-image-preview:large, max-video-preview:-1\" \/>\n<link rel=\"canonical\" href=\"http:\/\/moratex.eu\/science4business\/\" \/>\n<meta property=\"og:locale\" content=\"en_US\" \/>\n<meta property=\"og:type\" content=\"article\" \/>\n<meta property=\"og:title\" content=\"Science4Business - Moratex &quot;MORATEX&quot;\" \/>\n<meta property=\"og:description\" content=\"Science4Business - Instytut Technologii Bezpiecze\u0144stwa \u201eMORATEX\u201d w \u0141odzi - ul. Marii Sk\u0142odowskiej-Curie 3, \u0141\u00f3d\u017a, 90-505\" \/>\n<meta property=\"og:url\" content=\"http:\/\/moratex.eu\/science4business\/\" \/>\n<meta property=\"og:site_name\" content=\"Moratex\" \/>\n<meta property=\"article:modified_time\" content=\"2026-04-01T08:13:09+00:00\" \/>\n<meta property=\"og:image\" content=\"http:\/\/moratex.eu\/wp-content\/uploads\/2025\/09\/MNISW_logo_S4B_poziom-kolor-CMYK.png\" \/>\n\t<meta property=\"og:image:width\" content=\"567\" \/>\n\t<meta property=\"og:image:height\" content=\"199\" \/>\n\t<meta property=\"og:image:type\" content=\"image\/png\" \/>\n<meta name=\"twitter:card\" content=\"summary_large_image\" \/>\n<meta name=\"twitter:label1\" content=\"Est. reading time\" \/>\n\t<meta name=\"twitter:data1\" content=\"2 minutes\" \/>\n<script type=\"application\/ld+json\" class=\"yoast-schema-graph\">{\"@context\":\"https:\/\/schema.org\",\"@graph\":[{\"@type\":\"WebPage\",\"@id\":\"http:\/\/moratex.eu\/science4business\/\",\"url\":\"http:\/\/moratex.eu\/science4business\/\",\"name\":\"Science4Business - Moratex \\\"MORATEX\\\"\",\"isPartOf\":{\"@id\":\"http:\/\/moratex.eu\/#website\"},\"primaryImageOfPage\":{\"@id\":\"http:\/\/moratex.eu\/science4business\/#primaryimage\"},\"image\":{\"@id\":\"http:\/\/moratex.eu\/science4business\/#primaryimage\"},\"thumbnailUrl\":\"http:\/\/moratex.eu\/wp-content\/uploads\/2025\/09\/MNISW_logo_S4B_poziom-kolor-CMYK.png\",\"datePublished\":\"2025-09-23T10:05:11+00:00\",\"dateModified\":\"2026-04-01T08:13:09+00:00\",\"description\":\"Science4Business - Instytut Technologii Bezpiecze\u0144stwa \u201eMORATEX\u201d w \u0141odzi - ul. Marii Sk\u0142odowskiej-Curie 3, \u0141\u00f3d\u017a, 90-505\",\"breadcrumb\":{\"@id\":\"http:\/\/moratex.eu\/science4business\/#breadcrumb\"},\"inLanguage\":\"en-US\",\"potentialAction\":[{\"@type\":\"ReadAction\",\"target\":[\"http:\/\/moratex.eu\/science4business\/\"]}]},{\"@type\":\"ImageObject\",\"inLanguage\":\"en-US\",\"@id\":\"http:\/\/moratex.eu\/science4business\/#primaryimage\",\"url\":\"http:\/\/moratex.eu\/wp-content\/uploads\/2025\/09\/MNISW_logo_S4B_poziom-kolor-CMYK.png\",\"contentUrl\":\"http:\/\/moratex.eu\/wp-content\/uploads\/2025\/09\/MNISW_logo_S4B_poziom-kolor-CMYK.png\"},{\"@type\":\"BreadcrumbList\",\"@id\":\"http:\/\/moratex.eu\/science4business\/#breadcrumb\",\"itemListElement\":[{\"@type\":\"ListItem\",\"position\":1,\"name\":\"Strona g\u0142\u00f3wna\",\"item\":\"http:\/\/moratex.eu\/en\/\"},{\"@type\":\"ListItem\",\"position\":2,\"name\":\"Science4Business\"}]},{\"@type\":\"WebSite\",\"@id\":\"http:\/\/moratex.eu\/#website\",\"url\":\"http:\/\/moratex.eu\/\",\"name\":\"Moratex\",\"description\":\"MORATEX w \u0141odzi\",\"potentialAction\":[{\"@type\":\"SearchAction\",\"target\":{\"@type\":\"EntryPoint\",\"urlTemplate\":\"http:\/\/moratex.eu\/?s={search_term_string}\"},\"query-input\":{\"@type\":\"PropertyValueSpecification\",\"valueRequired\":true,\"valueName\":\"search_term_string\"}}],\"inLanguage\":\"en-US\"}]}<\/script>\n<!-- \/ Yoast SEO plugin. -->","yoast_head_json":{"title":"Science4Business - Moratex \"MORATEX\"","description":"Science4Business - Instytut Technologii Bezpiecze\u0144stwa \u201eMORATEX\u201d w \u0141odzi - ul. Marii Sk\u0142odowskiej-Curie 3, \u0141\u00f3d\u017a, 90-505","robots":{"index":"index","follow":"follow","max-snippet":"max-snippet:-1","max-image-preview":"max-image-preview:large","max-video-preview":"max-video-preview:-1"},"canonical":"http:\/\/moratex.eu\/science4business\/","og_locale":"en_US","og_type":"article","og_title":"Science4Business - Moratex \"MORATEX\"","og_description":"Science4Business - Instytut Technologii Bezpiecze\u0144stwa \u201eMORATEX\u201d w \u0141odzi - ul. Marii Sk\u0142odowskiej-Curie 3, \u0141\u00f3d\u017a, 90-505","og_url":"http:\/\/moratex.eu\/science4business\/","og_site_name":"Moratex","article_modified_time":"2026-04-01T08:13:09+00:00","og_image":[{"width":567,"height":199,"url":"http:\/\/moratex.eu\/wp-content\/uploads\/2025\/09\/MNISW_logo_S4B_poziom-kolor-CMYK.png","type":"image\/png"}],"twitter_card":"summary_large_image","twitter_misc":{"Est. reading time":"2 minutes"},"schema":{"@context":"https:\/\/schema.org","@graph":[{"@type":"WebPage","@id":"http:\/\/moratex.eu\/science4business\/","url":"http:\/\/moratex.eu\/science4business\/","name":"Science4Business - Moratex \"MORATEX\"","isPartOf":{"@id":"http:\/\/moratex.eu\/#website"},"primaryImageOfPage":{"@id":"http:\/\/moratex.eu\/science4business\/#primaryimage"},"image":{"@id":"http:\/\/moratex.eu\/science4business\/#primaryimage"},"thumbnailUrl":"http:\/\/moratex.eu\/wp-content\/uploads\/2025\/09\/MNISW_logo_S4B_poziom-kolor-CMYK.png","datePublished":"2025-09-23T10:05:11+00:00","dateModified":"2026-04-01T08:13:09+00:00","description":"Science4Business - Instytut Technologii Bezpiecze\u0144stwa \u201eMORATEX\u201d w \u0141odzi - ul. Marii Sk\u0142odowskiej-Curie 3, \u0141\u00f3d\u017a, 90-505","breadcrumb":{"@id":"http:\/\/moratex.eu\/science4business\/#breadcrumb"},"inLanguage":"en-US","potentialAction":[{"@type":"ReadAction","target":["http:\/\/moratex.eu\/science4business\/"]}]},{"@type":"ImageObject","inLanguage":"en-US","@id":"http:\/\/moratex.eu\/science4business\/#primaryimage","url":"http:\/\/moratex.eu\/wp-content\/uploads\/2025\/09\/MNISW_logo_S4B_poziom-kolor-CMYK.png","contentUrl":"http:\/\/moratex.eu\/wp-content\/uploads\/2025\/09\/MNISW_logo_S4B_poziom-kolor-CMYK.png"},{"@type":"BreadcrumbList","@id":"http:\/\/moratex.eu\/science4business\/#breadcrumb","itemListElement":[{"@type":"ListItem","position":1,"name":"Strona g\u0142\u00f3wna","item":"http:\/\/moratex.eu\/en\/"},{"@type":"ListItem","position":2,"name":"Science4Business"}]},{"@type":"WebSite","@id":"http:\/\/moratex.eu\/#website","url":"http:\/\/moratex.eu\/","name":"Moratex","description":"MORATEX w \u0141odzi","potentialAction":[{"@type":"SearchAction","target":{"@type":"EntryPoint","urlTemplate":"http:\/\/moratex.eu\/?s={search_term_string}"},"query-input":{"@type":"PropertyValueSpecification","valueRequired":true,"valueName":"search_term_string"}}],"inLanguage":"en-US"}]}},"_links":{"self":[{"href":"http:\/\/moratex.eu\/en\/wp-json\/wp\/v2\/pages\/9203","targetHints":{"allow":["GET"]}}],"collection":[{"href":"http:\/\/moratex.eu\/en\/wp-json\/wp\/v2\/pages"}],"about":[{"href":"http:\/\/moratex.eu\/en\/wp-json\/wp\/v2\/types\/page"}],"author":[{"embeddable":true,"href":"http:\/\/moratex.eu\/en\/wp-json\/wp\/v2\/users\/2"}],"replies":[{"embeddable":true,"href":"http:\/\/moratex.eu\/en\/wp-json\/wp\/v2\/comments?post=9203"}],"version-history":[{"count":12,"href":"http:\/\/moratex.eu\/en\/wp-json\/wp\/v2\/pages\/9203\/revisions"}],"predecessor-version":[{"id":9783,"href":"http:\/\/moratex.eu\/en\/wp-json\/wp\/v2\/pages\/9203\/revisions\/9783"}],"wp:attachment":[{"href":"http:\/\/moratex.eu\/en\/wp-json\/wp\/v2\/media?parent=9203"}],"curies":[{"name":"wp","href":"https:\/\/api.w.org\/{rel}","templated":true}]}}