{"id":948,"date":"2018-07-06T17:13:56","date_gmt":"2018-07-06T15:13:56","guid":{"rendered":"http:\/\/moratex.cf\/?page_id=948"},"modified":"2020-05-20T14:21:32","modified_gmt":"2020-05-20T12:21:32","slug":"laboratory-of-metrology","status":"publish","type":"page","link":"http:\/\/moratex.eu\/en\/laboratory-of-metrology\/","title":{"rendered":"Laboratory of Metrology"},"content":{"rendered":"<p>The aim of the laboratory is to provide testing to satisfy the needs linked with scientific and research activity of MORATEX Institute, for products certification and for customers&#8217; demand as well. The test methods include:<\/p>\n","protected":false},"excerpt":{"rendered":"<p>The aim of the laboratory is to provide testing to satisfy the needs linked with scientific and research activity of MORATEX Institute, [&hellip;]<\/p>\n","protected":false},"author":1,"featured_media":1170,"parent":0,"menu_order":0,"comment_status":"closed","ping_status":"closed","template":"page-oferta.php","meta":{"_acf_changed":false,"footnotes":""},"class_list":["post-948","page","type-page","status-publish","has-post-thumbnail","hentry"],"acf":[],"yoast_head":"<!-- This site is optimized with the Yoast SEO plugin v26.6 - https:\/\/yoast.com\/wordpress\/plugins\/seo\/ -->\n<title>Laboratory of Metrology - MORATEX Institute of Security Technologies<\/title>\n<meta name=\"description\" content=\"Laboratory of Metrology - MORATEX Institute of Security Technologies - 3, Marii Sk\u0142odowskiej-Curie Str., 90-505 \u0141\u00f3d\u017a, POLAND\" \/>\n<meta name=\"robots\" content=\"index, follow, max-snippet:-1, max-image-preview:large, max-video-preview:-1\" \/>\n<link rel=\"canonical\" href=\"http:\/\/moratex.eu\/en\/laboratory-of-metrology\/\" \/>\n<meta property=\"og:locale\" content=\"en_US\" \/>\n<meta property=\"og:type\" content=\"article\" \/>\n<meta property=\"og:title\" content=\"Laboratory of Metrology - MORATEX Institute of Security Technologies\" \/>\n<meta property=\"og:description\" content=\"Laboratory of Metrology - MORATEX Institute of Security Technologies - 3, Marii Sk\u0142odowskiej-Curie Str., 90-505 \u0141\u00f3d\u017a, POLAND\" \/>\n<meta property=\"og:url\" content=\"http:\/\/moratex.eu\/en\/laboratory-of-metrology\/\" \/>\n<meta property=\"og:site_name\" content=\"Moratex\" \/>\n<meta property=\"article:modified_time\" content=\"2020-05-20T12:21:32+00:00\" \/>\n<meta property=\"og:image\" content=\"http:\/\/moratex.eu\/wp-content\/uploads\/2018\/07\/Laboratorium-Badan-Metrologicznych-Moratex.jpg\" \/>\n\t<meta property=\"og:image:width\" content=\"840\" \/>\n\t<meta property=\"og:image:height\" content=\"422\" \/>\n\t<meta property=\"og:image:type\" content=\"image\/jpeg\" \/>\n<meta name=\"twitter:card\" content=\"summary_large_image\" \/>\n<script type=\"application\/ld+json\" class=\"yoast-schema-graph\">{\"@context\":\"https:\/\/schema.org\",\"@graph\":[{\"@type\":\"WebPage\",\"@id\":\"http:\/\/moratex.eu\/en\/laboratory-of-metrology\/\",\"url\":\"http:\/\/moratex.eu\/en\/laboratory-of-metrology\/\",\"name\":\"Laboratory of Metrology - MORATEX Institute of Security Technologies\",\"isPartOf\":{\"@id\":\"http:\/\/moratex.eu\/#website\"},\"primaryImageOfPage\":{\"@id\":\"http:\/\/moratex.eu\/en\/laboratory-of-metrology\/#primaryimage\"},\"image\":{\"@id\":\"http:\/\/moratex.eu\/en\/laboratory-of-metrology\/#primaryimage\"},\"thumbnailUrl\":\"http:\/\/moratex.eu\/wp-content\/uploads\/2018\/07\/Laboratorium-Badan-Metrologicznych-Moratex.jpg\",\"datePublished\":\"2018-07-06T15:13:56+00:00\",\"dateModified\":\"2020-05-20T12:21:32+00:00\",\"description\":\"Laboratory of Metrology - MORATEX Institute of Security Technologies - 3, Marii Sk\u0142odowskiej-Curie Str., 90-505 \u0141\u00f3d\u017a, POLAND\",\"breadcrumb\":{\"@id\":\"http:\/\/moratex.eu\/en\/laboratory-of-metrology\/#breadcrumb\"},\"inLanguage\":\"en-US\",\"potentialAction\":[{\"@type\":\"ReadAction\",\"target\":[\"http:\/\/moratex.eu\/en\/laboratory-of-metrology\/\"]}]},{\"@type\":\"ImageObject\",\"inLanguage\":\"en-US\",\"@id\":\"http:\/\/moratex.eu\/en\/laboratory-of-metrology\/#primaryimage\",\"url\":\"http:\/\/moratex.eu\/wp-content\/uploads\/2018\/07\/Laboratorium-Badan-Metrologicznych-Moratex.jpg\",\"contentUrl\":\"http:\/\/moratex.eu\/wp-content\/uploads\/2018\/07\/Laboratorium-Badan-Metrologicznych-Moratex.jpg\",\"width\":840,\"height\":422,\"caption\":\"Laboratorium-Badan-Metrologicznych-Moratex\"},{\"@type\":\"BreadcrumbList\",\"@id\":\"http:\/\/moratex.eu\/en\/laboratory-of-metrology\/#breadcrumb\",\"itemListElement\":[{\"@type\":\"ListItem\",\"position\":1,\"name\":\"Strona g\u0142\u00f3wna\",\"item\":\"http:\/\/moratex.eu\/en\/\"},{\"@type\":\"ListItem\",\"position\":2,\"name\":\"Laboratory of Metrology\"}]},{\"@type\":\"WebSite\",\"@id\":\"http:\/\/moratex.eu\/#website\",\"url\":\"http:\/\/moratex.eu\/\",\"name\":\"Moratex\",\"description\":\"MORATEX w \u0141odzi\",\"potentialAction\":[{\"@type\":\"SearchAction\",\"target\":{\"@type\":\"EntryPoint\",\"urlTemplate\":\"http:\/\/moratex.eu\/?s={search_term_string}\"},\"query-input\":{\"@type\":\"PropertyValueSpecification\",\"valueRequired\":true,\"valueName\":\"search_term_string\"}}],\"inLanguage\":\"en-US\"}]}<\/script>\n<!-- \/ Yoast SEO plugin. -->","yoast_head_json":{"title":"Laboratory of Metrology - MORATEX Institute of Security Technologies","description":"Laboratory of Metrology - MORATEX Institute of Security Technologies - 3, Marii Sk\u0142odowskiej-Curie Str., 90-505 \u0141\u00f3d\u017a, POLAND","robots":{"index":"index","follow":"follow","max-snippet":"max-snippet:-1","max-image-preview":"max-image-preview:large","max-video-preview":"max-video-preview:-1"},"canonical":"http:\/\/moratex.eu\/en\/laboratory-of-metrology\/","og_locale":"en_US","og_type":"article","og_title":"Laboratory of Metrology - MORATEX Institute of Security Technologies","og_description":"Laboratory of Metrology - MORATEX Institute of Security Technologies - 3, Marii Sk\u0142odowskiej-Curie Str., 90-505 \u0141\u00f3d\u017a, POLAND","og_url":"http:\/\/moratex.eu\/en\/laboratory-of-metrology\/","og_site_name":"Moratex","article_modified_time":"2020-05-20T12:21:32+00:00","og_image":[{"width":840,"height":422,"url":"http:\/\/moratex.eu\/wp-content\/uploads\/2018\/07\/Laboratorium-Badan-Metrologicznych-Moratex.jpg","type":"image\/jpeg"}],"twitter_card":"summary_large_image","schema":{"@context":"https:\/\/schema.org","@graph":[{"@type":"WebPage","@id":"http:\/\/moratex.eu\/en\/laboratory-of-metrology\/","url":"http:\/\/moratex.eu\/en\/laboratory-of-metrology\/","name":"Laboratory of Metrology - MORATEX Institute of Security Technologies","isPartOf":{"@id":"http:\/\/moratex.eu\/#website"},"primaryImageOfPage":{"@id":"http:\/\/moratex.eu\/en\/laboratory-of-metrology\/#primaryimage"},"image":{"@id":"http:\/\/moratex.eu\/en\/laboratory-of-metrology\/#primaryimage"},"thumbnailUrl":"http:\/\/moratex.eu\/wp-content\/uploads\/2018\/07\/Laboratorium-Badan-Metrologicznych-Moratex.jpg","datePublished":"2018-07-06T15:13:56+00:00","dateModified":"2020-05-20T12:21:32+00:00","description":"Laboratory of Metrology - MORATEX Institute of Security Technologies - 3, Marii Sk\u0142odowskiej-Curie Str., 90-505 \u0141\u00f3d\u017a, POLAND","breadcrumb":{"@id":"http:\/\/moratex.eu\/en\/laboratory-of-metrology\/#breadcrumb"},"inLanguage":"en-US","potentialAction":[{"@type":"ReadAction","target":["http:\/\/moratex.eu\/en\/laboratory-of-metrology\/"]}]},{"@type":"ImageObject","inLanguage":"en-US","@id":"http:\/\/moratex.eu\/en\/laboratory-of-metrology\/#primaryimage","url":"http:\/\/moratex.eu\/wp-content\/uploads\/2018\/07\/Laboratorium-Badan-Metrologicznych-Moratex.jpg","contentUrl":"http:\/\/moratex.eu\/wp-content\/uploads\/2018\/07\/Laboratorium-Badan-Metrologicznych-Moratex.jpg","width":840,"height":422,"caption":"Laboratorium-Badan-Metrologicznych-Moratex"},{"@type":"BreadcrumbList","@id":"http:\/\/moratex.eu\/en\/laboratory-of-metrology\/#breadcrumb","itemListElement":[{"@type":"ListItem","position":1,"name":"Strona g\u0142\u00f3wna","item":"http:\/\/moratex.eu\/en\/"},{"@type":"ListItem","position":2,"name":"Laboratory of Metrology"}]},{"@type":"WebSite","@id":"http:\/\/moratex.eu\/#website","url":"http:\/\/moratex.eu\/","name":"Moratex","description":"MORATEX w \u0141odzi","potentialAction":[{"@type":"SearchAction","target":{"@type":"EntryPoint","urlTemplate":"http:\/\/moratex.eu\/?s={search_term_string}"},"query-input":{"@type":"PropertyValueSpecification","valueRequired":true,"valueName":"search_term_string"}}],"inLanguage":"en-US"}]}},"_links":{"self":[{"href":"http:\/\/moratex.eu\/en\/wp-json\/wp\/v2\/pages\/948","targetHints":{"allow":["GET"]}}],"collection":[{"href":"http:\/\/moratex.eu\/en\/wp-json\/wp\/v2\/pages"}],"about":[{"href":"http:\/\/moratex.eu\/en\/wp-json\/wp\/v2\/types\/page"}],"author":[{"embeddable":true,"href":"http:\/\/moratex.eu\/en\/wp-json\/wp\/v2\/users\/1"}],"replies":[{"embeddable":true,"href":"http:\/\/moratex.eu\/en\/wp-json\/wp\/v2\/comments?post=948"}],"version-history":[{"count":15,"href":"http:\/\/moratex.eu\/en\/wp-json\/wp\/v2\/pages\/948\/revisions"}],"predecessor-version":[{"id":5144,"href":"http:\/\/moratex.eu\/en\/wp-json\/wp\/v2\/pages\/948\/revisions\/5144"}],"wp:featuredmedia":[{"embeddable":true,"href":"http:\/\/moratex.eu\/en\/wp-json\/wp\/v2\/media\/1170"}],"wp:attachment":[{"href":"http:\/\/moratex.eu\/en\/wp-json\/wp\/v2\/media?parent=948"}],"curies":[{"name":"wp","href":"https:\/\/api.w.org\/{rel}","templated":true}]}}