{"id":983,"date":"2018-07-09T10:02:16","date_gmt":"2018-07-09T08:02:16","guid":{"rendered":"http:\/\/moratex.cf\/?page_id=983"},"modified":"2024-11-19T14:31:08","modified_gmt":"2024-11-19T13:31:08","slug":"laboratory-of-ballistics","status":"publish","type":"page","link":"http:\/\/moratex.eu\/en\/laboratory-of-ballistics\/","title":{"rendered":"Laboratory of Ballistics"},"content":{"rendered":"<p><b>Laboratory of Ballistics is accredited by PCA<\/b> within the scope of ballistic and impact resistance. Accreditation no. AB 155 by Polish Centre for Accreditations (PCA).<\/p>\n<p><img decoding=\"async\" class=\"obrazek\" src=\"http:\/\/archive.moratex.eu\/en\/itb_laboratoria\/obrazki\/itb_lbb.png\" alt=\"\" align=\"right\" \/> The testing sope covered by the PCA accreditation has been divided into two groups:<\/p>\n<ul class=\"itb_punktowanie\">\n<li>ballistic tests<\/li>\n<li>impact resistance tests<\/li>\n<\/ul>\n<p>For both groups, the testing objects are i.a.: bullet-, knife- and needle-proof vests, helmets, ballistic packets flat samples, impact resistant body protectors.<br \/>\nIt is the one and only lab in Poland with the workplace ready to determine shock absorbing capabilities of body protectors. The laboratory also has at its disposal the equipment that allows for performing the tests of fast-changing physical magnitudes.<br \/>\nThe laboratory strives to extend the scope of accreditation according to the customers&#8217; demand.<\/p>\n","protected":false},"excerpt":{"rendered":"<p>Laboratory of Ballistics is accredited by PCA within the scope of ballistic and impact resistance. Accreditation no. AB 155 by Polish Centre [&hellip;]<\/p>\n","protected":false},"author":1,"featured_media":1168,"parent":0,"menu_order":0,"comment_status":"closed","ping_status":"closed","template":"page-oferta.php","meta":{"_acf_changed":false,"footnotes":""},"class_list":["post-983","page","type-page","status-publish","has-post-thumbnail","hentry"],"acf":[],"yoast_head":"<!-- This site is optimized with the Yoast SEO plugin v26.6 - https:\/\/yoast.com\/wordpress\/plugins\/seo\/ -->\n<title>Laboratory of Ballistics - MORATEX Institute of Security Technologies<\/title>\n<meta name=\"description\" content=\"Laboratory of Ballistics - MORATEX Institute of Security Technologies - 3, Marii Sk\u0142odowskiej-Curie Str., 90-505 \u0141\u00f3d\u017a, POLAND\" \/>\n<meta name=\"robots\" content=\"index, follow, max-snippet:-1, max-image-preview:large, max-video-preview:-1\" \/>\n<link rel=\"canonical\" href=\"http:\/\/moratex.eu\/en\/laboratory-of-ballistics\/\" \/>\n<meta property=\"og:locale\" content=\"en_US\" \/>\n<meta property=\"og:type\" content=\"article\" \/>\n<meta property=\"og:title\" content=\"Laboratory of Ballistics - MORATEX Institute of Security Technologies\" \/>\n<meta property=\"og:description\" content=\"Laboratory of Ballistics - MORATEX Institute of Security Technologies - 3, Marii Sk\u0142odowskiej-Curie Str., 90-505 \u0141\u00f3d\u017a, POLAND\" \/>\n<meta property=\"og:url\" content=\"http:\/\/moratex.eu\/en\/laboratory-of-ballistics\/\" \/>\n<meta property=\"og:site_name\" content=\"Moratex\" \/>\n<meta property=\"article:modified_time\" content=\"2024-11-19T13:31:08+00:00\" \/>\n<meta property=\"og:image\" content=\"http:\/\/moratex.eu\/wp-content\/uploads\/2018\/07\/Laboratorium-Badan-Batalistycznych-Moratex.jpg\" \/>\n\t<meta property=\"og:image:width\" content=\"780\" \/>\n\t<meta property=\"og:image:height\" content=\"455\" \/>\n\t<meta property=\"og:image:type\" content=\"image\/jpeg\" \/>\n<meta name=\"twitter:card\" content=\"summary_large_image\" \/>\n<meta name=\"twitter:label1\" content=\"Est. reading time\" \/>\n\t<meta name=\"twitter:data1\" content=\"1 minute\" \/>\n<script type=\"application\/ld+json\" class=\"yoast-schema-graph\">{\"@context\":\"https:\/\/schema.org\",\"@graph\":[{\"@type\":\"WebPage\",\"@id\":\"http:\/\/moratex.eu\/en\/laboratory-of-ballistics\/\",\"url\":\"http:\/\/moratex.eu\/en\/laboratory-of-ballistics\/\",\"name\":\"Laboratory of Ballistics - MORATEX Institute of Security Technologies\",\"isPartOf\":{\"@id\":\"http:\/\/moratex.eu\/#website\"},\"primaryImageOfPage\":{\"@id\":\"http:\/\/moratex.eu\/en\/laboratory-of-ballistics\/#primaryimage\"},\"image\":{\"@id\":\"http:\/\/moratex.eu\/en\/laboratory-of-ballistics\/#primaryimage\"},\"thumbnailUrl\":\"http:\/\/moratex.eu\/wp-content\/uploads\/2018\/07\/Laboratorium-Badan-Batalistycznych-Moratex.jpg\",\"datePublished\":\"2018-07-09T08:02:16+00:00\",\"dateModified\":\"2024-11-19T13:31:08+00:00\",\"description\":\"Laboratory of Ballistics - MORATEX Institute of Security Technologies - 3, Marii Sk\u0142odowskiej-Curie Str., 90-505 \u0141\u00f3d\u017a, POLAND\",\"breadcrumb\":{\"@id\":\"http:\/\/moratex.eu\/en\/laboratory-of-ballistics\/#breadcrumb\"},\"inLanguage\":\"en-US\",\"potentialAction\":[{\"@type\":\"ReadAction\",\"target\":[\"http:\/\/moratex.eu\/en\/laboratory-of-ballistics\/\"]}]},{\"@type\":\"ImageObject\",\"inLanguage\":\"en-US\",\"@id\":\"http:\/\/moratex.eu\/en\/laboratory-of-ballistics\/#primaryimage\",\"url\":\"http:\/\/moratex.eu\/wp-content\/uploads\/2018\/07\/Laboratorium-Badan-Batalistycznych-Moratex.jpg\",\"contentUrl\":\"http:\/\/moratex.eu\/wp-content\/uploads\/2018\/07\/Laboratorium-Badan-Batalistycznych-Moratex.jpg\",\"width\":780,\"height\":455,\"caption\":\"Laboratorium-Badan-Batalistycznych-Moratex\"},{\"@type\":\"BreadcrumbList\",\"@id\":\"http:\/\/moratex.eu\/en\/laboratory-of-ballistics\/#breadcrumb\",\"itemListElement\":[{\"@type\":\"ListItem\",\"position\":1,\"name\":\"Strona g\u0142\u00f3wna\",\"item\":\"http:\/\/moratex.eu\/en\/\"},{\"@type\":\"ListItem\",\"position\":2,\"name\":\"Laboratory of Ballistics\"}]},{\"@type\":\"WebSite\",\"@id\":\"http:\/\/moratex.eu\/#website\",\"url\":\"http:\/\/moratex.eu\/\",\"name\":\"Moratex\",\"description\":\"MORATEX w \u0141odzi\",\"potentialAction\":[{\"@type\":\"SearchAction\",\"target\":{\"@type\":\"EntryPoint\",\"urlTemplate\":\"http:\/\/moratex.eu\/?s={search_term_string}\"},\"query-input\":{\"@type\":\"PropertyValueSpecification\",\"valueRequired\":true,\"valueName\":\"search_term_string\"}}],\"inLanguage\":\"en-US\"}]}<\/script>\n<!-- \/ Yoast SEO plugin. -->","yoast_head_json":{"title":"Laboratory of Ballistics - MORATEX Institute of Security Technologies","description":"Laboratory of Ballistics - MORATEX Institute of Security Technologies - 3, Marii Sk\u0142odowskiej-Curie Str., 90-505 \u0141\u00f3d\u017a, POLAND","robots":{"index":"index","follow":"follow","max-snippet":"max-snippet:-1","max-image-preview":"max-image-preview:large","max-video-preview":"max-video-preview:-1"},"canonical":"http:\/\/moratex.eu\/en\/laboratory-of-ballistics\/","og_locale":"en_US","og_type":"article","og_title":"Laboratory of Ballistics - MORATEX Institute of Security Technologies","og_description":"Laboratory of Ballistics - MORATEX Institute of Security Technologies - 3, Marii Sk\u0142odowskiej-Curie Str., 90-505 \u0141\u00f3d\u017a, POLAND","og_url":"http:\/\/moratex.eu\/en\/laboratory-of-ballistics\/","og_site_name":"Moratex","article_modified_time":"2024-11-19T13:31:08+00:00","og_image":[{"width":780,"height":455,"url":"http:\/\/moratex.eu\/wp-content\/uploads\/2018\/07\/Laboratorium-Badan-Batalistycznych-Moratex.jpg","type":"image\/jpeg"}],"twitter_card":"summary_large_image","twitter_misc":{"Est. reading time":"1 minute"},"schema":{"@context":"https:\/\/schema.org","@graph":[{"@type":"WebPage","@id":"http:\/\/moratex.eu\/en\/laboratory-of-ballistics\/","url":"http:\/\/moratex.eu\/en\/laboratory-of-ballistics\/","name":"Laboratory of Ballistics - MORATEX Institute of Security Technologies","isPartOf":{"@id":"http:\/\/moratex.eu\/#website"},"primaryImageOfPage":{"@id":"http:\/\/moratex.eu\/en\/laboratory-of-ballistics\/#primaryimage"},"image":{"@id":"http:\/\/moratex.eu\/en\/laboratory-of-ballistics\/#primaryimage"},"thumbnailUrl":"http:\/\/moratex.eu\/wp-content\/uploads\/2018\/07\/Laboratorium-Badan-Batalistycznych-Moratex.jpg","datePublished":"2018-07-09T08:02:16+00:00","dateModified":"2024-11-19T13:31:08+00:00","description":"Laboratory of Ballistics - MORATEX Institute of Security Technologies - 3, Marii Sk\u0142odowskiej-Curie Str., 90-505 \u0141\u00f3d\u017a, POLAND","breadcrumb":{"@id":"http:\/\/moratex.eu\/en\/laboratory-of-ballistics\/#breadcrumb"},"inLanguage":"en-US","potentialAction":[{"@type":"ReadAction","target":["http:\/\/moratex.eu\/en\/laboratory-of-ballistics\/"]}]},{"@type":"ImageObject","inLanguage":"en-US","@id":"http:\/\/moratex.eu\/en\/laboratory-of-ballistics\/#primaryimage","url":"http:\/\/moratex.eu\/wp-content\/uploads\/2018\/07\/Laboratorium-Badan-Batalistycznych-Moratex.jpg","contentUrl":"http:\/\/moratex.eu\/wp-content\/uploads\/2018\/07\/Laboratorium-Badan-Batalistycznych-Moratex.jpg","width":780,"height":455,"caption":"Laboratorium-Badan-Batalistycznych-Moratex"},{"@type":"BreadcrumbList","@id":"http:\/\/moratex.eu\/en\/laboratory-of-ballistics\/#breadcrumb","itemListElement":[{"@type":"ListItem","position":1,"name":"Strona g\u0142\u00f3wna","item":"http:\/\/moratex.eu\/en\/"},{"@type":"ListItem","position":2,"name":"Laboratory of Ballistics"}]},{"@type":"WebSite","@id":"http:\/\/moratex.eu\/#website","url":"http:\/\/moratex.eu\/","name":"Moratex","description":"MORATEX w \u0141odzi","potentialAction":[{"@type":"SearchAction","target":{"@type":"EntryPoint","urlTemplate":"http:\/\/moratex.eu\/?s={search_term_string}"},"query-input":{"@type":"PropertyValueSpecification","valueRequired":true,"valueName":"search_term_string"}}],"inLanguage":"en-US"}]}},"_links":{"self":[{"href":"http:\/\/moratex.eu\/en\/wp-json\/wp\/v2\/pages\/983","targetHints":{"allow":["GET"]}}],"collection":[{"href":"http:\/\/moratex.eu\/en\/wp-json\/wp\/v2\/pages"}],"about":[{"href":"http:\/\/moratex.eu\/en\/wp-json\/wp\/v2\/types\/page"}],"author":[{"embeddable":true,"href":"http:\/\/moratex.eu\/en\/wp-json\/wp\/v2\/users\/1"}],"replies":[{"embeddable":true,"href":"http:\/\/moratex.eu\/en\/wp-json\/wp\/v2\/comments?post=983"}],"version-history":[{"count":14,"href":"http:\/\/moratex.eu\/en\/wp-json\/wp\/v2\/pages\/983\/revisions"}],"predecessor-version":[{"id":8469,"href":"http:\/\/moratex.eu\/en\/wp-json\/wp\/v2\/pages\/983\/revisions\/8469"}],"wp:featuredmedia":[{"embeddable":true,"href":"http:\/\/moratex.eu\/en\/wp-json\/wp\/v2\/media\/1168"}],"wp:attachment":[{"href":"http:\/\/moratex.eu\/en\/wp-json\/wp\/v2\/media?parent=983"}],"curies":[{"name":"wp","href":"https:\/\/api.w.org\/{rel}","templated":true}]}}